{"id":1861,"date":"2024-12-16T06:40:02","date_gmt":"2024-12-16T06:40:02","guid":{"rendered":"https:\/\/mj-clothing.com\/?post_type=product&#038;p=1861"},"modified":"2024-12-17T06:17:43","modified_gmt":"2024-12-17T06:17:43","slug":"couple-sweatshirt","status":"publish","type":"product","link":"https:\/\/mj-clothing.com\/es\/manufacturer\/couple-sweatshirt\/","title":{"rendered":"Sudadera Pareja"},"content":{"rendered":"<p data-sourcepos=\"1:1-1:238\">Las sudaderas para parejas son una tendencia popular que permite a las parejas expresar su amor y su conexi\u00f3n mediante prendas a juego o complementarias. Las hay de varios estilos, colores y dise\u00f1os, y se adaptan a distintas preferencias y ocasiones.<\/p>\n<h3 data-sourcepos=\"3:1-3:39\"><strong>Caracter\u00edsticas principales de las sudaderas para parejas:<\/strong><\/h3>\n<ul data-sourcepos=\"5:1-10:0\">\n<li data-sourcepos=\"5:1-5:109\"><strong>Dise\u00f1os a juego:<\/strong> A menudo presentan motivos, colores o frases a juego que simbolizan el v\u00ednculo de la pareja.<\/li>\n<li data-sourcepos=\"6:1-6:134\"><strong>Dise\u00f1os complementarios:<\/strong> Pueden tener dise\u00f1os diferentes pero relacionados, como \"Rey\" y \"Reina\", \"Yin\" y \"Yang\", o \"Ella\" y \"\u00c9l\".<\/li>\n<li data-sourcepos=\"7:1-7:105\"><strong>Mensajes personalizados:<\/strong> Puede personalizarse con nombres, iniciales, fechas especiales o mensajes personales.<\/li>\n<li data-sourcepos=\"8:1-8:95\"><strong>Materiales c\u00f3modos:<\/strong> Suelen estar fabricados con materiales suaves y acogedores como el algod\u00f3n o el forro polar.<\/li>\n<li data-sourcepos=\"9:1-10:0\"><strong>Estilos vers\u00e1tiles:<\/strong> Disponible en varios estilos, como sudaderas con capucha, sudaderas de cuello redondo y sudaderas de jersey.<\/li>\n<\/ul>\n<h3 data-sourcepos=\"11:1-11:36\"><strong>D\u00f3nde comprar sudaderas para parejas:<\/strong><\/h3>\n<ul data-sourcepos=\"13:1-16:0\">\n<li data-sourcepos=\"13:1-13:121\"><strong>Minoristas en l\u00ednea:<\/strong> Sitios web como Etsy, Amazon y tiendas especializadas en ropa para parejas ofrecen una amplia gama de opciones.<\/li>\n<li data-sourcepos=\"14:1-14:94\"><strong>Tiendas f\u00edsicas:<\/strong> Visite las boutiques y grandes almacenes locales para comprar en persona.<\/li>\n<li data-sourcepos=\"15:1-16:0\"><strong>Servicios de impresi\u00f3n personalizados:<\/strong> Crea tus sudaderas personalizadas para parejas con dise\u00f1os y mensajes personalizados.<\/li>\n<\/ul>\n<h3 data-sourcepos=\"17:1-17:41\"><strong>Consejos para elegir sudaderas de pareja:<\/strong><\/h3>\n<ul data-sourcepos=\"19:1-24:0\">\n<li data-sourcepos=\"19:1-19:99\"><strong>Ten en cuenta tu estilo:<\/strong> Elige un estilo que refleje tus preferencias personales y la ocasi\u00f3n.<\/li>\n<li data-sourcepos=\"20:1-20:97\"><strong>Elija el material adecuado:<\/strong> Opta por materiales c\u00f3modos y duraderos como el algod\u00f3n o el forro polar.<\/li>\n<li data-sourcepos=\"21:1-21:65\"><strong>Compruebe el tallaje:<\/strong> Garantizar el tallaje exacto para ambas partes.<\/li>\n<li data-sourcepos=\"22:1-22:89\"><strong>Personaliza tus sudaderas:<\/strong> A\u00f1ada un toque personal con mensajes o dise\u00f1os personalizados.<\/li>\n<li data-sourcepos=\"23:1-24:0\"><strong>Coord\u00ednese con su pareja:<\/strong> Hablen de sus preferencias y coordinen sus atuendos.<\/li>\n<\/ul>\n<p data-sourcepos=\"25:1-25:123\">Si eliges las sudaderas para parejas adecuadas, podr\u00e1s crear un look \u00fanico y elegante que refleje vuestro amor y vuestra conexi\u00f3n.<\/p>","protected":false},"excerpt":{"rendered":"<table style=\"height: 499px;\" width=\"433\">\n<tbody>\n<tr>\n<td width=\"146\"><strong><b>Producto<\/b><\/strong>\u00a0<strong><b>Nombre:<\/b><\/strong><\/td>\n<td width=\"601\"><strong>Sudadera Pareja<\/strong><\/td>\n<\/tr>\n<tr>\n<td width=\"146\"><strong><b>Materlal:<\/b><\/strong><\/td>\n<td width=\"601\">Poli\u00e9ster\/algod\u00f3n<\/td>\n<\/tr>\n<tr>\n<td width=\"146\"><strong><b>T\u00e9cnica:<\/b><\/strong><\/td>\n<td width=\"601\">Impresi\u00f3n y tinte<\/td>\n<\/tr>\n<tr>\n<td width=\"146\"><strong><b>Estilo:<\/b><\/strong><\/td>\n<td width=\"601\">Casual<\/td>\n<\/tr>\n<tr>\n<td width=\"146\"><strong><b>Color<\/b><\/strong><strong><b>:<\/b><\/strong><\/td>\n<td width=\"601\">\u00a0Colores personalizados<\/td>\n<\/tr>\n<tr>\n<td width=\"146\"><strong><b>Tama\u00f1o:<\/b><\/strong><\/td>\n<td width=\"601\">S \/M \/L \/XL \/2XL<\/td>\n<\/tr>\n<tr>\n<td width=\"146\"><strong><b>OEM\/ODM:<\/b><\/strong><\/td>\n<td width=\"601\">Aceptable<\/td>\n<\/tr>\n<tr>\n<td width=\"146\"><strong><b>Calidad:<\/b><\/strong><\/td>\n<td width=\"601\">100% Alta calidad<\/td>\n<\/tr>\n<tr>\n<td width=\"146\"><strong><b>M<\/b><\/strong><strong><b>OQ:<\/b><\/strong><\/td>\n<td width=\"601\">200 unidades<\/td>\n<\/tr>\n<\/tbody>\n<\/table>","protected":false},"featured_media":1862,"template":"","meta":[],"product_brand":[],"product_cat":[38],"product_tag":[],"class_list":{"0":"post-1861","1":"product","2":"type-product","3":"status-publish","4":"has-post-thumbnail","6":"product_cat-mens-clothing","8":"first","9":"instock","10":"shipping-taxable","11":"product-type-simple"},"_links":{"self":[{"href":"https:\/\/mj-clothing.com\/es\/wp-json\/wp\/v2\/product\/1861","targetHints":{"allow":["GET"]}}],"collection":[{"href":"https:\/\/mj-clothing.com\/es\/wp-json\/wp\/v2\/product"}],"about":[{"href":"https:\/\/mj-clothing.com\/es\/wp-json\/wp\/v2\/types\/product"}],"wp:featuredmedia":[{"embeddable":true,"href":"https:\/\/mj-clothing.com\/es\/wp-json\/wp\/v2\/media\/1862"}],"wp:attachment":[{"href":"https:\/\/mj-clothing.com\/es\/wp-json\/wp\/v2\/media?parent=1861"}],"wp:term":[{"taxonomy":"product_brand","embeddable":true,"href":"https:\/\/mj-clothing.com\/es\/wp-json\/wp\/v2\/product_brand?post=1861"},{"taxonomy":"product_cat","embeddable":true,"href":"https:\/\/mj-clothing.com\/es\/wp-json\/wp\/v2\/product_cat?post=1861"},{"taxonomy":"product_tag","embeddable":true,"href":"https:\/\/mj-clothing.com\/es\/wp-json\/wp\/v2\/product_tag?post=1861"}],"curies":[{"name":"wp","href":"https:\/\/api.w.org\/{rel}","templated":true}]}}