{"id":1864,"date":"2024-12-16T06:43:48","date_gmt":"2024-12-16T06:43:48","guid":{"rendered":"https:\/\/mj-clothing.com\/?post_type=product&#038;p=1864"},"modified":"2024-12-17T03:58:09","modified_gmt":"2024-12-17T03:58:09","slug":"collared-sweatshirt","status":"publish","type":"product","link":"https:\/\/mj-clothing.com\/es\/manufacturer\/collared-sweatshirt\/","title":{"rendered":"Sudadera con cuello"},"content":{"rendered":"<p data-sourcepos=\"1:1-1:242\">Una sudadera con cuello, tambi\u00e9n conocida como sudadera de cuello falso o de cuello alto, es una prenda vers\u00e1til que combina la comodidad de una sudadera con el estilo de un cuello. Es una elecci\u00f3n popular tanto para ocasiones informales como semiformales.<\/p>\n<h3 data-sourcepos=\"3:1-3:42\"><strong>Caracter\u00edsticas principales de una sudadera con cuello:<\/strong><\/h3>\n<ul data-sourcepos=\"5:1-9:0\">\n<li data-sourcepos=\"5:1-5:174\"><strong>Cuello:<\/strong> La caracter\u00edstica que define a una sudadera de cuello es el cuello, que puede ser un cuello falso (corto y ce\u00f1ido) o un cuello alto (m\u00e1s alto y cubriente).<\/li>\n<li data-sourcepos=\"6:1-6:109\"><strong>Material c\u00f3modo:<\/strong> Suelen estar hechos de materiales suaves y c\u00e1lidos, como algod\u00f3n, forro polar o una mezcla de ambos.<\/li>\n<li data-sourcepos=\"7:1-7:96\"><strong>Estilo vers\u00e1til:<\/strong> Puede vestirse de forma elegante o informal, por lo que resulta adecuado para una gran variedad de ocasiones.<\/li>\n<li data-sourcepos=\"8:1-9:0\"><strong>Potencial de estratificaci\u00f3n:<\/strong> Puede combinarse con otras prendas, como una camiseta, una chaqueta o un chaleco.<\/li>\n<\/ul>\n<h3 data-sourcepos=\"10:1-10:39\"><strong>C\u00f3mo llevar una sudadera con cuello:<\/strong><\/h3>\n<p data-sourcepos=\"12:1-12:59\">Aqu\u00ed tienes algunas ideas para vestir una sudadera con cuello:<\/p>\n<ul data-sourcepos=\"14:1-18:0\">\n<li data-sourcepos=\"14:1-14:65\"><strong>Casual:<\/strong> Comb\u00ednalo con vaqueros y zapatillas para un look relajado.<\/li>\n<li data-sourcepos=\"15:1-15:68\"><strong>Deportivo:<\/strong> P\u00f3ntelo con pantalones de ch\u00e1ndal o joggers y calzado deportivo.<\/li>\n<li data-sourcepos=\"16:1-16:73\"><strong>Casual elegante:<\/strong> Comb\u00ednalo con una americana, pantalones de vestir y mocasines.<\/li>\n<li data-sourcepos=\"17:1-18:0\"><strong>En capas:<\/strong> Comb\u00ednala con una cazadora vaquera o una chaqueta de cuero para lucir un look elegante.<\/li>\n<\/ul>\n<h3 data-sourcepos=\"19:1-19:44\"><strong>Consejos para elegir una sudadera con cuello:<\/strong><\/h3>\n<ul data-sourcepos=\"21:1-25:0\">\n<li data-sourcepos=\"21:1-21:88\"><strong>Material:<\/strong> Busca un material suave y de alta calidad que te resulte c\u00f3modo de llevar.<\/li>\n<li data-sourcepos=\"22:1-22:109\"><strong>En forma:<\/strong> Elige un corte que se adapte a tu estilo personal. Puedes optar por un corte relajado o un estilo m\u00e1s entallado.<\/li>\n<li data-sourcepos=\"23:1-23:103\"><strong>Color:<\/strong> Ten en cuenta el color de la sudadera y c\u00f3mo complementar\u00e1 tus otras prendas.<\/li>\n<li data-sourcepos=\"24:1-25:0\"><strong>Estilo de cuello:<\/strong> Decide el tipo de cuello que prefieres, ya sea un cuello falso o un cuello alto completo.<\/li>\n<\/ul>\n<p data-sourcepos=\"26:1-26:94\">Siguiendo estos consejos, podr\u00e1s encontrar la sudadera de cuello perfecta para a\u00f1adir a tu armario.<\/p>","protected":false},"excerpt":{"rendered":"<table style=\"height: 544px;\" width=\"428\">\n<tbody>\n<tr>\n<td width=\"146\"><strong><b>Producto<\/b><\/strong>\u00a0<strong><b>Nombre:<\/b><\/strong><\/td>\n<td width=\"601\"><strong>Sudadera con cuello<\/strong><\/td>\n<\/tr>\n<tr>\n<td width=\"146\"><strong><b>Materlal:<\/b><\/strong><\/td>\n<td width=\"601\">Poli\u00e9ster\/algod\u00f3n<\/td>\n<\/tr>\n<tr>\n<td width=\"146\"><strong><b>T\u00e9cnica: <\/b><\/strong><\/td>\n<td width=\"601\">Impresi\u00f3n y tinte<\/td>\n<\/tr>\n<tr>\n<td width=\"146\"><strong><b>Estilo: <\/b><\/strong><\/td>\n<td width=\"601\">Casual<\/td>\n<\/tr>\n<tr>\n<td width=\"146\"><strong><b>Color<\/b><\/strong><strong><b>:<\/b><\/strong><\/td>\n<td width=\"601\">\u00a0Colores personalizados<\/td>\n<\/tr>\n<tr>\n<td width=\"146\"><strong><b>Tama\u00f1o:<\/b><\/strong><\/td>\n<td width=\"601\">S \/M \/L \/XL \/2XL<\/td>\n<\/tr>\n<tr>\n<td width=\"146\"><strong><b>OEM\/ODM:<\/b><\/strong><\/td>\n<td width=\"601\">Aceptable<\/td>\n<\/tr>\n<tr>\n<td width=\"146\"><strong><b>Calidad:<\/b><\/strong><\/td>\n<td width=\"601\">100% Alta calidad<\/td>\n<\/tr>\n<tr>\n<td width=\"146\"><strong><b>M<\/b><\/strong><strong><b>OQ:<\/b><\/strong><\/td>\n<td width=\"601\">200 unidades<\/td>\n<\/tr>\n<\/tbody>\n<\/table>","protected":false},"featured_media":1865,"template":"","meta":[],"product_brand":[],"product_cat":[38],"product_tag":[],"class_list":{"0":"post-1864","1":"product","2":"type-product","3":"status-publish","4":"has-post-thumbnail","6":"product_cat-mens-clothing","8":"first","9":"instock","10":"shipping-taxable","11":"product-type-simple"},"_links":{"self":[{"href":"https:\/\/mj-clothing.com\/es\/wp-json\/wp\/v2\/product\/1864","targetHints":{"allow":["GET"]}}],"collection":[{"href":"https:\/\/mj-clothing.com\/es\/wp-json\/wp\/v2\/product"}],"about":[{"href":"https:\/\/mj-clothing.com\/es\/wp-json\/wp\/v2\/types\/product"}],"wp:featuredmedia":[{"embeddable":true,"href":"https:\/\/mj-clothing.com\/es\/wp-json\/wp\/v2\/media\/1865"}],"wp:attachment":[{"href":"https:\/\/mj-clothing.com\/es\/wp-json\/wp\/v2\/media?parent=1864"}],"wp:term":[{"taxonomy":"product_brand","embeddable":true,"href":"https:\/\/mj-clothing.com\/es\/wp-json\/wp\/v2\/product_brand?post=1864"},{"taxonomy":"product_cat","embeddable":true,"href":"https:\/\/mj-clothing.com\/es\/wp-json\/wp\/v2\/product_cat?post=1864"},{"taxonomy":"product_tag","embeddable":true,"href":"https:\/\/mj-clothing.com\/es\/wp-json\/wp\/v2\/product_tag?post=1864"}],"curies":[{"name":"wp","href":"https:\/\/api.w.org\/{rel}","templated":true}]}}