{"id":1901,"date":"2024-12-16T07:56:53","date_gmt":"2024-12-16T07:56:53","guid":{"rendered":"https:\/\/mj-clothing.com\/?post_type=product&#038;p=1901"},"modified":"2024-12-17T03:44:39","modified_gmt":"2024-12-17T03:44:39","slug":"ivory-colored-womens-tops","status":"publish","type":"product","link":"https:\/\/mj-clothing.com\/es\/manufacturer\/ivory-colored-womens-tops\/","title":{"rendered":"Tops de mujer color marfil"},"content":{"rendered":"<div id=\"model-response-message-contentr_512563ff2fe7e496\" class=\"markdown markdown-main-panel response-optimization\" dir=\"ltr\">\n<p data-sourcepos=\"1:1-1:189\">Las blusas de mujer en color marfil son un cl\u00e1sico atemporal que puede vestirse de forma elegante o informal. Este vers\u00e1til color combina bien con otros colores y estampados, por lo que es un b\u00e1sico en cualquier armario.<\/p>\n<h3 data-sourcepos=\"5:1-5:51\">Aqu\u00ed est\u00e1n algunos estilos populares de Tops de mujer de color marfil:<\/h3>\n<div class=\"attachment-container search-images\">\n<div class=\"image-container hide-from-message-actions ng-star-inserted\"><\/div>\n<\/div>\n<ul data-sourcepos=\"7:1-18:0\">\n<li data-sourcepos=\"7:1-9:0\">\n<p data-sourcepos=\"7:3-8:23\"><strong><span class=\"citation-0 recitation\">Blusas:<\/span><\/strong><span class=\"citation-0 recitation citation-end-0\"> Las blusas de marfil pueden ser de distintos tejidos, como seda, algod\u00f3n o lino.<\/span> Se pueden combinar con faldas, pantalones o vaqueros para un look chic y sofisticado.<\/p>\n<\/li>\n<li data-sourcepos=\"7:1-9:0\">\n<p data-sourcepos=\"7:3-8:23\"><strong style=\"font-size: 14.4px;\"><span class=\"citation-1 recitation\">Camisetas:<\/span><\/strong><span class=\"citation-1 recitation citation-end-1\" style=\"font-size: 14.4px;\"> Las camisetas marfil son una opci\u00f3n informal y c\u00f3moda que puede combinarse con vaqueros, pantalones cortos o faldas.<\/span><\/p>\n<\/li>\n<li data-sourcepos=\"7:1-9:0\">\n<p data-sourcepos=\"7:3-8:23\"><strong style=\"font-size: 14.4px;\">Su\u00e9teres:<\/strong><span style=\"font-size: 14.4px;\"> Los jers\u00e9is marfil son perfectos para el tiempo m\u00e1s fresco. Se pueden llevar con vaqueros, leggings o faldas.<\/span><\/p>\n<\/li>\n<li data-sourcepos=\"7:1-9:0\">\n<p data-sourcepos=\"7:3-8:23\"><strong><span class=\"citation-2 recitation\">Camisetas de tirantes:<\/span><\/strong><span class=\"citation-2 recitation citation-end-2\"> Las camisetas de tirantes marfil son una prenda vers\u00e1til que se puede llevar debajo de otras camisetas o sola.<\/span><span class=\"button-container hide-from-message-actions ng-star-inserted\"> \u00a0<\/span><\/p>\n<div class=\"container ng-tns-c2946245707-289 hide\">\n<div class=\"carousel-container ng-tns-c2946245707-289\"><\/div>\n<\/div>\n<div class=\"attachment-container search-images\">\n<div class=\"image-container hide-from-message-actions ng-star-inserted\">\n<div class=\"caption ellipsis gmat-caption ng-star-inserted\" aria-hidden=\"true\"><span style=\"font-size: 20.16px;\">A la hora de estilizar los tops de mujer color marfil, ten en cuenta los siguientes consejos:<\/span><\/div>\n<\/div>\n<\/div>\n<\/li>\n<\/ul>\n<ul data-sourcepos=\"21:1-25:0\">\n<li data-sourcepos=\"21:1-21:94\"><strong>Accesorios:<\/strong> A\u00f1ade accesorios como collares, pendientes y pa\u00f1uelos para elevar tu look.<\/li>\n<li data-sourcepos=\"22:1-22:121\"><strong>Juega con las texturas:<\/strong> Mezcla y combina diferentes texturas, como el encaje, el terciopelo o el punto, para crear conjuntos interesantes.<\/li>\n<li data-sourcepos=\"23:1-23:110\"><strong>Experimenta con los colores:<\/strong> Combina tu top marfil con colores vivos como el rojo, el azul o el verde para conseguir un look atrevido.<\/li>\n<li data-sourcepos=\"24:1-25:0\"><strong>Hazlo sencillo:<\/strong> Si llevas un top marfil m\u00e1s intrincado, mant\u00e9n el resto de tu atuendo sencillo.<\/li>\n<\/ul>\n<p data-sourcepos=\"26:1-26:197\">Los tops de mujer de color marfil son una opci\u00f3n vers\u00e1til y elegante que puede llevarse en cualquier ocasi\u00f3n. Si sigues estos consejos, podr\u00e1s crear conjuntos sensacionales que te har\u00e1n sentir y lucir lo mejor posible.<\/p>\n<\/div>\n<div class=\"response-footer gap complete\">\n<div class=\"show-sources-container ng-star-inserted\"><\/div>\n<div class=\"container ng-tns-c2946245707-283\">\n<div class=\"carousel-container ng-tns-c2946245707-283\">\n<div class=\"carousel-content ng-tns-c2946245707-283\">\n<div class=\"sources-carousel-source ng-tns-c2946245707-283 ng-star-inserted\" data-test-id=\"sources-carousel-source\">\n<div class=\"source-card-container\">\n<div class=\"source-card-content\">\n<div class=\"source-card-body\">\n<div class=\"source-card-header\">\n<div class=\"source-card-title\"><\/div>\n<\/div>\n<\/div>\n<\/div>\n<\/div>\n<\/div>\n<\/div>\n<\/div>\n<\/div>\n<\/div>","protected":false},"excerpt":{"rendered":"<table style=\"height: 539px;\" width=\"411\">\n<tbody>\n<tr>\n<td width=\"146\"><strong><b>Producto<\/b><\/strong>\u00a0<strong><b>Nombre:<\/b><\/strong><\/td>\n<td width=\"601\"><strong>Tops de mujer color marfil<\/strong><\/td>\n<\/tr>\n<tr>\n<td width=\"146\"><strong><b>Materlal:<\/b><\/strong><\/td>\n<td width=\"601\">Punto<\/td>\n<\/tr>\n<tr>\n<td width=\"146\"><strong><b>T\u00e9cnica:<\/b><\/strong><\/td>\n<td width=\"601\">Bordado<\/td>\n<\/tr>\n<tr>\n<td width=\"146\"><strong><b>Estilo:<\/b><\/strong><\/td>\n<td width=\"601\">Casual<\/td>\n<\/tr>\n<tr>\n<td width=\"146\"><strong><b>Color<\/b><\/strong><strong><b>:<\/b><\/strong><\/td>\n<td width=\"601\">\u00a0Colores personalizados<\/td>\n<\/tr>\n<tr>\n<td width=\"146\"><strong><b>Tama\u00f1o:<\/b><\/strong><\/td>\n<td width=\"601\">S \/M \/L \/XL \/2XL<\/td>\n<\/tr>\n<tr>\n<td width=\"146\"><strong><b>OEM\/ODM:<\/b><\/strong><\/td>\n<td width=\"601\">Aceptable<\/td>\n<\/tr>\n<tr>\n<td width=\"146\"><strong><b>Calidad:<\/b><\/strong><\/td>\n<td width=\"601\">100% Alta calidad<\/td>\n<\/tr>\n<tr>\n<td width=\"146\"><strong><b>M<\/b><\/strong><strong><b>OQ:<\/b><\/strong><\/td>\n<td width=\"601\">200 unidades<\/td>\n<\/tr>\n<\/tbody>\n<\/table>","protected":false},"featured_media":1911,"template":"","meta":[],"product_brand":[],"product_cat":[39],"product_tag":[],"class_list":{"0":"post-1901","1":"product","2":"type-product","3":"status-publish","4":"has-post-thumbnail","6":"product_cat-womens-clothing","8":"first","9":"instock","10":"shipping-taxable","11":"product-type-simple"},"_links":{"self":[{"href":"https:\/\/mj-clothing.com\/es\/wp-json\/wp\/v2\/product\/1901","targetHints":{"allow":["GET"]}}],"collection":[{"href":"https:\/\/mj-clothing.com\/es\/wp-json\/wp\/v2\/product"}],"about":[{"href":"https:\/\/mj-clothing.com\/es\/wp-json\/wp\/v2\/types\/product"}],"wp:featuredmedia":[{"embeddable":true,"href":"https:\/\/mj-clothing.com\/es\/wp-json\/wp\/v2\/media\/1911"}],"wp:attachment":[{"href":"https:\/\/mj-clothing.com\/es\/wp-json\/wp\/v2\/media?parent=1901"}],"wp:term":[{"taxonomy":"product_brand","embeddable":true,"href":"https:\/\/mj-clothing.com\/es\/wp-json\/wp\/v2\/product_brand?post=1901"},{"taxonomy":"product_cat","embeddable":true,"href":"https:\/\/mj-clothing.com\/es\/wp-json\/wp\/v2\/product_cat?post=1901"},{"taxonomy":"product_tag","embeddable":true,"href":"https:\/\/mj-clothing.com\/es\/wp-json\/wp\/v2\/product_tag?post=1901"}],"curies":[{"name":"wp","href":"https:\/\/api.w.org\/{rel}","templated":true}]}}