{"id":1939,"date":"2024-12-16T09:14:41","date_gmt":"2024-12-16T09:14:41","guid":{"rendered":"https:\/\/mj-clothing.com\/?post_type=product&#038;p=1939"},"modified":"2024-12-17T03:42:51","modified_gmt":"2024-12-17T03:42:51","slug":"womens-spring-tops-2024","status":"publish","type":"product","link":"https:\/\/mj-clothing.com\/es\/manufacturer\/womens-spring-tops-2024\/","title":{"rendered":"Tops de primavera para mujer 2024"},"content":{"rendered":"<p data-sourcepos=\"1:1-1:118\"><span class=\"citation-0 recitation citation-end-0\">Las blusas de primavera para mujer 2024 son una mezcla de estilos cl\u00e1sicos con toques modernos.<\/span> Estas son algunas de las principales tendencias:<\/p>\n<h3 data-sourcepos=\"1:1-1:118\"><strong>1. Womens Spring Tops 2024 Patterns:<\/strong><\/h3>\n<ul data-sourcepos=\"5:1-7:0\">\n<li data-sourcepos=\"5:1-5:80\"><strong>Flores delicadas:<\/strong> Los estampados florales suaves y rom\u00e1nticos son una tendencia cl\u00e1sica de la primavera.<\/li>\n<li data-sourcepos=\"6:1-7:0\"><strong>Flores atrevidas:<\/strong> Los motivos florales grandes y vibrantes son toda una declaraci\u00f3n de intenciones.<\/li>\n<\/ul>\n<h3 data-sourcepos=\"8:1-8:20\"><strong>2. Womens Spring Tops 2024 Relaxed Fits:<\/strong><\/h3>\n<ul data-sourcepos=\"10:1-12:0\">\n<li data-sourcepos=\"10:1-10:99\"><strong>Siluetas de gran tama\u00f1o:<\/strong> C\u00f3modos y elegantes, los tops oversize son perfectos para un look informal.<\/li>\n<li data-sourcepos=\"11:1-12:0\"><strong>Blusas fluidas:<\/strong> Las blusas ligeras y vaporosas son ideales para el tiempo m\u00e1s c\u00e1lido.<\/li>\n<\/ul>\n<h3 data-sourcepos=\"13:1-13:21\"><strong>3. Womens Spring Tops 2024 Colores Brillantes:<\/strong><\/h3>\n<ul data-sourcepos=\"15:1-17:0\">\n<li data-sourcepos=\"15:1-15:83\"><strong>Tonos atrevidos:<\/strong> Los colores vivos como el rosa, el amarillo y el naranja a\u00f1aden un toque alegre.<\/li>\n<li data-sourcepos=\"16:1-17:0\"><strong>Tonos pastel:<\/strong> Los tonos pastel suaves como el lavanda, el verde menta y el azul beb\u00e9 son perfectos para un look rom\u00e1ntico.<\/li>\n<\/ul>\n<h3 data-sourcepos=\"18:1-18:24\"><strong>4. Escotes \u00fanicos:<\/strong><\/h3>\n<ul data-sourcepos=\"20:1-23:0\">\n<li data-sourcepos=\"20:1-20:59\"><strong>Sin hombros:<\/strong> Un escote femenino y favorecedor.<\/li>\n<li data-sourcepos=\"21:1-21:55\"><strong>Escote cuadrado:<\/strong> Un aspecto moderno y sofisticado.<\/li>\n<li data-sourcepos=\"22:1-23:0\"><strong>Un hombro:<\/strong> Una elecci\u00f3n audaz y dram\u00e1tica.<\/li>\n<\/ul>\n<h3 data-sourcepos=\"24:1-24:24\"><strong>5. Tejidos con textura:<\/strong><\/h3>\n<ul data-sourcepos=\"26:1-29:0\">\n<li data-sourcepos=\"26:1-26:52\"><strong>Encaje:<\/strong> Aporta un toque de elegancia y feminidad.<\/li>\n<li data-sourcepos=\"27:1-27:49\"><strong>Tejer:<\/strong> C\u00f3modo y acogedor para los d\u00edas m\u00e1s frescos.<\/li>\n<li data-sourcepos=\"28:1-29:0\"><strong>Raso:<\/strong> Un tejido lujoso y glamuroso.<\/li>\n<\/ul>\n<h3 data-sourcepos=\"30:1-30:27\"><strong>6. Tejidos sostenibles:<\/strong><\/h3>\n<ul data-sourcepos=\"32:1-35:0\">\n<li data-sourcepos=\"32:1-32:44\"><strong>Algod\u00f3n org\u00e1nico:<\/strong> Ecol\u00f3gico y suave.<\/li>\n<li data-sourcepos=\"33:1-33:50\"><strong>Poli\u00e9ster reciclado:<\/strong> Sostenible y duradero.<\/li>\n<li data-sourcepos=\"34:1-35:0\"><strong><span class=\"citation-1 recitation\">Tencel:<\/span><\/strong><span class=\"citation-1 recitation citation-end-1\"> Un tejido transpirable y que evacua la humedad.<\/span><span class=\"button-container hide-from-message-actions ng-star-inserted\"> \u00a0<\/span>\n<div class=\"container ng-tns-c2946245707-383 hide\">\n<div class=\"carousel-container ng-tns-c2946245707-383\"><\/div>\n<\/div>\n<\/li>\n<\/ul>\n<p data-sourcepos=\"36:1-36:226\">Recuerda que la mejor forma de encontrar el top de primavera perfecto para ti es experimentar con distintos estilos, colores y tejidos. A la hora de elegir, ten en cuenta tu estilo personal y la ocasi\u00f3n para la que lo vas a llevar.<\/p>","protected":false},"excerpt":{"rendered":"<table style=\"height: 470px;\" width=\"398\">\n<tbody>\n<tr>\n<td width=\"146\"><strong><b>Producto<\/b><\/strong>\u00a0<strong><b>Nombre:<\/b><\/strong><\/td>\n<td width=\"601\"><strong>Tops de primavera para mujer 2024<\/strong><\/td>\n<\/tr>\n<tr>\n<td width=\"146\"><strong><b>Materlal:<\/b><\/strong><\/td>\n<td width=\"601\">Punto<\/td>\n<\/tr>\n<tr>\n<td width=\"146\"><strong><b>T\u00e9cnica:<\/b><\/strong><\/td>\n<td width=\"601\">Bordado<\/td>\n<\/tr>\n<tr>\n<td width=\"146\"><strong><b>Estilo:<\/b><\/strong><\/td>\n<td width=\"601\">Casual<\/td>\n<\/tr>\n<tr>\n<td width=\"146\"><strong><b>Color<\/b><\/strong><strong><b>:<\/b><\/strong><\/td>\n<td width=\"601\">\u00a0Colores personalizados<\/td>\n<\/tr>\n<tr>\n<td width=\"146\"><strong><b>Tama\u00f1o:<\/b><\/strong><\/td>\n<td width=\"601\">S \/M \/L \/XL \/2XL<\/td>\n<\/tr>\n<tr>\n<td width=\"146\"><strong><b>OEM\/ODM:<\/b><\/strong><\/td>\n<td width=\"601\">Aceptable<\/td>\n<\/tr>\n<tr>\n<td width=\"146\"><strong><b>Calidad:<\/b><\/strong><\/td>\n<td width=\"601\">100% Alta calidad<\/td>\n<\/tr>\n<tr>\n<td width=\"146\"><strong><b>M<\/b><\/strong><strong><b>OQ:<\/b><\/strong><\/td>\n<td width=\"601\">200 unidades<\/td>\n<\/tr>\n<\/tbody>\n<\/table>","protected":false},"featured_media":1940,"template":"","meta":[],"product_brand":[],"product_cat":[39],"product_tag":[],"class_list":{"0":"post-1939","1":"product","2":"type-product","3":"status-publish","4":"has-post-thumbnail","6":"product_cat-womens-clothing","8":"first","9":"instock","10":"shipping-taxable","11":"product-type-simple"},"_links":{"self":[{"href":"https:\/\/mj-clothing.com\/es\/wp-json\/wp\/v2\/product\/1939","targetHints":{"allow":["GET"]}}],"collection":[{"href":"https:\/\/mj-clothing.com\/es\/wp-json\/wp\/v2\/product"}],"about":[{"href":"https:\/\/mj-clothing.com\/es\/wp-json\/wp\/v2\/types\/product"}],"wp:featuredmedia":[{"embeddable":true,"href":"https:\/\/mj-clothing.com\/es\/wp-json\/wp\/v2\/media\/1940"}],"wp:attachment":[{"href":"https:\/\/mj-clothing.com\/es\/wp-json\/wp\/v2\/media?parent=1939"}],"wp:term":[{"taxonomy":"product_brand","embeddable":true,"href":"https:\/\/mj-clothing.com\/es\/wp-json\/wp\/v2\/product_brand?post=1939"},{"taxonomy":"product_cat","embeddable":true,"href":"https:\/\/mj-clothing.com\/es\/wp-json\/wp\/v2\/product_cat?post=1939"},{"taxonomy":"product_tag","embeddable":true,"href":"https:\/\/mj-clothing.com\/es\/wp-json\/wp\/v2\/product_tag?post=1939"}],"curies":[{"name":"wp","href":"https:\/\/api.w.org\/{rel}","templated":true}]}}