{"id":1946,"date":"2024-12-17T02:48:08","date_gmt":"2024-12-17T02:48:08","guid":{"rendered":"https:\/\/mj-clothing.com\/?post_type=product&#038;p=1946"},"modified":"2024-12-17T03:42:21","modified_gmt":"2024-12-17T03:42:21","slug":"easy-to-sew-womens-tops","status":"publish","type":"product","link":"https:\/\/mj-clothing.com\/es\/manufacturer\/easy-to-sew-womens-tops\/","title":{"rendered":"Tops de mujer f\u00e1ciles de coser"},"content":{"rendered":"<div class=\"experimental-mode-disclaimer-container ng-star-inserted\">\n<div class=\"disclaimer\">\n<div class=\"disclaimer-text ng-star-inserted\"><\/div>\n<\/div>\n<\/div>\n<div id=\"model-response-message-contentr_97504a3a3735aa12\" class=\"markdown markdown-main-panel response-optimization\" dir=\"ltr\">\n<p data-sourcepos=\"1:1-1:139\">Parece que est\u00e1s buscando camisetas para mujer f\u00e1ciles de coser. Aqu\u00ed tienes un desglose de ideas y recursos para empezar:<\/p>\n<h3 data-sourcepos=\"3:1-3:33\"><strong>Elementos clave de las blusas para mujer f\u00e1ciles de coser:<\/strong><\/h3>\n<ul data-sourcepos=\"5:1-9:0\">\n<li data-sourcepos=\"5:1-5:153\"><strong>Formas simples:<\/strong> Busque patrones con formas b\u00e1sicas, como rect\u00e1ngulos, cuadrados o curvas m\u00ednimas. Requieren un proceso de corte y empalme menos complejo.<\/li>\n<li data-sourcepos=\"6:1-6:172\"><strong><span class=\"citation-0 recitation\">Tejidos de punto:<\/span><\/strong><span class=\"citation-0 recitation citation-end-0\"> Estos tejidos son el\u00e1sticos, lo que los hace m\u00e1s tolerantes para los principiantes.<\/span> Adem\u00e1s, no suelen requerir el acabado de los bordes, lo que ahorra tiempo.<span class=\"button-container hide-from-message-actions ng-star-inserted\">\u00a0 \u00a0<\/span>\n<div class=\"container ng-tns-c2960411664-24 hide\">\n<div class=\"carousel-container ng-tns-c2960411664-24\"><\/div>\n<\/div>\n<\/li>\n<li data-sourcepos=\"7:1-7:95\"><strong>Costuras m\u00ednimas:<\/strong> Cuantas menos costuras tenga un patr\u00f3n, m\u00e1s r\u00e1pido y f\u00e1cil ser\u00e1 coserlo.<\/li>\n<li data-sourcepos=\"8:1-9:0\"><strong>Sin cierres complicados:<\/strong> Evita los patrones con cremalleras, ojales o cierres complicados al principio.<\/li>\n<\/ul>\n<h3 data-sourcepos=\"10:1-10:32\"><strong>Tops para mujer f\u00e1ciles de coser:<\/strong><\/h3>\n<ul data-sourcepos=\"12:1-17:0\">\n<li data-sourcepos=\"12:1-12:133\"><strong>Camisetas:<\/strong> Por algo es un cl\u00e1sico. <span class=\"citation-1 recitation citation-end-1\">Los patrones b\u00e1sicos de camisetas son f\u00e1ciles de conseguir y constituyen un buen punto de partida.<\/span><span class=\"button-container hide-from-message-actions ng-star-inserted\"> \u00a0<\/span>\n<div class=\"container ng-tns-c2960411664-25 hide\">\n<div class=\"carousel-container ng-tns-c2960411664-25\"><\/div>\n<\/div>\n<\/li>\n<li data-sourcepos=\"13:1-13:96\"><strong>Camisetas sin mangas:<\/strong> Las camisetas de tirantes sencillas con tirantes anchos o formas b\u00e1sicas son muy f\u00e1ciles de confeccionar.<\/li>\n<li data-sourcepos=\"14:1-14:110\"><strong>Kimonos:<\/strong> Suelen consistir en coser l\u00edneas rectas y pueden confeccionarse con bonitas telas drapeadas.<\/li>\n<li data-sourcepos=\"15:1-15:97\"><strong>T\u00fanicas sencillas:<\/strong> Las t\u00fanicas de corte holgado y m\u00ednima forma son c\u00f3modas y f\u00e1ciles de coser.<\/li>\n<li data-sourcepos=\"16:1-17:0\"><strong>Tops fruncidos:<\/strong> Los tops con escotes el\u00e1sticos o fruncidos pueden ser sorprendentemente sencillos de confeccionar.<\/li>\n<\/ul>\n<h3 data-sourcepos=\"18:1-18:43\"><strong>D\u00f3nde encontrar patrones e inspiraci\u00f3n para blusas de mujer f\u00e1ciles de coser:<\/strong><\/h3>\n<ul data-sourcepos=\"20:1-24:0\">\n<li data-sourcepos=\"20:1-20:97\"><strong>Sew Essential:<\/strong> Este sitio web ofrece una gran variedad de patrones y recursos para principiantes.<\/li>\n<li data-sourcepos=\"21:1-21:99\"><strong>Costura sencilla:<\/strong> <span class=\"citation-2 recitation citation-end-2\">Se centran en patrones sencillos y elegantes con instrucciones claras.<\/span><span class=\"button-container hide-from-message-actions ng-star-inserted\">\u00a0<\/span>\n<div class=\"container ng-tns-c2960411664-26 hide\">\n<div class=\"carousel-container ng-tns-c2960411664-26\"><\/div>\n<\/div>\n<\/li>\n<li data-sourcepos=\"22:1-22:120\"><strong><span class=\"citation-3 recitation\">Pinterest:<\/span><\/strong><span class=\"citation-3 recitation citation-end-3\"> Un tesoro de ideas de bricolaje, incluidos muchos tutoriales gratuitos y patrones para tops f\u00e1ciles.<\/span><span class=\"button-container hide-from-message-actions ng-star-inserted\"> \u00a0<\/span>\n<div class=\"container ng-tns-c2960411664-27 hide\">\n<div class=\"carousel-container ng-tns-c2960411664-27\"><\/div>\n<\/div>\n<\/li>\n<li data-sourcepos=\"23:1-24:0\"><strong>Simplicity, McCall's, Butterick:<\/strong> Estas empresas de patrones tienen una amplia gama de patrones, a menudo clasificados por nivel de habilidad.<\/li>\n<\/ul>\n<h3 data-sourcepos=\"25:1-25:23\"><strong>Consejos para principiantes:<\/strong><\/h3>\n<ul data-sourcepos=\"27:1-31:0\">\n<li data-sourcepos=\"27:1-27:102\"><strong>Empieza con un proyecto sencillo:<\/strong> No intentes abordar algo demasiado complejo en tu primer intento.<\/li>\n<li data-sourcepos=\"28:1-28:99\"><strong>Elige el tejido adecuado:<\/strong> Los g\u00e9neros de punto suelen ser m\u00e1s f\u00e1ciles de trabajar que los tejidos.<\/li>\n<li data-sourcepos=\"29:1-29:93\"><strong>Lea atentamente las instrucciones:<\/strong> Aseg\u00farate de que entiendes los pasos antes de empezar.<\/li>\n<li data-sourcepos=\"30:1-31:0\"><strong>No tengas miedo de pedir ayuda:<\/strong> Hay muchas comunidades y recursos en l\u00ednea que pueden ayudarte si te quedas atascado.<\/li>\n<\/ul>\n<p data-sourcepos=\"32:1-32:128\">Estoy dispuesta a ayudarte si tienes alguna pregunta espec\u00edfica o quieres explorar un estilo concreto de top. S\u00f3lo tienes que dec\u00edrmelo.<\/p>\n<\/div>\n<div class=\"skeleton-loader-container\"><\/div>","protected":false},"excerpt":{"rendered":"<table style=\"height: 518px;\" width=\"411\">\n<tbody>\n<tr>\n<td width=\"146\"><strong><b>Producto<\/b><\/strong>\u00a0<strong><b>Nombre:<\/b><\/strong><\/td>\n<td width=\"601\"><strong>Tops de mujer f\u00e1ciles de coser<\/strong><\/td>\n<\/tr>\n<tr>\n<td width=\"146\"><strong><b>Materlal:<\/b><\/strong><\/td>\n<td width=\"601\">Punto<\/td>\n<\/tr>\n<tr>\n<td width=\"146\"><strong><b>T\u00e9cnica:<\/b><\/strong><\/td>\n<td width=\"601\">Bordado<\/td>\n<\/tr>\n<tr>\n<td width=\"146\"><strong><b>Estilo:<\/b><\/strong><\/td>\n<td width=\"601\">Casual<\/td>\n<\/tr>\n<tr>\n<td width=\"146\"><strong><b>Color<\/b><\/strong><strong><b>:<\/b><\/strong><\/td>\n<td width=\"601\">\u00a0Colores personalizados<\/td>\n<\/tr>\n<tr>\n<td width=\"146\"><strong><b>Tama\u00f1o:<\/b><\/strong><\/td>\n<td width=\"601\">S \/M \/L \/XL \/2XL<\/td>\n<\/tr>\n<tr>\n<td width=\"146\"><strong><b>OEM\/ODM:<\/b><\/strong><\/td>\n<td width=\"601\">Aceptable<\/td>\n<\/tr>\n<tr>\n<td width=\"146\"><strong><b>Calidad:<\/b><\/strong><\/td>\n<td width=\"601\">100% Alta calidad<\/td>\n<\/tr>\n<tr>\n<td width=\"146\"><strong><b>M<\/b><\/strong><strong><b>OQ:<\/b><\/strong><\/td>\n<td width=\"601\">200 unidades<\/td>\n<\/tr>\n<\/tbody>\n<\/table>","protected":false},"featured_media":1956,"template":"","meta":[],"product_brand":[],"product_cat":[39],"product_tag":[],"class_list":{"0":"post-1946","1":"product","2":"type-product","3":"status-publish","4":"has-post-thumbnail","6":"product_cat-womens-clothing","8":"first","9":"instock","10":"shipping-taxable","11":"product-type-simple"},"_links":{"self":[{"href":"https:\/\/mj-clothing.com\/es\/wp-json\/wp\/v2\/product\/1946","targetHints":{"allow":["GET"]}}],"collection":[{"href":"https:\/\/mj-clothing.com\/es\/wp-json\/wp\/v2\/product"}],"about":[{"href":"https:\/\/mj-clothing.com\/es\/wp-json\/wp\/v2\/types\/product"}],"wp:featuredmedia":[{"embeddable":true,"href":"https:\/\/mj-clothing.com\/es\/wp-json\/wp\/v2\/media\/1956"}],"wp:attachment":[{"href":"https:\/\/mj-clothing.com\/es\/wp-json\/wp\/v2\/media?parent=1946"}],"wp:term":[{"taxonomy":"product_brand","embeddable":true,"href":"https:\/\/mj-clothing.com\/es\/wp-json\/wp\/v2\/product_brand?post=1946"},{"taxonomy":"product_cat","embeddable":true,"href":"https:\/\/mj-clothing.com\/es\/wp-json\/wp\/v2\/product_cat?post=1946"},{"taxonomy":"product_tag","embeddable":true,"href":"https:\/\/mj-clothing.com\/es\/wp-json\/wp\/v2\/product_tag?post=1946"}],"curies":[{"name":"wp","href":"https:\/\/api.w.org\/{rel}","templated":true}]}}