{"id":1960,"date":"2024-12-17T03:10:50","date_gmt":"2024-12-17T03:10:50","guid":{"rendered":"https:\/\/mj-clothing.com\/?post_type=product&#038;p=1960"},"modified":"2024-12-17T03:10:50","modified_gmt":"2024-12-17T03:10:50","slug":"periwinkle-womens-tops","status":"publish","type":"product","link":"https:\/\/mj-clothing.com\/es\/manufacturer\/periwinkle-womens-tops\/","title":{"rendered":"Tops b\u00edgaros para mujer"},"content":{"rendered":"<div id=\"model-response-message-contentr_7f973865284483ec\" class=\"markdown markdown-main-panel response-optimization\" dir=\"ltr\">\n<p data-sourcepos=\"1:1-1:279\">Los tops b\u00edgaros para mujer son un color bonito, suave y vers\u00e1til que puede a\u00f1adir un toque de elegancia y feminidad a cualquier conjunto. <span class=\"citation-0 recitation citation-end-0\">Es un morado claro con un toque de azul, a menudo descrito como un lavanda p\u00e1lido o un violeta claro.<\/span> Esto es lo que hace que los tops b\u00edgaros de mujer sean tan atractivos:<span class=\"button-container hide-from-message-actions ng-star-inserted\">\u00a0 \u00a0<\/span><\/p>\n<h3 data-sourcepos=\"3:1-3:39\"><strong>Por qu\u00e9 las blusas b\u00edgaro funcionan bien para las blusas:<\/strong><\/h3>\n<ul data-sourcepos=\"5:1-9:0\">\n<li data-sourcepos=\"5:1-5:138\"><strong>Favorecedor en muchos tonos de piel:<\/strong> El b\u00edgaro tiene matices fr\u00edos y c\u00e1lidos, por lo que favorece a una amplia gama de complexiones.<\/li>\n<li data-sourcepos=\"6:1-6:105\"><strong>Suave y calmante:<\/strong> <span class=\"citation-1 recitation citation-end-1\">Es un color suave que evoca sentimientos de tranquilidad y paz.<\/span><span class=\"button-container hide-from-message-actions ng-star-inserted\"> \u00a0<\/span>\n<div class=\"container ng-tns-c2960411664-45 hide\">\n<div class=\"carousel-container ng-tns-c2960411664-45\"><\/div>\n<\/div>\n<\/li>\n<li data-sourcepos=\"7:1-7:111\"><strong><span class=\"citation-2 recitation\">Vers\u00e1til:<\/span><\/strong><span class=\"citation-2 recitation citation-end-2\"> El b\u00edgaro puede vestirse de forma elegante o informal, por lo que es adecuado para diversas ocasiones.<\/span><span class=\"button-container hide-from-message-actions ng-star-inserted\"> \u00a0<\/span>\n<div class=\"container ng-tns-c2960411664-46 hide\">\n<div class=\"carousel-container ng-tns-c2960411664-46\"><\/div>\n<\/div>\n<\/li>\n<li data-sourcepos=\"8:1-9:0\"><strong>Combina bien con otros colores:<\/strong> Complementa a los neutros como el blanco, el gris y el beige, as\u00ed como a otros colores como el rosa, el verde e incluso el amarillo.<\/li>\n<\/ul>\n<h3 data-sourcepos=\"10:1-10:44\"><strong>Tipos de blusas b\u00edgaro que puedes encontrar:<\/strong><\/h3>\n<ul data-sourcepos=\"12:1-16:0\">\n<li data-sourcepos=\"12:1-12:164\"><strong>Camisetas y tops informales:<\/strong> Una camiseta b\u00edgaro o un top informal son perfectos para el d\u00eda a d\u00eda. Comb\u00ednala con vaqueros, pantalones cortos o una falda informal para un look relajado.<\/li>\n<li data-sourcepos=\"13:1-13:198\"><strong><span class=\"citation-3 recitation\">Blusas y blusones:<\/span><\/strong><span class=\"citation-3 recitation citation-end-3\"> Una blusa b\u00edgaro de seda, sat\u00e9n o gasa puede vestirse para ocasiones m\u00e1s formales.<\/span> Comb\u00ednalo con pantalones de vestir, una falda o incluso bajo una americana.<span class=\"button-container hide-from-message-actions ng-star-inserted\"> \u00a0<\/span>\n<div class=\"container ng-tns-c2960411664-47 hide\">\n<div class=\"carousel-container ng-tns-c2960411664-47\"><\/div>\n<\/div>\n<\/li>\n<li data-sourcepos=\"14:1-14:110\"><strong>Jers\u00e9is y chaquetas de punto:<\/strong> Un jersey o c\u00e1rdigan b\u00edgaro es una prenda ideal para el fr\u00edo.<\/li>\n<li data-sourcepos=\"15:1-16:0\"><strong><span class=\"citation-4 recitation\">Camisetas de tirantes y camisolas:<\/span><\/strong><span class=\"citation-4 recitation citation-end-4\"> La camiseta de tirantes o la camisola b\u00edgaro pueden llevarse solas cuando hace calor o debajo de otras camisetas.<\/span><span class=\"button-container hide-from-message-actions ng-star-inserted\">\u00a0<\/span>\n<div class=\"container ng-tns-c2960411664-48 hide\">\n<div class=\"carousel-container ng-tns-c2960411664-48\">\n<div class=\"carousel-content ng-tns-c2960411664-48\">\n<div class=\"sources-carousel-source ng-tns-c2960411664-48 hide ng-star-inserted\" data-test-id=\"sources-carousel-source\"><\/div>\n<\/div>\n<\/div>\n<\/div>\n<\/li>\n<\/ul>\n<h3 data-sourcepos=\"17:1-17:33\"><strong>C\u00f3mo estilizar los tops b\u00edgaros:<\/strong><\/h3>\n<ul data-sourcepos=\"19:1-23:0\">\n<li data-sourcepos=\"19:1-19:100\"><strong>Casual:<\/strong> Combina una camiseta b\u00edgaro con unos vaqueros blancos y unas deportivas para conseguir un look fresco y desenfadado.<\/li>\n<li data-sourcepos=\"20:1-20:117\"><strong>Business Casual:<\/strong> Ponte una blusa b\u00edgaro con unos pantalones grises y unos tacones para un atuendo profesional y elegante a la vez.<\/li>\n<li data-sourcepos=\"21:1-21:104\"><strong>Elegante:<\/strong> Combina un top de sat\u00e9n b\u00edgaro con una falda negra y tacones para un elegante look de noche.<\/li>\n<li data-sourcepos=\"22:1-23:0\"><strong>Bohemio:<\/strong> Combina un top fluido b\u00edgaro con una falda larga y sandalias para conseguir un estilo bohemio.<\/li>\n<\/ul>\n<p data-sourcepos=\"32:1-32:113\">\n<\/div>","protected":false},"excerpt":{"rendered":"<table style=\"height: 501px;\" width=\"369\">\n<tbody>\n<tr>\n<td width=\"146\"><strong><b>Producto<\/b><\/strong>\u00a0<strong><b>Nombre:<\/b><\/strong><\/td>\n<td width=\"601\"><strong>Tops b\u00edgaros para mujer<\/strong><\/td>\n<\/tr>\n<tr>\n<td width=\"146\"><strong><b>Materlal:<\/b><\/strong><\/td>\n<td width=\"601\">Punto<\/td>\n<\/tr>\n<tr>\n<td width=\"146\"><strong><b>T\u00e9cnica: <\/b><\/strong><\/td>\n<td width=\"601\">Bordado<\/td>\n<\/tr>\n<tr>\n<td width=\"146\"><strong><b>Estilo: <\/b><\/strong><\/td>\n<td width=\"601\">Casual<\/td>\n<\/tr>\n<tr>\n<td width=\"146\"><strong><b>Color<\/b><\/strong><strong><b>:<\/b><\/strong><\/td>\n<td width=\"601\">\u00a0Colores personalizados<\/td>\n<\/tr>\n<tr>\n<td width=\"146\"><strong><b>Tama\u00f1o:<\/b><\/strong><\/td>\n<td width=\"601\">S \/M \/L \/XL \/2XL<\/td>\n<\/tr>\n<tr>\n<td width=\"146\"><strong><b>OEM\/ODM:<\/b><\/strong><\/td>\n<td width=\"601\">Aceptable<\/td>\n<\/tr>\n<tr>\n<td width=\"146\"><strong><b>Calidad:<\/b><\/strong><\/td>\n<td width=\"601\">100% Alta calidad<\/td>\n<\/tr>\n<tr>\n<td width=\"146\"><strong><b>M<\/b><\/strong><strong><b>OQ:<\/b><\/strong><\/td>\n<td width=\"601\">200 unidades<\/td>\n<\/tr>\n<\/tbody>\n<\/table>","protected":false},"featured_media":1961,"template":"","meta":[],"product_brand":[],"product_cat":[39],"product_tag":[],"class_list":{"0":"post-1960","1":"product","2":"type-product","3":"status-publish","4":"has-post-thumbnail","6":"product_cat-womens-clothing","8":"first","9":"instock","10":"shipping-taxable","11":"product-type-simple"},"_links":{"self":[{"href":"https:\/\/mj-clothing.com\/es\/wp-json\/wp\/v2\/product\/1960","targetHints":{"allow":["GET"]}}],"collection":[{"href":"https:\/\/mj-clothing.com\/es\/wp-json\/wp\/v2\/product"}],"about":[{"href":"https:\/\/mj-clothing.com\/es\/wp-json\/wp\/v2\/types\/product"}],"wp:featuredmedia":[{"embeddable":true,"href":"https:\/\/mj-clothing.com\/es\/wp-json\/wp\/v2\/media\/1961"}],"wp:attachment":[{"href":"https:\/\/mj-clothing.com\/es\/wp-json\/wp\/v2\/media?parent=1960"}],"wp:term":[{"taxonomy":"product_brand","embeddable":true,"href":"https:\/\/mj-clothing.com\/es\/wp-json\/wp\/v2\/product_brand?post=1960"},{"taxonomy":"product_cat","embeddable":true,"href":"https:\/\/mj-clothing.com\/es\/wp-json\/wp\/v2\/product_cat?post=1960"},{"taxonomy":"product_tag","embeddable":true,"href":"https:\/\/mj-clothing.com\/es\/wp-json\/wp\/v2\/product_tag?post=1960"}],"curies":[{"name":"wp","href":"https:\/\/api.w.org\/{rel}","templated":true}]}}