{"id":2001,"date":"2024-12-17T08:02:02","date_gmt":"2024-12-17T08:02:02","guid":{"rendered":"https:\/\/mj-clothing.com\/?post_type=product&#038;p=2001"},"modified":"2024-12-17T08:57:32","modified_gmt":"2024-12-17T08:57:32","slug":"womens-surplice-top","status":"publish","type":"product","link":"https:\/\/mj-clothing.com\/es\/manufacturer\/womens-surplice-top\/","title":{"rendered":"Top con sobrepelliz para mujer"},"content":{"rendered":"<p data-sourcepos=\"1:1-1:164\">El sobrepelliz de mujer es una prenda elegante y favorecedora, conocida por su caracter\u00edstico escote. Aqu\u00ed tienes un desglose de sus caracter\u00edsticas clave y por qu\u00e9 es una opci\u00f3n popular:<\/p>\n<h3 data-sourcepos=\"3:1-3:27\"><strong>\u00bfQu\u00e9 es un sobrepelliz de mujer?<\/strong><\/h3>\n<p data-sourcepos=\"5:1-5:212\">La caracter\u00edstica que define a un top de sobrepelliz es su <strong>paneles frontales superpuestos<\/strong> que crean un escote diagonal o en forma de V. Este dise\u00f1o se inspira en la tradicional vestimenta eclesi\u00e1stica llamada sobrepelliz.<\/p>\n<p data-sourcepos=\"7:1-7:27\">Estas son algunas de sus principales caracter\u00edsticas:<\/p>\n<ul data-sourcepos=\"9:1-14:0\">\n<li data-sourcepos=\"9:1-9:98\"><strong>Frente superpuesto:<\/strong> El tejido se cruza sobre s\u00ed mismo, creando un efecto de envoltura o falso envoltorio.<\/li>\n<li data-sourcepos=\"10:1-10:131\"><strong>Escote en V o en diagonal:<\/strong> Este escote suele ser bastante profundo y alargado, lo que resulta favorecedor para muchos tipos de cuerpo.<\/li>\n<li data-sourcepos=\"11:1-11:133\"><strong>Varios estilos de mangas:<\/strong> Los tops con sobrepelliz pueden ser de manga corta, larga, tres cuartos o incluso sin mangas.<\/li>\n<li data-sourcepos=\"12:1-12:179\"><strong>Diferentes tejidos:<\/strong> Se pueden confeccionar en distintos tejidos, como punto, lana, seda, jersey y otros. La elecci\u00f3n del tejido influye en la ca\u00edda y el aspecto general del top.<\/li>\n<li data-sourcepos=\"13:1-14:0\"><strong>Ajustado o suelto:<\/strong> El corte puede variar de entallado a holgado y fluido, seg\u00fan el dise\u00f1o y el tejido.<\/li>\n<\/ul>\n<h3 data-sourcepos=\"15:1-15:34\"><strong>\u00bfPor qu\u00e9 son populares los surplice top de mujer?<\/strong><\/h3>\n<ul data-sourcepos=\"17:1-21:0\">\n<li data-sourcepos=\"17:1-17:188\"><strong>Escote favorecedor:<\/strong> El escote en V o diagonal alarga el cuello y el torso, creando un efecto adelgazante. Tambi\u00e9n acent\u00faa la clav\u00edcula y la zona del pecho de forma favorecedora.<\/li>\n<li data-sourcepos=\"18:1-18:107\"><strong>Femenino y elegante:<\/strong> El dise\u00f1o superpuesto a\u00f1ade un toque de feminidad y elegancia a cualquier atuendo.<\/li>\n<li data-sourcepos=\"19:1-19:103\"><strong>Vers\u00e1til:<\/strong> Las blusas con sobrepelliz pueden vestirse de forma elegante o informal, por lo que resultan adecuadas para diversas ocasiones.<\/li>\n<li data-sourcepos=\"20:1-21:0\"><strong>C\u00f3modo:<\/strong> Seg\u00fan el tejido y el ajuste, pueden ser muy c\u00f3modos de llevar.<\/li>\n<\/ul>\n<h3 data-sourcepos=\"22:1-22:32\"><strong>C\u00f3mo llevar un top de mujer con sobrepelliz:<\/strong><\/h3>\n<ul data-sourcepos=\"24:1-28:0\">\n<li data-sourcepos=\"24:1-24:90\"><strong>Casual:<\/strong> Comb\u00ednalo con vaqueros, pantalones cortos o una falda informal para un look relajado de diario.<\/li>\n<li data-sourcepos=\"25:1-25:114\"><strong>Business Casual:<\/strong> P\u00f3ntelo con pantalones, una falda l\u00e1piz o debajo de una americana para un ambiente m\u00e1s profesional.<\/li>\n<li data-sourcepos=\"26:1-26:140\"><strong>Elegante:<\/strong> Elige un top con sobrepelliz en un tejido lujoso como la seda o el sat\u00e9n y comb\u00ednalo con unos pantalones de vestir o una falda para un evento nocturno.<\/li>\n<li data-sourcepos=\"27:1-28:0\"><strong>Capas:<\/strong> Puedes ponerte un top con sobrepelliz debajo de un c\u00e1rdigan o una chaqueta para ir m\u00e1s abrigada y estilosa.<\/li>\n<\/ul>","protected":false},"excerpt":{"rendered":"<table style=\"height: 571px;\" width=\"446\">\n<tbody>\n<tr>\n<td width=\"146\"><strong><b>Producto<\/b><\/strong>\u00a0<strong><b>Nombre:<\/b><\/strong><\/td>\n<td width=\"601\"><strong>Top con sobrepelliz para mujer<\/strong><\/td>\n<\/tr>\n<tr>\n<td width=\"146\"><strong><b>Materlal:<\/b><\/strong><\/td>\n<td width=\"601\">Punto<\/td>\n<\/tr>\n<tr>\n<td width=\"146\"><strong><b>T\u00e9cnica:<\/b><\/strong><\/td>\n<td width=\"601\">Bordado<\/td>\n<\/tr>\n<tr>\n<td width=\"146\"><strong><b>Estilo:<\/b><\/strong><\/td>\n<td width=\"601\">Casual<\/td>\n<\/tr>\n<tr>\n<td width=\"146\"><strong><b>Color<\/b><\/strong><strong><b>:<\/b><\/strong><\/td>\n<td width=\"601\">\u00a0Colores personalizados<\/td>\n<\/tr>\n<tr>\n<td width=\"146\"><strong><b>Tama\u00f1o:<\/b><\/strong><\/td>\n<td width=\"601\">S \/M \/L \/XL \/2XL<\/td>\n<\/tr>\n<tr>\n<td width=\"146\"><strong><b>OEM\/ODM:<\/b><\/strong><\/td>\n<td width=\"601\">Aceptable<\/td>\n<\/tr>\n<tr>\n<td width=\"146\"><strong><b>Calidad:<\/b><\/strong><\/td>\n<td width=\"601\">100% Alta calidad<\/td>\n<\/tr>\n<tr>\n<td width=\"146\"><strong><b>M<\/b><\/strong><strong><b>OQ:<\/b><\/strong><\/td>\n<td width=\"601\">200 unidades<\/td>\n<\/tr>\n<\/tbody>\n<\/table>","protected":false},"featured_media":2002,"template":"","meta":[],"product_brand":[],"product_cat":[39],"product_tag":[],"class_list":{"0":"post-2001","1":"product","2":"type-product","3":"status-publish","4":"has-post-thumbnail","6":"product_cat-womens-clothing","8":"first","9":"instock","10":"shipping-taxable","11":"product-type-simple"},"_links":{"self":[{"href":"https:\/\/mj-clothing.com\/es\/wp-json\/wp\/v2\/product\/2001","targetHints":{"allow":["GET"]}}],"collection":[{"href":"https:\/\/mj-clothing.com\/es\/wp-json\/wp\/v2\/product"}],"about":[{"href":"https:\/\/mj-clothing.com\/es\/wp-json\/wp\/v2\/types\/product"}],"wp:featuredmedia":[{"embeddable":true,"href":"https:\/\/mj-clothing.com\/es\/wp-json\/wp\/v2\/media\/2002"}],"wp:attachment":[{"href":"https:\/\/mj-clothing.com\/es\/wp-json\/wp\/v2\/media?parent=2001"}],"wp:term":[{"taxonomy":"product_brand","embeddable":true,"href":"https:\/\/mj-clothing.com\/es\/wp-json\/wp\/v2\/product_brand?post=2001"},{"taxonomy":"product_cat","embeddable":true,"href":"https:\/\/mj-clothing.com\/es\/wp-json\/wp\/v2\/product_cat?post=2001"},{"taxonomy":"product_tag","embeddable":true,"href":"https:\/\/mj-clothing.com\/es\/wp-json\/wp\/v2\/product_tag?post=2001"}],"curies":[{"name":"wp","href":"https:\/\/api.w.org\/{rel}","templated":true}]}}