{"id":2005,"date":"2024-12-17T08:27:39","date_gmt":"2024-12-17T08:27:39","guid":{"rendered":"https:\/\/mj-clothing.com\/?post_type=product&#038;p=2005"},"modified":"2024-12-18T06:08:53","modified_gmt":"2024-12-18T06:08:53","slug":"glorya-long-sleeve-hooded-top-womens","status":"publish","type":"product","link":"https:\/\/mj-clothing.com\/es\/manufacturer\/glorya-long-sleeve-hooded-top-womens\/","title":{"rendered":"Camiseta con capucha de manga larga Glorya - Mujer"},"content":{"rendered":"<div id=\"model-response-message-contentr_2042c454bde921df\" class=\"markdown markdown-main-panel response-optimization\" dir=\"ltr\">\n<p data-sourcepos=\"1:1-1:220\">Parece que est\u00e1s interesado en Patagonia Long-Sleeve Glorya Long-Sleeve Hooded Top-Women's. Se trata de una prenda popular de Patagonia, conocida por su comodidad y versatilidad. Aqu\u00ed tienes un desglose de lo que la hace destacar:<\/p>\n<h3 data-sourcepos=\"3:1-3:17\"><strong>Caracter\u00edsticas principales Glorya Long-Sleeve Hooded Top-Women's:<\/strong><\/h3>\n<ul data-sourcepos=\"5:1-12:0\">\n<li data-sourcepos=\"5:1-5:186\"><strong>Ligero y c\u00f3modo:<\/strong> <span class=\"citation-0 recitation citation-end-0\">Confeccionada con una suave mezcla de poli\u00e9ster reciclado, TENCEL\u2122 lyocell y elastano, esta sudadera con capucha est\u00e1 dise\u00f1ada para ofrecer comodidad y libertad de movimiento.<\/span>\n<div class=\"container ng-tns-c2960411664-80 hide\">\n<div class=\"carousel-container ng-tns-c2960411664-80\"><\/div>\n<\/div>\n<\/li>\n<li data-sourcepos=\"6:1-6:176\"><strong>Evacuaci\u00f3n de la humedad y secado r\u00e1pido:<\/strong> <span class=\"citation-1 recitation citation-end-1\">El tejido es excelente para evacuar la humedad y secarse r\u00e1pidamente, por lo que es adecuado para la ropa activa o el uso diario.<\/span><span class=\"button-container hide-from-message-actions ng-star-inserted\">\u00a0 \u00a0<\/span>\n<div class=\"container ng-tns-c2960411664-81 hide\">\n<div class=\"carousel-container ng-tns-c2960411664-81\"><\/div>\n<\/div>\n<\/li>\n<li data-sourcepos=\"7:1-7:106\"><strong>Corte relajado:<\/strong> <span class=\"citation-2 recitation citation-end-2\">La sudadera con capucha Glorya tiene un corte relajado que permite llevarla c\u00f3modamente a capas.<\/span><span class=\"button-container hide-from-message-actions ng-star-inserted\">\u00a0<\/span>\n<div class=\"container ng-tns-c2960411664-82 hide\">\n<div class=\"carousel-container ng-tns-c2960411664-82\"><\/div>\n<\/div>\n<\/li>\n<li data-sourcepos=\"8:1-8:121\"><strong>Capucha ajustable:<\/strong> <span class=\"citation-3 recitation citation-end-3\">La capucha tiene un cord\u00f3n que permite ajustarla para una cobertura y calidez \u00f3ptimas.<\/span><span class=\"button-container hide-from-message-actions ng-star-inserted\">\u00a0<\/span>\n<div class=\"container ng-tns-c2960411664-83 hide\">\n<div class=\"carousel-container ng-tns-c2960411664-83\"><\/div>\n<\/div>\n<\/li>\n<li data-sourcepos=\"9:1-9:157\"><strong>Vers\u00e1til:<\/strong> <span class=\"citation-4 recitation citation-end-4\">Puede llevarse sola o superpuesta, lo que la convierte en una gran elecci\u00f3n para diversas actividades y condiciones meteorol\u00f3gicas.<\/span><span class=\"button-container hide-from-message-actions ng-star-inserted\"> \u00a0<\/span>\n<div class=\"container ng-tns-c2960411664-84 hide\">\n<div class=\"carousel-container ng-tns-c2960411664-84\"><\/div>\n<\/div>\n<\/li>\n<li data-sourcepos=\"10:1-10:148\"><strong><span class=\"citation-5 recitation\">Materiales sostenibles:<\/span><\/strong><span class=\"citation-5 recitation citation-end-5\"> Fabricada con poli\u00e9ster reciclado y TENCEL\u2122 lyocell, esta sudadera con capucha es una opci\u00f3n m\u00e1s respetuosa con el medio ambiente.<\/span><span class=\"button-container hide-from-message-actions ng-star-inserted\"> \u00a0<\/span>\n<div class=\"container ng-tns-c2960411664-85 hide\">\n<div class=\"carousel-container ng-tns-c2960411664-85\"><\/div>\n<\/div>\n<\/li>\n<li data-sourcepos=\"11:1-12:0\"><strong><span class=\"citation-6 recitation\">Fair Trade Certified\u2122 Cosido:<\/span><\/strong><span class=\"citation-6 recitation citation-end-6\"> Esto significa que las personas que confeccionaban la prenda ganaban una prima por su trabajo.<\/span><span class=\"button-container hide-from-message-actions ng-star-inserted\">\u00a0<\/span>\n<div class=\"container ng-tns-c2960411664-86 hide\">\n<div class=\"carousel-container ng-tns-c2960411664-86\"><\/div>\n<\/div>\n<\/li>\n<\/ul>\n<h3 data-sourcepos=\"13:1-13:30\"><strong>Por qu\u00e9 es una elecci\u00f3n popular Glorya Long-Sleeve Hooded Top-Women's:<\/strong><\/h3>\n<ul data-sourcepos=\"15:1-19:0\">\n<li data-sourcepos=\"15:1-15:151\"><strong>Comodidad para el movimiento:<\/strong> <span class=\"citation-7 recitation citation-end-7\">Su tejido ligero y el\u00e1stico lo hace ideal para actividades como el senderismo, el yoga o simplemente para hacer recados.<\/span><span class=\"button-container hide-from-message-actions ng-star-inserted\">\u00a0<\/span>\n<div class=\"container ng-tns-c2960411664-87 hide\">\n<div class=\"carousel-container ng-tns-c2960411664-87\"><\/div>\n<\/div>\n<\/li>\n<li data-sourcepos=\"16:1-16:101\"><strong>Uso diario:<\/strong> Su estilo desenfadado y su ajuste c\u00f3modo lo convierten en una gran elecci\u00f3n para el d\u00eda a d\u00eda.<\/li>\n<li data-sourcepos=\"17:1-17:91\"><strong>Pieza de capas:<\/strong> Es perfecto para llevar debajo de chaquetas o chalecos cuando hace m\u00e1s fr\u00edo.<\/li>\n<li data-sourcepos=\"18:1-19:0\"><strong>Calidad y durabilidad:<\/strong> Patagonia es conocida por fabricar productos duraderos y de alta calidad.<\/li>\n<\/ul>\n<h3 data-sourcepos=\"20:1-20:21\"><strong>D\u00f3nde encontrar Glorya Long-Sleeve Hooded Top-Women's:<\/strong><\/h3>\n<p data-sourcepos=\"22:1-22:86\">Normalmente puedes encontrar el Patagonia Long-Sleeve Glorya Hooded Top en estas tiendas:<\/p>\n<ul data-sourcepos=\"24:1-27:0\">\n<li data-sourcepos=\"24:1-24:80\"><strong>P\u00e1gina web de Patagonia:<\/strong> Esta es la fuente oficial de los productos Patagonia.<\/li>\n<li data-sourcepos=\"25:1-25:114\"><strong>Minoristas al aire libre:<\/strong> <span class=\"citation-8 recitation citation-end-8\">Tiendas como REI, Backcountry y Moosejaw suelen tener ropa Patagonia.<\/span><span class=\"button-container hide-from-message-actions ng-star-inserted\">\u00a0<\/span>\n<div class=\"container ng-tns-c2960411664-88 hide\">\n<div class=\"carousel-container ng-tns-c2960411664-88\"><\/div>\n<\/div>\n<\/li>\n<li data-sourcepos=\"26:1-27:0\"><strong>Grandes almacenes:<\/strong> Algunos grandes almacenes tambi\u00e9n pueden tener productos Patagonia.<\/li>\n<\/ul>\n<p data-sourcepos=\"28:1-28:153\">Si buscas una sudadera con capucha c\u00f3moda, vers\u00e1til y fabricada de forma sostenible, merece la pena tener en cuenta la sudadera con capucha de manga larga Patagonia Glorya.<\/p>\n<\/div>\n<div class=\"skeleton-loader-container\"><\/div>\n<div class=\"response-footer gap complete\">\n<div class=\"container ng-tns-c2960411664-79\">\n<div class=\"carousel-container ng-tns-c2960411664-79\">\n<div class=\"carousel-content ng-tns-c2960411664-79\">\n<div class=\"sources-carousel-source ng-tns-c2960411664-79 ng-star-inserted\" data-test-id=\"sources-carousel-source\">\n<div class=\"source-card-container\">\n<div class=\"source-card-content\">\n<div class=\"source-card-body\">\n<div class=\"source-card-header\">\n<div class=\"source-card-title\"><\/div>\n<\/div>\n<\/div>\n<\/div>\n<\/div>\n<\/div>\n<\/div>\n<\/div>\n<\/div>\n<\/div>","protected":false},"excerpt":{"rendered":"<table style=\"height: 661px;\" width=\"527\">\n<tbody>\n<tr>\n<td width=\"146\"><strong><b>Producto<\/b><\/strong>\u00a0<strong><b>Nombre:<\/b><\/strong><\/td>\n<td width=\"601\"><strong>Camiseta con capucha de manga larga Glorya - Mujer<\/strong><\/td>\n<\/tr>\n<tr>\n<td width=\"146\"><strong><b>Materlal:<\/b><\/strong><\/td>\n<td width=\"601\">Punto<\/td>\n<\/tr>\n<tr>\n<td width=\"146\"><strong><b>T\u00e9cnica:<\/b><\/strong><\/td>\n<td width=\"601\">Bordado<\/td>\n<\/tr>\n<tr>\n<td width=\"146\"><strong><b>Estilo:<\/b><\/strong><\/td>\n<td width=\"601\">Casual<\/td>\n<\/tr>\n<tr>\n<td width=\"146\"><strong><b>Color<\/b><\/strong><strong><b>:<\/b><\/strong><\/td>\n<td width=\"601\">\u00a0Colores personalizados<\/td>\n<\/tr>\n<tr>\n<td width=\"146\"><strong><b>Tama\u00f1o:<\/b><\/strong><\/td>\n<td width=\"601\">S \/M \/L \/XL \/2XL<\/td>\n<\/tr>\n<tr>\n<td width=\"146\"><strong><b>OEM\/ODM:<\/b><\/strong><\/td>\n<td width=\"601\">Aceptable<\/td>\n<\/tr>\n<tr>\n<td width=\"146\"><strong><b>Calidad:<\/b><\/strong><\/td>\n<td width=\"601\">100% Alta calidad<\/td>\n<\/tr>\n<tr>\n<td width=\"146\"><strong><b>M<\/b><\/strong><strong><b>OQ:<\/b><\/strong><\/td>\n<td width=\"601\">200 unidades<\/td>\n<\/tr>\n<\/tbody>\n<\/table>","protected":false},"featured_media":2006,"template":"","meta":[],"product_brand":[],"product_cat":[39],"product_tag":[],"class_list":{"0":"post-2005","1":"product","2":"type-product","3":"status-publish","4":"has-post-thumbnail","6":"product_cat-womens-clothing","8":"first","9":"instock","10":"shipping-taxable","11":"product-type-simple"},"_links":{"self":[{"href":"https:\/\/mj-clothing.com\/es\/wp-json\/wp\/v2\/product\/2005","targetHints":{"allow":["GET"]}}],"collection":[{"href":"https:\/\/mj-clothing.com\/es\/wp-json\/wp\/v2\/product"}],"about":[{"href":"https:\/\/mj-clothing.com\/es\/wp-json\/wp\/v2\/types\/product"}],"wp:featuredmedia":[{"embeddable":true,"href":"https:\/\/mj-clothing.com\/es\/wp-json\/wp\/v2\/media\/2006"}],"wp:attachment":[{"href":"https:\/\/mj-clothing.com\/es\/wp-json\/wp\/v2\/media?parent=2005"}],"wp:term":[{"taxonomy":"product_brand","embeddable":true,"href":"https:\/\/mj-clothing.com\/es\/wp-json\/wp\/v2\/product_brand?post=2005"},{"taxonomy":"product_cat","embeddable":true,"href":"https:\/\/mj-clothing.com\/es\/wp-json\/wp\/v2\/product_cat?post=2005"},{"taxonomy":"product_tag","embeddable":true,"href":"https:\/\/mj-clothing.com\/es\/wp-json\/wp\/v2\/product_tag?post=2005"}],"curies":[{"name":"wp","href":"https:\/\/api.w.org\/{rel}","templated":true}]}}