{"id":2008,"date":"2024-12-17T08:49:20","date_gmt":"2024-12-17T08:49:20","guid":{"rendered":"https:\/\/mj-clothing.com\/?post_type=product&#038;p=2008"},"modified":"2024-12-17T08:56:51","modified_gmt":"2024-12-17T08:56:51","slug":"womens-cashmere-long-coat","status":"publish","type":"product","link":"https:\/\/mj-clothing.com\/es\/manufacturer\/womens-cashmere-long-coat\/","title":{"rendered":"Abrigo largo de cachemira para mujer"},"content":{"rendered":"<div id=\"model-response-message-contentr_21586b4a0aa106d5\" class=\"markdown markdown-main-panel response-optimization\" dir=\"ltr\">\n<p data-sourcepos=\"1:1-1:191\">Un abrigo largo de cachemira para mujer es la personificaci\u00f3n del lujo, la calidez y el estilo atemporal. Es una inversi\u00f3n importante que puede mejorar cualquier armario de invierno. He aqu\u00ed lo que los hace tan especiales:<\/p>\n<h3 data-sourcepos=\"3:1-3:17\"><strong>\u00bfPor qu\u00e9 un abrigo largo de cachemira para mujer?<\/strong><\/h3>\n<ul data-sourcepos=\"5:1-9:0\">\n<li data-sourcepos=\"5:1-5:146\"><strong><span class=\"citation-0 recitation\">Suavidad sin igual:<\/span><\/strong><span class=\"citation-0 recitation citation-end-0\"> Las fibras de cachemira son incre\u00edblemente finas, lo que se traduce en un tacto lujosamente suave y terso sobre la piel.<\/span><span class=\"button-container hide-from-message-actions ng-star-inserted\"> \u00a0<\/span>\n<div class=\"container ng-tns-c2960411664-95 hide\">\n<div class=\"carousel-container ng-tns-c2960411664-95\"><\/div>\n<\/div>\n<\/li>\n<li data-sourcepos=\"6:1-6:147\"><strong><span class=\"citation-1 recitation\">Calidez excepcional:<\/span><\/strong><span class=\"citation-1 recitation citation-end-1\"> A pesar de su ligereza, la cachemira proporciona un excelente aislamiento, manteni\u00e9ndote abrigado sin sentirte voluminoso.<\/span><span class=\"button-container hide-from-message-actions ng-star-inserted\">\u00a0<\/span>\n<div class=\"container ng-tns-c2960411664-96 hide\">\n<div class=\"carousel-container ng-tns-c2960411664-96\"><\/div>\n<\/div>\n<\/li>\n<li data-sourcepos=\"7:1-7:152\"><strong>Ligero y c\u00f3modo:<\/strong> <span class=\"citation-2 recitation citation-end-2\">Las prendas de cachemira son conocidas por su ligereza, que las hace c\u00f3modas de llevar durante largos periodos.<\/span><span class=\"button-container hide-from-message-actions ng-star-inserted\">\u00a0 \u00a0<\/span>\n<div class=\"container ng-tns-c2960411664-97 hide\">\n<div class=\"carousel-container ng-tns-c2960411664-97\"><\/div>\n<\/div>\n<\/li>\n<li data-sourcepos=\"8:1-9:0\"><strong><span class=\"citation-3 recitation\">Durabilidad:<\/span><\/strong><span class=\"citation-3 recitation citation-end-3\"> Con los cuidados adecuados, un abrigo de cachemira de alta calidad puede durar muchos a\u00f1os, lo que lo convierte en una inversi\u00f3n rentable.<\/span><span class=\"button-container hide-from-message-actions ng-star-inserted\">\u00a0 \u00a0<\/span>\n<div class=\"container ng-tns-c2960411664-98 hide\">\n<div class=\"carousel-container ng-tns-c2960411664-98\"><\/div>\n<\/div>\n<\/li>\n<\/ul>\n<h3 data-sourcepos=\"10:1-10:41\"><strong>Caracter\u00edsticas principales de un abrigo largo de cachemira para mujer:<\/strong><\/h3>\n<ul data-sourcepos=\"12:1-22:0\">\n<li data-sourcepos=\"12:1-12:85\"><strong>Longitud:<\/strong> Normalmente cae por debajo de la rodilla, ofreciendo la m\u00e1xima cobertura y calidez.<\/li>\n<li data-sourcepos=\"13:1-16:93\"><strong>Estilos cl\u00e1sicos:<\/strong> A menudo presenta siluetas atemporales como:\n<ul data-sourcepos=\"14:5-16:93\">\n<li data-sourcepos=\"14:5-14:88\"><strong>Un solo pecho:<\/strong> Un estilo cl\u00e1sico y vers\u00e1til con una sola fila de botones.<\/li>\n<li data-sourcepos=\"15:5-15:87\"><strong>Doble botonadura:<\/strong> <span class=\"citation-4 recitation citation-end-4\">Un estilo m\u00e1s formal con dos filas de botones.<\/span><span class=\"button-container hide-from-message-actions ng-star-inserted\">\u00a0 \u00a0<\/span>\n<div class=\"container ng-tns-c2960411664-99 hide\">\n<div class=\"carousel-container ng-tns-c2960411664-99\"><\/div>\n<\/div>\n<\/li>\n<li data-sourcepos=\"16:5-16:93\"><strong><span class=\"citation-5 recitation\">Abrigo:<\/span><\/strong><span class=\"citation-5 recitation citation-end-5\"> Un estilo relajado y elegante que puede atarse con un cintur\u00f3n.<\/span><span class=\"button-container hide-from-message-actions ng-star-inserted\"> \u00a0<\/span>\n<div class=\"container ng-tns-c2960411664-100 hide\">\n<div class=\"carousel-container ng-tns-c2960411664-100\">\n<div class=\"carousel-content ng-tns-c2960411664-100\">\n<div class=\"sources-carousel-source ng-tns-c2960411664-100 hide ng-star-inserted\" data-test-id=\"sources-carousel-source\"><\/div>\n<\/div>\n<\/div>\n<\/div>\n<\/li>\n<\/ul>\n<\/li>\n<li data-sourcepos=\"17:1-20:67\"><strong>Opciones de collar:<\/strong> Puede tener varios estilos de cuello, tales como:\n<ul data-sourcepos=\"18:5-20:67\">\n<li data-sourcepos=\"18:5-18:69\"><strong><span class=\"citation-6 recitation\">Solapa con muesca:<\/span><\/strong><span class=\"citation-6 recitation citation-end-6\"> Un cuello cl\u00e1sico y vers\u00e1til.<\/span><span class=\"button-container hide-from-message-actions ng-star-inserted\">\u00a0<\/span>\n<div class=\"container ng-tns-c2960411664-101 hide\">\n<div class=\"carousel-container ng-tns-c2960411664-101\"><\/div>\n<\/div>\n<\/li>\n<li data-sourcepos=\"19:5-19:57\"><strong>Cuello chal:<\/strong> Un cuello m\u00e1s relajado y acogedor.<\/li>\n<li data-sourcepos=\"20:5-20:67\"><strong>Cuello alto:<\/strong> Proporciona calor adicional alrededor del cuello.<\/li>\n<\/ul>\n<\/li>\n<li data-sourcepos=\"21:1-22:0\"><strong>Detalles m\u00ednimos:<\/strong> A menudo presenta l\u00edneas depuradas y detalles m\u00ednimos para realzar el lujoso tejido.<\/li>\n<\/ul>\n<h3 data-sourcepos=\"23:1-23:56\"><strong>Aspectos a tener en cuenta al comprar un abrigo largo de cachemira para mujer:<\/strong><\/h3>\n<ul data-sourcepos=\"25:1-30:0\">\n<li data-sourcepos=\"25:1-25:129\"><strong>Cachemira Calidad:<\/strong> Busque abrigos confeccionados con cachemira 100% o con un alto porcentaje de cachemira mezclada con otras fibras finas.<\/li>\n<li data-sourcepos=\"26:1-26:134\"><strong>Peso:<\/strong> El peso de la cachemira influye en su calidez y ca\u00edda. La cachemira m\u00e1s pesada suele ser m\u00e1s c\u00e1lida, pero tambi\u00e9n m\u00e1s voluminosa.<\/li>\n<li data-sourcepos=\"27:1-27:89\"><strong>Construcci\u00f3n:<\/strong> Comprueba la calidad de las costuras y el forro para garantizar su durabilidad.<\/li>\n<li data-sourcepos=\"28:1-28:99\"><strong>En forma:<\/strong> Elige un abrigo que se ajuste bien a los hombros y te permita superponer capas c\u00f3modamente.<\/li>\n<li data-sourcepos=\"29:1-30:0\"><strong>Precio:<\/strong> <span class=\"citation-7 recitation citation-end-7\">Los abrigos de cachemira son una inversi\u00f3n, as\u00ed que prep\u00e1rate para gastar una cantidad importante.<\/span> Sin embargo, con los cuidados adecuados, durar\u00e1 muchos a\u00f1os.<span class=\"button-container hide-from-message-actions ng-star-inserted\">\u00a0<\/span>\n<div class=\"container ng-tns-c2960411664-102 hide\">\n<div class=\"carousel-container ng-tns-c2960411664-102\"><\/div>\n<\/div>\n<\/li>\n<\/ul>\n<h3 data-sourcepos=\"31:1-31:46\"><strong>D\u00f3nde encontrar abrigos largos de cachemira para mujer:<\/strong><\/h3>\n<ul data-sourcepos=\"33:1-37:0\">\n<li data-sourcepos=\"33:1-33:80\"><strong>Grandes almacenes de gama alta:<\/strong> Nordstrom, Saks Fifth Avenue, Bloomingdale's<\/li>\n<li data-sourcepos=\"34:1-34:52\"><strong>Marcas de lujo:<\/strong> Max Mara, Loro Piana, The Row<\/li>\n<li data-sourcepos=\"35:1-35:80\"><strong>Minoristas especializados en cachemira:<\/strong> <span class=\"citation-8 recitation citation-end-8\">GOBI Cashmere, Sofia Cashmere<\/span><span class=\"button-container hide-from-message-actions ng-star-inserted\">\u00a0 \u00a0<\/span>\n<div class=\"container ng-tns-c2960411664-103 hide\">\n<div class=\"carousel-container ng-tns-c2960411664-103\"><\/div>\n<\/div>\n<\/li>\n<li data-sourcepos=\"36:1-37:0\"><strong>Minoristas en l\u00ednea:<\/strong> Farfetch, Net-a-Porter, Mytheresa<\/li>\n<\/ul>\n<p data-sourcepos=\"38:1-38:122\">Un abrigo largo de cachemira para mujer es una inversi\u00f3n lujosa y atemporal que te mantendr\u00e1 abrigada y elegante durante a\u00f1os.<\/p>\n<\/div>\n<div class=\"response-footer gap complete\">\n<div class=\"container ng-tns-c2960411664-94\">\n<div class=\"carousel-container ng-tns-c2960411664-94\">\n<div class=\"carousel-content ng-tns-c2960411664-94\">\n<div class=\"sources-carousel-source ng-tns-c2960411664-94 ng-star-inserted\" data-test-id=\"sources-carousel-source\">\n<div class=\"source-card-container\">\n<div class=\"source-card-content\">\n<div class=\"source-card-body\">\n<div class=\"source-card-header\">\n<div class=\"source-card-title\"><\/div>\n<\/div>\n<\/div>\n<\/div>\n<\/div>\n<\/div>\n<\/div>\n<\/div>\n<\/div>\n<\/div>","protected":false},"excerpt":{"rendered":"<table style=\"height: 596px;\" width=\"487\">\n<tbody>\n<tr>\n<td width=\"146\"><strong><b>Producto<\/b><\/strong>\u00a0<strong><b>Nombre:<\/b><\/strong><\/td>\n<td width=\"601\"><strong>Abrigo largo de cachemira para mujer<\/strong><\/td>\n<\/tr>\n<tr>\n<td width=\"146\"><strong><b>Materlal:<\/b><\/strong><\/td>\n<td width=\"601\">Punto<\/td>\n<\/tr>\n<tr>\n<td width=\"146\"><strong><b>T\u00e9cnica:<\/b><\/strong><\/td>\n<td width=\"601\">Bordado<\/td>\n<\/tr>\n<tr>\n<td width=\"146\"><strong><b>Estilo:<\/b><\/strong><\/td>\n<td width=\"601\">Casual<\/td>\n<\/tr>\n<tr>\n<td width=\"146\"><strong><b>Color<\/b><\/strong><strong><b>:<\/b><\/strong><\/td>\n<td width=\"601\">\u00a0Colores personalizados<\/td>\n<\/tr>\n<tr>\n<td width=\"146\"><strong><b>Tama\u00f1o:<\/b><\/strong><\/td>\n<td width=\"601\">S \/M \/L \/XL \/2XL<\/td>\n<\/tr>\n<tr>\n<td width=\"146\"><strong><b>OEM\/ODM:<\/b><\/strong><\/td>\n<td width=\"601\">Aceptable<\/td>\n<\/tr>\n<tr>\n<td width=\"146\"><strong><b>Calidad:<\/b><\/strong><\/td>\n<td width=\"601\">100% Alta calidad<\/td>\n<\/tr>\n<tr>\n<td width=\"146\"><strong><b>M<\/b><\/strong><strong><b>OQ:<\/b><\/strong><\/td>\n<td width=\"601\">200 unidades<\/td>\n<\/tr>\n<\/tbody>\n<\/table>","protected":false},"featured_media":2009,"template":"","meta":[],"product_brand":[],"product_cat":[39],"product_tag":[],"class_list":{"0":"post-2008","1":"product","2":"type-product","3":"status-publish","4":"has-post-thumbnail","6":"product_cat-womens-clothing","8":"first","9":"instock","10":"shipping-taxable","11":"product-type-simple"},"_links":{"self":[{"href":"https:\/\/mj-clothing.com\/es\/wp-json\/wp\/v2\/product\/2008","targetHints":{"allow":["GET"]}}],"collection":[{"href":"https:\/\/mj-clothing.com\/es\/wp-json\/wp\/v2\/product"}],"about":[{"href":"https:\/\/mj-clothing.com\/es\/wp-json\/wp\/v2\/types\/product"}],"wp:featuredmedia":[{"embeddable":true,"href":"https:\/\/mj-clothing.com\/es\/wp-json\/wp\/v2\/media\/2009"}],"wp:attachment":[{"href":"https:\/\/mj-clothing.com\/es\/wp-json\/wp\/v2\/media?parent=2008"}],"wp:term":[{"taxonomy":"product_brand","embeddable":true,"href":"https:\/\/mj-clothing.com\/es\/wp-json\/wp\/v2\/product_brand?post=2008"},{"taxonomy":"product_cat","embeddable":true,"href":"https:\/\/mj-clothing.com\/es\/wp-json\/wp\/v2\/product_cat?post=2008"},{"taxonomy":"product_tag","embeddable":true,"href":"https:\/\/mj-clothing.com\/es\/wp-json\/wp\/v2\/product_tag?post=2008"}],"curies":[{"name":"wp","href":"https:\/\/api.w.org\/{rel}","templated":true}]}}