{"id":2010,"date":"2024-12-17T08:55:56","date_gmt":"2024-12-17T08:55:56","guid":{"rendered":"https:\/\/mj-clothing.com\/?post_type=product&#038;p=2010"},"modified":"2024-12-17T08:55:56","modified_gmt":"2024-12-17T08:55:56","slug":"black-long-wool-coat-womens","status":"publish","type":"product","link":"https:\/\/mj-clothing.com\/es\/manufacturer\/black-long-wool-coat-womens\/","title":{"rendered":"Abrigo largo de lana negro Mujer"},"content":{"rendered":"<p data-sourcepos=\"1:1-1:191\">El abrigo largo de lana negro para mujer es un verdadero b\u00e1sico de armario para cualquier mujer. Es una prenda cl\u00e1sica que combina funcionalidad, calidez y un estilo atemporal. Aqu\u00ed tienes un desglose de lo que los hace tan geniales:<\/p>\n<h3 data-sourcepos=\"3:1-3:13\"><strong>\u00bfPor qu\u00e9 abrigo largo negro de lana para mujer?<\/strong><\/h3>\n<ul data-sourcepos=\"5:1-9:0\">\n<li data-sourcepos=\"5:1-5:116\"><strong><span class=\"citation-0 recitation\">Calor:<\/span><\/strong><span class=\"citation-0 recitation citation-end-0\"> La lana es un aislante natural que proporciona un calor excelente incluso a temperaturas muy bajas.<\/span><span class=\"button-container hide-from-message-actions ng-star-inserted\"> \u00a0<\/span>\n<div class=\"container ng-tns-c2960411664-110 hide\">\n<div class=\"carousel-container ng-tns-c2960411664-110\"><\/div>\n<\/div>\n<\/li>\n<li data-sourcepos=\"6:1-6:114\"><strong><span class=\"citation-1 recitation\">Durabilidad:<\/span><\/strong><span class=\"citation-1 recitation citation-end-1\"> Las fibras de lana son fuertes y resistentes, por lo que los abrigos de lana son duraderos y resistentes.<\/span><span class=\"button-container hide-from-message-actions ng-star-inserted\"> \u00a0<\/span>\n<div class=\"container ng-tns-c2960411664-111 hide\">\n<div class=\"carousel-container ng-tns-c2960411664-111\"><\/div>\n<\/div>\n<\/li>\n<li data-sourcepos=\"7:1-7:130\"><strong><span class=\"citation-2 recitation\">Resistencia al agua:<\/span><\/strong><span class=\"citation-2 recitation citation-end-2\"> La lana tiene propiedades hidr\u00f3fugas naturales que ayudan a mantenerte seco bajo la lluvia ligera o la nieve.<\/span><span class=\"button-container hide-from-message-actions ng-star-inserted\"> \u00a0<\/span>\n<div class=\"container ng-tns-c2960411664-112 hide\">\n<div class=\"carousel-container ng-tns-c2960411664-112\"><\/div>\n<\/div>\n<\/li>\n<li data-sourcepos=\"8:1-9:0\"><strong><span class=\"citation-3 recitation\">Transpirabilidad:<\/span><\/strong><span class=\"citation-3 recitation citation-end-3\"> La lana es transpirable, lo que ayuda a regular la temperatura corporal y evitar el sobrecalentamiento.<\/span><span class=\"button-container hide-from-message-actions ng-star-inserted\">\u00a0 \u00a0<\/span>\n<div class=\"container ng-tns-c2960411664-113 hide\">\n<div class=\"carousel-container ng-tns-c2960411664-113\"><\/div>\n<\/div>\n<\/li>\n<\/ul>\n<h3 data-sourcepos=\"10:1-10:43\"><strong>Caracter\u00edsticas principales de aBlack Long Wool Coat Women's:<\/strong><\/h3>\n<ul data-sourcepos=\"12:1-23:0\">\n<li data-sourcepos=\"12:1-12:137\"><strong>Longitud:<\/strong> Suele caer por debajo de la rodilla, ofreciendo la m\u00e1xima cobertura y calidez. Esta longitud tambi\u00e9n es muy favorecedora y alargadora.<\/li>\n<li data-sourcepos=\"13:1-13:125\"><strong>Color:<\/strong> El negro es incre\u00edblemente vers\u00e1til y combina con todo. Es una elecci\u00f3n cl\u00e1sica que nunca pasar\u00e1 de moda.<\/li>\n<li data-sourcepos=\"14:1-18:62\"><strong>Estilos cl\u00e1sicos:<\/strong> Los estilos m\u00e1s comunes son:\n<ul data-sourcepos=\"15:5-18:62\">\n<li data-sourcepos=\"15:5-15:89\"><strong>Un solo pecho:<\/strong> Un estilo atemporal y vers\u00e1til con una sola fila de botones.<\/li>\n<li data-sourcepos=\"16:5-16:102\"><strong>Doble botonadura:<\/strong> <span class=\"citation-4 recitation citation-end-4\">Un estilo m\u00e1s formal y estructurado con dos filas de botones.<\/span><span class=\"button-container hide-from-message-actions ng-star-inserted\">\u00a0<\/span>\n<div class=\"container ng-tns-c2960411664-114 hide\">\n<div class=\"carousel-container ng-tns-c2960411664-114\"><\/div>\n<\/div>\n<\/li>\n<li data-sourcepos=\"17:5-17:93\"><strong><span class=\"citation-5 recitation\">Abrigo:<\/span><\/strong><span class=\"citation-5 recitation citation-end-5\"> Un estilo relajado y elegante que puede atarse con un cintur\u00f3n.<\/span><span class=\"button-container hide-from-message-actions ng-star-inserted\"> \u00a0<\/span>\n<div class=\"container ng-tns-c2960411664-115 hide\">\n<div class=\"carousel-container ng-tns-c2960411664-115\"><\/div>\n<\/div>\n<\/li>\n<li data-sourcepos=\"18:5-18:62\"><strong>Chesterfield:<\/strong> Un estilo formal con cuello de terciopelo.<\/li>\n<\/ul>\n<\/li>\n<li data-sourcepos=\"19:1-23:0\"><strong>Opciones de collar:<\/strong>\n<ul data-sourcepos=\"20:5-23:0\">\n<li data-sourcepos=\"20:5-20:69\"><strong><span class=\"citation-6 recitation\">Solapa con muesca:<\/span><\/strong><span class=\"citation-6 recitation citation-end-6\"> Un cuello cl\u00e1sico y vers\u00e1til.<\/span><span class=\"button-container hide-from-message-actions ng-star-inserted\"> \u00a0<\/span>\n<div class=\"container ng-tns-c2960411664-116 hide\">\n<div class=\"carousel-container ng-tns-c2960411664-116\"><\/div>\n<\/div>\n<\/li>\n<li data-sourcepos=\"21:5-21:71\"><strong><span class=\"citation-7 recitation\">Solapa de pico:<\/span><\/strong><span class=\"citation-7 recitation citation-end-7\"> Un cuello m\u00e1s formal y dram\u00e1tico.<\/span><span class=\"button-container hide-from-message-actions ng-star-inserted\"> \u00a0<\/span>\n<div class=\"container ng-tns-c2960411664-117 hide\">\n<div class=\"carousel-container ng-tns-c2960411664-117\"><\/div>\n<\/div>\n<\/li>\n<li data-sourcepos=\"22:5-23:0\"><strong>Cuello alto:<\/strong> Proporciona calor adicional alrededor del cuello.<\/li>\n<\/ul>\n<\/li>\n<\/ul>\n<h3 data-sourcepos=\"24:1-24:58\"><strong>Aspectos a tener en cuenta al comprar un abrigo largo de lana negro para mujer:<\/strong><\/h3>\n<ul data-sourcepos=\"26:1-31:0\">\n<li data-sourcepos=\"26:1-26:101\"><strong>Calidad de la lana:<\/strong> Busca abrigos de lana de alta calidad, como la lana merina o la lana virgen.<\/li>\n<li data-sourcepos=\"27:1-27:75\"><strong>Forro:<\/strong> Un buen forro aumentar\u00e1 la calidez y la durabilidad del abrigo.<\/li>\n<li data-sourcepos=\"28:1-28:99\"><strong>En forma:<\/strong> Aseg\u00farate de que el abrigo se ajusta bien a los hombros y permite una c\u00f3moda superposici\u00f3n de capas.<\/li>\n<li data-sourcepos=\"29:1-29:72\"><strong>Detalles:<\/strong> Ten en cuenta detalles como bolsillos, botones y trabillas.<\/li>\n<li data-sourcepos=\"30:1-31:0\"><strong><span class=\"citation-8 recitation\">Precio:<\/span><\/strong><span class=\"citation-8 recitation citation-end-8\"> Un abrigo de lana de buena calidad es una inversi\u00f3n, pero durar\u00e1 muchos a\u00f1os.<\/span><span class=\"button-container hide-from-message-actions ng-star-inserted\">\u00a0 \u00a0<\/span>\n<div class=\"container ng-tns-c2960411664-118 hide\">\n<div class=\"carousel-container ng-tns-c2960411664-118\"><\/div>\n<\/div>\n<\/li>\n<\/ul>\n<h3 data-sourcepos=\"32:1-32:40\"><strong>C\u00f3mo llevar un abrigo largo de lana negro:<\/strong><\/h3>\n<ul data-sourcepos=\"34:1-37:0\">\n<li data-sourcepos=\"34:1-34:85\"><strong>Casual:<\/strong> Comb\u00ednalo con vaqueros, un jersey y botas para un look cl\u00e1sico de diario.<\/li>\n<li data-sourcepos=\"35:1-35:95\"><strong>Business Casual:<\/strong> P\u00f3ntelo sobre una blusa y un pantal\u00f3n o una falda para un look profesional.<\/li>\n<li data-sourcepos=\"36:1-37:0\"><strong>Elegante:<\/strong> P\u00f3ntelo sobre un vestido o una prenda de noche para un look sofisticado.<\/li>\n<\/ul>\n<p data-sourcepos=\"38:1-38:217\"><span class=\"citation-9 recitation citation-end-9\">Un abrigo largo negro de lana es una prenda vers\u00e1til y esencial que te mantendr\u00e1 abrigada y elegante durante toda la temporada invernal.<\/span> Es una inversi\u00f3n que merece la pena y que podr\u00e1s llevar durante muchos a\u00f1os.<span class=\"button-container hide-from-message-actions ng-star-inserted\"> \u00a0 <\/span><\/p>","protected":false},"excerpt":{"rendered":"<table style=\"height: 647px;\" width=\"508\">\n<tbody>\n<tr>\n<td width=\"146\"><strong><b>Producto<\/b><\/strong>\u00a0<strong><b>Nombre:<\/b><\/strong><\/td>\n<td width=\"601\"><strong>Abrigo largo de lana negro Mujer<\/strong><\/td>\n<\/tr>\n<tr>\n<td width=\"146\"><strong><b>Materlal:<\/b><\/strong><\/td>\n<td width=\"601\">Punto<\/td>\n<\/tr>\n<tr>\n<td width=\"146\"><strong><b>T\u00e9cnica:<\/b><\/strong><\/td>\n<td width=\"601\">Bordado<\/td>\n<\/tr>\n<tr>\n<td width=\"146\"><strong><b>Estilo:<\/b><\/strong><\/td>\n<td width=\"601\">Casual<\/td>\n<\/tr>\n<tr>\n<td width=\"146\"><strong><b>Color<\/b><\/strong><strong><b>:<\/b><\/strong><\/td>\n<td width=\"601\">\u00a0Colores personalizados<\/td>\n<\/tr>\n<tr>\n<td width=\"146\"><strong><b>Tama\u00f1o:<\/b><\/strong><\/td>\n<td width=\"601\">S \/M \/L \/XL \/2XL<\/td>\n<\/tr>\n<tr>\n<td width=\"146\"><strong><b>OEM\/ODM:<\/b><\/strong><\/td>\n<td width=\"601\">Aceptable<\/td>\n<\/tr>\n<tr>\n<td width=\"146\"><strong><b>Calidad:<\/b><\/strong><\/td>\n<td width=\"601\">100% Alta calidad<\/td>\n<\/tr>\n<tr>\n<td width=\"146\"><strong><b>M<\/b><\/strong><strong><b>OQ:<\/b><\/strong><\/td>\n<td width=\"601\">200 unidades<\/td>\n<\/tr>\n<\/tbody>\n<\/table>","protected":false},"featured_media":2011,"template":"","meta":[],"product_brand":[],"product_cat":[39],"product_tag":[],"class_list":{"0":"post-2010","1":"product","2":"type-product","3":"status-publish","4":"has-post-thumbnail","6":"product_cat-womens-clothing","8":"first","9":"instock","10":"shipping-taxable","11":"product-type-simple"},"_links":{"self":[{"href":"https:\/\/mj-clothing.com\/es\/wp-json\/wp\/v2\/product\/2010","targetHints":{"allow":["GET"]}}],"collection":[{"href":"https:\/\/mj-clothing.com\/es\/wp-json\/wp\/v2\/product"}],"about":[{"href":"https:\/\/mj-clothing.com\/es\/wp-json\/wp\/v2\/types\/product"}],"wp:featuredmedia":[{"embeddable":true,"href":"https:\/\/mj-clothing.com\/es\/wp-json\/wp\/v2\/media\/2011"}],"wp:attachment":[{"href":"https:\/\/mj-clothing.com\/es\/wp-json\/wp\/v2\/media?parent=2010"}],"wp:term":[{"taxonomy":"product_brand","embeddable":true,"href":"https:\/\/mj-clothing.com\/es\/wp-json\/wp\/v2\/product_brand?post=2010"},{"taxonomy":"product_cat","embeddable":true,"href":"https:\/\/mj-clothing.com\/es\/wp-json\/wp\/v2\/product_cat?post=2010"},{"taxonomy":"product_tag","embeddable":true,"href":"https:\/\/mj-clothing.com\/es\/wp-json\/wp\/v2\/product_tag?post=2010"}],"curies":[{"name":"wp","href":"https:\/\/api.w.org\/{rel}","templated":true}]}}