{"id":2013,"date":"2024-12-17T09:06:12","date_gmt":"2024-12-17T09:06:12","guid":{"rendered":"https:\/\/mj-clothing.com\/?post_type=product&#038;p=2013"},"modified":"2024-12-17T09:06:12","modified_gmt":"2024-12-17T09:06:12","slug":"womens-petite-long-wool-coat","status":"publish","type":"product","link":"https:\/\/mj-clothing.com\/es\/manufacturer\/womens-petite-long-wool-coat\/","title":{"rendered":"Abrigo largo de lana para mujer Petite"},"content":{"rendered":"<p data-sourcepos=\"1:1-1:249\">Un abrigo largo de lana para mujer petite es una opci\u00f3n fant\u00e1stica para estar abrigada y elegante durante los meses m\u00e1s fr\u00edos, sobre todo si tienes un cuerpo peque\u00f1o. La clave est\u00e1 en encontrar un abrigo que te quede bien y favorezca tus proporciones. Esto es lo que debes tener en cuenta:<\/p>\n<h3 data-sourcepos=\"3:1-3:31\"><strong>\u00bfEn qu\u00e9 consiste un abrigo largo de lana para mujer Petite?<\/strong><\/h3>\n<p data-sourcepos=\"5:1-5:125\"><span class=\"citation-0 recitation citation-end-0\">La ropa petite est\u00e1 pensada para mujeres de 1,70 m o menos.<\/span> Las diferencias clave en los abrigos petite son:<span class=\"button-container hide-from-message-actions ng-star-inserted\">\u00a0 \u00a0<\/span><\/p>\n<ul data-sourcepos=\"7:1-11:0\">\n<li data-sourcepos=\"7:1-7:105\"><strong>Longitudes m\u00e1s cortas:<\/strong> La longitud total del abrigo es m\u00e1s corta para no abrumar a una complexi\u00f3n m\u00e1s peque\u00f1a.<\/li>\n<li data-sourcepos=\"8:1-8:104\"><strong>Mangas m\u00e1s cortas:<\/strong> Las mangas est\u00e1n dise\u00f1adas para llegar a la mu\u00f1eca, eliminando la necesidad de arreglos.<\/li>\n<li data-sourcepos=\"9:1-9:82\"><strong>Sisas m\u00e1s altas:<\/strong> Esto evita que el exceso de tela se amontone bajo los brazos.<\/li>\n<li data-sourcepos=\"10:1-11:0\"><strong><span class=\"citation-1 recitation\">Hombros m\u00e1s estrechos:<\/span><\/strong><span class=\"citation-1 recitation citation-end-1\"> Las costuras de los hombros son m\u00e1s estrechas para adaptarse correctamente a una complexi\u00f3n m\u00e1s peque\u00f1a.<\/span><span class=\"button-container hide-from-message-actions ng-star-inserted\"> \u00a0<\/span>\n<div class=\"container ng-tns-c2960411664-127 hide\">\n<div class=\"carousel-container ng-tns-c2960411664-127\"><\/div>\n<\/div>\n<\/li>\n<\/ul>\n<h3 data-sourcepos=\"12:1-12:56\"><strong>\u00bfPor qu\u00e9 elegir un abrigo largo de lana para mujer Petite (aunque seas menuda)?<\/strong><\/h3>\n<ul data-sourcepos=\"14:1-17:0\">\n<li data-sourcepos=\"14:1-14:111\"><strong><span class=\"citation-2 recitation\">Calor:<\/span><\/strong><span class=\"citation-2 recitation citation-end-2\"> Un abrigo largo de lana proporciona una cobertura y una calidez excelentes, perfectas para el fr\u00edo.<\/span><span class=\"button-container hide-from-message-actions ng-star-inserted\"> \u00a0<\/span>\n<div class=\"container ng-tns-c2960411664-128 hide\">\n<div class=\"carousel-container ng-tns-c2960411664-128\"><\/div>\n<\/div>\n<\/li>\n<li data-sourcepos=\"15:1-15:97\"><strong>Elegancia:<\/strong> La silueta larga puede resultar muy elegante y favorecedora, incluso en figuras menudas.<\/li>\n<li data-sourcepos=\"16:1-17:0\"><strong>Versatilidad:<\/strong> <span class=\"citation-3 recitation citation-end-3\">Un abrigo largo de lana cl\u00e1sico puede vestirse de forma elegante o informal, lo que lo convierte en un complemento vers\u00e1til para tu armario.<\/span>\n<div class=\"container ng-tns-c2960411664-129 hide\">\n<div class=\"carousel-container ng-tns-c2960411664-129\"><\/div>\n<\/div>\n<\/li>\n<\/ul>\n<h3 data-sourcepos=\"18:1-18:56\"><strong>Caracter\u00edsticas clave que debe buscar en un abrigo largo de lana para mujer Petite:<\/strong><\/h3>\n<ul data-sourcepos=\"20:1-25:0\">\n<li data-sourcepos=\"20:1-20:144\"><strong>Longitud:<\/strong> Lo ideal es que el abrigo llegue a la rodilla o ligeramente por debajo. Evita los abrigos demasiado largos, ya que pueden sobrecargar tu figura.<\/li>\n<li data-sourcepos=\"21:1-21:140\"><strong>En forma:<\/strong> Preste mucha atenci\u00f3n al ajuste en los hombros y el pecho. El abrigo debe quedar c\u00f3modo, sin apretar ni holgar demasiado.<\/li>\n<li data-sourcepos=\"22:1-22:108\"><strong>Mangas:<\/strong> Las mangas deben llegar a la mu\u00f1eca. Si son demasiado largas, pueden hacerte parecer m\u00e1s bajita.<\/li>\n<li data-sourcepos=\"23:1-23:146\"><strong>Estilo:<\/strong> Piensa en los estilos cl\u00e1sicos, como los abrigos de botonadura sencilla, los de botonadura doble o los abrigos cruzados. Estos estilos suelen favorecer a las figuras menudas.<\/li>\n<li data-sourcepos=\"24:1-25:0\"><strong>Color:<\/strong> El negro, el azul marino y el gris son opciones cl\u00e1sicas y vers\u00e1tiles. Sin embargo, tambi\u00e9n puedes considerar otros colores que complementen tu tono de piel.<\/li>\n<\/ul>\n<h3 data-sourcepos=\"26:1-26:45\"><strong>Consejos para el abrigo largo de lana Petite para mujer:<\/strong><\/h3>\n<ul data-sourcepos=\"28:1-32:0\">\n<li data-sourcepos=\"28:1-28:124\"><strong>Evita los estilos demasiado grandes:<\/strong> Los abrigos demasiado grandes pueden abrumar a una figura menuda. Elige un abrigo m\u00e1s entallado o a medida.<\/li>\n<li data-sourcepos=\"29:1-29:127\"><strong>Presta atenci\u00f3n a los detalles:<\/strong> Detalles como cinturones, botones y cuellos pueden ayudar a crear una silueta m\u00e1s favorecedora.<\/li>\n<li data-sourcepos=\"30:1-30:117\"><strong>Lleva tacones o botas con tac\u00f3n:<\/strong> Esto puede ayudar a alargar las piernas y equilibrar las proporciones del pelaje.<\/li>\n<li data-sourcepos=\"31:1-32:0\"><strong>Ten en cuenta el tejido:<\/strong> Elige una lana ligera o de peso medio para evitar a\u00f1adir volumen.<\/li>\n<\/ul>\n<h3 data-sourcepos=\"33:1-33:41\"><strong>D\u00f3nde encontrar abrigo largo de lana para mujer Petite:<\/strong><\/h3>\n<ul data-sourcepos=\"35:1-38:0\">\n<li data-sourcepos=\"35:1-35:124\"><strong><span class=\"citation-4 recitation\">Grandes almacenes:<\/span><\/strong><span class=\"citation-4 recitation citation-end-4\"> Muchos grandes almacenes tienen secciones dedicadas a las petites con una gran variedad de estilos de abrigos.<\/span><span class=\"button-container hide-from-message-actions ng-star-inserted\"> \u00a0<\/span>\n<div class=\"container ng-tns-c2960411664-130 hide\">\n<div class=\"carousel-container ng-tns-c2960411664-130\"><\/div>\n<\/div>\n<\/li>\n<li data-sourcepos=\"36:1-36:124\"><strong>Minoristas especializados:<\/strong> <span class=\"citation-5 recitation citation-end-5\">Algunos minoristas se especializan en ropa petite y ofrecen una selecci\u00f3n m\u00e1s amplia de abrigos.<\/span><span class=\"button-container hide-from-message-actions ng-star-inserted\">\u00a0 \u00a0<\/span>\n<div class=\"container ng-tns-c2960411664-131 hide\">\n<div class=\"carousel-container ng-tns-c2960411664-131\"><\/div>\n<\/div>\n<\/li>\n<li data-sourcepos=\"37:1-38:0\"><strong><span class=\"citation-6 recitation\">Minoristas en l\u00ednea:<\/span><\/strong><span class=\"citation-6 recitation citation-end-6\"> Los minoristas en l\u00ednea ofrecen una amplia selecci\u00f3n de abrigos petite de varios estilos y precios.<\/span><span class=\"button-container hide-from-message-actions ng-star-inserted\">\u00a0<\/span>\n<div class=\"container ng-tns-c2960411664-132 hide\">\n<div class=\"carousel-container ng-tns-c2960411664-132\"><\/div>\n<\/div>\n<\/li>\n<\/ul>\n<p data-sourcepos=\"39:1-39:150\">Si tienes en cuenta estos consejos, podr\u00e1s encontrar el abrigo de lana largo petite perfecto que te mantendr\u00e1 abrigada, elegante y segura de ti misma durante todo el invierno.<\/p>","protected":false},"excerpt":{"rendered":"<table style=\"height: 521px;\" width=\"496\">\n<tbody>\n<tr>\n<td width=\"146\"><strong><b>Producto<\/b><\/strong>\u00a0<strong><b>Nombre:<\/b><\/strong><\/td>\n<td width=\"601\"><strong>Abrigo largo de lana para mujer Petite<\/strong><\/td>\n<\/tr>\n<tr>\n<td width=\"146\"><strong><b>Materlal:<\/b><\/strong><\/td>\n<td width=\"601\">Punto<\/td>\n<\/tr>\n<tr>\n<td width=\"146\"><strong><b>T\u00e9cnica:<\/b><\/strong><\/td>\n<td width=\"601\">Bordado<\/td>\n<\/tr>\n<tr>\n<td width=\"146\"><strong><b>Estilo:<\/b><\/strong><\/td>\n<td width=\"601\">Casual<\/td>\n<\/tr>\n<tr>\n<td width=\"146\"><strong><b>Color<\/b><\/strong><strong><b>:<\/b><\/strong><\/td>\n<td width=\"601\">\u00a0Colores personalizados<\/td>\n<\/tr>\n<tr>\n<td width=\"146\"><strong><b>Tama\u00f1o:<\/b><\/strong><\/td>\n<td width=\"601\">S \/M \/L \/XL \/2XL<\/td>\n<\/tr>\n<tr>\n<td width=\"146\"><strong><b>OEM\/ODM:<\/b><\/strong><\/td>\n<td width=\"601\">Aceptable<\/td>\n<\/tr>\n<tr>\n<td width=\"146\"><strong><b>Calidad:<\/b><\/strong><\/td>\n<td width=\"601\">100% Alta calidad<\/td>\n<\/tr>\n<tr>\n<td width=\"146\"><strong><b>M<\/b><\/strong><strong><b>OQ:<\/b><\/strong><\/td>\n<td width=\"601\">200 unidades<\/td>\n<\/tr>\n<\/tbody>\n<\/table>","protected":false},"featured_media":2014,"template":"","meta":[],"product_brand":[],"product_cat":[39],"product_tag":[],"class_list":{"0":"post-2013","1":"product","2":"type-product","3":"status-publish","4":"has-post-thumbnail","6":"product_cat-womens-clothing","8":"first","9":"instock","10":"shipping-taxable","11":"product-type-simple"},"_links":{"self":[{"href":"https:\/\/mj-clothing.com\/es\/wp-json\/wp\/v2\/product\/2013","targetHints":{"allow":["GET"]}}],"collection":[{"href":"https:\/\/mj-clothing.com\/es\/wp-json\/wp\/v2\/product"}],"about":[{"href":"https:\/\/mj-clothing.com\/es\/wp-json\/wp\/v2\/types\/product"}],"wp:featuredmedia":[{"embeddable":true,"href":"https:\/\/mj-clothing.com\/es\/wp-json\/wp\/v2\/media\/2014"}],"wp:attachment":[{"href":"https:\/\/mj-clothing.com\/es\/wp-json\/wp\/v2\/media?parent=2013"}],"wp:term":[{"taxonomy":"product_brand","embeddable":true,"href":"https:\/\/mj-clothing.com\/es\/wp-json\/wp\/v2\/product_brand?post=2013"},{"taxonomy":"product_cat","embeddable":true,"href":"https:\/\/mj-clothing.com\/es\/wp-json\/wp\/v2\/product_cat?post=2013"},{"taxonomy":"product_tag","embeddable":true,"href":"https:\/\/mj-clothing.com\/es\/wp-json\/wp\/v2\/product_tag?post=2013"}],"curies":[{"name":"wp","href":"https:\/\/api.w.org\/{rel}","templated":true}]}}