{"id":2015,"date":"2024-12-17T09:10:45","date_gmt":"2024-12-17T09:10:45","guid":{"rendered":"https:\/\/mj-clothing.com\/?post_type=product&#038;p=2015"},"modified":"2024-12-17T09:10:45","modified_gmt":"2024-12-17T09:10:45","slug":"womens-petite-long-coats","status":"publish","type":"product","link":"https:\/\/mj-clothing.com\/es\/manufacturer\/womens-petite-long-coats\/","title":{"rendered":"Abrigos largos Petite de mujer"},"content":{"rendered":"<p data-sourcepos=\"1:1-1:144\">Est\u00e1s buscando el abrigo largo petite de mujer que te aporte calidez, estilo y ajuste en un abrigo de invierno. Aqu\u00ed tienes una gu\u00eda para encontrar el abrigo largo petite de mujer ideal:<\/p>\n<h3 data-sourcepos=\"3:1-3:39\"><strong>Por qu\u00e9 \"Petite\" es importante para los abrigos largos<\/strong><\/h3>\n<p data-sourcepos=\"5:1-5:132\">Los abrigos largos de tama\u00f1o est\u00e1ndar a menudo pueden abrumar a una complexi\u00f3n menuda (generalmente se considera que mide 1,70 m o menos). El tallaje petite soluciona este problema:<\/p>\n<ul data-sourcepos=\"7:1-11:0\">\n<li data-sourcepos=\"7:1-7:128\"><strong>Longitud acortada:<\/strong> La longitud total del abrigo es reducida para que no te abrume. Procura que te llegue por la rodilla o ligeramente por debajo.<\/li>\n<li data-sourcepos=\"8:1-8:112\"><strong>Mangas m\u00e1s cortas:<\/strong> Las mangas est\u00e1n proporcionadas para llegar a la mu\u00f1eca, evitando la necesidad de costosos arreglos.<\/li>\n<li data-sourcepos=\"9:1-9:107\"><strong>Sisas m\u00e1s altas:<\/strong> Esto evita que el exceso de tela se amontone bajo los brazos, creando una silueta m\u00e1s cuidada.<\/li>\n<li data-sourcepos=\"10:1-11:0\"><strong>Hombros m\u00e1s estrechos:<\/strong> Las costuras de los hombros se ajustan para adaptarse a una estructura m\u00e1s peque\u00f1a, evitando un aspecto ca\u00eddo o mal ajustado.<\/li>\n<\/ul>\n<h3 data-sourcepos=\"12:1-12:46\"><strong>Ventajas de los abrigos largos Petite de mujer (incluso para las Petites)<\/strong><\/h3>\n<ul data-sourcepos=\"14:1-17:0\">\n<li data-sourcepos=\"14:1-14:103\"><strong>Calor m\u00e1ximo:<\/strong> Los abrigos largos proporcionan una cobertura excelente, manteni\u00e9ndole abrigado en los climas m\u00e1s fr\u00edos.<\/li>\n<li data-sourcepos=\"15:1-15:106\"><strong>Silueta elegante:<\/strong> Un abrigo largo bien ajustado puede ser incre\u00edblemente favorecedor, alargando tu figura.<\/li>\n<li data-sourcepos=\"16:1-17:0\"><strong>Versatilidad:<\/strong> P\u00f3ntelo con tacones y un vestido o con vaqueros y botas: un abrigo largo se adapta a varios estilos.<\/li>\n<\/ul>\n<h3 data-sourcepos=\"18:1-18:30\"><strong>Caracter\u00edsticas principales de los abrigos largos Petite para mujer<\/strong><\/h3>\n<ul data-sourcepos=\"20:1-30:0\">\n<li data-sourcepos=\"20:1-20:156\"><strong>Longitud:<\/strong> Como ya hemos dicho, el largo debe llegar hasta la rodilla o ligeramente por debajo. Evita los abrigos hasta el suelo, a no ser que quieras un look espectacular y a la \u00faltima.<\/li>\n<li data-sourcepos=\"21:1-21:174\"><strong>En forma:<\/strong> Esto es fundamental. Presta atenci\u00f3n al ajuste de los hombros (las costuras deben quedar en el borde de los hombros) y del pecho (debe cerrar c\u00f3modamente sin tirar).<\/li>\n<li data-sourcepos=\"22:1-22:52\"><strong>Mangas:<\/strong> Deben terminar en el hueso de la mu\u00f1eca.<\/li>\n<li data-sourcepos=\"23:1-27:84\"><strong>Estilo:<\/strong>\n<ul data-sourcepos=\"24:5-27:84\">\n<li data-sourcepos=\"24:5-24:87\"><strong>Un solo pecho:<\/strong> Cl\u00e1sico y vers\u00e1til, a menudo con una sola fila de botones.<\/li>\n<li data-sourcepos=\"25:5-25:142\"><strong>Doble botonadura:<\/strong> M\u00e1s estructurado y formal, con dos filas de botones. Puede ser m\u00e1s complicado para las petites, as\u00ed que presta m\u00e1s atenci\u00f3n al ajuste.<\/li>\n<li data-sourcepos=\"26:5-26:78\"><strong>Abrigo:<\/strong> Crea una cintura definida y un ajuste regulable con cintur\u00f3n.<\/li>\n<li data-sourcepos=\"27:5-27:84\"><strong>L\u00ednea A:<\/strong> Ligeramente acampanado en el dobladillo, equilibra hombros o caderas m\u00e1s anchos.<\/li>\n<\/ul>\n<\/li>\n<li data-sourcepos=\"28:1-28:112\"><strong>Tejido:<\/strong> La lana es una opci\u00f3n cl\u00e1sica para el calor, pero considere las mezclas para un peso m\u00e1s ligero o una mayor durabilidad.<\/li>\n<li data-sourcepos=\"29:1-30:0\"><strong>Color:<\/strong> El negro, el azul marino y el gris son intemporales. Considera el camel, el burdeos o el verde bosque para dar un toque de color.<\/li>\n<\/ul>\n<h3 data-sourcepos=\"31:1-31:28\"><strong>Consejos de estilismo para petites<\/strong><\/h3>\n<ul data-sourcepos=\"33:1-37:0\">\n<li data-sourcepos=\"33:1-33:86\"><strong>Evite el sobredimensionamiento:<\/strong> Puede ahogar tu figura. Opta por un estilo entallado o a medida.<\/li>\n<li data-sourcepos=\"34:1-34:78\"><strong>Los cinturones son tus amigos:<\/strong> Define tu cintura para evitar parecer sin forma.<\/li>\n<li data-sourcepos=\"35:1-35:94\"><strong>Tacones o botas de tac\u00f3n:<\/strong> A\u00f1ade altura y alarga las piernas para equilibrar la longitud del abrigo.<\/li>\n<li data-sourcepos=\"36:1-37:0\"><strong>Hazlo sencillo:<\/strong> Evite el volumen excesivo o los adornos que puedan sobrecargar su marco.<\/li>\n<\/ul>","protected":false},"excerpt":{"rendered":"<table style=\"height: 612px;\" width=\"488\">\n<tbody>\n<tr>\n<td width=\"146\"><strong><b>Producto<\/b><\/strong>\u00a0<strong><b>Nombre:<\/b><\/strong><\/td>\n<td width=\"601\"><strong>Abrigos largos Petite de mujer<\/strong><\/td>\n<\/tr>\n<tr>\n<td width=\"146\"><strong><b>Materlal:<\/b><\/strong><\/td>\n<td width=\"601\">Punto<\/td>\n<\/tr>\n<tr>\n<td width=\"146\"><strong><b>T\u00e9cnica:<\/b><\/strong><\/td>\n<td width=\"601\">Bordado<\/td>\n<\/tr>\n<tr>\n<td width=\"146\"><strong><b>Estilo:<\/b><\/strong><\/td>\n<td width=\"601\">Casual<\/td>\n<\/tr>\n<tr>\n<td width=\"146\"><strong><b>Color<\/b><\/strong><strong><b>:<\/b><\/strong><\/td>\n<td width=\"601\">\u00a0Colores personalizados<\/td>\n<\/tr>\n<tr>\n<td width=\"146\"><strong><b>Tama\u00f1o:<\/b><\/strong><\/td>\n<td width=\"601\">S \/M \/L \/XL \/2XL<\/td>\n<\/tr>\n<tr>\n<td width=\"146\"><strong><b>OEM\/ODM:<\/b><\/strong><\/td>\n<td width=\"601\">Aceptable<\/td>\n<\/tr>\n<tr>\n<td width=\"146\"><strong><b>Calidad:<\/b><\/strong><\/td>\n<td width=\"601\">100% Alta calidad<\/td>\n<\/tr>\n<tr>\n<td width=\"146\"><strong><b>M<\/b><\/strong><strong><b>OQ:<\/b><\/strong><\/td>\n<td width=\"601\">200 unidades<\/td>\n<\/tr>\n<\/tbody>\n<\/table>","protected":false},"featured_media":2017,"template":"","meta":[],"product_brand":[],"product_cat":[39],"product_tag":[],"class_list":{"0":"post-2015","1":"product","2":"type-product","3":"status-publish","4":"has-post-thumbnail","6":"product_cat-womens-clothing","8":"first","9":"instock","10":"shipping-taxable","11":"product-type-simple"},"_links":{"self":[{"href":"https:\/\/mj-clothing.com\/es\/wp-json\/wp\/v2\/product\/2015","targetHints":{"allow":["GET"]}}],"collection":[{"href":"https:\/\/mj-clothing.com\/es\/wp-json\/wp\/v2\/product"}],"about":[{"href":"https:\/\/mj-clothing.com\/es\/wp-json\/wp\/v2\/types\/product"}],"wp:featuredmedia":[{"embeddable":true,"href":"https:\/\/mj-clothing.com\/es\/wp-json\/wp\/v2\/media\/2017"}],"wp:attachment":[{"href":"https:\/\/mj-clothing.com\/es\/wp-json\/wp\/v2\/media?parent=2015"}],"wp:term":[{"taxonomy":"product_brand","embeddable":true,"href":"https:\/\/mj-clothing.com\/es\/wp-json\/wp\/v2\/product_brand?post=2015"},{"taxonomy":"product_cat","embeddable":true,"href":"https:\/\/mj-clothing.com\/es\/wp-json\/wp\/v2\/product_cat?post=2015"},{"taxonomy":"product_tag","embeddable":true,"href":"https:\/\/mj-clothing.com\/es\/wp-json\/wp\/v2\/product_tag?post=2015"}],"curies":[{"name":"wp","href":"https:\/\/api.w.org\/{rel}","templated":true}]}}