{"id":2020,"date":"2024-12-17T09:14:47","date_gmt":"2024-12-17T09:14:47","guid":{"rendered":"https:\/\/mj-clothing.com\/?post_type=product&#038;p=2020"},"modified":"2024-12-19T03:40:02","modified_gmt":"2024-12-19T03:40:02","slug":"long-shearling-coat-womens","status":"publish","type":"product","link":"https:\/\/mj-clothing.com\/es\/manufacturer\/long-shearling-coat-womens\/","title":{"rendered":"Abrigo largo de piel de oveja para mujer"},"content":{"rendered":"<p data-sourcepos=\"1:1-1:209\">Un abrigo largo de piel de oveja para mujer es una prenda de abrigo lujosa e incre\u00edblemente c\u00e1lida. Es una prenda llamativa que combina funcionalidad con un estilo innegable. He aqu\u00ed un desglose de lo que los hace tan deseables:<\/p>\n<h3 data-sourcepos=\"3:1-3:22\"><strong>\u00bfQu\u00e9 es Long Shearling Coat Women's?<\/strong><\/h3>\n<p data-sourcepos=\"5:1-5:190\">El shearling se fabrica con piel de oveja o cordero curtida y procesada con la lana todav\u00eda adherida. Esto crea un interior suave y afelpado y un exterior de ante o cuero caracter\u00edstico.<\/p>\n<h3 data-sourcepos=\"5:1-5:190\"><strong>\u00bfPor qu\u00e9 elegir un abrigo largo de piel de oveja para mujer?<\/strong><\/h3>\n<ul data-sourcepos=\"9:1-13:0\">\n<li data-sourcepos=\"9:1-9:190\"><strong>Calidez excepcional:<\/strong> El shearling es uno de los materiales naturales m\u00e1s c\u00e1lidos que existen. Las densas fibras de lana atrapan el aire, proporcionando un excelente aislamiento incluso contra las temperaturas m\u00e1s fr\u00edas.<\/li>\n<li data-sourcepos=\"9:1-9:190\"><strong>Comodidad:<\/strong> El interior suave y afelpado de un abrigo de shearling resulta incre\u00edblemente c\u00f3modo sobre la piel.<\/li>\n<li data-sourcepos=\"11:1-11:98\"><strong>Durabilidad:<\/strong> El shearling es un material resistente que puede durar muchos a\u00f1os con los cuidados adecuados.<\/li>\n<li data-sourcepos=\"12:1-13:0\"><strong>Estilo:<\/strong> Un abrigo largo de piel de oveja es una pieza \u00fanica que a\u00f1ade un toque de lujo y sofisticaci\u00f3n a cualquier atuendo.<\/li>\n<\/ul>\n<h3 data-sourcepos=\"14:1-14:42\"><strong>Caracter\u00edsticas principales de un abrigo largo de piel de oveja para mujer:<\/strong><\/h3>\n<ul data-sourcepos=\"16:1-21:0\">\n<li data-sourcepos=\"16:1-16:86\"><strong>Longitud:<\/strong> Normalmente cae por debajo de la rodilla, proporcionando la m\u00e1xima cobertura y calidez.<\/li>\n<li data-sourcepos=\"17:1-17:66\"><strong>Exterior:<\/strong> Puede ser de ante, cuero o una combinaci\u00f3n de ambos.<\/li>\n<li data-sourcepos=\"18:1-18:46\"><strong>Interior:<\/strong> El forro de lana suave y afelpado.<\/li>\n<li data-sourcepos=\"19:1-19:100\"><strong>Cuello:<\/strong> Puede tener varios estilos de cuello, como cuello chal, cuello con muescas o capucha.<\/li>\n<li data-sourcepos=\"20:1-21:0\"><strong>Cierre:<\/strong> Puede tener botones, cremalleras o botones.<\/li>\n<\/ul>\n<h3 data-sourcepos=\"22:1-22:57\"><strong>Aspectos a tener en cuenta al comprar un abrigo largo de piel de oveja:<\/strong><\/h3>\n<ul data-sourcepos=\"24:1-28:0\">\n<li data-sourcepos=\"24:1-24:87\"><strong>Calidad:<\/strong> Busca abrigos confeccionados con shearling de alta calidad y lana densa y uniforme.<\/li>\n<li data-sourcepos=\"25:1-25:129\"><strong>Peso:<\/strong> Los abrigos de piel de oveja pueden ser pesados, as\u00ed que ten en cuenta el peso y lo c\u00f3modo que te resultar\u00e1 llevarlo durante mucho tiempo.<\/li>\n<li data-sourcepos=\"26:1-26:99\"><strong>En forma:<\/strong> Aseg\u00farate de que el abrigo se ajusta bien a los hombros y permite una c\u00f3moda superposici\u00f3n de capas.<\/li>\n<li data-sourcepos=\"27:1-28:0\"><strong>Precio:<\/strong> Los abrigos de piel de oveja son una inversi\u00f3n, as\u00ed que prep\u00e1rate para gastar una cantidad considerable.<\/li>\n<\/ul>\n<h3 data-sourcepos=\"29:1-29:39\"><strong>C\u00f3mo llevar un abrigo largo de piel de oveja:<\/strong><\/h3>\n<ul data-sourcepos=\"31:1-33:0\">\n<li data-sourcepos=\"31:1-31:94\"><strong>Casual:<\/strong> Comb\u00ednalo con unos vaqueros, un jersey y unas botas para un look de diario c\u00e1lido y elegante.<\/li>\n<li data-sourcepos=\"32:1-33:0\"><strong>Elegante:<\/strong> P\u00f3ntelo sobre un vestido o una prenda de noche para conseguir un look lujoso y sofisticado.<\/li>\n<\/ul>\n<h3 data-sourcepos=\"34:1-34:35\"><strong>Cuidados de un abrigo largo de piel de oveja:<\/strong><\/h3>\n<ul data-sourcepos=\"36:1-39:0\">\n<li data-sourcepos=\"36:1-36:115\"><strong>Limpieza profesional:<\/strong> Se recomienda que un especialista realice una limpieza profesional del abrigo.<\/li>\n<li data-sourcepos=\"36:1-36:115\"><strong>Limpieza de manchas:<\/strong> Puede limpiar las manchas peque\u00f1as con un pa\u00f1o h\u00famedo y detergente suave.<\/li>\n<li data-sourcepos=\"38:1-39:0\"><strong>Almacenamiento:<\/strong> Guarde su abrigo de piel de oveja en un lugar fresco y seco, alejado de la luz solar directa.<\/li>\n<\/ul>\n<p data-sourcepos=\"40:1-40:121\">Un abrigo largo de piel de oveja es una inversi\u00f3n lujosa y pr\u00e1ctica que le mantendr\u00e1 abrigado y elegante durante muchos a\u00f1os.<\/p>","protected":false},"excerpt":{"rendered":"<table style=\"height: 560px;\" width=\"542\">\n<tbody>\n<tr>\n<td width=\"146\"><strong><b>Producto<\/b><\/strong>\u00a0<strong><b>Nombre:<\/b><\/strong><\/td>\n<td width=\"601\"><strong>Abrigo largo de piel de oveja para mujer<\/strong><\/td>\n<\/tr>\n<tr>\n<td width=\"146\"><strong><b>Materlal:<\/b><\/strong><\/td>\n<td width=\"601\">Punto<\/td>\n<\/tr>\n<tr>\n<td width=\"146\"><strong><b>T\u00e9cnica:<\/b><\/strong><\/td>\n<td width=\"601\">Bordado<\/td>\n<\/tr>\n<tr>\n<td width=\"146\"><strong><b>Estilo:<\/b><\/strong><\/td>\n<td width=\"601\">Casual<\/td>\n<\/tr>\n<tr>\n<td width=\"146\"><strong><b>Color<\/b><\/strong><strong><b>:<\/b><\/strong><\/td>\n<td width=\"601\">\u00a0Colores personalizados<\/td>\n<\/tr>\n<tr>\n<td width=\"146\"><strong><b>Tama\u00f1o:<\/b><\/strong><\/td>\n<td width=\"601\">S \/M \/L \/XL \/2XL<\/td>\n<\/tr>\n<tr>\n<td width=\"146\"><strong><b>OEM\/ODM:<\/b><\/strong><\/td>\n<td width=\"601\">Aceptable<\/td>\n<\/tr>\n<tr>\n<td width=\"146\"><strong><b>Calidad:<\/b><\/strong><\/td>\n<td width=\"601\">100% Alta calidad<\/td>\n<\/tr>\n<tr>\n<td width=\"146\"><strong><b>M<\/b><\/strong><strong><b>OQ:<\/b><\/strong><\/td>\n<td width=\"601\">200 unidades<\/td>\n<\/tr>\n<\/tbody>\n<\/table>","protected":false},"featured_media":2026,"template":"","meta":[],"product_brand":[],"product_cat":[39],"product_tag":[],"class_list":{"0":"post-2020","1":"product","2":"type-product","3":"status-publish","4":"has-post-thumbnail","6":"product_cat-womens-clothing","8":"first","9":"instock","10":"shipping-taxable","11":"product-type-simple"},"_links":{"self":[{"href":"https:\/\/mj-clothing.com\/es\/wp-json\/wp\/v2\/product\/2020","targetHints":{"allow":["GET"]}}],"collection":[{"href":"https:\/\/mj-clothing.com\/es\/wp-json\/wp\/v2\/product"}],"about":[{"href":"https:\/\/mj-clothing.com\/es\/wp-json\/wp\/v2\/types\/product"}],"wp:featuredmedia":[{"embeddable":true,"href":"https:\/\/mj-clothing.com\/es\/wp-json\/wp\/v2\/media\/2026"}],"wp:attachment":[{"href":"https:\/\/mj-clothing.com\/es\/wp-json\/wp\/v2\/media?parent=2020"}],"wp:term":[{"taxonomy":"product_brand","embeddable":true,"href":"https:\/\/mj-clothing.com\/es\/wp-json\/wp\/v2\/product_brand?post=2020"},{"taxonomy":"product_cat","embeddable":true,"href":"https:\/\/mj-clothing.com\/es\/wp-json\/wp\/v2\/product_cat?post=2020"},{"taxonomy":"product_tag","embeddable":true,"href":"https:\/\/mj-clothing.com\/es\/wp-json\/wp\/v2\/product_tag?post=2020"}],"curies":[{"name":"wp","href":"https:\/\/api.w.org\/{rel}","templated":true}]}}