{"id":2032,"date":"2024-12-18T02:47:46","date_gmt":"2024-12-18T02:47:46","guid":{"rendered":"https:\/\/mj-clothing.com\/?post_type=product&#038;p=2032"},"modified":"2024-12-18T02:47:47","modified_gmt":"2024-12-18T02:47:47","slug":"womens-long-double-breasted-wool-coat","status":"publish","type":"product","link":"https:\/\/mj-clothing.com\/es\/manufacturer\/womens-long-double-breasted-wool-coat\/","title":{"rendered":"Abrigo largo de lana con doble botonadura para mujer"},"content":{"rendered":"<div id=\"model-response-message-contentr_64d87a431fd566f8\" class=\"markdown markdown-main-panel response-optimization\" dir=\"ltr\">\n<p data-sourcepos=\"1:1-1:372\"><span class=\"citation-0 recitation citation-end-0\">El abrigo largo de lana con doble botonadura para mujer es una prenda cl\u00e1sica y elegante perfecta para los meses m\u00e1s fr\u00edos.<\/span> <span class=\"citation-1 recitation citation-end-1\">Suele estar confeccionada con un tejido de lana c\u00e1lido y duradero, y se cierra con botones o cremallera.<\/span> Este tipo de abrigo suele ser m\u00e1s largo que una chaqueta tradicional, llegando por debajo de las caderas o incluso hasta las rodillas.<span class=\"button-container hide-from-message-actions ng-star-inserted\"> \u00a0<\/span><\/p>\n<div class=\"container ng-tns-c3353360079-19 hide\">\n<div class=\"carousel-container ng-tns-c3353360079-19\">\n<div class=\"carousel-content ng-tns-c3353360079-19\">\n<div class=\"sources-carousel-source ng-tns-c3353360079-19 hide ng-star-inserted\" data-test-id=\"sources-carousel-source\"><\/div>\n<div class=\"sources-carousel-source ng-tns-c3353360079-19 hide ng-star-inserted\" data-test-id=\"sources-carousel-source\"><\/div>\n<\/div>\n<\/div>\n<\/div>\n<h3 data-sourcepos=\"3:1-3:82\">Estas son algunas de las ventajas de llevar un abrigo largo de lana de doble botonadura para mujer:<\/h3>\n<ul data-sourcepos=\"5:1-9:0\">\n<li data-sourcepos=\"5:1-5:121\"><strong><span class=\"citation-2 recitation\">Calor:<\/span><\/strong><span class=\"citation-2 recitation citation-end-2\"> La lana es un excelente aislante, por lo que un abrigo de lana te mantendr\u00e1 caliente incluso en los climas m\u00e1s fr\u00edos.<\/span><span class=\"button-container hide-from-message-actions ng-star-inserted\"> \u00a0<\/span><\/li>\n<li data-sourcepos=\"5:1-5:121\"><span class=\"button-container hide-from-message-actions ng-star-inserted\"><strong style=\"font-size: 14.4px;\"><span class=\"citation-3 recitation\">Durabilidad:<\/span><\/strong><span class=\"citation-3 recitation citation-end-3\" style=\"font-size: 14.4px;\"> La lana es un tejido resistente y duradero, por lo que un abrigo de lana durar\u00e1 muchos a\u00f1os.<\/span><span class=\"button-container hide-from-message-actions ng-star-inserted\" style=\"font-size: 14.4px;\">\u00a0<\/span><\/span>\n<div class=\"container ng-tns-c3353360079-21 hide\">\n<div class=\"carousel-container ng-tns-c3353360079-21\"><\/div>\n<\/div>\n<\/li>\n<li data-sourcepos=\"7:1-7:124\"><strong><span class=\"citation-4 recitation\">Estilo:<\/span><\/strong><span class=\"citation-4 recitation citation-end-4\"> Un abrigo largo de lana con doble botonadura es una prenda atemporal y elegante que puede vestirse de forma elegante o informal.<\/span><span class=\"button-container hide-from-message-actions ng-star-inserted\">\u00a0<\/span>\n<div class=\"container ng-tns-c3353360079-22 hide\">\n<div class=\"carousel-container ng-tns-c3353360079-22\"><\/div>\n<\/div>\n<\/li>\n<li data-sourcepos=\"8:1-9:0\"><strong>Versatilidad:<\/strong> <span class=\"citation-5 recitation citation-end-5\">Un abrigo de lana puede llevarse en una gran variedad de entornos, desde salidas informales a eventos formales.<\/span><span class=\"button-container hide-from-message-actions ng-star-inserted\">\u00a0<\/span>\n<div class=\"container ng-tns-c3353360079-23 hide\">\n<div class=\"carousel-container ng-tns-c3353360079-23\">\n<div class=\"carousel-content ng-tns-c3353360079-23\">\n<div class=\"sources-carousel-source ng-tns-c3353360079-23 hide ng-star-inserted\" data-test-id=\"sources-carousel-source\"><\/div>\n<\/div>\n<\/div>\n<\/div>\n<\/li>\n<\/ul>\n<p data-sourcepos=\"10:1-10:119\">Si buscas un abrigo de invierno elegante y pr\u00e1ctico, un abrigo largo de lana de doble botonadura para mujer es una gran opci\u00f3n.<\/p>\n<\/div>\n<div class=\"skeleton-loader-container\"><\/div>\n<div class=\"response-footer gap complete\">\n<div class=\"container ng-tns-c3353360079-17\">\n<div class=\"carousel-container ng-tns-c3353360079-17\">\n<div class=\"carousel-content ng-tns-c3353360079-17\">\n<div class=\"sources-carousel-source ng-tns-c3353360079-17 ng-star-inserted\" data-test-id=\"sources-carousel-source\">\n<div class=\"source-card-container\">\n<div class=\"source-card-content\">\n<div class=\"source-card-body\">\n<div class=\"source-card-header\">\n<div class=\"source-card-title\"><\/div>\n<\/div>\n<\/div>\n<\/div>\n<\/div>\n<\/div>\n<\/div>\n<\/div>\n<\/div>\n<\/div>","protected":false},"excerpt":{"rendered":"<table style=\"height: 577px;\" width=\"542\">\n<tbody>\n<tr>\n<td width=\"146\"><strong><b>Producto<\/b><\/strong>\u00a0<strong><b>Nombre:<\/b><\/strong><\/td>\n<td width=\"601\"><strong>Abrigo largo de lana con doble botonadura para mujer<\/strong><\/td>\n<\/tr>\n<tr>\n<td width=\"146\"><strong><b>Materlal:<\/b><\/strong><\/td>\n<td width=\"601\">Punto<\/td>\n<\/tr>\n<tr>\n<td width=\"146\"><strong><b>T\u00e9cnica:<\/b><\/strong><\/td>\n<td width=\"601\">Bordado<\/td>\n<\/tr>\n<tr>\n<td width=\"146\"><strong><b>Estilo:<\/b><\/strong><\/td>\n<td width=\"601\">Casual<\/td>\n<\/tr>\n<tr>\n<td width=\"146\"><strong><b>Color<\/b><\/strong><strong><b>:<\/b><\/strong><\/td>\n<td width=\"601\">\u00a0Colores personalizados<\/td>\n<\/tr>\n<tr>\n<td width=\"146\"><strong><b>Tama\u00f1o:<\/b><\/strong><\/td>\n<td width=\"601\">S \/M \/L \/XL \/2XL<\/td>\n<\/tr>\n<tr>\n<td width=\"146\"><strong><b>OEM\/ODM:<\/b><\/strong><\/td>\n<td width=\"601\">Aceptable<\/td>\n<\/tr>\n<tr>\n<td width=\"146\"><strong><b>Calidad:<\/b><\/strong><\/td>\n<td width=\"601\">100% Alta calidad<\/td>\n<\/tr>\n<tr>\n<td width=\"146\"><strong><b>M<\/b><\/strong><strong><b>OQ:<\/b><\/strong><\/td>\n<td width=\"601\">200 unidades<\/td>\n<\/tr>\n<\/tbody>\n<\/table>","protected":false},"featured_media":2035,"template":"","meta":[],"product_brand":[],"product_cat":[39],"product_tag":[],"class_list":{"0":"post-2032","1":"product","2":"type-product","3":"status-publish","4":"has-post-thumbnail","6":"product_cat-womens-clothing","8":"first","9":"instock","10":"shipping-taxable","11":"product-type-simple"},"_links":{"self":[{"href":"https:\/\/mj-clothing.com\/es\/wp-json\/wp\/v2\/product\/2032","targetHints":{"allow":["GET"]}}],"collection":[{"href":"https:\/\/mj-clothing.com\/es\/wp-json\/wp\/v2\/product"}],"about":[{"href":"https:\/\/mj-clothing.com\/es\/wp-json\/wp\/v2\/types\/product"}],"wp:featuredmedia":[{"embeddable":true,"href":"https:\/\/mj-clothing.com\/es\/wp-json\/wp\/v2\/media\/2035"}],"wp:attachment":[{"href":"https:\/\/mj-clothing.com\/es\/wp-json\/wp\/v2\/media?parent=2032"}],"wp:term":[{"taxonomy":"product_brand","embeddable":true,"href":"https:\/\/mj-clothing.com\/es\/wp-json\/wp\/v2\/product_brand?post=2032"},{"taxonomy":"product_cat","embeddable":true,"href":"https:\/\/mj-clothing.com\/es\/wp-json\/wp\/v2\/product_cat?post=2032"},{"taxonomy":"product_tag","embeddable":true,"href":"https:\/\/mj-clothing.com\/es\/wp-json\/wp\/v2\/product_tag?post=2032"}],"curies":[{"name":"wp","href":"https:\/\/api.w.org\/{rel}","templated":true}]}}