{"id":2037,"date":"2024-12-18T02:59:21","date_gmt":"2024-12-18T02:59:21","guid":{"rendered":"https:\/\/mj-clothing.com\/?post_type=product&#038;p=2037"},"modified":"2024-12-18T03:22:38","modified_gmt":"2024-12-18T03:22:38","slug":"womens-heated-long-coat","status":"publish","type":"product","link":"https:\/\/mj-clothing.com\/es\/manufacturer\/womens-heated-long-coat\/","title":{"rendered":"Abrigo largo t\u00e9rmico para mujer"},"content":{"rendered":"<p data-sourcepos=\"1:1-1:216\">Un abrigo largo calefactado para mujer es un tipo de prenda exterior dise\u00f1ada para proporcionar un calor excepcional cuando hace fr\u00edo. Incorpora elementos calefactores integrados alimentados por una bater\u00eda, que suele colocarse en un discreto bolsillo.<\/p>\n<h3 data-sourcepos=\"3:1-3:35\"><strong>Esto es lo que los hace especiales:<\/strong><\/h3>\n<ul data-sourcepos=\"5:1-8:0\">\n<li data-sourcepos=\"5:1-5:222\"><strong>Calidez superior:<\/strong> Los elementos calefactores incorporados generan calor, aumentando significativamente las propiedades aislantes del abrigo. Esto los hace ideales para climas extremadamente fr\u00edos o actividades al aire libre en temperaturas g\u00e9lidas.<\/li>\n<li data-sourcepos=\"6:1-6:159\"><strong>Comodidad:<\/strong> Muchos modelos ofrecen ajustes de calor regulables, lo que le permite personalizar el nivel de calor en funci\u00f3n de sus preferencias y de la gravedad del resfriado.<\/li>\n<li data-sourcepos=\"7:1-8:0\"><strong>Versatilidad:<\/strong> Dependiendo del dise\u00f1o y los materiales del abrigo, se pueden utilizar en diversas ocasiones, desde salidas informales a eventos m\u00e1s formales.<\/li>\n<\/ul>\n<h3 data-sourcepos=\"9:1-9:56\"><strong>Aspectos a tener en cuenta al elegir un abrigo largo t\u00e9rmico para mujer:<\/strong><\/h3>\n<ul data-sourcepos=\"11:1-15:0\">\n<li data-sourcepos=\"11:1-11:198\"><strong>Tecnolog\u00eda de calefacci\u00f3n:<\/strong> Las distintas marcas utilizan tecnolog\u00edas de calefacci\u00f3n diferentes. Investiga la tecnolog\u00eda espec\u00edfica utilizada en el abrigo que te interesa para conocer sus prestaciones y caracter\u00edsticas de seguridad.<\/li>\n<li data-sourcepos=\"12:1-12:182\"><strong>Duraci\u00f3n de la bater\u00eda:<\/strong> La duraci\u00f3n de la bater\u00eda es crucial. Ten en cuenta cu\u00e1nto durar\u00e1 la bater\u00eda con diferentes ajustes de calor para asegurarte de que satisface tus necesidades durante el tiempo que dure tu actividad.<\/li>\n<li data-sourcepos=\"13:1-13:174\"><strong>Comodidad y ajuste:<\/strong> Elige un abrigo que te quede bien y sea c\u00f3modo de llevar. Busca caracter\u00edsticas como pu\u00f1os ajustables, capuchas y cordones para mejorar el ajuste y el abrigo.<\/li>\n<li data-sourcepos=\"14:1-15:0\"><strong>Estilo y dise\u00f1o:<\/strong> Elige un abrigo que complemente tu estilo personal y las ocasiones en las que vayas a llevarlo.<\/li>\n<\/ul>\n<p data-sourcepos=\"16:1-16:186\">Si vives en un clima muy fr\u00edo o realizas con frecuencia actividades al aire libre durante el invierno, un abrigo largo calefactado para mujer puede ser una valiosa inversi\u00f3n para mantenerte abrigada y c\u00f3moda.<\/p>","protected":false},"excerpt":{"rendered":"<table style=\"height: 602px;\" width=\"581\">\n<tbody>\n<tr>\n<td width=\"146\"><strong><b>Producto<\/b><\/strong>\u00a0<strong><b>Nombre:<\/b><\/strong><\/td>\n<td width=\"601\"><strong>Abrigo largo t\u00e9rmico para mujer<\/strong><\/td>\n<\/tr>\n<tr>\n<td width=\"146\"><strong><b>Materlal:<\/b><\/strong><\/td>\n<td width=\"601\">Punto<\/td>\n<\/tr>\n<tr>\n<td width=\"146\"><strong><b>T\u00e9cnica:<\/b><\/strong><\/td>\n<td width=\"601\">Bordado<\/td>\n<\/tr>\n<tr>\n<td width=\"146\"><strong><b>Estilo:<\/b><\/strong><\/td>\n<td width=\"601\">Casual<\/td>\n<\/tr>\n<tr>\n<td width=\"146\"><strong><b>Color<\/b><\/strong><strong><b>:<\/b><\/strong><\/td>\n<td width=\"601\">\u00a0Colores personalizados<\/td>\n<\/tr>\n<tr>\n<td width=\"146\"><strong><b>Tama\u00f1o:<\/b><\/strong><\/td>\n<td width=\"601\">S \/M \/L \/XL \/2XL<\/td>\n<\/tr>\n<tr>\n<td width=\"146\"><strong><b>OEM\/ODM:<\/b><\/strong><\/td>\n<td width=\"601\">Aceptable<\/td>\n<\/tr>\n<tr>\n<td width=\"146\"><strong><b>Calidad:<\/b><\/strong><\/td>\n<td width=\"601\">100% Alta calidad<\/td>\n<\/tr>\n<tr>\n<td width=\"146\"><strong><b>M<\/b><\/strong><strong><b>OQ:<\/b><\/strong><\/td>\n<td width=\"601\">200 unidades<\/td>\n<\/tr>\n<\/tbody>\n<\/table>","protected":false},"featured_media":2040,"template":"","meta":[],"product_brand":[],"product_cat":[39],"product_tag":[],"class_list":{"0":"post-2037","1":"product","2":"type-product","3":"status-publish","4":"has-post-thumbnail","6":"product_cat-womens-clothing","8":"first","9":"instock","10":"shipping-taxable","11":"product-type-simple"},"_links":{"self":[{"href":"https:\/\/mj-clothing.com\/es\/wp-json\/wp\/v2\/product\/2037","targetHints":{"allow":["GET"]}}],"collection":[{"href":"https:\/\/mj-clothing.com\/es\/wp-json\/wp\/v2\/product"}],"about":[{"href":"https:\/\/mj-clothing.com\/es\/wp-json\/wp\/v2\/types\/product"}],"wp:featuredmedia":[{"embeddable":true,"href":"https:\/\/mj-clothing.com\/es\/wp-json\/wp\/v2\/media\/2040"}],"wp:attachment":[{"href":"https:\/\/mj-clothing.com\/es\/wp-json\/wp\/v2\/media?parent=2037"}],"wp:term":[{"taxonomy":"product_brand","embeddable":true,"href":"https:\/\/mj-clothing.com\/es\/wp-json\/wp\/v2\/product_brand?post=2037"},{"taxonomy":"product_cat","embeddable":true,"href":"https:\/\/mj-clothing.com\/es\/wp-json\/wp\/v2\/product_cat?post=2037"},{"taxonomy":"product_tag","embeddable":true,"href":"https:\/\/mj-clothing.com\/es\/wp-json\/wp\/v2\/product_tag?post=2037"}],"curies":[{"name":"wp","href":"https:\/\/api.w.org\/{rel}","templated":true}]}}