{"id":2044,"date":"2024-12-18T03:15:03","date_gmt":"2024-12-18T03:15:03","guid":{"rendered":"https:\/\/mj-clothing.com\/?post_type=product&#038;p=2044"},"modified":"2024-12-18T03:23:05","modified_gmt":"2024-12-18T03:23:05","slug":"womens-petite-long-winter-coats","status":"publish","type":"product","link":"https:\/\/mj-clothing.com\/es\/manufacturer\/womens-petite-long-winter-coats\/","title":{"rendered":"Abrigos largos de invierno para mujer"},"content":{"rendered":"<p data-sourcepos=\"1:1-1:158\">Los abrigos largos de invierno petite para mujer est\u00e1n dise\u00f1ados espec\u00edficamente para mujeres de baja estatura, con el fin de garantizar un ajuste adecuado y una silueta favorecedora. Esto es lo que los hace especiales:<\/p>\n<ul data-sourcepos=\"3:1-6:0\">\n<li data-sourcepos=\"3:1-3:155\"><strong>Proporcionado para cuadros m\u00e1s cortos:<\/strong> Estos abrigos se han dise\u00f1ado teniendo en cuenta los torsos y las entrepiernas m\u00e1s cortos, lo que evita que abrumen a las figuras menudas.<\/li>\n<li data-sourcepos=\"4:1-4:144\"><strong>Longitud ideal:<\/strong> Aunque sigue consider\u00e1ndose \"larga\", la longitud se ajusta para evitar que se arrastre por el suelo o cree un aspecto demasiado voluminoso.<\/li>\n<li data-sourcepos=\"5:1-6:0\"><strong>Ajuste mejorado:<\/strong> Caracter\u00edsticas como mangas m\u00e1s cortas y cinturas ajustadas garantizan que el abrigo se ajuste c\u00f3moda y proporcionalmente.<\/li>\n<\/ul>\n<h3 data-sourcepos=\"7:1-7:19\"><strong>Estilos populares:<\/strong><\/h3>\n<ul data-sourcepos=\"9:1-12:0\">\n<li data-sourcepos=\"9:1-9:102\"><strong>Abrigos de lana Petite:<\/strong> Cl\u00e1sicos y atemporales, a menudo en estilos como las gabardinas o los abrigos de doble botonadura.<\/li>\n<li data-sourcepos=\"10:1-10:118\"><strong>Abrigos Petite Puffer:<\/strong> Proporcionan un calor excelente y est\u00e1n disponibles en varias longitudes y estilos, desde elegantes a m\u00e1s informales.<\/li>\n<li data-sourcepos=\"11:1-12:0\"><strong>Petite Parkas:<\/strong> Ideales para climas m\u00e1s fr\u00edos, suelen llevar capucha, adornos de piel y m\u00faltiples bolsillos.<\/li>\n<\/ul>\n<h3 data-sourcepos=\"13:1-13:23\"><strong>D\u00f3nde encontrar abrigos largos de invierno para mujer:<\/strong><\/h3>\n<p data-sourcepos=\"15:1-15:54\">Muchos minoristas ofrecen opciones de tallaje petite, entre ellas:<\/p>\n<ul data-sourcepos=\"17:1-20:0\">\n<li data-sourcepos=\"17:1-17:58\"><strong>Grandes almacenes:<\/strong> Nordstrom, Macy's, Bloomingdale's<\/li>\n<li data-sourcepos=\"18:1-18:52\"><strong>Minoristas especializados:<\/strong> Ann Taylor, Loft, Talbots<\/li>\n<li data-sourcepos=\"19:1-20:0\"><strong>Minoristas en l\u00ednea:<\/strong> ASOS, Nordstrom Rack, Amazon<\/li>\n<\/ul>\n<h3 data-sourcepos=\"21:1-21:22\"><strong>Consejos para elegir:<\/strong><\/h3>\n<ul data-sourcepos=\"23:1-26:0\">\n<li data-sourcepos=\"23:1-23:102\"><strong>Considera el tejido:<\/strong> Busca tejidos c\u00e1lidos y duraderos como la lana, el plum\u00f3n o el aislamiento sint\u00e9tico.<\/li>\n<li data-sourcepos=\"24:1-24:106\"><strong>Compruebe la longitud:<\/strong> Aseg\u00farate de que el abrigo te llega al punto justo de las piernas, evitando el efecto \"ahogo\".<\/li>\n<li data-sourcepos=\"25:1-26:0\"><strong>Pru\u00e9batelo:<\/strong> Pru\u00e9bate siempre un abrigo petite para asegurarte de que te queda bien y favorece tu figura.<\/li>\n<\/ul>\n<p data-sourcepos=\"27:1-27:121\">Eligiendo un abrigo largo de invierno Womens Petite que se ajuste bien, las mujeres bajitas pueden mantenerse abrigadas y elegantes durante los meses m\u00e1s fr\u00edos.<\/p>","protected":false},"excerpt":{"rendered":"<table style=\"height: 572px;\" width=\"534\">\n<tbody>\n<tr>\n<td width=\"146\"><strong><b>Producto<\/b><\/strong>\u00a0<strong><b>Nombre:<\/b><\/strong><\/td>\n<td width=\"601\"><strong>Abrigos largos de invierno para mujer<\/strong><\/td>\n<\/tr>\n<tr>\n<td width=\"146\"><strong><b>Materlal:<\/b><\/strong><\/td>\n<td width=\"601\">Punto<\/td>\n<\/tr>\n<tr>\n<td width=\"146\"><strong><b>T\u00e9cnica:<\/b><\/strong><\/td>\n<td width=\"601\">Bordado<\/td>\n<\/tr>\n<tr>\n<td width=\"146\"><strong><b>Estilo:<\/b><\/strong><\/td>\n<td width=\"601\">Casual<\/td>\n<\/tr>\n<tr>\n<td width=\"146\"><strong><b>Color<\/b><\/strong><strong><b>:<\/b><\/strong><\/td>\n<td width=\"601\">\u00a0Colores personalizados<\/td>\n<\/tr>\n<tr>\n<td width=\"146\"><strong><b>Tama\u00f1o:<\/b><\/strong><\/td>\n<td width=\"601\">S \/M \/L \/XL \/2XL<\/td>\n<\/tr>\n<tr>\n<td width=\"146\"><strong><b>OEM\/ODM:<\/b><\/strong><\/td>\n<td width=\"601\">Aceptable<\/td>\n<\/tr>\n<tr>\n<td width=\"146\"><strong><b>Calidad:<\/b><\/strong><\/td>\n<td width=\"601\">100% Alta calidad<\/td>\n<\/tr>\n<tr>\n<td width=\"146\"><strong><b>M<\/b><\/strong><strong><b>OQ:<\/b><\/strong><\/td>\n<td width=\"601\">200 unidades<\/td>\n<\/tr>\n<\/tbody>\n<\/table>","protected":false},"featured_media":2045,"template":"","meta":[],"product_brand":[],"product_cat":[39],"product_tag":[],"class_list":{"0":"post-2044","1":"product","2":"type-product","3":"status-publish","4":"has-post-thumbnail","6":"product_cat-womens-clothing","8":"first","9":"instock","10":"shipping-taxable","11":"product-type-simple"},"_links":{"self":[{"href":"https:\/\/mj-clothing.com\/es\/wp-json\/wp\/v2\/product\/2044","targetHints":{"allow":["GET"]}}],"collection":[{"href":"https:\/\/mj-clothing.com\/es\/wp-json\/wp\/v2\/product"}],"about":[{"href":"https:\/\/mj-clothing.com\/es\/wp-json\/wp\/v2\/types\/product"}],"wp:featuredmedia":[{"embeddable":true,"href":"https:\/\/mj-clothing.com\/es\/wp-json\/wp\/v2\/media\/2045"}],"wp:attachment":[{"href":"https:\/\/mj-clothing.com\/es\/wp-json\/wp\/v2\/media?parent=2044"}],"wp:term":[{"taxonomy":"product_brand","embeddable":true,"href":"https:\/\/mj-clothing.com\/es\/wp-json\/wp\/v2\/product_brand?post=2044"},{"taxonomy":"product_cat","embeddable":true,"href":"https:\/\/mj-clothing.com\/es\/wp-json\/wp\/v2\/product_cat?post=2044"},{"taxonomy":"product_tag","embeddable":true,"href":"https:\/\/mj-clothing.com\/es\/wp-json\/wp\/v2\/product_tag?post=2044"}],"curies":[{"name":"wp","href":"https:\/\/api.w.org\/{rel}","templated":true}]}}