{"id":2066,"date":"2024-12-19T03:05:05","date_gmt":"2024-12-19T03:05:05","guid":{"rendered":"https:\/\/mj-clothing.com\/?post_type=product&#038;p=2066"},"modified":"2024-12-19T03:05:05","modified_gmt":"2024-12-19T03:05:05","slug":"spring-coats-for-ladies","status":"publish","type":"product","link":"https:\/\/mj-clothing.com\/es\/manufacturer\/spring-coats-for-ladies\/","title":{"rendered":"Abrigos de primavera para mujer"},"content":{"rendered":"<p data-sourcepos=\"1:1-1:154\">Los abrigos de primavera para mujer son una estaci\u00f3n preciosa, y es el momento perfecto para actualizar tu armario con unos elegantes abrigos de primavera. Aqu\u00ed tienes algunas opciones populares para mujer:<\/p>\n<h3 data-sourcepos=\"3:1-3:19\"><strong>1. Abrigos de primavera para se\u00f1oras:<\/strong><\/h3>\n<ul data-sourcepos=\"5:1-8:0\">\n<li style=\"list-style-type: none;\">\n<ul data-sourcepos=\"5:1-8:0\">\n<li data-sourcepos=\"5:1-5:94\"><strong>Cl\u00e1sico y atemporal:<\/strong> Una gabardina es un b\u00e1sico de armario que puede vestirse de forma elegante o informal.<\/li>\n<li data-sourcepos=\"6:1-6:60\"><strong>Vers\u00e1til:<\/strong> Es perfecto tanto para los d\u00edas lluviosos como para los soleados.<\/li>\n<li data-sourcepos=\"7:1-8:0\"><strong>Con estilo:<\/strong> Elija entre una variedad de colores y estilos para adaptarse a su gusto personal.<\/li>\n<\/ul>\n<\/li>\n<\/ul>\n<div class=\"attachment-container search-images\">\n<div class=\"image-container hide-from-message-actions ng-star-inserted\"><strong style=\"color: #555555; font-size: 14.4px;\">2. Chaqueta vaquera:<\/strong><\/div>\n<\/div>\n<ul data-sourcepos=\"13:1-16:0\">\n<li style=\"list-style-type: none;\">\n<ul data-sourcepos=\"13:1-16:0\">\n<li data-sourcepos=\"13:1-13:91\"><strong>Casual y fresco:<\/strong> Una cazadora vaquera es una forma estupenda de a\u00f1adir un toque atrevido a tu atuendo.<\/li>\n<li data-sourcepos=\"14:1-14:65\"><strong>Vers\u00e1til:<\/strong> Puede combinarse con vaqueros, vestidos o faldas.<\/li>\n<li data-sourcepos=\"15:1-16:0\"><strong>C\u00f3modo:<\/strong> El vaquero es un tejido duradero y c\u00f3modo.<\/li>\n<\/ul>\n<\/li>\n<\/ul>\n<div class=\"attachment-container search-images\">\n<div class=\"image-container hide-from-message-actions ng-star-inserted\">\n<div class=\"caption ellipsis gds-label-m-alt ng-star-inserted\" aria-hidden=\"true\"><strong style=\"color: #555555; font-size: 14.4px;\">3.Spring Coats For Ladies Blazer:<\/strong><\/div>\n<\/div>\n<\/div>\n<ul data-sourcepos=\"21:1-24:0\">\n<li style=\"list-style-type: none;\">\n<ul data-sourcepos=\"21:1-24:0\">\n<li data-sourcepos=\"21:1-21:75\"><strong>Chic y sofisticado:<\/strong> Un blazer es una forma estupenda de elevar tu look.<\/li>\n<li data-sourcepos=\"22:1-22:80\"><strong>Vers\u00e1til:<\/strong> Puede llevarse para ir a trabajar, salir a cenar o en un fin de semana informal.<\/li>\n<li data-sourcepos=\"23:1-24:0\"><strong>Con estilo:<\/strong> Elija entre una gran variedad de colores, dise\u00f1os y estilos.<\/li>\n<\/ul>\n<\/li>\n<\/ul>\n<div class=\"attachment-container search-images\">\n<div class=\"image-container hide-from-message-actions ng-star-inserted\">\n<div class=\"caption ellipsis gds-label-m-alt ng-star-inserted\" aria-hidden=\"true\"><strong style=\"color: #555555; font-size: 14.4px;\">4. Abrigos de primavera para se\u00f1oras Chaqueta de cuero:<\/strong><\/div>\n<\/div>\n<\/div>\n<ul data-sourcepos=\"29:1-32:0\">\n<li style=\"list-style-type: none;\">\n<ul data-sourcepos=\"29:1-32:0\">\n<li data-sourcepos=\"29:1-29:89\"><strong>Edgy y cool:<\/strong> Una chaqueta de cuero es una forma estupenda de a\u00f1adir actitud a tu atuendo.<\/li>\n<li data-sourcepos=\"30:1-30:46\"><strong>Vers\u00e1til:<\/strong> Se puede vestir de forma elegante o informal.<\/li>\n<li data-sourcepos=\"31:1-32:0\"><strong>Con estilo:<\/strong> Elija entre una gran variedad de colores y estilos.<\/li>\n<\/ul>\n<\/li>\n<\/ul>\n<div class=\"attachment-container search-images\">\n<div class=\"image-container hide-from-message-actions ng-star-inserted\">\n<div class=\"caption ellipsis gds-label-m-alt ng-star-inserted\" aria-hidden=\"true\"><strong style=\"color: #555555; font-size: 14.4px;\">5. Chaqueta:<\/strong><\/div>\n<\/div>\n<\/div>\n<ul data-sourcepos=\"37:1-40:0\">\n<li style=\"list-style-type: none;\">\n<ul data-sourcepos=\"37:1-40:0\">\n<li data-sourcepos=\"37:1-37:87\"><strong>C\u00e1lido y acogedor:<\/strong> Un chubasquero es una forma estupenda de mantener el calor en los fr\u00edos d\u00edas de primavera.<\/li>\n<li data-sourcepos=\"38:1-38:66\"><strong>Vers\u00e1til:<\/strong> Puede combinarse con vaqueros, leggings o faldas.<\/li>\n<li data-sourcepos=\"39:1-40:0\"><strong>Con estilo:<\/strong> Elija entre una gran variedad de colores y estilos.<\/li>\n<\/ul>\n<\/li>\n<\/ul>\n<div class=\"attachment-container search-images\"><\/div>\n<p data-sourcepos=\"43:1-43:46\"><strong>Consejos para elegir el abrigo de primavera perfecto:<\/strong><\/p>\n<ul data-sourcepos=\"45:1-49:0\">\n<li data-sourcepos=\"45:1-45:184\"><strong>Tenga en cuenta su clima:<\/strong> Si vives en un clima c\u00e1lido, te conviene elegir un abrigo m\u00e1s ligero. Si vives en un clima m\u00e1s fr\u00edo, quiz\u00e1 prefieras un abrigo m\u00e1s grueso.<\/li>\n<li data-sourcepos=\"46:1-46:188\"><strong>Piensa en tu estilo de vida:<\/strong> Si es una persona activa, le conviene elegir un abrigo con el que sea f\u00e1cil moverse. Si trabajas en un entorno profesional, quiz\u00e1 prefieras un abrigo m\u00e1s formal.<\/li>\n<li data-sourcepos=\"47:1-47:87\"><strong>Elige un color que te encante:<\/strong> Ser\u00e1 m\u00e1s probable que lleves un abrigo que te encante.<\/li>\n<li data-sourcepos=\"48:1-49:0\"><strong>Considera el ajuste:<\/strong> Un abrigo bien ajustado le sentar\u00e1 de maravilla.<\/li>\n<\/ul>\n<p data-sourcepos=\"50:1-50:202\">Sea cual sea tu estilo, hay un abrigo de primavera perfecto para ti. Con tantas opciones entre las que elegir, seguro que encuentras el abrigo perfecto para mantenerte abrigada y elegante durante toda la temporada.<\/p>","protected":false},"excerpt":{"rendered":"<table style=\"height: 611px;\" width=\"429\">\n<tbody>\n<tr>\n<td width=\"146\"><strong><b>Producto<\/b><\/strong>\u00a0<strong><b>Nombre:<\/b><\/strong><\/td>\n<td width=\"601\"><strong>Abrigos de primavera para mujer<\/strong><\/td>\n<\/tr>\n<tr>\n<td width=\"146\"><strong><b>Materlal:<\/b><\/strong><\/td>\n<td width=\"601\">Punto<\/td>\n<\/tr>\n<tr>\n<td width=\"146\"><strong><b>T\u00e9cnica:<\/b><\/strong><\/td>\n<td width=\"601\">Bordado<\/td>\n<\/tr>\n<tr>\n<td width=\"146\"><strong><b>Estilo:<\/b><\/strong><\/td>\n<td width=\"601\">Casual<\/td>\n<\/tr>\n<tr>\n<td width=\"146\"><strong><b>Color<\/b><\/strong><strong><b>:<\/b><\/strong><\/td>\n<td width=\"601\">\u00a0Colores personalizados<\/td>\n<\/tr>\n<tr>\n<td width=\"146\"><strong><b>Tama\u00f1o:<\/b><\/strong><\/td>\n<td width=\"601\">S \/M \/L \/XL \/2XL<\/td>\n<\/tr>\n<tr>\n<td width=\"146\"><strong><b>OEM\/ODM:<\/b><\/strong><\/td>\n<td width=\"601\">Aceptable<\/td>\n<\/tr>\n<tr>\n<td width=\"146\"><strong><b>Calidad:<\/b><\/strong><\/td>\n<td width=\"601\">100% Alta calidad<\/td>\n<\/tr>\n<tr>\n<td width=\"146\"><strong><b>M<\/b><\/strong><strong><b>OQ:<\/b><\/strong><\/td>\n<td width=\"601\">200 unidades<\/td>\n<\/tr>\n<\/tbody>\n<\/table>","protected":false},"featured_media":2075,"template":"","meta":[],"product_brand":[],"product_cat":[39],"product_tag":[],"class_list":{"0":"post-2066","1":"product","2":"type-product","3":"status-publish","4":"has-post-thumbnail","6":"product_cat-womens-clothing","8":"first","9":"instock","10":"shipping-taxable","11":"product-type-simple"},"_links":{"self":[{"href":"https:\/\/mj-clothing.com\/es\/wp-json\/wp\/v2\/product\/2066","targetHints":{"allow":["GET"]}}],"collection":[{"href":"https:\/\/mj-clothing.com\/es\/wp-json\/wp\/v2\/product"}],"about":[{"href":"https:\/\/mj-clothing.com\/es\/wp-json\/wp\/v2\/types\/product"}],"wp:featuredmedia":[{"embeddable":true,"href":"https:\/\/mj-clothing.com\/es\/wp-json\/wp\/v2\/media\/2075"}],"wp:attachment":[{"href":"https:\/\/mj-clothing.com\/es\/wp-json\/wp\/v2\/media?parent=2066"}],"wp:term":[{"taxonomy":"product_brand","embeddable":true,"href":"https:\/\/mj-clothing.com\/es\/wp-json\/wp\/v2\/product_brand?post=2066"},{"taxonomy":"product_cat","embeddable":true,"href":"https:\/\/mj-clothing.com\/es\/wp-json\/wp\/v2\/product_cat?post=2066"},{"taxonomy":"product_tag","embeddable":true,"href":"https:\/\/mj-clothing.com\/es\/wp-json\/wp\/v2\/product_tag?post=2066"}],"curies":[{"name":"wp","href":"https:\/\/api.w.org\/{rel}","templated":true}]}}