{"id":2076,"date":"2024-12-19T03:26:08","date_gmt":"2024-12-19T03:26:08","guid":{"rendered":"https:\/\/mj-clothing.com\/?post_type=product&#038;p=2076"},"modified":"2024-12-19T03:33:03","modified_gmt":"2024-12-19T03:33:03","slug":"spring-trench-coats-for-ladies","status":"publish","type":"product","link":"https:\/\/mj-clothing.com\/es\/manufacturer\/spring-trench-coats-for-ladies\/","title":{"rendered":"Trencas de primavera para mujer"},"content":{"rendered":"<p data-sourcepos=\"1:1-1:134\">Las gabardinas de primavera para mujer son un b\u00e1sico cl\u00e1sico del armario que se puede llevar tanto elegante como informal. Estos son algunos de los estilos m\u00e1s populares:<\/p>\n<h3 data-sourcepos=\"3:1-3:27\"><strong>1. Abrigo trinchera cl\u00e1sico:<\/strong><\/h3>\n<ul data-sourcepos=\"5:1-8:0\">\n<li style=\"list-style-type: none;\">\n<ul data-sourcepos=\"5:1-8:0\">\n<li data-sourcepos=\"5:1-5:116\"><strong>Atemporal y elegante:<\/strong> La gabardina cl\u00e1sica es una prenda vers\u00e1til que puede llevarse con una gran variedad de atuendos.<\/li>\n<li data-sourcepos=\"6:1-6:101\"><strong>Vers\u00e1til:<\/strong> Se puede llevar con falda y tacones o con vaqueros y zapatillas.<\/li>\n<li data-sourcepos=\"7:1-8:0\"><strong>Funcional:<\/strong> Es perfecta para los d\u00edas lluviosos o ventosos, gracias a su tejido resistente al agua y a su cintur\u00f3n para mantener el viento a raya.<\/li>\n<\/ul>\n<\/li>\n<\/ul>\n<div class=\"attachment-container search-images\"><strong style=\"color: #555555; font-size: 14.4px;\">2. Trenca con cintur\u00f3n:<\/strong><\/div>\n<ul data-sourcepos=\"13:1-16:0\">\n<li style=\"list-style-type: none;\">\n<ul data-sourcepos=\"13:1-16:0\">\n<li data-sourcepos=\"13:1-13:86\"><strong>Favorecedor de la figura:<\/strong> El cintur\u00f3n ci\u00f1e la cintura, creando una silueta favorecedora.<\/li>\n<li data-sourcepos=\"14:1-14:79\"><strong>Con estilo:<\/strong> Es una forma estupenda de a\u00f1adir un toque de sofisticaci\u00f3n a cualquier atuendo.<\/li>\n<li data-sourcepos=\"15:1-16:0\"><strong>Pr\u00e1ctico:<\/strong> El cintur\u00f3n puede apretarse o aflojarse para ajustarlo.<\/li>\n<\/ul>\n<\/li>\n<\/ul>\n<div class=\"attachment-container search-images\">\n<div class=\"image-container hide-from-message-actions ng-star-inserted\">\n<h3 class=\"caption ellipsis gds-label-m-alt ng-star-inserted\" aria-hidden=\"true\"><strong style=\"color: #555555; font-size: 14.4px;\">3. Trenca ligera:<\/strong><\/h3>\n<\/div>\n<\/div>\n<ul data-sourcepos=\"21:1-24:0\">\n<li style=\"list-style-type: none;\">\n<ul data-sourcepos=\"21:1-24:0\">\n<li data-sourcepos=\"21:1-21:108\"><strong>Perfecto para un clima m\u00e1s c\u00e1lido:<\/strong> Una gabardina ligera es ideal para los d\u00edas de primavera en los que no hace demasiado fr\u00edo.<\/li>\n<li data-sourcepos=\"22:1-22:73\"><strong>Vers\u00e1til:<\/strong> Se puede llevar de forma elegante o informal, seg\u00fan la ocasi\u00f3n.<\/li>\n<li data-sourcepos=\"23:1-24:0\"><strong>C\u00f3modo:<\/strong> Su tejido ligero facilita los movimientos.<\/li>\n<\/ul>\n<\/li>\n<\/ul>\n<div class=\"attachment-container search-images\">\n<div class=\"image-container hide-from-message-actions ng-star-inserted\">\n<h3 class=\"caption ellipsis gds-label-m-alt ng-star-inserted\" aria-hidden=\"true\"><strong style=\"color: #555555; font-size: 14.4px;\">4. Trenca de color:<\/strong><\/h3>\n<\/div>\n<\/div>\n<ul data-sourcepos=\"29:1-32:0\">\n<li style=\"list-style-type: none;\">\n<ul data-sourcepos=\"29:1-32:0\">\n<li data-sourcepos=\"29:1-29:102\"><strong>A la moda y con estilo:<\/strong> Una gabardina de color es una forma estupenda de a\u00f1adir un toque de color a tu vestuario.<\/li>\n<li data-sourcepos=\"30:1-30:77\"><strong>Vers\u00e1til:<\/strong> Puede combinarse con colores neutros u otros colores vivos.<\/li>\n<li data-sourcepos=\"31:1-32:0\"><strong>Llamativo:<\/strong> Seguro que llama la atenci\u00f3n.<\/li>\n<\/ul>\n<\/li>\n<\/ul>\n<div class=\"attachment-container search-images\">\n<div class=\"image-container hide-from-message-actions ng-star-inserted\">\n<h3 class=\"caption ellipsis gds-label-m-alt ng-star-inserted\" aria-hidden=\"true\"><strong style=\"color: #555555; font-size: 14.4px;\">Consejos para elegir la gabardina de primavera perfecta para mujer:<\/strong><\/h3>\n<\/div>\n<\/div>\n<ul data-sourcepos=\"37:1-41:0\">\n<li data-sourcepos=\"37:1-37:102\"><strong>Ten en cuenta el tejido:<\/strong> Busca un tejido ligero y resistente al agua que sea c\u00f3modo de llevar.<\/li>\n<li data-sourcepos=\"38:1-38:87\"><strong>Elige el ajuste adecuado:<\/strong> El abrigo debe ajustarse bien y no quedar ni demasiado apretado ni demasiado holgado.<\/li>\n<li data-sourcepos=\"39:1-39:109\"><strong>Seleccione la longitud adecuada:<\/strong> La longitud del abrigo debe ser adecuada a tu estatura y a la ocasi\u00f3n.<\/li>\n<li data-sourcepos=\"40:1-41:0\"><strong>Accesorios:<\/strong> A\u00f1ade un pa\u00f1uelo, un cintur\u00f3n o un sombrero para personalizar tu look.<\/li>\n<\/ul>\n<p data-sourcepos=\"42:1-42:134\">Con tantos estilos y colores diferentes para elegir, Spring Trench Coats For Ladies usted est\u00e1 seguro de encontrar la gabardina de primavera perfecta para completar su guardarropa.<\/p>","protected":false},"excerpt":{"rendered":"<table style=\"height: 631px;\" width=\"523\">\n<tbody>\n<tr>\n<td width=\"146\"><strong><b>Producto<\/b><\/strong>\u00a0<strong><b>Nombre:<\/b><\/strong><\/td>\n<td width=\"601\"><strong>Trencas de primavera para mujer<\/strong><\/td>\n<\/tr>\n<tr>\n<td width=\"146\"><strong><b>Materlal:<\/b><\/strong><\/td>\n<td width=\"601\">Punto<\/td>\n<\/tr>\n<tr>\n<td width=\"146\"><strong><b>T\u00e9cnica:<\/b><\/strong><\/td>\n<td width=\"601\">Bordado<\/td>\n<\/tr>\n<tr>\n<td width=\"146\"><strong><b>Estilo:<\/b><\/strong><\/td>\n<td width=\"601\">Casual<\/td>\n<\/tr>\n<tr>\n<td width=\"146\"><strong><b>Color<\/b><\/strong><strong><b>:<\/b><\/strong><\/td>\n<td width=\"601\">\u00a0Colores personalizados<\/td>\n<\/tr>\n<tr>\n<td width=\"146\"><strong><b>Tama\u00f1o:<\/b><\/strong><\/td>\n<td width=\"601\">S \/M \/L \/XL \/2XL<\/td>\n<\/tr>\n<tr>\n<td width=\"146\"><strong><b>OEM\/ODM:<\/b><\/strong><\/td>\n<td width=\"601\">Aceptable<\/td>\n<\/tr>\n<tr>\n<td width=\"146\"><strong><b>Calidad:<\/b><\/strong><\/td>\n<td width=\"601\">100% Alta calidad<\/td>\n<\/tr>\n<tr>\n<td width=\"146\"><strong><b>M<\/b><\/strong><strong><b>OQ:<\/b><\/strong><\/td>\n<td width=\"601\">200 unidades<\/td>\n<\/tr>\n<\/tbody>\n<\/table>","protected":false},"featured_media":2077,"template":"","meta":[],"product_brand":[],"product_cat":[39],"product_tag":[],"class_list":{"0":"post-2076","1":"product","2":"type-product","3":"status-publish","4":"has-post-thumbnail","6":"product_cat-womens-clothing","8":"first","9":"instock","10":"shipping-taxable","11":"product-type-simple"},"_links":{"self":[{"href":"https:\/\/mj-clothing.com\/es\/wp-json\/wp\/v2\/product\/2076","targetHints":{"allow":["GET"]}}],"collection":[{"href":"https:\/\/mj-clothing.com\/es\/wp-json\/wp\/v2\/product"}],"about":[{"href":"https:\/\/mj-clothing.com\/es\/wp-json\/wp\/v2\/types\/product"}],"wp:featuredmedia":[{"embeddable":true,"href":"https:\/\/mj-clothing.com\/es\/wp-json\/wp\/v2\/media\/2077"}],"wp:attachment":[{"href":"https:\/\/mj-clothing.com\/es\/wp-json\/wp\/v2\/media?parent=2076"}],"wp:term":[{"taxonomy":"product_brand","embeddable":true,"href":"https:\/\/mj-clothing.com\/es\/wp-json\/wp\/v2\/product_brand?post=2076"},{"taxonomy":"product_cat","embeddable":true,"href":"https:\/\/mj-clothing.com\/es\/wp-json\/wp\/v2\/product_cat?post=2076"},{"taxonomy":"product_tag","embeddable":true,"href":"https:\/\/mj-clothing.com\/es\/wp-json\/wp\/v2\/product_tag?post=2076"}],"curies":[{"name":"wp","href":"https:\/\/api.w.org\/{rel}","templated":true}]}}