{"id":2078,"date":"2024-12-19T03:32:27","date_gmt":"2024-12-19T03:32:27","guid":{"rendered":"https:\/\/mj-clothing.com\/?post_type=product&#038;p=2078"},"modified":"2024-12-19T03:32:27","modified_gmt":"2024-12-19T03:32:27","slug":"womens-winter-coats","status":"publish","type":"product","link":"https:\/\/mj-clothing.com\/es\/manufacturer\/womens-winter-coats\/","title":{"rendered":"Abrigos de invierno para mujer"},"content":{"rendered":"<p data-sourcepos=\"1:1-1:131\">Los abrigos de invierno para mujer son esenciales para mantener el calor y el estilo durante los meses m\u00e1s fr\u00edos. Estos son algunos de los estilos m\u00e1s populares:<\/p>\n<h3 data-sourcepos=\"3:1-3:19\"><strong>1. Abrigos de invierno para mujer:<\/strong><\/h3>\n<ul data-sourcepos=\"5:1-8:0\">\n<li style=\"list-style-type: none;\">\n<ul data-sourcepos=\"5:1-8:0\">\n<li data-sourcepos=\"5:1-5:113\"><strong>C\u00e1lido y acogedor:<\/strong> Los chaquetones son conocidos por su excelente aislamiento, lo que los hace perfectos para el fr\u00edo.<\/li>\n<li data-sourcepos=\"6:1-6:96\"><strong>Vers\u00e1til:<\/strong> Los hay de varias longitudes, estilos y colores para adaptarse a las distintas preferencias.<\/li>\n<li data-sourcepos=\"7:1-8:0\"><strong>Funcional:<\/strong> Muchos abrigos puffer incorporan capuchas, bolsillos y otros detalles pr\u00e1cticos.<\/li>\n<\/ul>\n<\/li>\n<\/ul>\n<div class=\"attachment-container search-images\"><\/div>\n<h3 data-sourcepos=\"11:1-11:17\"><strong>2. Abrigos de invierno de lana para mujer:<\/strong><\/h3>\n<ul data-sourcepos=\"13:1-16:0\">\n<li style=\"list-style-type: none;\">\n<ul data-sourcepos=\"13:1-16:0\">\n<li data-sourcepos=\"13:1-13:85\"><strong>Elegante y atemporal:<\/strong> Los abrigos de lana son una opci\u00f3n cl\u00e1sica para un look sofisticado.<\/li>\n<li data-sourcepos=\"14:1-14:95\"><strong>C\u00e1lido y duradero:<\/strong> La lana es un aislante natural capaz de soportar las duras condiciones invernales.<\/li>\n<li data-sourcepos=\"15:1-16:0\"><strong>Vers\u00e1til:<\/strong> Los abrigos de lana pueden vestirse de forma elegante o informal, seg\u00fan la ocasi\u00f3n.<\/li>\n<\/ul>\n<\/li>\n<\/ul>\n<div class=\"attachment-container search-images\">\n<div class=\"image-container hide-from-message-actions ng-star-inserted\">\n<h3 class=\"caption ellipsis gds-label-m-alt ng-star-inserted\" aria-hidden=\"true\"><strong style=\"color: #555555; font-size: 14.4px;\">3. Abrigo parka:<\/strong><\/h3>\n<\/div>\n<\/div>\n<ul data-sourcepos=\"21:1-24:0\">\n<li style=\"list-style-type: none;\">\n<ul data-sourcepos=\"21:1-24:0\">\n<li data-sourcepos=\"21:1-21:88\"><strong>C\u00e1lido y protector:<\/strong> Las parkas est\u00e1n dise\u00f1adas para mantener el calor en condiciones de fr\u00edo extremo.<\/li>\n<li data-sourcepos=\"22:1-22:75\"><strong>Funcional:<\/strong> Suelen llevar capucha, adornos de piel y m\u00faltiples bolsillos.<\/li>\n<li data-sourcepos=\"23:1-24:0\"><strong>Con estilo:<\/strong> Las parkas pueden ser elegantes y estar a la moda, sobre todo con dise\u00f1os y colores modernos.<\/li>\n<\/ul>\n<\/li>\n<\/ul>\n<div class=\"attachment-container search-images\">\n<div class=\"image-container hide-from-message-actions ng-star-inserted\">\n<h3 class=\"caption ellipsis gds-label-m-alt ng-star-inserted\" aria-hidden=\"true\"><strong style=\"color: #555555; font-size: 14.4px;\">4. Peacoat Abrigos de invierno para mujer:<\/strong><\/h3>\n<\/div>\n<\/div>\n<ul data-sourcepos=\"29:1-32:0\">\n<li style=\"list-style-type: none;\">\n<ul data-sourcepos=\"29:1-32:0\">\n<li data-sourcepos=\"29:1-29:83\"><strong>Cl\u00e1sico y n\u00e1utico:<\/strong> Los chaquetones son un estilo atemporal de herencia n\u00e1utica.<\/li>\n<li data-sourcepos=\"30:1-30:102\"><strong>C\u00e1lido y elegante:<\/strong> Est\u00e1n confeccionados con lana gruesa y c\u00e1lida y suelen llevar un doble botonadura en la parte delantera.<\/li>\n<li data-sourcepos=\"31:1-32:0\"><strong>Vers\u00e1til:<\/strong> Los peacoats pueden vestirse de forma elegante o informal, seg\u00fan la ocasi\u00f3n.<\/li>\n<\/ul>\n<\/li>\n<\/ul>\n<div class=\"attachment-container search-images\">\n<div class=\"image-container hide-from-message-actions ng-star-inserted\">\n<div class=\"caption ellipsis gds-label-m-alt ng-star-inserted\" aria-hidden=\"true\"><strong style=\"color: #555555; font-size: 14.4px;\">5. Abrigo de cuero:<\/strong><\/div>\n<\/div>\n<\/div>\n<ul data-sourcepos=\"37:1-40:0\">\n<li style=\"list-style-type: none;\">\n<ul data-sourcepos=\"37:1-40:0\">\n<li data-sourcepos=\"37:1-37:72\"><strong>Elegante y con estilo:<\/strong> Los abrigos de piel a\u00f1aden un toque vanguardista a cualquier atuendo.<\/li>\n<li data-sourcepos=\"38:1-38:87\"><strong>Duradero y atemporal:<\/strong> El cuero es un material resistente que puede durar muchos a\u00f1os.<\/li>\n<li data-sourcepos=\"39:1-40:0\"><strong>Vers\u00e1til:<\/strong> Los abrigos de piel pueden vestirse de forma elegante o informal, seg\u00fan el estilo y la ocasi\u00f3n.<\/li>\n<\/ul>\n<\/li>\n<\/ul>\n<div class=\"attachment-container search-images\">\n<div class=\"image-container hide-from-message-actions ng-star-inserted\">\n<div class=\"caption ellipsis gds-label-m-alt ng-star-inserted\" aria-hidden=\"true\"><strong style=\"color: #555555; font-size: 14.4px;\">Consejos para elegir los abrigos de invierno para mujer:<\/strong><\/div>\n<\/div>\n<\/div>\n<ul data-sourcepos=\"45:1-50:0\">\n<li data-sourcepos=\"45:1-45:91\"><strong>Tenga en cuenta su clima:<\/strong> Elige un abrigo apropiado para el clima en el que vives.<\/li>\n<li data-sourcepos=\"46:1-46:117\"><strong>Piensa en tu estilo de vida:<\/strong> Ten en cuenta tus actividades diarias y elige un abrigo que sea pr\u00e1ctico y c\u00f3modo.<\/li>\n<li data-sourcepos=\"47:1-47:91\"><strong>Presta atenci\u00f3n al ajuste:<\/strong> El abrigo debe ajustarse bien y no quedar ni demasiado apretado ni demasiado holgado.<\/li>\n<li data-sourcepos=\"48:1-48:98\"><strong>Elige un estilo que se adapte a tu personalidad:<\/strong> Elige un abrigo que refleje tu estilo personal.<\/li>\n<li data-sourcepos=\"49:1-50:0\"><strong>Ten en cuenta los materiales:<\/strong> Busca materiales de alta calidad que te mantengan caliente y seco.<\/li>\n<\/ul>\n<p data-sourcepos=\"51:1-51:149\">Con tantos estilos y materiales entre los que elegir, seguro que encuentras el abrigo de invierno perfecto para mantenerte abrigado y elegante durante toda la temporada.<\/p>","protected":false},"excerpt":{"rendered":"<table style=\"height: 500px;\" width=\"479\">\n<tbody>\n<tr>\n<td width=\"146\"><strong><b>Producto<\/b><\/strong>\u00a0<strong><b>Nombre:<\/b><\/strong><\/td>\n<td width=\"601\"><strong>Abrigos de invierno para mujer<\/strong><\/td>\n<\/tr>\n<tr>\n<td width=\"146\"><strong><b>Materlal:<\/b><\/strong><\/td>\n<td width=\"601\">Punto<\/td>\n<\/tr>\n<tr>\n<td width=\"146\"><strong><b>T\u00e9cnica:<\/b><\/strong><\/td>\n<td width=\"601\">Bordado<\/td>\n<\/tr>\n<tr>\n<td width=\"146\"><strong><b>Estilo:<\/b><\/strong><\/td>\n<td width=\"601\">Casual<\/td>\n<\/tr>\n<tr>\n<td width=\"146\"><strong><b>Color<\/b><\/strong><strong><b>:<\/b><\/strong><\/td>\n<td width=\"601\">\u00a0Colores personalizados<\/td>\n<\/tr>\n<tr>\n<td width=\"146\"><strong><b>Tama\u00f1o:<\/b><\/strong><\/td>\n<td width=\"601\">S \/M \/L \/XL \/2XL<\/td>\n<\/tr>\n<tr>\n<td width=\"146\"><strong><b>OEM\/ODM:<\/b><\/strong><\/td>\n<td width=\"601\">Aceptable<\/td>\n<\/tr>\n<tr>\n<td width=\"146\"><strong><b>Calidad:<\/b><\/strong><\/td>\n<td width=\"601\">100% Alta calidad<\/td>\n<\/tr>\n<tr>\n<td width=\"146\"><strong><b>M<\/b><\/strong><strong><b>OQ:<\/b><\/strong><\/td>\n<td width=\"601\">200 unidades<\/td>\n<\/tr>\n<\/tbody>\n<\/table>","protected":false},"featured_media":2079,"template":"","meta":[],"product_brand":[],"product_cat":[39],"product_tag":[],"class_list":{"0":"post-2078","1":"product","2":"type-product","3":"status-publish","4":"has-post-thumbnail","6":"product_cat-womens-clothing","8":"first","9":"instock","10":"shipping-taxable","11":"product-type-simple"},"_links":{"self":[{"href":"https:\/\/mj-clothing.com\/es\/wp-json\/wp\/v2\/product\/2078","targetHints":{"allow":["GET"]}}],"collection":[{"href":"https:\/\/mj-clothing.com\/es\/wp-json\/wp\/v2\/product"}],"about":[{"href":"https:\/\/mj-clothing.com\/es\/wp-json\/wp\/v2\/types\/product"}],"wp:featuredmedia":[{"embeddable":true,"href":"https:\/\/mj-clothing.com\/es\/wp-json\/wp\/v2\/media\/2079"}],"wp:attachment":[{"href":"https:\/\/mj-clothing.com\/es\/wp-json\/wp\/v2\/media?parent=2078"}],"wp:term":[{"taxonomy":"product_brand","embeddable":true,"href":"https:\/\/mj-clothing.com\/es\/wp-json\/wp\/v2\/product_brand?post=2078"},{"taxonomy":"product_cat","embeddable":true,"href":"https:\/\/mj-clothing.com\/es\/wp-json\/wp\/v2\/product_cat?post=2078"},{"taxonomy":"product_tag","embeddable":true,"href":"https:\/\/mj-clothing.com\/es\/wp-json\/wp\/v2\/product_tag?post=2078"}],"curies":[{"name":"wp","href":"https:\/\/api.w.org\/{rel}","templated":true}]}}