{"id":1630,"date":"2024-12-12T01:46:18","date_gmt":"2024-12-12T01:46:18","guid":{"rendered":"https:\/\/mj-clothing.com\/?post_type=product&#038;p=1630"},"modified":"2024-12-17T07:22:20","modified_gmt":"2024-12-17T07:22:20","slug":"mens-long-sleeve-shirt","status":"publish","type":"product","link":"https:\/\/mj-clothing.com\/et\/manufacturer\/mens-long-sleeve-shirt\/","title":{"rendered":"Meeste pikkade varrukatega s\u00e4rk"},"content":{"rendered":"<p><span class=\"citation-0 recitation citation-end-0\">Meeste pikkade varrukatega s\u00e4rk on mitmek\u00fclgne r\u00f5ivaese, mida saab vastavalt olukorrale ja kangale riietada nii \u00fcles kui ka alla.<\/span> See on garderoobi p\u00f5hitarvik, mida iga mees peaks omama.<\/p>\n<h3 data-sourcepos=\"5:1-5:38\"><strong>Meeste pikkade varrukatega s\u00e4rkide t\u00fc\u00fcbid:<\/strong><\/h3>\n<ul data-sourcepos=\"7:1-15:0\">\n<li data-sourcepos=\"7:1-8:30\"><strong><span class=\"citation-1 recitation\">Flanell:<\/span><\/strong><span class=\"citation-1 recitation citation-end-1\"> Klassikaline valik s\u00fcgiseks ja talveks on flanells\u00e4rgid, mis on valmistatud pehmest ja soojast kangast, mis sobib ideaalselt kihiliseks riietuseks.<\/span>\n<div class=\"container\"><\/div>\n<p><span class=\"citation-2 recitation citation-end-2\">Neid on mitmesuguste mustritega, alates ruudulistest kuni \u00fchev\u00e4rvilisteni.<\/span><\/li>\n<li data-sourcepos=\"7:1-8:30\"><strong>Oxford:<\/strong> Tihedalt kootud puuvillasest kangast valmistatud kleidis\u00e4rk. <span class=\"citation-3 recitation citation-end-3\">Oxfordi s\u00e4rke kantakse sageli \u00e4rikorras, kuid neid saab ka vabaaja riietuses kanda.<\/span>\n<div class=\"container\"><\/div>\n<\/li>\n<li data-sourcepos=\"7:1-8:30\"><strong>Chambray:<\/strong> <span class=\"citation-4 recitation citation-end-4\">Kerge, vabaaja s\u00e4rk, mis on valmistatud puuvillasest kangast, mis sarnaneb teksaga.<\/span> Chambray s\u00e4rgid sobivad suurep\u00e4raselt kevadeks ja suveks.<\/li>\n<li data-sourcepos=\"7:1-8:30\"><strong><span class=\"citation-5 recitation\">T-s\u00e4rk:<\/span><\/strong><span class=\"citation-5 recitation citation-end-5\"> P\u00f5hiline, mitmek\u00fclgne s\u00e4rk, mida saab kanda nii eraldi kui ka teiste riiete all.<\/span>\n<div class=\"container\"><span style=\"font-size: 14.4px;\">Pikkade varrukatega t-s\u00e4rgid sobivad suurep\u00e4raselt jahedama ilmaga.<\/span><\/div>\n<\/li>\n<li data-sourcepos=\"7:1-8:30\">\n<p data-sourcepos=\"16:1-16:43\"><strong>Kuidas kujundada meeste pikkade varrukatega s\u00e4rki:<\/strong><\/p>\n<ul data-sourcepos=\"18:1-21:0\">\n<li data-sourcepos=\"18:1-18:110\"><strong><span class=\"citation-6 recitation\">Pane see \u00fcles:<\/span><\/strong><span class=\"citation-6 recitation citation-end-6\"> Pika varrukaga Oxfordi s\u00e4rk koos lipsu ja kleidip\u00fckstega annab ametliku v\u00e4limuse.<\/span><\/li>\n<li data-sourcepos=\"18:1-18:110\"><strong style=\"font-size: 14.4px;\"><span class=\"citation-7 recitation\">Pane see maha:<\/span><\/strong><span class=\"citation-7 recitation citation-end-7\" style=\"font-size: 14.4px;\"> Kandke flanells\u00e4rki koos teksade ja saabastega, et saada vabaaja ja karmi v\u00e4limus.<\/span><\/li>\n<li data-sourcepos=\"18:1-18:110\"><strong>Kihtide kaupa:<\/strong> Lisasoojuse saamiseks kanna flanells\u00e4rgi v\u00f5i kampsuni alla pikkade varrukatega t-s\u00e4rk.<\/li>\n<li data-sourcepos=\"18:1-18:110\">\n<p data-sourcepos=\"22:1-22:46\"><strong>N\u00e4pun\u00e4iteid meeste pikkade varrukatega s\u00e4rgi ostmiseks:<\/strong><\/p>\n<ul data-sourcepos=\"24:1-27:0\">\n<li data-sourcepos=\"24:1-24:95\"><strong>M\u00f5elge kangale:<\/strong> Valige hooajale ja s\u00fcndmusele sobiv kangas.<\/li>\n<li data-sourcepos=\"25:1-25:126\"><strong>P\u00f6\u00f6rake t\u00e4helepanu sobivusele:<\/strong> S\u00e4rk peaks istuma h\u00e4sti \u00f5lgadel ja rinnal ning olema piisavalt pikk, et seda saaks sisse t\u00f5mmata.<\/li>\n<li data-sourcepos=\"26:1-27:0\"><strong>Kontrollige krae:<\/strong> Krae peaks lamama teie kaelal ja ei tohiks olla liiga kitsas ega liiga lahtine.<\/li>\n<\/ul>\n<\/li>\n<\/ul>\n<\/li>\n<\/ul>","protected":false},"excerpt":{"rendered":"<table style=\"height: 593px;\" width=\"513\">\n<tbody>\n<tr>\n<td width=\"146\"><strong><b>Toode<\/b><\/strong>\u00a0<strong><b>Nimi:<\/b><\/strong><\/td>\n<td width=\"601\"><strong>Meeste pikkade varrukatega s\u00e4rk<\/strong><\/td>\n<\/tr>\n<tr>\n<td width=\"146\"><strong><b>Materlal:<\/b><\/strong><\/td>\n<td width=\"601\">Pol\u00fcester\/puuvill<\/td>\n<\/tr>\n<tr>\n<td width=\"146\"><strong><b>Tehnika:<\/b><\/strong><\/td>\n<td width=\"601\">Tr\u00fckkimine ja v\u00e4rvimine<\/td>\n<\/tr>\n<tr>\n<td width=\"146\"><strong><b>Stiil:<\/b><\/strong><\/td>\n<td width=\"601\">Casual<\/td>\n<\/tr>\n<tr>\n<td width=\"146\"><strong><b>V\u00e4rv<\/b><\/strong><strong><b>:<\/b><\/strong><\/td>\n<td width=\"601\">\u00a0Kohandatud v\u00e4rvid<\/td>\n<\/tr>\n<tr>\n<td width=\"146\"><strong><b>Suurus:<\/b><\/strong><\/td>\n<td width=\"601\">S \/M \/L \/XL \/2XL<\/td>\n<\/tr>\n<tr>\n<td width=\"146\"><strong><b>OEM\/ODM:<\/b><\/strong><\/td>\n<td width=\"601\">Aktsepteeritav<\/td>\n<\/tr>\n<tr>\n<td width=\"146\"><strong><b>Kvaliteet:<\/b><\/strong><\/td>\n<td width=\"601\">100% k\u00f5rge kvaliteet<\/td>\n<\/tr>\n<tr>\n<td width=\"146\"><strong><b>M<\/b><\/strong><strong><b>OQ:<\/b><\/strong><\/td>\n<td width=\"601\">200 tk<\/td>\n<\/tr>\n<\/tbody>\n<\/table>","protected":false},"featured_media":1746,"template":"","meta":[],"product_brand":[],"product_cat":[38],"product_tag":[],"class_list":{"0":"post-1630","1":"product","2":"type-product","3":"status-publish","4":"has-post-thumbnail","6":"product_cat-mens-clothing","8":"first","9":"instock","10":"shipping-taxable","11":"product-type-simple"},"_links":{"self":[{"href":"https:\/\/mj-clothing.com\/et\/wp-json\/wp\/v2\/product\/1630","targetHints":{"allow":["GET"]}}],"collection":[{"href":"https:\/\/mj-clothing.com\/et\/wp-json\/wp\/v2\/product"}],"about":[{"href":"https:\/\/mj-clothing.com\/et\/wp-json\/wp\/v2\/types\/product"}],"wp:featuredmedia":[{"embeddable":true,"href":"https:\/\/mj-clothing.com\/et\/wp-json\/wp\/v2\/media\/1746"}],"wp:attachment":[{"href":"https:\/\/mj-clothing.com\/et\/wp-json\/wp\/v2\/media?parent=1630"}],"wp:term":[{"taxonomy":"product_brand","embeddable":true,"href":"https:\/\/mj-clothing.com\/et\/wp-json\/wp\/v2\/product_brand?post=1630"},{"taxonomy":"product_cat","embeddable":true,"href":"https:\/\/mj-clothing.com\/et\/wp-json\/wp\/v2\/product_cat?post=1630"},{"taxonomy":"product_tag","embeddable":true,"href":"https:\/\/mj-clothing.com\/et\/wp-json\/wp\/v2\/product_tag?post=1630"}],"curies":[{"name":"wp","href":"https:\/\/api.w.org\/{rel}","templated":true}]}}