{"id":1639,"date":"2024-12-12T03:09:51","date_gmt":"2024-12-12T03:09:51","guid":{"rendered":"https:\/\/mj-clothing.com\/?post_type=product&#038;p=1639"},"modified":"2024-12-17T07:21:12","modified_gmt":"2024-12-17T07:21:12","slug":"luxury-mens-white-shirt","status":"publish","type":"product","link":"https:\/\/mj-clothing.com\/et\/manufacturer\/luxury-mens-white-shirt\/","title":{"rendered":"Luksuslik meeste valge s\u00e4rk"},"content":{"rendered":"<h2>Luksuslik meeste valge s\u00e4rk<\/h2>\n<p><span class=\"citation-0 recitation citation-end-0\">Luksuslik meeste valge s\u00e4rk on ajatu klassika, mis v\u00f5ib t\u00f5sta iga garderoobi.<\/span>Siin on m\u00f5ned p\u00f5hitegurid, mida tuleks valge luksusliku s\u00e4rgi valimisel arvesse v\u00f5tta:<\/p>\n<div id=\"model-response-message-contentr_5dd7d1f0a90fdd28\" class=\"markdown markdown-main-panel response-optimization\" dir=\"ltr\">\n<p data-sourcepos=\"3:1-3:11\"><strong>Kangas:<\/strong><\/p>\n<ul data-sourcepos=\"5:1-12:0\">\n<li data-sourcepos=\"5:1-7:29\"><strong><span class=\"citation-1 recitation\">Fine Cotton:<\/span><\/strong><span class=\"citation-1 recitation citation-end-1\"> Kvaliteetne puuvill, n\u00e4iteks Egiptuse v\u00f5i Pima puuvill, on erakordselt pehme, hingav ja vastupidav.<\/span><\/li>\n<li data-sourcepos=\"5:1-7:29\"><strong><span class=\"citation-2 recitation\">Sea Island Cotton:<\/span><\/strong><span class=\"citation-2 recitation citation-end-2\"> Sea Islandi puuvill, mis on tuntud oma eriti pikkade kiudude poolest, on \u00fcks luksuslikumaid kangaid.<\/span> See on uskumatult pehme, sile ja l\u00e4ikiv.<span class=\"button-container hide-from-message-actions ng-star-inserted\">\u00a0<\/span>\n<div class=\"container ng-tns-c3661983433-95 hide\">\n<div class=\"carousel-container ng-tns-c3661983433-95\"><\/div>\n<\/div>\n<div class=\"attachment-container search-images\"><\/div>\n<\/li>\n<li data-sourcepos=\"5:1-7:29\"><strong><span class=\"citation-3 recitation\">Lina:<\/span><\/strong><span class=\"citation-3 recitation citation-end-3\"> Looduslik, hingav kangas, mis sobib ideaalselt soojemate ilmade jaoks.<\/span>See on sageli kergelt tekstuurse v\u00e4limusega ja l\u00f5dvestunud, elegantse tunnetusega.<span class=\"button-container hide-from-message-actions ng-star-inserted\" style=\"font-size: 14.4px;\">\u00a0\u00a0<\/span>\n<div class=\"container ng-tns-c3661983433-95 hide\">\n<div class=\"carousel-container ng-tns-c3661983433-95\"><\/div>\n<\/div>\n<div class=\"attachment-container search-images\"><\/div>\n<\/li>\n<\/ul>\n<p data-sourcepos=\"13:1-13:17\"><strong>Ehitus:<\/strong><\/p>\n<ul data-sourcepos=\"15:1-18:0\">\n<li data-sourcepos=\"15:1-15:160\"><strong>R\u00e4tsepat\u00f6\u00f6:<\/strong> S\u00e4rk peaks olema h\u00e4sti r\u00e4tsepat\u00f6\u00f6na, t\u00e4pse \u00f5mbluse ja puhta viimistlusega. P\u00f6\u00f6rake t\u00e4helepanu sellistele detailidele nagu krae, mansetid ja n\u00f6\u00f6paugud.<\/li>\n<li data-sourcepos=\"16:1-16:110\"><strong>Sobib:<\/strong> Luksusliku v\u00e4ljan\u00e4gemise jaoks on sobivus \u00fclioluline. H\u00e4sti istuv s\u00e4rk peaks olema sujuvalt ja mugavalt rippuv.<\/li>\n<li data-sourcepos=\"17:1-18:0\"><strong>Krae stiil:<\/strong> Valige krae stiil, mis sobib teie n\u00e4okujule ja isiklikele eelistustele. <span class=\"citation-4 recitation citation-end-4\">Populaarsete valikute hulka kuuluvad klassikaline punktkrae, n\u00f6\u00f6pidega krae ja l\u00f5ikekrae.<\/span><span class=\"button-container hide-from-message-actions ng-star-inserted\"> \u00a0<\/span>\n<div class=\"container ng-tns-c3661983433-96 hide\">\n<div class=\"carousel-container ng-tns-c3661983433-96\">\n<div class=\"carousel-content ng-tns-c3661983433-96\">\n<div class=\"sources-carousel-source ng-tns-c3661983433-96 hide ng-star-inserted\" data-test-id=\"sources-carousel-source\"><\/div>\n<\/div>\n<\/div>\n<\/div>\n<\/li>\n<\/ul>\n<p data-sourcepos=\"19:1-19:11\"><strong>Disain:<\/strong><\/p>\n<ul data-sourcepos=\"21:1-23:0\">\n<li data-sourcepos=\"21:1-21:168\"><strong>Minimalistlik elegants:<\/strong> Lihtne ja puhas disain on sageli k\u00f5ige luksuslikum. Valige s\u00e4rk, millel on peened detailid, n\u00e4iteks p\u00e4rlmutterist n\u00f6\u00f6bid v\u00f5i \u00f5rn monogramm.<\/li>\n<li data-sourcepos=\"22:1-23:0\"><strong>Peened mustrid:<\/strong> Kui eelistate veidi mustrit, kaaluge peent triipu v\u00f5i v\u00e4ikest ruudukest.<\/li>\n<\/ul>\n<p data-sourcepos=\"24:1-24:11\"><strong>Kaubam\u00e4rgid:<\/strong><\/p>\n<\/div>\n<div class=\"skeleton-loader-container\">\n<p data-sourcepos=\"26:1-26:70\">Mitmed luksusbr\u00e4ndid on tuntud oma luksusliku meeste valge s\u00e4rgi poolest:<\/p>\n<ul data-sourcepos=\"28:1-36:0\">\n<li data-sourcepos=\"28:1-29:43\"><strong>Turnbull &amp; Asser:<\/strong> <span class=\"citation-5 recitation citation-end-5\">Tuntud oma r\u00e4tsepat\u00f6\u00f6 ja luksuslike kangaste poolest.<\/span><\/li>\n<li data-sourcepos=\"28:1-29:43\"><strong><span class=\"citation-6 recitation\">Charvet:<\/span><\/strong><span class=\"citation-6 recitation citation-end-6\"> Ajalooline prantsuse s\u00e4rgivalmistaja, kes pakub peent k\u00e4sit\u00f6\u00f6oskust ja elegantset disaini.<\/span><\/li>\n<li data-sourcepos=\"28:1-29:43\"><strong><span class=\"citation-7 recitation\">Brioni:<\/span><\/strong><span class=\"citation-7 recitation citation-end-7\"> Itaalia luksusbr\u00e4nd, mis keskendub peenele r\u00e4tsepat\u00f6\u00f6le ja laitmatule kvaliteedile.<\/span><\/li>\n<li data-sourcepos=\"28:1-29:43\">\n<div class=\"container\"><strong><span class=\"citation-8 recitation\">Kiton:<\/span><\/strong><span class=\"citation-8 recitation citation-end-8\"> Veel \u00fcks Itaalia luksusbr\u00e4nd, mis toodab \u00fched maailma parimatest s\u00e4rkidest.<\/span><\/div>\n<p><span class=\"button-container hide-from-message-actions ng-star-inserted\"> \u00a0 <\/span><\/li>\n<\/ul>\n<\/div>\n<div class=\"response-footer gap complete\">\n<div class=\"container ng-tns-c3661983433-86\">\n<div class=\"carousel-container ng-tns-c3661983433-86\">\n<div class=\"carousel-content ng-tns-c3661983433-86\">\n<div class=\"sources-carousel-source ng-tns-c3661983433-86 ng-star-inserted\" data-test-id=\"sources-carousel-source\">\n<div class=\"source-card-container\">\n<div class=\"source-card-content\">\n<div class=\"source-card-body\">\n<div class=\"source-card-header\">\n<div class=\"source-card-title\"><\/div>\n<\/div>\n<\/div>\n<\/div>\n<\/div>\n<\/div>\n<\/div>\n<\/div>\n<\/div>\n<\/div>","protected":false},"excerpt":{"rendered":"<table style=\"height: 485px;\" width=\"491\">\n<tbody>\n<tr>\n<td width=\"146\"><strong><b>Toode<\/b><\/strong>\u00a0<strong><b>Nimi:<\/b><\/strong><\/td>\n<td width=\"601\"><strong>Luksuslik meeste valge s\u00e4rk<\/strong><\/td>\n<\/tr>\n<tr>\n<td width=\"146\"><strong><b>Materlal:<\/b><\/strong><\/td>\n<td width=\"601\">Pol\u00fcester\/puuvill<\/td>\n<\/tr>\n<tr>\n<td width=\"146\"><strong><b>Tehnika:<\/b><\/strong><\/td>\n<td width=\"601\">Tr\u00fckkimine ja v\u00e4rvimine<\/td>\n<\/tr>\n<tr>\n<td width=\"146\"><strong><b>Stiil:<\/b><\/strong><\/td>\n<td width=\"601\">Casual<\/td>\n<\/tr>\n<tr>\n<td width=\"146\"><strong><b>V\u00e4rv<\/b><\/strong><strong><b>:<\/b><\/strong><\/td>\n<td width=\"601\">\u00a0Kohandatud v\u00e4rvid<\/td>\n<\/tr>\n<tr>\n<td width=\"146\"><strong><b>Suurus:<\/b><\/strong><\/td>\n<td width=\"601\">S \/M \/L \/XL \/2XL<\/td>\n<\/tr>\n<tr>\n<td width=\"146\"><strong><b>OEM\/ODM:<\/b><\/strong><\/td>\n<td width=\"601\">Aktsepteeritav<\/td>\n<\/tr>\n<tr>\n<td width=\"146\"><strong><b>Kvaliteet:<\/b><\/strong><\/td>\n<td width=\"601\">100% k\u00f5rge kvaliteet<\/td>\n<\/tr>\n<tr>\n<td width=\"146\"><strong><b>M<\/b><\/strong><strong><b>OQ:<\/b><\/strong><\/td>\n<td width=\"601\">200 tk<\/td>\n<\/tr>\n<\/tbody>\n<\/table>","protected":false},"featured_media":1748,"template":"","meta":[],"product_brand":[],"product_cat":[38],"product_tag":[],"class_list":{"0":"post-1639","1":"product","2":"type-product","3":"status-publish","4":"has-post-thumbnail","6":"product_cat-mens-clothing","8":"first","9":"instock","10":"shipping-taxable","11":"product-type-simple"},"_links":{"self":[{"href":"https:\/\/mj-clothing.com\/et\/wp-json\/wp\/v2\/product\/1639","targetHints":{"allow":["GET"]}}],"collection":[{"href":"https:\/\/mj-clothing.com\/et\/wp-json\/wp\/v2\/product"}],"about":[{"href":"https:\/\/mj-clothing.com\/et\/wp-json\/wp\/v2\/types\/product"}],"wp:featuredmedia":[{"embeddable":true,"href":"https:\/\/mj-clothing.com\/et\/wp-json\/wp\/v2\/media\/1748"}],"wp:attachment":[{"href":"https:\/\/mj-clothing.com\/et\/wp-json\/wp\/v2\/media?parent=1639"}],"wp:term":[{"taxonomy":"product_brand","embeddable":true,"href":"https:\/\/mj-clothing.com\/et\/wp-json\/wp\/v2\/product_brand?post=1639"},{"taxonomy":"product_cat","embeddable":true,"href":"https:\/\/mj-clothing.com\/et\/wp-json\/wp\/v2\/product_cat?post=1639"},{"taxonomy":"product_tag","embeddable":true,"href":"https:\/\/mj-clothing.com\/et\/wp-json\/wp\/v2\/product_tag?post=1639"}],"curies":[{"name":"wp","href":"https:\/\/api.w.org\/{rel}","templated":true}]}}