{"id":1662,"date":"2024-12-12T03:40:11","date_gmt":"2024-12-12T03:40:11","guid":{"rendered":"https:\/\/mj-clothing.com\/?post_type=product&#038;p=1662"},"modified":"2024-12-17T07:20:07","modified_gmt":"2024-12-17T07:20:07","slug":"mens-lounge-shirts","status":"publish","type":"product","link":"https:\/\/mj-clothing.com\/et\/manufacturer\/mens-lounge-shirts\/","title":{"rendered":"Meeste Lounge s\u00e4rgid"},"content":{"rendered":"<div class=\"user-query-container ng-star-inserted\">\n<div id=\"user-query-content-5\" class=\"query-content\">\n<div class=\"query-text ng-star-inserted\" dir=\"ltr\" role=\"heading\" aria-level=\"2\">\n<h2 class=\"query-text-line ng-star-inserted\">Meeste Lounge s\u00e4rgid<\/h2>\n<\/div>\n<\/div>\n<div class=\"button-gutter\"><span class=\"citation-0 recitation citation-end-0\" style=\"font-size: 14.4px; color: #555555;\">Mens Lounge Shirts on mugav ja stiilne r\u00f5ivaese, mis on m\u00f5eldud l\u00f5\u00f5gastumiseks ja vaba aja veetmiseks.<\/span><span style=\"font-size: 14.4px; color: #555555;\"> See sobib ideaalselt majas lebotamiseks, asjade ajamiseks v\u00f5i lihtsalt vabal p\u00e4eval v\u00e4ljas olemiseks.<\/span><\/div>\n<div>\n<p data-sourcepos=\"3:1-3:61\">Siin on m\u00f5ned meeste salongis\u00e4rkide peamised omadused ja stiilid:<\/p>\n<p data-sourcepos=\"5:1-5:17\"><strong>Peamised omadused:<\/strong><\/p>\n<ul data-sourcepos=\"7:1-10:0\">\n<li data-sourcepos=\"7:1-7:123\"><strong><span class=\"citation-1 recitation\">Mugavus:<\/span><\/strong><span class=\"citation-1 recitation citation-end-1\"> Lounge-s\u00e4rgid on tavaliselt valmistatud pehmest, hingavast kangast, n\u00e4iteks puuvillast, flanellist v\u00f5i trikotaa\u017eist.<\/span><\/li>\n<li data-sourcepos=\"7:1-7:123\"><strong>Relaxed Fit:<\/strong> Sageli on need maksimaalse mugavuse tagamiseks l\u00f5dvestunud v\u00f5i \u00fclisuuremate l\u00f5igetega.<\/li>\n<li data-sourcepos=\"7:1-7:123\"><strong>Casual Style:<\/strong> Lounge-s\u00e4rgid on saadaval erinevates vabaaja stiilides, sealhulgas \u00fchev\u00e4rvilised, triibulised ja mustrilised.\n<p data-sourcepos=\"11:1-11:19\"><strong>Populaarsed stiilid:<\/strong><\/p>\n<\/li>\n<li data-sourcepos=\"7:1-7:123\">\n<p data-sourcepos=\"11:1-11:19\"><strong style=\"color: #333333; font-size: 14.4px;\">Flanells\u00e4rk:<\/strong><span style=\"color: #333333; font-size: 14.4px;\"> Flanells\u00e4rgid on klassikaline valik k\u00fclmemate ilmade jaoks ja sobivad ideaalselt diivanil istumiseks.<\/span><\/p>\n<\/li>\n<li data-sourcepos=\"7:1-7:123\"><strong><span class=\"citation-2 recitation\">Oxfordi s\u00e4rk:<\/span><\/strong><span class=\"citation-2 recitation citation-end-2\"> Oksfordi s\u00e4rke saab nii riietada kui ka v\u00e4hendada.<\/span><\/li>\n<li data-sourcepos=\"7:1-7:123\"><strong><span class=\"citation-3 recitation\">Jerseys\u00e4rk:<\/span><\/strong><span class=\"citation-3 recitation citation-end-3\"> Pehme ja veniv variant, trikotaa\u017eist s\u00e4rgid sobivad ideaalselt l\u00f5\u00f5gastumiseks kodus.<sup class=\"superscript visible\" data-turn-source-index=\"4\">\u00a0<\/sup><\/span><\/li>\n<li data-sourcepos=\"7:1-7:123\"><strong><span class=\"citation-4 recitation\">Henley s\u00e4rk:<\/span><\/strong><span class=\"citation-4 recitation citation-end-4\"> Henley s\u00e4rgid on juhuslik ja mugav valik, mis sobib ideaalselt l\u00f5dvestunud v\u00e4limuse jaoks.<\/span>\n<div class=\"container\">\n<p data-sourcepos=\"22:1-22:38\"><strong>Kuidas kujundada meeste Lounge-s\u00e4rgid:<\/strong><\/p>\n<ul data-sourcepos=\"24:1-27:0\">\n<li data-sourcepos=\"24:1-24:88\"><strong>Casual Look:<\/strong> Paari flanell- v\u00f5i trikotaa\u017es\u00e4rk koos teksade v\u00f5i dressip\u00fckstega ja tossudega.<\/li>\n<li data-sourcepos=\"25:1-25:85\"><strong>K\u00f5rgendatud v\u00e4limus:<\/strong> Kandke Oxfordi s\u00e4rki koos l\u00f5\u00f5tsp\u00fckste v\u00f5i dressip\u00fckstega ja loafersidega.<\/li>\n<li data-sourcepos=\"26:1-27:0\"><strong>Kihiline v\u00e4limus:<\/strong> Flanells\u00e4rk saab hubase ja stiilse v\u00e4limuse, kui kannad flanells\u00e4rki \u00fcle t-s\u00e4rgi.<\/li>\n<\/ul>\n<\/div>\n<\/li>\n<\/ul>\n<\/div>\n<\/div>","protected":false},"excerpt":{"rendered":"<table style=\"height: 527px;\" width=\"492\">\n<tbody>\n<tr>\n<td width=\"146\"><strong><b>Toode<\/b><\/strong>\u00a0<strong><b>Nimi:<\/b><\/strong><\/td>\n<td width=\"601\"><strong>Meeste Lounge s\u00e4rgid<\/strong><\/td>\n<\/tr>\n<tr>\n<td width=\"146\"><strong><b>Materlal:<\/b><\/strong><\/td>\n<td width=\"601\">Pol\u00fcester\/puuvill<\/td>\n<\/tr>\n<tr>\n<td width=\"146\"><strong><b>Tehnika:<\/b><\/strong><\/td>\n<td width=\"601\">Tr\u00fckkimine ja v\u00e4rvimine<\/td>\n<\/tr>\n<tr>\n<td width=\"146\"><strong><b>Stiil:<\/b><\/strong><\/td>\n<td width=\"601\">Casual<\/td>\n<\/tr>\n<tr>\n<td width=\"146\"><strong><b>V\u00e4rv<\/b><\/strong><strong><b>:<\/b><\/strong><\/td>\n<td width=\"601\">\u00a0Kohandatud v\u00e4rvid<\/td>\n<\/tr>\n<tr>\n<td width=\"146\"><strong><b>Suurus:<\/b><\/strong><\/td>\n<td width=\"601\">S \/M \/L \/XL \/2XL<\/td>\n<\/tr>\n<tr>\n<td width=\"146\"><strong><b>OEM\/ODM:<\/b><\/strong><\/td>\n<td width=\"601\">Aktsepteeritav<\/td>\n<\/tr>\n<tr>\n<td width=\"146\"><strong><b>Kvaliteet:<\/b><\/strong><\/td>\n<td width=\"601\">100% k\u00f5rge kvaliteet<\/td>\n<\/tr>\n<tr>\n<td width=\"146\"><strong><b>M<\/b><\/strong><strong><b>OQ:<\/b><\/strong><\/td>\n<td width=\"601\">200 tk<\/td>\n<\/tr>\n<\/tbody>\n<\/table>","protected":false},"featured_media":1747,"template":"","meta":[],"product_brand":[],"product_cat":[38],"product_tag":[],"class_list":{"0":"post-1662","1":"product","2":"type-product","3":"status-publish","4":"has-post-thumbnail","6":"product_cat-mens-clothing","8":"first","9":"instock","10":"shipping-taxable","11":"product-type-simple"},"_links":{"self":[{"href":"https:\/\/mj-clothing.com\/et\/wp-json\/wp\/v2\/product\/1662","targetHints":{"allow":["GET"]}}],"collection":[{"href":"https:\/\/mj-clothing.com\/et\/wp-json\/wp\/v2\/product"}],"about":[{"href":"https:\/\/mj-clothing.com\/et\/wp-json\/wp\/v2\/types\/product"}],"wp:featuredmedia":[{"embeddable":true,"href":"https:\/\/mj-clothing.com\/et\/wp-json\/wp\/v2\/media\/1747"}],"wp:attachment":[{"href":"https:\/\/mj-clothing.com\/et\/wp-json\/wp\/v2\/media?parent=1662"}],"wp:term":[{"taxonomy":"product_brand","embeddable":true,"href":"https:\/\/mj-clothing.com\/et\/wp-json\/wp\/v2\/product_brand?post=1662"},{"taxonomy":"product_cat","embeddable":true,"href":"https:\/\/mj-clothing.com\/et\/wp-json\/wp\/v2\/product_cat?post=1662"},{"taxonomy":"product_tag","embeddable":true,"href":"https:\/\/mj-clothing.com\/et\/wp-json\/wp\/v2\/product_tag?post=1662"}],"curies":[{"name":"wp","href":"https:\/\/api.w.org\/{rel}","templated":true}]}}