{"id":1687,"date":"2024-12-12T06:29:02","date_gmt":"2024-12-12T06:29:02","guid":{"rendered":"https:\/\/mj-clothing.com\/?post_type=product&#038;p=1687"},"modified":"2024-12-13T03:09:53","modified_gmt":"2024-12-13T03:09:53","slug":"mens-linnen-ecru-shirt","status":"publish","type":"product","link":"https:\/\/mj-clothing.com\/et\/manufacturer\/mens-linnen-ecru-shirt\/","title":{"rendered":"Meeste Linnen Ecru s\u00e4rk"},"content":{"rendered":"<h2><strong>Meeste Linnen Ecru s\u00e4rk<\/strong><\/h2>\n<p><span class=\"citation-0 recitation citation-end-0\">Meeste Linnen Ecru s\u00e4rk on stiilne ja mitmek\u00fclgne r\u00f5ivaese, mis sobib ideaalselt sooja ilmaga.<\/span> Siin on p\u00f5hjus:<\/p>\n<h3 data-sourcepos=\"3:1-3:14\"><strong>\u00a0 \u00a0 \u00a0 Miks just linane?<\/strong><\/h3>\n<ul data-sourcepos=\"5:1-9:0\">\n<li data-sourcepos=\"5:1-5:157\"><strong>Hingavus:<\/strong> <span class=\"citation-1 recitation citation-end-1\">Lina on looduslik kiud, mis imab suurep\u00e4raselt niiskust ja laseb \u00f5hul ringelda, hoides teid jahedana ja mugavalt.<\/span><\/li>\n<li data-sourcepos=\"5:1-5:157\"><strong style=\"font-size: 14.4px;\"><span class=\"citation-2 recitation\">Vastupidavus:<\/span><\/strong><span class=\"citation-2 recitation citation-end-2\" style=\"font-size: 14.4px;\"> Hoolimata oma \u00f5rnast v\u00e4limusest on lina \u00fcllatavalt vastupidav ja kauakestev.<\/span><\/li>\n<li data-sourcepos=\"5:1-5:157\"><strong><span class=\"citation-3 recitation\">Pehmus:<\/span><\/strong><span class=\"citation-3 recitation citation-end-3\"> Lina muutub iga pesuga pehmemaks, muutes selle aja jooksul \u00fcha mugavamaks.<\/span><\/li>\n<li data-sourcepos=\"5:1-5:157\"><strong style=\"font-size: 14.4px;\">Kortsukindel:<\/strong><span style=\"font-size: 14.4px;\"> Kuigi lina on tuntud oma loomuliku kortsumise poolest, lisab see selle vabaaja ja l\u00f5dvestunud v\u00f5lu.<\/span><br \/>\n<h3 data-sourcepos=\"10:1-10:13\"><strong>Miks Ecru?<\/strong><\/h3>\n<\/li>\n<li data-sourcepos=\"5:1-5:157\"><strong>Mitmek\u00fclgsus:<\/strong> <span class=\"citation-4 recitation citation-end-4\">Ecru, hele bee\u017e v\u00f5i naturaalvalge v\u00e4rv, on uskumatult mitmek\u00fclgne.<\/span>See sobib h\u00e4sti erinevate v\u00e4rvidega, alates tumedatest teksap\u00fckstest kuni heledate teksap\u00fcksteni.<\/li>\n<li data-sourcepos=\"13:1-13:96\"><strong>Ajatu:<\/strong> Ekru neutraalne toon teeb sellest ajatu eseme, mis ei l\u00e4he kunagi moest v\u00e4lja.<\/li>\n<li data-sourcepos=\"14:1-15:0\"><strong>Lihtne kujundada:<\/strong> <span class=\"citation-5 recitation citation-end-5\"><span class=\"citation-5 recitation citation-end-5\"><span class=\"citation-5 recitation citation-end-5\">Seda saab riietada \u00fcles v\u00f5i alla, mist\u00f5ttu sobib see ideaalselt erinevateks puhkudel.<\/span><\/span><\/span><br \/>\n<h3 data-sourcepos=\"16:1-16:36\"><strong>Kuidas kujundada meeste Linnen Ecru s\u00e4rki?<\/strong><\/h3>\n<\/li>\n<li data-sourcepos=\"14:1-15:0\"><strong>Casual:<\/strong> Sobita see teksade, teksap\u00fckste v\u00f5i l\u00fchikeste p\u00fckste ja tossudega, et saada l\u00f5dvestunud, igap\u00e4evane v\u00e4limus.<\/li>\n<li data-sourcepos=\"14:1-15:0\"><strong>Smart Casual:<\/strong> Kombineerige seda r\u00e4tsepat\u00f6\u00f6na l\u00f5igatud p\u00fckste ja loaferitega, et saada keerukas, kuid samas ka rahulikum ansambel.<\/li>\n<li data-sourcepos=\"14:1-15:0\"><strong>Troopiline:<\/strong> Kandke seda kontrastse v\u00e4rviga linaste p\u00fckste v\u00f5i l\u00fchikeste p\u00fckstega, et saada suvine ja \u00f5huline riietus.<\/li>\n<\/ul>","protected":false},"excerpt":{"rendered":"<p>Materjal: pol\u00fcester\/puuvill\/linane<\/p>\n<p>Tehnika: Tikitud<\/p>\n<p>Stiil: Juhuslik<\/p>\n<p>V\u00e4rv: Must ja kohandatud v\u00e4rvid<\/p>\n<p>Suurus: SUURUS: S \/M \/L \/XL \/2XL<\/p>","protected":false},"featured_media":1750,"template":"","meta":[],"product_brand":[],"product_cat":[38],"product_tag":[],"class_list":{"0":"post-1687","1":"product","2":"type-product","3":"status-publish","4":"has-post-thumbnail","6":"product_cat-mens-clothing","8":"first","9":"instock","10":"shipping-taxable","11":"product-type-simple"},"_links":{"self":[{"href":"https:\/\/mj-clothing.com\/et\/wp-json\/wp\/v2\/product\/1687","targetHints":{"allow":["GET"]}}],"collection":[{"href":"https:\/\/mj-clothing.com\/et\/wp-json\/wp\/v2\/product"}],"about":[{"href":"https:\/\/mj-clothing.com\/et\/wp-json\/wp\/v2\/types\/product"}],"wp:featuredmedia":[{"embeddable":true,"href":"https:\/\/mj-clothing.com\/et\/wp-json\/wp\/v2\/media\/1750"}],"wp:attachment":[{"href":"https:\/\/mj-clothing.com\/et\/wp-json\/wp\/v2\/media?parent=1687"}],"wp:term":[{"taxonomy":"product_brand","embeddable":true,"href":"https:\/\/mj-clothing.com\/et\/wp-json\/wp\/v2\/product_brand?post=1687"},{"taxonomy":"product_cat","embeddable":true,"href":"https:\/\/mj-clothing.com\/et\/wp-json\/wp\/v2\/product_cat?post=1687"},{"taxonomy":"product_tag","embeddable":true,"href":"https:\/\/mj-clothing.com\/et\/wp-json\/wp\/v2\/product_tag?post=1687"}],"curies":[{"name":"wp","href":"https:\/\/api.w.org\/{rel}","templated":true}]}}