{"id":1744,"date":"2024-12-13T02:59:23","date_gmt":"2024-12-13T02:59:23","guid":{"rendered":"https:\/\/mj-clothing.com\/?post_type=product&#038;p=1744"},"modified":"2024-12-17T07:18:06","modified_gmt":"2024-12-17T07:18:06","slug":"mens-pocket-t-shirts","status":"publish","type":"product","link":"https:\/\/mj-clothing.com\/et\/manufacturer\/mens-pocket-t-shirts\/","title":{"rendered":"Meeste tasku T-s\u00e4rgid"},"content":{"rendered":"<div id=\"chat-history\" class=\"chat-history-scroll-container\">\n<div id=\"e1f51b489f031adc\" class=\"conversation-container ng-tns-c2150043242-1 message-actions-hover-boundary response-optimization ng-star-inserted\">\n<div class=\"response-container ng-tns-c1933435332-46 response-optimization response-container-with-gpi ng-star-inserted response-container-has-multiple-responses\">\n<div class=\"presented-response-container ng-tns-c1933435332-46\">\n<div class=\"response-container-content ng-tns-c1933435332-46 tunable-selection-with-avatar\">\n<div class=\"response-content ng-tns-c1933435332-46\">\n<div id=\"model-response-message-contentr_e1f51b489f031adc\" class=\"markdown markdown-main-panel response-optimization\" dir=\"ltr\">\n<h3 data-sourcepos=\"1:1-1:78\">Meeste tasku T-s\u00e4rgid<\/h3>\n<p data-sourcepos=\"1:1-1:78\">Siin on m\u00f5ned meeste taskute T-s\u00e4rgid, mis on praegu saadaval Singapuris:<\/p>\n<p data-sourcepos=\"3:1-3:19\"><strong>Casual Valikud:<\/strong><\/p>\n<ul data-sourcepos=\"5:1-10:0\">\n<li data-sourcepos=\"5:1-7:0\">\n<p data-sourcepos=\"5:3-6:64\"><strong>Uniqlo Oversized Pocket Crew Neck Half Sleeve T-s\u00e4rk:<\/strong> <span class=\"citation-0 recitation citation-end-0\">See on mugav ja stiilne valik, mis on saadaval erinevates v\u00e4rvides.<\/span> See sobib ideaalselt igap\u00e4evaseks kandmiseks.<span class=\"button-container hide-from-message-actions ng-star-inserted\">\u00a0 \u00a0<\/span><\/p>\n<div class=\"container ng-tns-c2946245707-59 hide\">\n<div class=\"carousel-container ng-tns-c2946245707-59\"><\/div>\n<\/div>\n<div class=\"attachment-container search-images\"><\/div>\n<\/li>\n<li data-sourcepos=\"8:1-10:0\">\n<p data-sourcepos=\"8:3-9:47\"><strong>Carhartt WIP S\/S Work Pocket T-s\u00e4rk:<\/strong> See on vastupidavam ja vastupidavam variant, mis sobib ideaalselt t\u00f6\u00f6- v\u00f5i v\u00e4listegevuseks. <span class=\"citation-1 recitation citation-end-1\">Sellel on rinnatasku ja l\u00f5dvestunud l\u00f5ige.<\/span><span class=\"button-container hide-from-message-actions ng-star-inserted\">\u00a0 \u00a0<\/span><\/p>\n<div class=\"container ng-tns-c2946245707-60 hide\">\n<div class=\"carousel-container ng-tns-c2946245707-60\"><\/div>\n<\/div>\n<div class=\"attachment-container search-images\"><\/div>\n<\/li>\n<\/ul>\n<p data-sourcepos=\"11:1-11:20\"><strong>Premium Valikud:<\/strong><\/p>\n<ul data-sourcepos=\"13:1-18:0\">\n<li data-sourcepos=\"13:1-15:0\">\n<p data-sourcepos=\"13:3-14:45\"><strong>Ralph Lauren Jersey Pocket T-s\u00e4rk:<\/strong> <span class=\"citation-2 recitation citation-end-2\">See on k\u00f5rgekvaliteediline t-s\u00e4rk, mis on valmistatud esmaklassilisest puuvillast.<\/span> Sellel on klassikaline disain ja v\u00e4ike tasku rinnal.<\/p>\n<\/li>\n<li data-sourcepos=\"13:1-15:0\">\n<p data-sourcepos=\"13:3-14:45\"><strong style=\"font-size: 14.4px;\">Timberland meeste Oxfordi rinna tasku t-s\u00e4rk:<\/strong> <span class=\"citation-3 recitation citation-end-3\" style=\"font-size: 14.4px;\">See on ainulaadne ja stiilne valik, mis on valmistatud 100% puuvillast.<\/span> <span class=\"citation-4 recitation citation-end-4\" style=\"font-size: 14.4px;\">Sellel on n\u00f6\u00f6pidega krae ja rinnatasku.<\/span><span class=\"button-container hide-from-message-actions ng-star-inserted\" style=\"font-size: 14.4px;\">\u00a0 \u00a0<\/span><\/p>\n<div class=\"container ng-tns-c2946245707-62 hide\">\n<div class=\"carousel-container ng-tns-c2946245707-62\">\n<div class=\"carousel-content ng-tns-c2946245707-62\">\n<div class=\"sources-carousel-source ng-tns-c2946245707-62 hide ng-star-inserted\" data-test-id=\"sources-carousel-source\"><\/div>\n<\/div>\n<\/div>\n<\/div>\n<div class=\"attachment-container search-images\"><\/div>\n<\/li>\n<\/ul>\n<p data-sourcepos=\"19:1-19:24\"><strong>Sooritusv\u00f5imalused:<\/strong><\/p>\n<ul data-sourcepos=\"21:1-23:0\">\n<li data-sourcepos=\"21:1-23:0\"><strong>Under Armour meeste UA Pocket T-s\u00e4rk:<\/strong> See T-s\u00e4rk sobib ideaalselt treenimiseks v\u00f5i muudeks aktiivseteks tegevusteks. <span class=\"citation-5 recitation citation-end-5\">Sellel on niiskustjuhtiv tehnoloogia ja rinnatasku.<\/span><span class=\"button-container hide-from-message-actions ng-star-inserted\"> \u00a0<\/span>\n<div class=\"container ng-tns-c2946245707-63 hide\">\n<div class=\"carousel-container ng-tns-c2946245707-63\"><\/div>\n<\/div>\n<div class=\"attachment-container search-images\">\n<div class=\"image-container hide-from-message-actions ng-star-inserted\">\n<div class=\"caption ellipsis gmat-caption ng-star-inserted\" aria-hidden=\"true\"><\/div>\n<\/div>\n<\/div>\n<\/li>\n<\/ul>\n<p data-sourcepos=\"24:1-24:171\">Need on vaid m\u00f5ned paljudest Singapuris saadaval olevatest meeste taskusse pandavatest t-s\u00e4rkidest. Suurema valiku v\u00f5ite leida oma kohalikust kaubamajast v\u00f5i veebim\u00fc\u00fcjast.<\/p>\n<p data-sourcepos=\"26:1-26:56\"><strong>T\u00e4iendavad n\u00e4pun\u00e4ited meeste taskute T-s\u00e4rkide valimiseks:<\/strong><\/p>\n<ul data-sourcepos=\"28:1-32:0\">\n<li data-sourcepos=\"28:1-28:273\">M\u00f5elge kangale: Puuvillane on populaarne valik taskutega t-s\u00e4rkide jaoks, sest see on mugav ja hingav. Siiski,Mens Pocket T Shirts v\u00f5ite kaaluda ka tulemuslikkusega kangaid, nagu pol\u00fcester v\u00f5i nailon, kui otsite t-s\u00e4rki, mis juhib niiskust ja hoiab teid jahedana.<\/li>\n<li data-sourcepos=\"29:1-29:174\">Valige \u00f5ige sobivus: T-s\u00e4rgid on erineva istuvusega, alates slim fit'ist kuni l\u00f5dvestunud istuvusega s\u00e4rkideni. Valige selline sobivus, mis sobib teie kehat\u00fc\u00fcbile ja mida on mugav kanda.<\/li>\n<li data-sourcepos=\"30:1-30:209\">M\u00f5tle tasku stiilile: M\u00f5nedel taskuga t-s\u00e4rkidel on v\u00e4ike tasku rinnal, teistel aga suurem tasku k\u00fcljel. Vali selline tasku stiil, mis sulle meeldib ja mis on sinu vajaduste jaoks praktiline.<\/li>\n<li data-sourcepos=\"31:1-32:0\">M\u00f5elge juhusele: Kui otsite taskutega t-s\u00e4rki, mida kanda t\u00f6\u00f6le, siis v\u00f5iksite valida ametlikuma stiili. Kui otsite t-s\u00e4rki, mida kanda n\u00e4dalavahetusel, v\u00f5iksite valida vabama stiili.<\/li>\n<\/ul>\n<p data-sourcepos=\"33:1-33:86\">J\u00e4rgides neid n\u00f5uandeid, saate leida sobivaima meeste taskuga t-s\u00e4rgi.<\/p>\n<\/div>\n<\/div>\n<\/div>\n<\/div>\n<\/div>\n<\/div>\n<\/div>\n<div class=\"input-area-container\">\n<div class=\"input-area\" data-node-type=\"input-area\">\n<div class=\"text-input-field\">\n<div class=\"text-input-field_textarea-wrapper\">\n<div class=\"text-input-field-main-area\">\n<div class=\"text-input-field_textarea-inner\">\n<div class=\"ql-editor textarea new-input-ui ql-blank\" role=\"textbox\" contenteditable=\"true\" data-gramm=\"false\" aria-multiline=\"true\" aria-label=\"Sisestage siia k\u00e4sk\" data-placeholder=\"Ask Gemini\"><\/div>\n<\/div>\n<\/div>\n<\/div>\n<\/div>\n<\/div>\n<\/div>","protected":false},"excerpt":{"rendered":"<table style=\"height: 530px;\" width=\"498\">\n<tbody>\n<tr>\n<td width=\"146\"><strong><b>Toode<\/b><\/strong>\u00a0<strong><b>Nimi:<\/b><\/strong><\/td>\n<td width=\"601\"><strong>Meeste tasku T-s\u00e4rgid<\/strong><\/td>\n<\/tr>\n<tr>\n<td width=\"146\"><strong><b>Materlal:<\/b><\/strong><\/td>\n<td width=\"601\">Pol\u00fcester\/puuvill<\/td>\n<\/tr>\n<tr>\n<td width=\"146\"><strong><b>Tehnika:<\/b><\/strong><\/td>\n<td width=\"601\">Tr\u00fckkimine ja v\u00e4rvimine<\/td>\n<\/tr>\n<tr>\n<td width=\"146\"><strong><b>Stiil:<\/b><\/strong><\/td>\n<td width=\"601\">Casual<\/td>\n<\/tr>\n<tr>\n<td width=\"146\"><strong><b>V\u00e4rv<\/b><\/strong><strong><b>:<\/b><\/strong><\/td>\n<td width=\"601\">\u00a0Kohandatud v\u00e4rvid<\/td>\n<\/tr>\n<tr>\n<td width=\"146\"><strong><b>Suurus:<\/b><\/strong><\/td>\n<td width=\"601\">S \/M \/L \/XL \/2XL<\/td>\n<\/tr>\n<tr>\n<td width=\"146\"><strong><b>OEM\/ODM:<\/b><\/strong><\/td>\n<td width=\"601\">Aktsepteeritav<\/td>\n<\/tr>\n<tr>\n<td width=\"146\"><strong><b>Kvaliteet:<\/b><\/strong><\/td>\n<td width=\"601\">100% k\u00f5rge kvaliteet<\/td>\n<\/tr>\n<tr>\n<td width=\"146\"><strong><b>M<\/b><\/strong><strong><b>OQ:<\/b><\/strong><\/td>\n<td width=\"601\">200 tk<\/td>\n<\/tr>\n<\/tbody>\n<\/table>","protected":false},"featured_media":1751,"template":"","meta":[],"product_brand":[],"product_cat":[38],"product_tag":[],"class_list":{"0":"post-1744","1":"product","2":"type-product","3":"status-publish","4":"has-post-thumbnail","6":"product_cat-mens-clothing","8":"first","9":"instock","10":"shipping-taxable","11":"product-type-simple"},"_links":{"self":[{"href":"https:\/\/mj-clothing.com\/et\/wp-json\/wp\/v2\/product\/1744","targetHints":{"allow":["GET"]}}],"collection":[{"href":"https:\/\/mj-clothing.com\/et\/wp-json\/wp\/v2\/product"}],"about":[{"href":"https:\/\/mj-clothing.com\/et\/wp-json\/wp\/v2\/types\/product"}],"wp:featuredmedia":[{"embeddable":true,"href":"https:\/\/mj-clothing.com\/et\/wp-json\/wp\/v2\/media\/1751"}],"wp:attachment":[{"href":"https:\/\/mj-clothing.com\/et\/wp-json\/wp\/v2\/media?parent=1744"}],"wp:term":[{"taxonomy":"product_brand","embeddable":true,"href":"https:\/\/mj-clothing.com\/et\/wp-json\/wp\/v2\/product_brand?post=1744"},{"taxonomy":"product_cat","embeddable":true,"href":"https:\/\/mj-clothing.com\/et\/wp-json\/wp\/v2\/product_cat?post=1744"},{"taxonomy":"product_tag","embeddable":true,"href":"https:\/\/mj-clothing.com\/et\/wp-json\/wp\/v2\/product_tag?post=1744"}],"curies":[{"name":"wp","href":"https:\/\/api.w.org\/{rel}","templated":true}]}}