{"id":1759,"date":"2024-12-14T02:59:47","date_gmt":"2024-12-14T02:59:47","guid":{"rendered":"https:\/\/mj-clothing.com\/?post_type=product&#038;p=1759"},"modified":"2024-12-17T07:16:49","modified_gmt":"2024-12-17T07:16:49","slug":"black-denim-jacket","status":"publish","type":"product","link":"https:\/\/mj-clothing.com\/et\/manufacturer\/black-denim-jacket\/","title":{"rendered":"Must teksamust jakk"},"content":{"rendered":"<h2 data-sourcepos=\"1:1-1:173\">Must teksamust jakk<\/h2>\n<p data-sourcepos=\"1:1-1:173\">Must teksajakk on mitmek\u00fclgne t\u00fckk, mis v\u00f5ib t\u00f5sta iga riietust. See on klassikaline, ajatu t\u00fckk, mida saab nii riietada kui ka v\u00e4hendada, mist\u00f5ttu on see kohustuslik osa igast garderoobist.<\/p>\n<p data-sourcepos=\"3:1-3:54\"><strong>Siin on selgitatud, miks must teksajakk on suurep\u00e4rane valik:<\/strong><\/p>\n<ul data-sourcepos=\"5:1-9:0\">\n<li data-sourcepos=\"5:1-5:94\"><strong>Mitmek\u00fclgsus:<\/strong> Seda saab kombineerida teksade, teksap\u00fckste v\u00f5i isegi \u00fclikonnaga ametlikuma v\u00e4limuse saavutamiseks.<\/li>\n<li data-sourcepos=\"6:1-6:70\"><strong>Ajatu:<\/strong> Must teksariie on klassika, mis ei l\u00e4he kunagi moest v\u00e4lja.<\/li>\n<li data-sourcepos=\"7:1-7:76\"><strong>Vastupidavus:<\/strong> Denim on vastupidav kangas, mis peab vastu kulumisele.<\/li>\n<li data-sourcepos=\"8:1-9:0\"><strong>\u00c4gedad:<\/strong> Mustad teksad lisavad igale riietusele s\u00e4rasust.<\/li>\n<\/ul>\n<p data-sourcepos=\"10:1-10:38\"><strong>Kuidas stiilne must teksajakk:<\/strong><\/p>\n<ul data-sourcepos=\"12:1-16:0\">\n<li data-sourcepos=\"12:1-12:84\"><strong>Casual Look:<\/strong> Sobita see koos teksade, t-s\u00e4rgi ja tossudega, et saada l\u00f5dvestunud v\u00e4limus.<\/li>\n<li data-sourcepos=\"13:1-13:99\"><strong>Smart Casual:<\/strong> Kandke seda koos pintsakute, n\u00f6\u00f6pidega s\u00e4rgi ja loafersidega, et saavutada viisakam v\u00e4limus.<\/li>\n<li data-sourcepos=\"14:1-14:95\"><strong>S\u00e4rtsakas v\u00e4limus:<\/strong> Pane see kokku nahkp\u00fckste, graafilise t-s\u00e4rgi ja saabastega, et saavutada rokk- ja rokiliku meeleolu.<\/li>\n<li data-sourcepos=\"15:1-16:0\"><strong>Ametlik v\u00e4limus:<\/strong> Kandke see \u00fclikonna jope peale, et anda formaalsele riietusele ainulaadne twist.<\/li>\n<\/ul>\n<p data-sourcepos=\"17:1-17:43\"><strong>N\u00e4pun\u00e4iteid musta teksajope valimiseks:<\/strong><\/p>\n<ul data-sourcepos=\"19:1-22:0\">\n<li data-sourcepos=\"19:1-19:71\"><strong>Sobib:<\/strong> Valige jope, mis sobib h\u00e4sti ja meelitab teie keha kuju.<\/li>\n<li data-sourcepos=\"20:1-20:78\"><strong>Materjal:<\/strong> Otsige kvaliteetset teksariiet, mis on vastupidav ja mugav.<\/li>\n<li data-sourcepos=\"21:1-22:0\"><strong>Stiil:<\/strong> Arvestage oma isikliku stiiliga ja valige jakk, mis peegeldab teie maitset.<\/li>\n<\/ul>","protected":false},"excerpt":{"rendered":"<table style=\"height: 491px;\" width=\"498\">\n<tbody>\n<tr>\n<td width=\"146\"><strong><b>Toode<\/b><\/strong>\u00a0<strong><b>Nimi:<\/b><\/strong><\/td>\n<td width=\"601\"><strong>Must teksamust jakk<\/strong><\/td>\n<\/tr>\n<tr>\n<td width=\"146\"><strong><b>Materlal:<\/b><\/strong><\/td>\n<td width=\"601\">Pol\u00fcester\/puuvill<\/td>\n<\/tr>\n<tr>\n<td width=\"146\"><strong><b>Tehnika:<\/b><\/strong><\/td>\n<td width=\"601\">Tr\u00fckkimine ja v\u00e4rvimine<\/td>\n<\/tr>\n<tr>\n<td width=\"146\"><strong><b>Stiil:<\/b><\/strong><\/td>\n<td width=\"601\">Casual<\/td>\n<\/tr>\n<tr>\n<td width=\"146\"><strong><b>V\u00e4rv<\/b><\/strong><strong><b>:<\/b><\/strong><\/td>\n<td width=\"601\">\u00a0Kohandatud v\u00e4rvid<\/td>\n<\/tr>\n<tr>\n<td width=\"146\"><strong><b>Suurus:<\/b><\/strong><\/td>\n<td width=\"601\">S \/M \/L \/XL \/2XL<\/td>\n<\/tr>\n<tr>\n<td width=\"146\"><strong><b>OEM\/ODM:<\/b><\/strong><\/td>\n<td width=\"601\">Aktsepteeritav<\/td>\n<\/tr>\n<tr>\n<td width=\"146\"><strong><b>Kvaliteet:<\/b><\/strong><\/td>\n<td width=\"601\">100% k\u00f5rge kvaliteet<\/td>\n<\/tr>\n<tr>\n<td width=\"146\"><strong><b>M<\/b><\/strong><strong><b>OQ:<\/b><\/strong><\/td>\n<td width=\"601\">200 tk<\/td>\n<\/tr>\n<\/tbody>\n<\/table>","protected":false},"featured_media":1760,"template":"","meta":[],"product_brand":[],"product_cat":[38],"product_tag":[],"class_list":{"0":"post-1759","1":"product","2":"type-product","3":"status-publish","4":"has-post-thumbnail","6":"product_cat-mens-clothing","8":"first","9":"instock","10":"shipping-taxable","11":"product-type-simple"},"_links":{"self":[{"href":"https:\/\/mj-clothing.com\/et\/wp-json\/wp\/v2\/product\/1759","targetHints":{"allow":["GET"]}}],"collection":[{"href":"https:\/\/mj-clothing.com\/et\/wp-json\/wp\/v2\/product"}],"about":[{"href":"https:\/\/mj-clothing.com\/et\/wp-json\/wp\/v2\/types\/product"}],"wp:featuredmedia":[{"embeddable":true,"href":"https:\/\/mj-clothing.com\/et\/wp-json\/wp\/v2\/media\/1760"}],"wp:attachment":[{"href":"https:\/\/mj-clothing.com\/et\/wp-json\/wp\/v2\/media?parent=1759"}],"wp:term":[{"taxonomy":"product_brand","embeddable":true,"href":"https:\/\/mj-clothing.com\/et\/wp-json\/wp\/v2\/product_brand?post=1759"},{"taxonomy":"product_cat","embeddable":true,"href":"https:\/\/mj-clothing.com\/et\/wp-json\/wp\/v2\/product_cat?post=1759"},{"taxonomy":"product_tag","embeddable":true,"href":"https:\/\/mj-clothing.com\/et\/wp-json\/wp\/v2\/product_tag?post=1759"}],"curies":[{"name":"wp","href":"https:\/\/api.w.org\/{rel}","templated":true}]}}