{"id":1761,"date":"2024-12-14T03:02:38","date_gmt":"2024-12-14T03:02:38","guid":{"rendered":"https:\/\/mj-clothing.com\/?post_type=product&#038;p=1761"},"modified":"2024-12-17T07:15:13","modified_gmt":"2024-12-17T07:15:13","slug":"floral-quilted-jacket","status":"publish","type":"product","link":"https:\/\/mj-clothing.com\/et\/manufacturer\/floral-quilted-jacket\/","title":{"rendered":"Lilleline tepitud jakk"},"content":{"rendered":"<h2 data-sourcepos=\"1:1-1:143\">Lilleline tepitud jakk<\/h2>\n<p data-sourcepos=\"1:1-1:143\">Lilleline tepitud jakk on stiilne ja hubane t\u00fckk, mis v\u00f5ib lisada igale riietusele naiselikkust ja soojust. Siin on p\u00f5hjused, miks sulle v\u00f5iks \u00fcks meeldida:<\/p>\n<p data-sourcepos=\"3:1-3:39\"><strong>Miks valida lilleline tepitud jakk?<\/strong><\/p>\n<ul data-sourcepos=\"5:1-9:0\">\n<li data-sourcepos=\"5:1-5:159\"><strong>Stiilne ja mitmek\u00fclgne:<\/strong> See on t\u00e4iuslik segu mugavusest ja moest. Saate seda riietada seeliku ja saabastega v\u00f5i hoida seda vabaaja vormis teksade ja tossudega.<\/li>\n<li data-sourcepos=\"6:1-6:100\"><strong>Soe ja hubane:<\/strong> Tepitud disain ja sageli isoleeritud vooder muudavad selle ideaalseks jahedama ilmaga.<\/li>\n<li data-sourcepos=\"7:1-7:86\"><strong>Naiselik ja romantiline:<\/strong> Lilleline muster lisab pehmust ja elegantsi.<\/li>\n<li data-sourcepos=\"8:1-9:0\"><strong>Trendikas:<\/strong> Lilleprindid on alati moes, eriti kevadisel ja s\u00fcgisesel hooajal.<\/li>\n<\/ul>\n<p data-sourcepos=\"10:1-10:41\"><strong>Kuidas kujundada lilleline tepitud jakk:<\/strong><\/p>\n<ul data-sourcepos=\"12:1-15:0\">\n<li data-sourcepos=\"12:1-12:82\"><strong>Casual Chic:<\/strong> Sobita see koos teksade, t-s\u00e4rgi ja tossudega, et saada l\u00f5dvestunud v\u00e4limus.<\/li>\n<li data-sourcepos=\"13:1-13:85\"><strong>Boho Chic:<\/strong> Kata see \u00fcle voolava kleidi ja lisa boheemlasliku meeleolu saavutamiseks pahkluu saapad.<\/li>\n<li data-sourcepos=\"14:1-15:0\"><strong>Smart Casual:<\/strong> Kandke seda koos kampsuni, p\u00fckste ja loafersidega, et saavutada lihvitud v\u00e4limus.<\/li>\n<\/ul>\n<p data-sourcepos=\"16:1-16:46\"><strong>N\u00e4pun\u00e4iteid lillelise tikitud jope valimiseks:<\/strong><\/p>\n<ul data-sourcepos=\"18:1-22:0\">\n<li data-sourcepos=\"18:1-18:93\"><strong>Valige \u00f5ige sobivus:<\/strong> Veenduge, et jakk istub h\u00e4sti ja ei r\u00f5huta teie figuuri.<\/li>\n<li data-sourcepos=\"19:1-19:80\"><strong>M\u00f5elge s\u00fcndmusele:<\/strong> Valige s\u00fcndmusele sobiv muster ja v\u00e4rv.<\/li>\n<li data-sourcepos=\"20:1-20:105\"><strong>P\u00f6\u00f6rake t\u00e4helepanu kangale:<\/strong> Valige vastupidav ja mugav kangas, n\u00e4iteks puuvill v\u00f5i pol\u00fcester.<\/li>\n<li data-sourcepos=\"21:1-22:0\"><strong>Varustage:<\/strong> Lisage oma v\u00e4limuse t\u00e4iendamiseks sall, m\u00fcts v\u00f5i kott.<\/li>\n<\/ul>","protected":false},"excerpt":{"rendered":"<table style=\"height: 542px;\" width=\"483\">\n<tbody>\n<tr>\n<td width=\"146\"><strong><b>Toode<\/b><\/strong>\u00a0<strong><b>Nimi:<\/b><\/strong><\/td>\n<td width=\"601\"><strong>Lilleline tepitud jakk<\/strong><\/td>\n<\/tr>\n<tr>\n<td width=\"146\"><strong><b>Materlal:<\/b><\/strong><\/td>\n<td width=\"601\">Pol\u00fcester\/puuvill<\/td>\n<\/tr>\n<tr>\n<td width=\"146\"><strong><b>Tehnika:<\/b><\/strong><\/td>\n<td width=\"601\">Tr\u00fckkimine ja v\u00e4rvimine<\/td>\n<\/tr>\n<tr>\n<td width=\"146\"><strong><b>Stiil:<\/b><\/strong><\/td>\n<td width=\"601\">Casual<\/td>\n<\/tr>\n<tr>\n<td width=\"146\"><strong><b>V\u00e4rv<\/b><\/strong><strong><b>:<\/b><\/strong><\/td>\n<td width=\"601\">\u00a0Kohandatud v\u00e4rvid<\/td>\n<\/tr>\n<tr>\n<td width=\"146\"><strong><b>Suurus:<\/b><\/strong><\/td>\n<td width=\"601\">S \/M \/L \/XL \/2XL<\/td>\n<\/tr>\n<tr>\n<td width=\"146\"><strong><b>OEM\/ODM:<\/b><\/strong><\/td>\n<td width=\"601\">Aktsepteeritav<\/td>\n<\/tr>\n<tr>\n<td width=\"146\"><strong><b>Kvaliteet:<\/b><\/strong><\/td>\n<td width=\"601\">100% k\u00f5rge kvaliteet<\/td>\n<\/tr>\n<tr>\n<td width=\"146\"><strong><b>M<\/b><\/strong><strong><b>OQ:<\/b><\/strong><\/td>\n<td width=\"601\">200 tk<\/td>\n<\/tr>\n<\/tbody>\n<\/table>","protected":false},"featured_media":1762,"template":"","meta":[],"product_brand":[],"product_cat":[38],"product_tag":[],"class_list":{"0":"post-1761","1":"product","2":"type-product","3":"status-publish","4":"has-post-thumbnail","6":"product_cat-mens-clothing","8":"first","9":"instock","10":"shipping-taxable","11":"product-type-simple"},"_links":{"self":[{"href":"https:\/\/mj-clothing.com\/et\/wp-json\/wp\/v2\/product\/1761","targetHints":{"allow":["GET"]}}],"collection":[{"href":"https:\/\/mj-clothing.com\/et\/wp-json\/wp\/v2\/product"}],"about":[{"href":"https:\/\/mj-clothing.com\/et\/wp-json\/wp\/v2\/types\/product"}],"wp:featuredmedia":[{"embeddable":true,"href":"https:\/\/mj-clothing.com\/et\/wp-json\/wp\/v2\/media\/1762"}],"wp:attachment":[{"href":"https:\/\/mj-clothing.com\/et\/wp-json\/wp\/v2\/media?parent=1761"}],"wp:term":[{"taxonomy":"product_brand","embeddable":true,"href":"https:\/\/mj-clothing.com\/et\/wp-json\/wp\/v2\/product_brand?post=1761"},{"taxonomy":"product_cat","embeddable":true,"href":"https:\/\/mj-clothing.com\/et\/wp-json\/wp\/v2\/product_cat?post=1761"},{"taxonomy":"product_tag","embeddable":true,"href":"https:\/\/mj-clothing.com\/et\/wp-json\/wp\/v2\/product_tag?post=1761"}],"curies":[{"name":"wp","href":"https:\/\/api.w.org\/{rel}","templated":true}]}}