{"id":1763,"date":"2024-12-14T03:06:05","date_gmt":"2024-12-14T03:06:05","guid":{"rendered":"https:\/\/mj-clothing.com\/?post_type=product&#038;p=1763"},"modified":"2024-12-17T07:11:45","modified_gmt":"2024-12-17T07:11:45","slug":"black-tweed-jacket","status":"publish","type":"product","link":"https:\/\/mj-clothing.com\/et\/manufacturer\/black-tweed-jacket\/","title":{"rendered":"Must tweed jakk"},"content":{"rendered":"<h2 data-sourcepos=\"1:1-1:113\">Must tweed jakk<\/h2>\n<p data-sourcepos=\"1:1-1:113\">Must tweedjope on mitmek\u00fclgne ja stiilne ese, mis v\u00f5ib iga riietuse esile t\u00f5sta. Siin on p\u00f5hjused, miks sulle v\u00f5ib \u00fcks meeldida:<\/p>\n<p data-sourcepos=\"3:1-3:36\"><strong>Miks valida must tweedist jakk?<\/strong><\/p>\n<ul data-sourcepos=\"5:1-9:0\">\n<li data-sourcepos=\"5:1-5:101\"><strong>Ajatu elegants:<\/strong> Must tweed on klassikaline, rafineeritud kangas, mis ei l\u00e4he kunagi moest v\u00e4lja.<\/li>\n<li data-sourcepos=\"6:1-6:95\"><strong>Mitmek\u00fclgne stiil:<\/strong> Seda saab riietada \u00fcles v\u00f5i alla, mist\u00f5ttu sobib see ideaalselt erinevateks puhkudel.<\/li>\n<li data-sourcepos=\"7:1-7:103\"><strong>Soojus ja mugavus:<\/strong> Tweed on vastupidav ja isoleeriv kangas, mist\u00f5ttu sobib see ideaalselt k\u00fclmema ilmaga.<\/li>\n<li data-sourcepos=\"8:1-9:0\"><strong>Tekstuurne v\u00e4limus:<\/strong> Tweedi unikaalne kudumine lisab riietusele visuaalset huvi.<\/li>\n<\/ul>\n<p data-sourcepos=\"10:1-10:38\"><strong>Kuidas stiliseerida musta tweedjopet:<\/strong><\/p>\n<ul data-sourcepos=\"12:1-15:0\">\n<li data-sourcepos=\"12:1-12:93\"><strong>Smart Casual:<\/strong> Paari seda koos chino'de, n\u00f6\u00f6pidega s\u00e4rgi ja loafersidega, et saavutada rafineeritud v\u00e4limus.<\/li>\n<li data-sourcepos=\"13:1-13:102\"><strong>Business Casual:<\/strong> Kandke seda koos dressip\u00fckste, dressis\u00e4rgi ja lipsuga, et saada professionaalne ansambel.<\/li>\n<li data-sourcepos=\"14:1-15:0\"><strong>Casual Chic:<\/strong> Kombineeri see teksade, t-s\u00e4rgi ja tossudega, et saavutada l\u00f5dvestunud stiil.<\/li>\n<\/ul>\n<p data-sourcepos=\"16:1-16:43\"><strong>N\u00e4pun\u00e4iteid musta tweedist jope valimiseks:<\/strong><\/p>\n<ul data-sourcepos=\"18:1-22:0\">\n<li data-sourcepos=\"18:1-18:71\"><strong>Sobib:<\/strong> Valige jope, mis sobib h\u00e4sti ja meelitab teie keha kuju.<\/li>\n<li data-sourcepos=\"19:1-19:109\"><strong>Muster:<\/strong> Kaaluge tweedi mustrit, olgu see siis klassikaline kalas\u00e4\u00e4re v\u00f5i moodsam disain.<\/li>\n<li data-sourcepos=\"20:1-20:76\"><strong>Kaal:<\/strong> Tweedi kaal m\u00e4\u00e4rab, kui soe on jope.<\/li>\n<li data-sourcepos=\"21:1-22:0\"><strong>Tarvikud:<\/strong> Lisage isikup\u00e4rase puudutuse lisamiseks taskuruudu, lipsu v\u00f5i salliga.<\/li>\n<\/ul>","protected":false},"excerpt":{"rendered":"<table style=\"height: 587px;\" width=\"485\">\n<tbody>\n<tr>\n<td width=\"146\"><strong><b>Toode<\/b><\/strong>\u00a0<strong><b>Nimi:<\/b><\/strong><\/td>\n<td width=\"601\"><strong>Must tweed jakk<\/strong><\/td>\n<\/tr>\n<tr>\n<td width=\"146\"><strong><b>Materlal:<\/b><\/strong><\/td>\n<td width=\"601\">Pol\u00fcester\/puuvill<\/td>\n<\/tr>\n<tr>\n<td width=\"146\"><strong><b>Tehnika:<\/b><\/strong><\/td>\n<td width=\"601\">Tr\u00fckkimine ja v\u00e4rvimine<\/td>\n<\/tr>\n<tr>\n<td width=\"146\"><strong><b>Stiil:<\/b><\/strong><\/td>\n<td width=\"601\">Casual<\/td>\n<\/tr>\n<tr>\n<td width=\"146\"><strong><b>V\u00e4rv<\/b><\/strong><strong><b>:<\/b><\/strong><\/td>\n<td width=\"601\">\u00a0Kohandatud v\u00e4rvid<\/td>\n<\/tr>\n<tr>\n<td width=\"146\"><strong><b>Suurus:<\/b><\/strong><\/td>\n<td width=\"601\">S \/M \/L \/XL \/2XL<\/td>\n<\/tr>\n<tr>\n<td width=\"146\"><strong><b>OEM\/ODM:<\/b><\/strong><\/td>\n<td width=\"601\">Aktsepteeritav<\/td>\n<\/tr>\n<tr>\n<td width=\"146\"><strong><b>Kvaliteet:<\/b><\/strong><\/td>\n<td width=\"601\">100% k\u00f5rge kvaliteet<\/td>\n<\/tr>\n<tr>\n<td width=\"146\"><strong><b>M<\/b><\/strong><strong><b>OQ:<\/b><\/strong><\/td>\n<td width=\"601\">200 tk<\/td>\n<\/tr>\n<\/tbody>\n<\/table>","protected":false},"featured_media":1764,"template":"","meta":[],"product_brand":[],"product_cat":[38],"product_tag":[],"class_list":{"0":"post-1763","1":"product","2":"type-product","3":"status-publish","4":"has-post-thumbnail","6":"product_cat-mens-clothing","8":"first","9":"instock","10":"shipping-taxable","11":"product-type-simple"},"_links":{"self":[{"href":"https:\/\/mj-clothing.com\/et\/wp-json\/wp\/v2\/product\/1763","targetHints":{"allow":["GET"]}}],"collection":[{"href":"https:\/\/mj-clothing.com\/et\/wp-json\/wp\/v2\/product"}],"about":[{"href":"https:\/\/mj-clothing.com\/et\/wp-json\/wp\/v2\/types\/product"}],"wp:featuredmedia":[{"embeddable":true,"href":"https:\/\/mj-clothing.com\/et\/wp-json\/wp\/v2\/media\/1764"}],"wp:attachment":[{"href":"https:\/\/mj-clothing.com\/et\/wp-json\/wp\/v2\/media?parent=1763"}],"wp:term":[{"taxonomy":"product_brand","embeddable":true,"href":"https:\/\/mj-clothing.com\/et\/wp-json\/wp\/v2\/product_brand?post=1763"},{"taxonomy":"product_cat","embeddable":true,"href":"https:\/\/mj-clothing.com\/et\/wp-json\/wp\/v2\/product_cat?post=1763"},{"taxonomy":"product_tag","embeddable":true,"href":"https:\/\/mj-clothing.com\/et\/wp-json\/wp\/v2\/product_tag?post=1763"}],"curies":[{"name":"wp","href":"https:\/\/api.w.org\/{rel}","templated":true}]}}