{"id":1765,"date":"2024-12-14T03:13:20","date_gmt":"2024-12-14T03:13:20","guid":{"rendered":"https:\/\/mj-clothing.com\/?post_type=product&#038;p=1765"},"modified":"2024-12-17T07:10:04","modified_gmt":"2024-12-17T07:10:04","slug":"vintage-jacket","status":"publish","type":"product","link":"https:\/\/mj-clothing.com\/et\/manufacturer\/vintage-jacket\/","title":{"rendered":"Vintage jakk"},"content":{"rendered":"<p data-sourcepos=\"1:1-1:110\">Vintage jakk on ajatu ese, mis v\u00f5ib lisada igale riietusele ainulaadse puudutuse. Siin on p\u00f5hjused, miks sulle v\u00f5iks \u00fcks meeldida:<\/p>\n<h3 data-sourcepos=\"3:1-3:32\"><strong>Miks valida vintage jakk?<\/strong><\/h3>\n<ul data-sourcepos=\"5:1-9:0\">\n<li data-sourcepos=\"5:1-5:118\"><strong>Unikaalne stiil:<\/strong>\u00a0 Jakkidel on sageli eriline disain ja detailid, mida te ei leia kaasaegsetest r\u00f5ivastest.<\/li>\n<li data-sourcepos=\"6:1-6:111\"><strong>K\u00f5rge kvaliteet:<\/strong> Paljud joped on valmistatud kvaliteetsetest materjalidest, mis on ajaproovile vastu pidanud.<\/li>\n<li data-sourcepos=\"7:1-7:125\"><strong>J\u00e4tkusuutlik mood:<\/strong> Valides vintage'i, v\u00e4hendate oma keskkonnam\u00f5ju ja annate r\u00f5ivale teise elu.<\/li>\n<li data-sourcepos=\"8:1-9:0\"><strong>Iseloom ja ajalugu:<\/strong> Joped v\u00f5ivad jutustada oma lugu, lisades teie garderoobile nostalgia ja isikup\u00e4ra.<\/li>\n<\/ul>\n<h3 data-sourcepos=\"10:1-10:34\"><strong>Kuidas stiilne vintage jakk:<\/strong><\/h3>\n<ul data-sourcepos=\"12:1-16:0\">\n<li data-sourcepos=\"12:1-12:79\"><strong>Casual:<\/strong> Sobita see koos teksade, t-s\u00e4rgi ja tossudega, et saada l\u00f5dvestunud v\u00e4limus.<\/li>\n<li data-sourcepos=\"13:1-13:98\"><strong>Smart Casual:<\/strong> Kandke seda koos pinginaabrite, n\u00f6\u00f6pidega s\u00e4rgi ja loafersidega, et saada stiilne kooslus.<\/li>\n<li data-sourcepos=\"14:1-14:93\"><strong>\u00c4gedad:<\/strong> Kombineeri see nahkp\u00fckstega, graafilise t-s\u00e4rgi ja saabastega, et saavutada rock-and-roll'i meeleolu.<\/li>\n<li data-sourcepos=\"15:1-16:0\"><strong>Ametlik:<\/strong> Kandke see \u00fclikonna jope peale, et anda formaalsele riietusele ainulaadne twist.<\/li>\n<\/ul>\n<h3 data-sourcepos=\"17:1-17:39\"><strong>N\u00e4pun\u00e4iteid vintage jope valimiseks:<\/strong><\/h3>\n<ul data-sourcepos=\"19:1-23:0\">\n<li data-sourcepos=\"19:1-19:82\"><strong>Sobib:<\/strong> Veenduge, et jakk sobiks h\u00e4sti, v\u00f5ttes arvesse v\u00f5imalikke muudatusi.<\/li>\n<li data-sourcepos=\"20:1-20:64\"><strong>Tingimus:<\/strong> Kontrollige, kas on kahjustusi, plekke v\u00f5i kulumist.<\/li>\n<li data-sourcepos=\"21:1-21:93\"><strong>Stiil:<\/strong> Arvestage oma isikliku stiiliga ja valige jakk, mis t\u00e4iendab teie garderoobi.<\/li>\n<li data-sourcepos=\"22:1-23:0\"><strong>Materjal:<\/strong> Otsige kvaliteetseid materjale, nagu nahk, vill v\u00f5i teksapluusi.<\/li>\n<\/ul>\n<h3 data-sourcepos=\"24:1-24:34\"><strong>Kust leida vintage jope:<\/strong><\/h3>\n<ul data-sourcepos=\"26:1-30:0\">\n<li data-sourcepos=\"26:1-26:76\"><strong>S\u00e4\u00e4stupoed:<\/strong> Suurep\u00e4rane koht, kus leida peidetud p\u00e4rleid taskukohaste hindadega.<\/li>\n<li data-sourcepos=\"27:1-27:89\"><strong>Konsignatsioonipoed:<\/strong> Nendes kauplustes on sageli kureeritud vintage-r\u00f5ivaste kollektsioonid.<\/li>\n<li data-sourcepos=\"28:1-28:97\"><strong>Veebip\u00f5hised turuplatsid:<\/strong> Veebilehed nagu eBay ja Etsy pakuvad suurt valikut jakke.<\/li>\n<li data-sourcepos=\"29:1-30:0\"><strong>Vintage R\u00f5ivakauplused:<\/strong> Vintage-moodile spetsialiseerunud eripoed.<\/li>\n<\/ul>\n<div class=\"attachment-container search-images\">\n<div class=\"image-container hide-from-message-actions ng-star-inserted\">\n<div class=\"overlay-container ng-star-inserted\"><\/div>\n<\/div>\n<\/div>","protected":false},"excerpt":{"rendered":"<table style=\"height: 442px;\" width=\"514\">\n<tbody>\n<tr>\n<td width=\"146\"><strong><b>Toode<\/b><\/strong>\u00a0<strong><b>Nimi:<\/b><\/strong><\/td>\n<td width=\"601\"><strong>Vintage jakk<\/strong><\/td>\n<\/tr>\n<tr>\n<td width=\"146\"><strong><b>Materlal:<\/b><\/strong><\/td>\n<td width=\"601\">Pol\u00fcester\/puuvill<\/td>\n<\/tr>\n<tr>\n<td width=\"146\"><strong><b>Tehnika:<\/b><\/strong><\/td>\n<td width=\"601\">Tr\u00fckkimine ja v\u00e4rvimine<\/td>\n<\/tr>\n<tr>\n<td width=\"146\"><strong><b>Stiil:<\/b><\/strong><\/td>\n<td width=\"601\">Casual<\/td>\n<\/tr>\n<tr>\n<td width=\"146\"><strong><b>V\u00e4rv<\/b><\/strong><strong><b>:<\/b><\/strong><\/td>\n<td width=\"601\">\u00a0Kohandatud v\u00e4rvid<\/td>\n<\/tr>\n<tr>\n<td width=\"146\"><strong><b>Suurus:<\/b><\/strong><\/td>\n<td width=\"601\">S \/M \/L \/XL \/2XL<\/td>\n<\/tr>\n<tr>\n<td width=\"146\"><strong><b>OEM\/ODM:<\/b><\/strong><\/td>\n<td width=\"601\">Aktsepteeritav<\/td>\n<\/tr>\n<tr>\n<td width=\"146\"><strong><b>Kvaliteet:<\/b><\/strong><\/td>\n<td width=\"601\">100% k\u00f5rge kvaliteet<\/td>\n<\/tr>\n<tr>\n<td width=\"146\"><strong><b>M<\/b><\/strong><strong><b>OQ:<\/b><\/strong><\/td>\n<td width=\"601\">200 tk<\/td>\n<\/tr>\n<\/tbody>\n<\/table>","protected":false},"featured_media":1769,"template":"","meta":[],"product_brand":[],"product_cat":[38],"product_tag":[],"class_list":{"0":"post-1765","1":"product","2":"type-product","3":"status-publish","4":"has-post-thumbnail","6":"product_cat-mens-clothing","8":"first","9":"instock","10":"shipping-taxable","11":"product-type-simple"},"_links":{"self":[{"href":"https:\/\/mj-clothing.com\/et\/wp-json\/wp\/v2\/product\/1765","targetHints":{"allow":["GET"]}}],"collection":[{"href":"https:\/\/mj-clothing.com\/et\/wp-json\/wp\/v2\/product"}],"about":[{"href":"https:\/\/mj-clothing.com\/et\/wp-json\/wp\/v2\/types\/product"}],"wp:featuredmedia":[{"embeddable":true,"href":"https:\/\/mj-clothing.com\/et\/wp-json\/wp\/v2\/media\/1769"}],"wp:attachment":[{"href":"https:\/\/mj-clothing.com\/et\/wp-json\/wp\/v2\/media?parent=1765"}],"wp:term":[{"taxonomy":"product_brand","embeddable":true,"href":"https:\/\/mj-clothing.com\/et\/wp-json\/wp\/v2\/product_brand?post=1765"},{"taxonomy":"product_cat","embeddable":true,"href":"https:\/\/mj-clothing.com\/et\/wp-json\/wp\/v2\/product_cat?post=1765"},{"taxonomy":"product_tag","embeddable":true,"href":"https:\/\/mj-clothing.com\/et\/wp-json\/wp\/v2\/product_tag?post=1765"}],"curies":[{"name":"wp","href":"https:\/\/api.w.org\/{rel}","templated":true}]}}