{"id":1770,"date":"2024-12-14T03:18:13","date_gmt":"2024-12-14T03:18:13","guid":{"rendered":"https:\/\/mj-clothing.com\/?post_type=product&#038;p=1770"},"modified":"2024-12-17T07:08:53","modified_gmt":"2024-12-17T07:08:53","slug":"white-varsity-jacket","status":"publish","type":"product","link":"https:\/\/mj-clothing.com\/et\/manufacturer\/white-varsity-jacket\/","title":{"rendered":"Valge Varsity jakk"},"content":{"rendered":"<div class=\"user-query-container ng-star-inserted\">\n<div id=\"user-query-content-8\" class=\"query-content\">\n<div class=\"query-text ng-star-inserted\" dir=\"ltr\" role=\"heading\" aria-level=\"2\">\n<h2 class=\"query-text-line ng-star-inserted\"><span style=\"color: #555555; font-size: 14.4px;\">Valge \u00fclikoolitrikoo on julge ja stiilne valik, mis v\u00f5ib lisada teie garderoobile v\u00e4rske ja kaasaegse tooni. Siin on p\u00f5hjused, miks sulle v\u00f5ib selline jakk meeldida:<\/span><\/h2>\n<\/div>\n<\/div>\n<\/div>\n<div>\n<div class=\"response-container ng-tns-c1933435332-125 response-optimization response-container-with-gpi ng-star-inserted response-container-has-multiple-responses\">\n<div class=\"presented-response-container ng-tns-c1933435332-125\">\n<div class=\"response-container-content ng-tns-c1933435332-125 tunable-selection-with-avatar\">\n<div class=\"response-content ng-tns-c1933435332-125\">\n<div id=\"model-response-message-contentr_093b668a98236c3a\" class=\"markdown markdown-main-panel response-optimization\" dir=\"ltr\">\n<h3 data-sourcepos=\"3:1-3:38\"><strong>Miks valida valge Varsity Jacket?<\/strong><\/h3>\n<ul data-sourcepos=\"5:1-9:0\">\n<li data-sourcepos=\"5:1-5:102\"><strong>Unikaalne ja pilkup\u00fc\u00fcdev:<\/strong> \u00dcli\u00f5pilasjope paistab silma ja annab endast m\u00e4rku.<\/li>\n<li data-sourcepos=\"6:1-6:85\"><strong>Mitmek\u00fclgne stiil:<\/strong> Seda saab riietada \u00fcles v\u00f5i alla, mis sobib ideaalselt erinevateks puhkudel.<\/li>\n<li data-sourcepos=\"7:1-7:74\"><strong>Puhas ja kaasaegne:<\/strong> Valge v\u00e4rv annab puhta ja minimalistliku v\u00e4limuse.<\/li>\n<li data-sourcepos=\"8:1-9:0\"><strong>Mugav ja soe:<\/strong> Klassikaline \u00fclikoolil\u00f5pus olev jope pakub soojust ja mugavust.<\/li>\n<\/ul>\n<h3 data-sourcepos=\"10:1-10:40\"><strong>Kuidas stiilne valge \u00fclikoolitrikoo:<\/strong><\/h3>\n<ul data-sourcepos=\"12:1-15:0\">\n<li data-sourcepos=\"12:1-12:82\"><strong>Casual Chic:<\/strong> Sobita see koos teksade, t-s\u00e4rgi ja tossudega, et saada l\u00f5dvestunud v\u00e4limus.<\/li>\n<li data-sourcepos=\"13:1-13:82\"><strong>Sportlik v\u00e4limus:<\/strong> Kanna seda koos trennip\u00fckste, kapuutsiga ja sportliku meeleolu saavutamiseks tossudega.<\/li>\n<li data-sourcepos=\"14:1-15:0\"><strong>Smart Casual:<\/strong> Kombineerige see stiilseks v\u00e4ljan\u00e4gemiseks pinginaabrite, n\u00f6\u00f6pidega s\u00e4rgi ja loafersidega.<\/li>\n<\/ul>\n<h3 data-sourcepos=\"16:1-16:45\"><strong>N\u00e4pun\u00e4iteid valge \u00fclikoolitariifi jope valimiseks:<\/strong><\/h3>\n<ul data-sourcepos=\"18:1-22:0\">\n<li data-sourcepos=\"18:1-18:81\"><strong>Materjal:<\/strong> Valige vastupidav ja kvaliteetne materjal, n\u00e4iteks vill v\u00f5i nahk.<\/li>\n<li data-sourcepos=\"19:1-19:71\"><strong>Sobib:<\/strong> Valige jope, mis sobib h\u00e4sti ja meelitab teie keha kuju.<\/li>\n<li data-sourcepos=\"20:1-20:96\"><strong>\u00dcksikasjad:<\/strong> Arvestage \u00fcksikasjadega, n\u00e4iteks varrukate v\u00e4rvi ja kirjat\u00fc\u00fcbiga.<\/li>\n<li data-sourcepos=\"21:1-22:0\"><strong>Hooldus:<\/strong> Arvestage v\u00f5imalike plekkidega ja hoolitsege jope eest korralikult.<\/li>\n<\/ul>\n<\/div>\n<\/div>\n<\/div>\n<\/div>\n<\/div>\n<\/div>","protected":false},"excerpt":{"rendered":"<table style=\"height: 507px;\" width=\"477\">\n<tbody>\n<tr>\n<td width=\"146\"><strong><b>Toode<\/b><\/strong>\u00a0<strong><b>Nimi:<\/b><\/strong><\/td>\n<td width=\"601\"><strong>Valge Varsity jakk<\/strong><\/td>\n<\/tr>\n<tr>\n<td width=\"146\"><strong><b>Materlal:<\/b><\/strong><\/td>\n<td width=\"601\">Pol\u00fcester\/puuvill<\/td>\n<\/tr>\n<tr>\n<td width=\"146\"><strong><b>Tehnika:<\/b><\/strong><\/td>\n<td width=\"601\">Tr\u00fckkimine ja v\u00e4rvimine<\/td>\n<\/tr>\n<tr>\n<td width=\"146\"><strong><b>Stiil:<\/b><\/strong><\/td>\n<td width=\"601\">Casual<\/td>\n<\/tr>\n<tr>\n<td width=\"146\"><strong><b>V\u00e4rv<\/b><\/strong><strong><b>:<\/b><\/strong><\/td>\n<td width=\"601\">\u00a0Kohandatud v\u00e4rvid<\/td>\n<\/tr>\n<tr>\n<td width=\"146\"><strong><b>Suurus:<\/b><\/strong><\/td>\n<td width=\"601\">S \/M \/L \/XL \/2XL<\/td>\n<\/tr>\n<tr>\n<td width=\"146\"><strong><b>OEM\/ODM:<\/b><\/strong><\/td>\n<td width=\"601\">Aktsepteeritav<\/td>\n<\/tr>\n<tr>\n<td width=\"146\"><strong><b>Kvaliteet:<\/b><\/strong><\/td>\n<td width=\"601\">100% k\u00f5rge kvaliteet<\/td>\n<\/tr>\n<tr>\n<td width=\"146\"><strong><b>M<\/b><\/strong><strong><b>OQ:<\/b><\/strong><\/td>\n<td width=\"601\">200 tk<\/td>\n<\/tr>\n<\/tbody>\n<\/table>","protected":false},"featured_media":1773,"template":"","meta":[],"product_brand":[],"product_cat":[38],"product_tag":[],"class_list":{"0":"post-1770","1":"product","2":"type-product","3":"status-publish","4":"has-post-thumbnail","6":"product_cat-mens-clothing","8":"first","9":"instock","10":"shipping-taxable","11":"product-type-simple"},"_links":{"self":[{"href":"https:\/\/mj-clothing.com\/et\/wp-json\/wp\/v2\/product\/1770","targetHints":{"allow":["GET"]}}],"collection":[{"href":"https:\/\/mj-clothing.com\/et\/wp-json\/wp\/v2\/product"}],"about":[{"href":"https:\/\/mj-clothing.com\/et\/wp-json\/wp\/v2\/types\/product"}],"wp:featuredmedia":[{"embeddable":true,"href":"https:\/\/mj-clothing.com\/et\/wp-json\/wp\/v2\/media\/1773"}],"wp:attachment":[{"href":"https:\/\/mj-clothing.com\/et\/wp-json\/wp\/v2\/media?parent=1770"}],"wp:term":[{"taxonomy":"product_brand","embeddable":true,"href":"https:\/\/mj-clothing.com\/et\/wp-json\/wp\/v2\/product_brand?post=1770"},{"taxonomy":"product_cat","embeddable":true,"href":"https:\/\/mj-clothing.com\/et\/wp-json\/wp\/v2\/product_cat?post=1770"},{"taxonomy":"product_tag","embeddable":true,"href":"https:\/\/mj-clothing.com\/et\/wp-json\/wp\/v2\/product_tag?post=1770"}],"curies":[{"name":"wp","href":"https:\/\/api.w.org\/{rel}","templated":true}]}}