{"id":1774,"date":"2024-12-14T03:23:26","date_gmt":"2024-12-14T03:23:26","guid":{"rendered":"https:\/\/mj-clothing.com\/?post_type=product&#038;p=1774"},"modified":"2024-12-17T07:06:57","modified_gmt":"2024-12-17T07:06:57","slug":"shell-jacket","status":"publish","type":"product","link":"https:\/\/mj-clothing.com\/et\/manufacturer\/shell-jacket\/","title":{"rendered":"Shell jakk"},"content":{"rendered":"<p data-sourcepos=\"1:1-1:266\">Kestajakk on kerge, vee- ja tuulekindel v\u00e4limine kiht, mis on loodud kaitsma sind ilmastiku eest. See on mitmek\u00fclgne \u00fcleriietus, mida saab kanda erinevates ilmastikutingimustes, mist\u00f5ttu on see populaarne valik nii v\u00e4li\u00fcritustel kui ka igap\u00e4evaseks kandmiseks.<\/p>\n<h3 data-sourcepos=\"3:1-3:35\"><strong>Shell jope peamised omadused:<\/strong><\/h3>\n<ul data-sourcepos=\"5:1-9:0\">\n<li data-sourcepos=\"5:1-5:218\"><strong>Veekindel ja tuulekindel:<\/strong> Jope esmane \u00fclesanne on hoida teid kuivana ja kaitsta teid tuule eest. See on tavaliselt valmistatud veekindlast ja hingavast materjalist, n\u00e4iteks Gore-Texist v\u00f5i sarnastest tehnoloogiatest.<\/li>\n<li data-sourcepos=\"6:1-6:155\"><strong>Hingavus:<\/strong> Hea jope hoiab teid kuivana, kuid laseb ka niiskuse aurustuda, v\u00e4ltides niiskustunnet ja ebamugavustunnet.<\/li>\n<li data-sourcepos=\"7:1-7:97\"><strong>Vastupidavus:<\/strong> Kestajakid on m\u00f5eldud karmide ilmastikutingimuste ja tiheda kasutuse jaoks.<\/li>\n<li data-sourcepos=\"8:1-9:0\"><strong>Pakitavus:<\/strong> Paljud jakid on kerged ja pakitavad, mist\u00f5ttu neid on lihtne kaasas kanda, kui neid ei kasutata.<\/li>\n<\/ul>\n<h3 data-sourcepos=\"10:1-10:32\"><strong>Kuidas kujundada kestajakki:<\/strong><\/h3>\n<ul data-sourcepos=\"12:1-15:0\">\n<li data-sourcepos=\"12:1-12:96\"><strong>Casual:<\/strong> Sobita see teksade, t-s\u00e4rgi ja tossudega, et saavutada mugav ja funktsionaalne v\u00e4limus.<\/li>\n<li data-sourcepos=\"13:1-13:112\"><strong>Smart Casual:<\/strong> Kandke see \u00fcle kampsuni, pintsakute ja n\u00f6\u00f6pidega s\u00e4rgi, et saada stiilne ja praktiline riietus.<\/li>\n<li data-sourcepos=\"14:1-15:0\"><strong>V\u00e4litegevused:<\/strong> Kanna seda koos matkap\u00fckstega, fliisiga ja tugevate saabastega, et kaitsta end ilmastikum\u00f5jude eest.<\/li>\n<\/ul>\n<h3 data-sourcepos=\"16:1-16:37\"><strong>Populaarsed kaubam\u00e4rgid Shell Jackets:<\/strong><\/h3>\n<ul data-sourcepos=\"18:1-21:0\">\n<li data-sourcepos=\"18:1-18:58\"><strong>V\u00e4ljas olevad kaubam\u00e4rgid:<\/strong> Patagonia, The North Face, Arc'teryx<\/li>\n<li data-sourcepos=\"19:1-19:46\"><strong>Tehnilised kaubam\u00e4rgid:<\/strong> Gore-Tex, Helly Hansen<\/li>\n<li data-sourcepos=\"20:1-21:0\"><strong>Elustiilibr\u00e4ndid:<\/strong> Columbia, Timberland, Jack Wolfskin<\/li>\n<\/ul>","protected":false},"excerpt":{"rendered":"<table style=\"height: 515px;\" width=\"509\">\n<tbody>\n<tr>\n<td width=\"146\"><strong><b>Toode<\/b><\/strong>\u00a0<strong><b>Nimi:<\/b><\/strong><\/td>\n<td width=\"601\"><strong>Shell jakk<\/strong><\/td>\n<\/tr>\n<tr>\n<td width=\"146\"><strong><b>Materlal:<\/b><\/strong><\/td>\n<td width=\"601\">Pol\u00fcester\/puuvill<\/td>\n<\/tr>\n<tr>\n<td width=\"146\"><strong><b>Tehnika:<\/b><\/strong><\/td>\n<td width=\"601\">Tr\u00fckkimine ja v\u00e4rvimine<\/td>\n<\/tr>\n<tr>\n<td width=\"146\"><strong><b>Stiil:<\/b><\/strong><\/td>\n<td width=\"601\">Casual<\/td>\n<\/tr>\n<tr>\n<td width=\"146\"><strong><b>V\u00e4rv<\/b><\/strong><strong><b>:<\/b><\/strong><\/td>\n<td width=\"601\">\u00a0Kohandatud v\u00e4rvid<\/td>\n<\/tr>\n<tr>\n<td width=\"146\"><strong><b>Suurus:<\/b><\/strong><\/td>\n<td width=\"601\">S \/M \/L \/XL \/2XL<\/td>\n<\/tr>\n<tr>\n<td width=\"146\"><strong><b>OEM\/ODM:<\/b><\/strong><\/td>\n<td width=\"601\">Aktsepteeritav<\/td>\n<\/tr>\n<tr>\n<td width=\"146\"><strong><b>Kvaliteet:<\/b><\/strong><\/td>\n<td width=\"601\">100% k\u00f5rge kvaliteet<\/td>\n<\/tr>\n<tr>\n<td width=\"146\"><strong><b>M<\/b><\/strong><strong><b>OQ:<\/b><\/strong><\/td>\n<td width=\"601\">200 tk<\/td>\n<\/tr>\n<\/tbody>\n<\/table>","protected":false},"featured_media":1776,"template":"","meta":[],"product_brand":[],"product_cat":[38],"product_tag":[],"class_list":{"0":"post-1774","1":"product","2":"type-product","3":"status-publish","4":"has-post-thumbnail","6":"product_cat-mens-clothing","8":"first","9":"instock","10":"shipping-taxable","11":"product-type-simple"},"_links":{"self":[{"href":"https:\/\/mj-clothing.com\/et\/wp-json\/wp\/v2\/product\/1774","targetHints":{"allow":["GET"]}}],"collection":[{"href":"https:\/\/mj-clothing.com\/et\/wp-json\/wp\/v2\/product"}],"about":[{"href":"https:\/\/mj-clothing.com\/et\/wp-json\/wp\/v2\/types\/product"}],"wp:featuredmedia":[{"embeddable":true,"href":"https:\/\/mj-clothing.com\/et\/wp-json\/wp\/v2\/media\/1776"}],"wp:attachment":[{"href":"https:\/\/mj-clothing.com\/et\/wp-json\/wp\/v2\/media?parent=1774"}],"wp:term":[{"taxonomy":"product_brand","embeddable":true,"href":"https:\/\/mj-clothing.com\/et\/wp-json\/wp\/v2\/product_brand?post=1774"},{"taxonomy":"product_cat","embeddable":true,"href":"https:\/\/mj-clothing.com\/et\/wp-json\/wp\/v2\/product_cat?post=1774"},{"taxonomy":"product_tag","embeddable":true,"href":"https:\/\/mj-clothing.com\/et\/wp-json\/wp\/v2\/product_tag?post=1774"}],"curies":[{"name":"wp","href":"https:\/\/api.w.org\/{rel}","templated":true}]}}