{"id":1777,"date":"2024-12-14T03:30:07","date_gmt":"2024-12-14T03:30:07","guid":{"rendered":"https:\/\/mj-clothing.com\/?post_type=product&#038;p=1777"},"modified":"2024-12-17T07:04:15","modified_gmt":"2024-12-17T07:04:15","slug":"cropped-leather-jacket","status":"publish","type":"product","link":"https:\/\/mj-clothing.com\/et\/manufacturer\/cropped-leather-jacket\/","title":{"rendered":"K\u00e4rbitud nahkjakk"},"content":{"rendered":"<p data-sourcepos=\"1:1-1:117\">K\u00e4rbitud nahkjakk on stiilne ja mitmek\u00fclgne ese, mis t\u00f5stab esile iga riietuse. Siin on p\u00f5hjused, miks sulle v\u00f5iks selline jakk meeldida:<\/p>\n<h3 data-sourcepos=\"3:1-3:40\"><strong>Miks valida k\u00e4rbitud nahktagi?<\/strong><\/h3>\n<ul data-sourcepos=\"5:1-9:0\">\n<li data-sourcepos=\"5:1-5:120\"><strong><span class=\"citation-0 recitation\">Trendikas ja kaasaegne:<\/span><\/strong><span class=\"citation-0 recitation citation-end-0\"> K\u00e4rbitud jakid on populaarne trend, mis v\u00f5ib lisada teie v\u00e4limusele kaasaegse s\u00e4rmi.<\/span><\/li>\n<li data-sourcepos=\"5:1-5:120\"><strong style=\"font-size: 14.4px;\">Mitmek\u00fclgne stiil:<\/strong><span style=\"font-size: 14.4px;\"> Seda saab riietada \u00fcles v\u00f5i alla, mist\u00f5ttu sobib see ideaalselt erinevateks puhkudel.<\/span><\/li>\n<li data-sourcepos=\"7:1-7:113\"><strong><span class=\"citation-1 recitation\">Kaunistav sobivus:<\/span><\/strong><span class=\"citation-1 recitation citation-end-1\"> K\u00e4rbitud jakk v\u00f5ib r\u00f5hutada teie taljet ja luua meelitavat siluetti.<\/span><\/li>\n<li data-sourcepos=\"7:1-7:113\"><strong style=\"font-size: 14.4px;\">S\u00e4rtsakas ja \u0161ikk:<\/strong><span style=\"font-size: 14.4px;\"> Nahk lisab karedust ja rafineeritust.<\/span><\/li>\n<\/ul>\n<h3 data-sourcepos=\"10:1-10:42\"><strong>Kuidas kujundada k\u00e4rbitud nahkjakki:<\/strong><\/h3>\n<ul data-sourcepos=\"12:1-15:0\">\n<li data-sourcepos=\"12:1-12:82\"><strong>Casual Chic:<\/strong> Sobita see koos teksade, t-s\u00e4rgi ja tossudega, et saada l\u00f5dvestunud v\u00e4limus.<\/li>\n<li data-sourcepos=\"13:1-13:102\"><strong>Smart Casual:<\/strong> Kandke seda seeliku, pluusi ja pahkluudega, et saada naiselik ja stiilne riietus.<\/li>\n<li data-sourcepos=\"14:1-15:0\"><strong>S\u00e4rtsakas v\u00e4limus:<\/strong> Kombineeri see nahkp\u00fckstega, graafilise t-s\u00e4rgi ja saabastega, et saavutada rock-and-roll'i meeleolu.<\/li>\n<\/ul>\n<h3 data-sourcepos=\"16:1-16:47\"><strong>N\u00e4pun\u00e4iteid k\u00e4rbitud nahktagi valimiseks:<\/strong><\/h3>\n<ul data-sourcepos=\"18:1-22:0\">\n<li data-sourcepos=\"18:1-18:71\"><strong>Sobib:<\/strong> Valige jope, mis sobib h\u00e4sti ja meelitab teie keha kuju.<\/li>\n<li data-sourcepos=\"19:1-19:60\"><strong>Materjal:<\/strong> Valige kvaliteetne nahk, mis kestab kaua.<\/li>\n<li data-sourcepos=\"20:1-20:87\"><strong>Stiil:<\/strong> Arvestage oma isikliku stiiliga ja valige jakk, mis peegeldab teie maitset.<\/li>\n<li data-sourcepos=\"21:1-22:0\"><strong>V\u00e4rv:<\/strong> Must on klassikaline valik, kuid v\u00f5ite kaaluda ka teisi v\u00e4rve, n\u00e4iteks pruuni v\u00f5i burgundia v\u00e4rvi.<\/li>\n<\/ul>","protected":false},"excerpt":{"rendered":"<table style=\"height: 523px;\" width=\"508\">\n<tbody>\n<tr>\n<td width=\"146\"><strong><b>Toode<\/b><\/strong>\u00a0<strong><b>Nimi:<\/b><\/strong><\/td>\n<td width=\"601\"><strong>K\u00e4rbitud nahkjakk<\/strong><\/td>\n<\/tr>\n<tr>\n<td width=\"146\"><strong><b>Materlal:<\/b><\/strong><\/td>\n<td width=\"601\">Pol\u00fcester\/puuvill<\/td>\n<\/tr>\n<tr>\n<td width=\"146\"><strong><b>Tehnika:<\/b><\/strong><\/td>\n<td width=\"601\">Nahk<\/td>\n<\/tr>\n<tr>\n<td width=\"146\"><strong><b>Stiil:<\/b><\/strong><\/td>\n<td width=\"601\">Casual<\/td>\n<\/tr>\n<tr>\n<td width=\"146\"><strong><b>V\u00e4rv<\/b><\/strong><strong><b>:<\/b><\/strong><\/td>\n<td width=\"601\">\u00a0Kohandatud v\u00e4rvid<\/td>\n<\/tr>\n<tr>\n<td width=\"146\"><strong><b>Suurus:<\/b><\/strong><\/td>\n<td width=\"601\">S \/M \/L \/XL \/2XL<\/td>\n<\/tr>\n<tr>\n<td width=\"146\"><strong><b>OEM\/ODM:<\/b><\/strong><\/td>\n<td width=\"601\">Aktsepteeritav<\/td>\n<\/tr>\n<tr>\n<td width=\"146\"><strong><b>Kvaliteet:<\/b><\/strong><\/td>\n<td width=\"601\">100% k\u00f5rge kvaliteet<\/td>\n<\/tr>\n<tr>\n<td width=\"146\"><strong><b>M<\/b><\/strong><strong><b>OQ:<\/b><\/strong><\/td>\n<td width=\"601\">200 tk<\/td>\n<\/tr>\n<\/tbody>\n<\/table>","protected":false},"featured_media":1781,"template":"","meta":[],"product_brand":[],"product_cat":[38],"product_tag":[],"class_list":{"0":"post-1777","1":"product","2":"type-product","3":"status-publish","4":"has-post-thumbnail","6":"product_cat-mens-clothing","8":"first","9":"instock","10":"shipping-taxable","11":"product-type-simple"},"_links":{"self":[{"href":"https:\/\/mj-clothing.com\/et\/wp-json\/wp\/v2\/product\/1777","targetHints":{"allow":["GET"]}}],"collection":[{"href":"https:\/\/mj-clothing.com\/et\/wp-json\/wp\/v2\/product"}],"about":[{"href":"https:\/\/mj-clothing.com\/et\/wp-json\/wp\/v2\/types\/product"}],"wp:featuredmedia":[{"embeddable":true,"href":"https:\/\/mj-clothing.com\/et\/wp-json\/wp\/v2\/media\/1781"}],"wp:attachment":[{"href":"https:\/\/mj-clothing.com\/et\/wp-json\/wp\/v2\/media?parent=1777"}],"wp:term":[{"taxonomy":"product_brand","embeddable":true,"href":"https:\/\/mj-clothing.com\/et\/wp-json\/wp\/v2\/product_brand?post=1777"},{"taxonomy":"product_cat","embeddable":true,"href":"https:\/\/mj-clothing.com\/et\/wp-json\/wp\/v2\/product_cat?post=1777"},{"taxonomy":"product_tag","embeddable":true,"href":"https:\/\/mj-clothing.com\/et\/wp-json\/wp\/v2\/product_tag?post=1777"}],"curies":[{"name":"wp","href":"https:\/\/api.w.org\/{rel}","templated":true}]}}