{"id":1792,"date":"2024-12-14T03:52:01","date_gmt":"2024-12-14T03:52:01","guid":{"rendered":"https:\/\/mj-clothing.com\/?post_type=product&#038;p=1792"},"modified":"2024-12-17T07:00:56","modified_gmt":"2024-12-17T07:00:56","slug":"mens-alpaca-sweater","status":"publish","type":"product","link":"https:\/\/mj-clothing.com\/et\/manufacturer\/mens-alpaca-sweater\/","title":{"rendered":"Meeste Alpaca kampsun"},"content":{"rendered":"<p data-sourcepos=\"1:1-1:198\"><span class=\"citation-0 recitation citation-end-0\">Alpaka kampsun on luksuslik ja soe r\u00f5ivaese, mis on valmistatud L\u00f5una-Ameerika kaamelliloomade alpaka peenest ja pehmest kiust.<\/span> Alpaka kiud on tuntud oma erakordsete omaduste poolest, sealhulgas:<span class=\"button-container hide-from-message-actions ng-star-inserted\"> \u00a0<\/span><\/p>\n<ul data-sourcepos=\"3:1-7:0\">\n<li data-sourcepos=\"3:1-3:89\"><strong><span class=\"citation-1 recitation\">Pehmus:<\/span><\/strong><span class=\"citation-1 recitation citation-end-1\"> Alpaka kiud on uskumatult pehme, sageli pehmem kui ka\u0161miir.<\/span><\/li>\n<li data-sourcepos=\"3:1-3:89\"><span class=\"button-container hide-from-message-actions ng-star-inserted\"><strong style=\"font-size: 14.4px;\">Soojus:<\/strong> <span class=\"citation-2 recitation citation-end-2\" style=\"font-size: 14.4px;\">See pakub suurep\u00e4rast isolatsiooni, hoides teid k\u00fclma ilmaga soojana.<\/span><\/span>\n<div class=\"container ng-tns-c2946245707-269 hide\">\n<div class=\"carousel-container ng-tns-c2946245707-269\"><\/div>\n<\/div>\n<\/li>\n<li data-sourcepos=\"5:1-5:80\"><strong>Vastupidavus:<\/strong> <span class=\"citation-3 recitation citation-end-3\">Alpaka kiud on vastupidav ja vastupidav pillingule.<\/span><\/li>\n<li data-sourcepos=\"5:1-5:80\"><span class=\"button-container hide-from-message-actions ng-star-inserted\">\u00a0<\/span><span class=\"button-container hide-from-message-actions ng-star-inserted\"><strong style=\"font-size: 14.4px;\">H\u00fcpoallergeenne:<\/strong> <span class=\"citation-4 recitation citation-end-4\" style=\"font-size: 14.4px;\">See on looduslikult h\u00fcpoallergeenne, mist\u00f5ttu on see suurep\u00e4rane valik tundliku nahaga inimestele.<\/span><span class=\"button-container hide-from-message-actions ng-star-inserted\" style=\"font-size: 14.4px;\"> \u00a0<\/span><\/span>\n<div class=\"container ng-tns-c2946245707-271 hide\">\n<div class=\"carousel-container ng-tns-c2946245707-271\"><\/div>\n<\/div>\n<\/li>\n<\/ul>\n<h3 data-sourcepos=\"8:1-8:33\"><strong>Miks valida meeste Alpaca kampsun?<\/strong><\/h3>\n<ul data-sourcepos=\"10:1-14:0\">\n<li data-sourcepos=\"10:1-10:93\"><strong>Luksuslik tunne:<\/strong> Alpaka kiu pehme ja siidine tekstuur on naha vastu imeline.<\/li>\n<li data-sourcepos=\"11:1-11:118\"><strong><span class=\"citation-5 recitation\">Erakordne soojus:<\/span><\/strong><span class=\"citation-5 recitation citation-end-5\"> Alpaka kampsunid sobivad ideaalselt k\u00fclma ilmaga, hoides teid hubasena ja mugavalt.<\/span><\/li>\n<li data-sourcepos=\"11:1-11:118\"><strong style=\"font-size: 14.4px;\">Stiil ja elegants:<\/strong><span style=\"font-size: 14.4px;\"> Alpaka kampsunid v\u00f5ivad t\u00f5sta iga riietust, lisades sellele elegantsi.<\/span><\/li>\n<li data-sourcepos=\"13:1-14:0\"><strong><span class=\"citation-6 recitation\">Eetiline ja j\u00e4tkusuutlik:<\/span><\/strong><span class=\"citation-6 recitation citation-end-6\"> Alpaka kasvatamist peetakse sageli humaansemaks ja keskkonnas\u00f5bralikumaks kui lambakasvatust.<\/span><span class=\"button-container hide-from-message-actions ng-star-inserted\">\u00a0 \u00a0<\/span>\n<div class=\"container ng-tns-c2946245707-273 hide\">\n<div class=\"carousel-container ng-tns-c2946245707-273\"><\/div>\n<\/div>\n<\/li>\n<\/ul>\n<h3 data-sourcepos=\"15:1-15:35\"><strong>Kuidas kujundada meeste Alpaca kampsunit:<\/strong><\/h3>\n<ul data-sourcepos=\"17:1-20:0\">\n<li data-sourcepos=\"17:1-17:77\"><strong>Casual:<\/strong> Sobita see koos teksade, t-s\u00e4rgi ja tossudega, et saada l\u00f5dvestunud v\u00e4limus.<\/li>\n<li data-sourcepos=\"18:1-18:96\"><strong>Smart Casual:<\/strong> Kandke seda koos pintsakute, n\u00f6\u00f6pidega s\u00e4rgi ja loafersidega, et saada stiilne riietus.<\/li>\n<li data-sourcepos=\"19:1-20:0\"><strong>Ametlik:<\/strong> Keeruka v\u00e4limuse saavutamiseks kanna see kleidis\u00e4rgi ja lipsu peale.<\/li>\n<\/ul>\n<p data-sourcepos=\"21:1-21:40\"><strong>Kust leida meeste Alpaca kampsunid:<\/strong><\/p>\n<ul data-sourcepos=\"23:1-26:0\">\n<li data-sourcepos=\"23:1-23:116\"><strong><span class=\"citation-7 recitation\">Online jaem\u00fc\u00fcjad:<\/span><\/strong><span class=\"citation-7 recitation citation-end-7\"> Amazon, Etsy ja teised veebim\u00fc\u00fcjad pakuvad laia valikut alpakapluusi kampsuneid.<\/span><\/li>\n<li data-sourcepos=\"23:1-23:116\"><strong style=\"font-size: 14.4px;\">Kaubamajad:<\/strong><span style=\"font-size: 14.4px;\"> Luksusbr\u00e4ndide alpaka kampsunid on tihtipeale m\u00fc\u00fcgil k\u00f5rgekvaliteedilistes kaubamajades.<\/span><\/li>\n<li data-sourcepos=\"25:1-26:0\"><strong>Spetsiaalsed kauplused:<\/strong> Otsige kauplusi, mis on spetsialiseerunud luksuslike kiudude ja j\u00e4tkusuutliku moega.<\/li>\n<\/ul>\n<p data-sourcepos=\"27:1-27:223\"><strong>Pea meeles:<\/strong> Alpaka kampsunit ostes otsige kvaliteetset, eetiliselt hangitud kiudu. Arvestage ka kampsuni kaalu ja paksust, sest see m\u00f5jutab selle soojust ja sobivust eri kliimatingimustes.<\/p>","protected":false},"excerpt":{"rendered":"<table style=\"height: 483px;\" width=\"499\">\n<tbody>\n<tr>\n<td width=\"146\"><strong><b>Toode<\/b><\/strong>\u00a0<strong><b>Nimi:<\/b><\/strong><\/td>\n<td width=\"601\"><strong>Meeste Alpaca kampsun<\/strong><\/td>\n<\/tr>\n<tr>\n<td width=\"146\"><strong><b>Materlal:<\/b><\/strong><\/td>\n<td width=\"601\">Pol\u00fcester\/puuvill<\/td>\n<\/tr>\n<tr>\n<td width=\"146\"><strong><b>Tehnika:<\/b><\/strong><\/td>\n<td width=\"601\">Koo<\/td>\n<\/tr>\n<tr>\n<td width=\"146\"><strong><b>Stiil:<\/b><\/strong><\/td>\n<td width=\"601\">Casual<\/td>\n<\/tr>\n<tr>\n<td width=\"146\"><strong><b>V\u00e4rv<\/b><\/strong><strong><b>:<\/b><\/strong><\/td>\n<td width=\"601\">\u00a0Kohandatud v\u00e4rvid<\/td>\n<\/tr>\n<tr>\n<td width=\"146\"><strong><b>Suurus:<\/b><\/strong><\/td>\n<td width=\"601\">S \/M \/L \/XL \/2XL<\/td>\n<\/tr>\n<tr>\n<td width=\"146\"><strong><b>OEM\/ODM:<\/b><\/strong><\/td>\n<td width=\"601\">Aktsepteeritav<\/td>\n<\/tr>\n<tr>\n<td width=\"146\"><strong><b>Kvaliteet:<\/b><\/strong><\/td>\n<td width=\"601\">100% k\u00f5rge kvaliteet<\/td>\n<\/tr>\n<tr>\n<td width=\"146\"><strong><b>M<\/b><\/strong><strong><b>OQ:<\/b><\/strong><\/td>\n<td width=\"601\">200 tk<\/td>\n<\/tr>\n<\/tbody>\n<\/table>","protected":false},"featured_media":1793,"template":"","meta":[],"product_brand":[],"product_cat":[38],"product_tag":[],"class_list":{"0":"post-1792","1":"product","2":"type-product","3":"status-publish","4":"has-post-thumbnail","6":"product_cat-mens-clothing","8":"first","9":"instock","10":"shipping-taxable","11":"product-type-simple"},"_links":{"self":[{"href":"https:\/\/mj-clothing.com\/et\/wp-json\/wp\/v2\/product\/1792","targetHints":{"allow":["GET"]}}],"collection":[{"href":"https:\/\/mj-clothing.com\/et\/wp-json\/wp\/v2\/product"}],"about":[{"href":"https:\/\/mj-clothing.com\/et\/wp-json\/wp\/v2\/types\/product"}],"wp:featuredmedia":[{"embeddable":true,"href":"https:\/\/mj-clothing.com\/et\/wp-json\/wp\/v2\/media\/1793"}],"wp:attachment":[{"href":"https:\/\/mj-clothing.com\/et\/wp-json\/wp\/v2\/media?parent=1792"}],"wp:term":[{"taxonomy":"product_brand","embeddable":true,"href":"https:\/\/mj-clothing.com\/et\/wp-json\/wp\/v2\/product_brand?post=1792"},{"taxonomy":"product_cat","embeddable":true,"href":"https:\/\/mj-clothing.com\/et\/wp-json\/wp\/v2\/product_cat?post=1792"},{"taxonomy":"product_tag","embeddable":true,"href":"https:\/\/mj-clothing.com\/et\/wp-json\/wp\/v2\/product_tag?post=1792"}],"curies":[{"name":"wp","href":"https:\/\/api.w.org\/{rel}","templated":true}]}}