{"id":1802,"date":"2024-12-14T06:48:03","date_gmt":"2024-12-14T06:48:03","guid":{"rendered":"https:\/\/mj-clothing.com\/?post_type=product&#038;p=1802"},"modified":"2024-12-17T06:59:40","modified_gmt":"2024-12-17T06:59:40","slug":"mens-mohair-sweater","status":"publish","type":"product","link":"https:\/\/mj-clothing.com\/et\/manufacturer\/mens-mohair-sweater\/","title":{"rendered":"Meeste moh\u00e4\u00e4rist kampsun"},"content":{"rendered":"<h2 data-sourcepos=\"1:1-1:44\">Meeste moh\u00e4\u00e4rist kampsunid: Materjalid: Luksuslik valik<\/h2>\n<p data-sourcepos=\"3:1-3:167\"><span class=\"citation-0 recitation citation-end-0\">Meeste moh\u00e4\u00e4rist kampsun on luksuslik r\u00f5ivas, mis on valmistatud angoorakitse peenest ja pehmest kiust.<\/span> Mohair on tuntud oma erakordsete omaduste poolest, sealhulgas:<span class=\"button-container hide-from-message-actions ng-star-inserted\">\u00a0<\/span><\/p>\n<div class=\"container ng-tns-c2946245707-308 hide\">\n<div class=\"carousel-container ng-tns-c2946245707-308\">\n<div class=\"carousel-content ng-tns-c2946245707-308\">\n<div class=\"sources-carousel-source ng-tns-c2946245707-308 hide ng-star-inserted\" data-test-id=\"sources-carousel-source\"><\/div>\n<\/div>\n<\/div>\n<\/div>\n<ul data-sourcepos=\"5:1-9:0\">\n<li data-sourcepos=\"5:1-5:70\"><strong>Pehmus:<\/strong> Mohair on uskumatult pehme, sageli pehmem kui ka\u0161miir.<\/li>\n<li data-sourcepos=\"6:1-6:94\"><strong>Soojus:<\/strong> <span class=\"citation-1 recitation citation-end-1\">See pakub suurep\u00e4rast isolatsiooni, hoides teid k\u00fclma ilmaga soojana.<\/span><span class=\"button-container hide-from-message-actions ng-star-inserted\"> \u00a0<\/span><\/li>\n<li data-sourcepos=\"6:1-6:94\"><span class=\"button-container hide-from-message-actions ng-star-inserted\"><strong style=\"font-size: 14.4px;\"><span class=\"citation-2 recitation\">Vastupidavus:<\/span><\/strong><span class=\"citation-2 recitation citation-end-2\" style=\"font-size: 14.4px;\"> Mohair on vastupidav ja pillingukindel.<\/span><\/span>\n<div class=\"container ng-tns-c2946245707-310 hide\">\n<div class=\"carousel-container ng-tns-c2946245707-310\"><\/div>\n<\/div>\n<\/li>\n<li data-sourcepos=\"8:1-9:0\"><strong><span class=\"citation-3 recitation\">Luster:<\/span><\/strong><span class=\"citation-3 recitation citation-end-3\"> Mohairil on loomulik l\u00e4ige, mis annab sellele ainulaadse l\u00e4ike.<\/span>\n<div class=\"container ng-tns-c2946245707-311 hide\">\n<div class=\"carousel-container ng-tns-c2946245707-311\"><\/div>\n<\/div>\n<\/li>\n<\/ul>\n<h3 data-sourcepos=\"10:1-10:32\"><strong>Miks valida meeste moh\u00e4\u00e4rist kampsun?<\/strong><\/h3>\n<ul data-sourcepos=\"12:1-16:0\">\n<li data-sourcepos=\"12:1-12:93\"><strong>Luksuslik tunne:<\/strong> Mohairi pehme ja siidine tekstuur on naha vastu imeline.<\/li>\n<li data-sourcepos=\"13:1-13:118\"><strong><span class=\"citation-4 recitation\">Erakordne soojus:<\/span><\/strong><span class=\"citation-4 recitation citation-end-4\"> Mohairi kampsunid sobivad ideaalselt k\u00fclma ilmaga, hoides teid hubasena ja mugavalt.<\/span><span class=\"button-container hide-from-message-actions ng-star-inserted\">\u00a0<\/span>\n<div class=\"container ng-tns-c2946245707-312 hide\">\n<div class=\"carousel-container ng-tns-c2946245707-312\"><\/div>\n<\/div>\n<\/li>\n<li data-sourcepos=\"14:1-14:99\"><strong>Stiil ja elegants:<\/strong> Mohairi kampsunid v\u00f5ivad t\u00f5sta mis tahes riietust, lisades sellele rafineeritust.<\/li>\n<li data-sourcepos=\"15:1-16:0\"><strong>Unikaalne tekstuur:<\/strong> Mohairi ainulaadne tekstuur lisab teie garderoobile visuaalset huvi.<\/li>\n<\/ul>\n<h3 data-sourcepos=\"17:1-17:34\"><strong>Kuidas moh\u00e4\u00e4rist kampsunit stiliseerida:<\/strong><\/h3>\n<ul data-sourcepos=\"19:1-22:0\">\n<li data-sourcepos=\"19:1-19:77\"><strong>Casual:<\/strong> Sobita see koos teksade, t-s\u00e4rgi ja tossudega, et saada l\u00f5dvestunud v\u00e4limus.<\/li>\n<li data-sourcepos=\"20:1-20:96\"><strong>Smart Casual:<\/strong> Kandke seda koos pintsakute, n\u00f6\u00f6pidega s\u00e4rgi ja loafersidega, et saada stiilne riietus.<\/li>\n<li data-sourcepos=\"21:1-22:0\"><strong>Ametlik:<\/strong> Keeruka v\u00e4limuse saavutamiseks kanna see kleidis\u00e4rgi ja lipsu peale.<\/li>\n<\/ul>\n<h3 data-sourcepos=\"23:1-23:40\"><strong>Kust leida meeste moh\u00e4\u00e4rist kampsunid:<\/strong><\/h3>\n<ul data-sourcepos=\"25:1-28:0\">\n<li data-sourcepos=\"25:1-25:90\"><strong>K\u00f5rgklassi kaubamajad:<\/strong> Otsige luksusbr\u00e4nde, mis on spetsialiseerunud peentele kudumismaterjalidele.<\/li>\n<li data-sourcepos=\"26:1-26:130\"><strong><span class=\"citation-5 recitation\">Online jaem\u00fc\u00fcjad:<\/span><\/strong><span class=\"citation-5 recitation citation-end-5\"> Veebilehed nagu Amazon, Etsy ja teised veebim\u00fc\u00fcjad pakuvad laia valikut moh\u00e4\u00e4rist kampsuneid.<\/span>\n<div class=\"container ng-tns-c2946245707-313 hide\">\n<div class=\"carousel-container ng-tns-c2946245707-313\"><\/div>\n<\/div>\n<\/li>\n<li data-sourcepos=\"27:1-28:0\"><strong>Spetsiaalsed kauplused:<\/strong> Luksuslike kiudude ja j\u00e4tkusuutliku moe kauplustes v\u00f5ib olla moh\u00e4\u00e4rist kampsuneid.<\/li>\n<\/ul>\n<p data-sourcepos=\"29:1-29:222\"><strong>Pea meeles:<\/strong> Kui ostad moh\u00e4\u00e4rist kampsunit, otsi kvaliteetset, eetiliselt hangitud kiudu. Arvestage ka kampsuni kaalu ja paksust, sest see m\u00f5jutab selle soojust ja sobivust eri kliimatingimustes.<\/p>","protected":false},"excerpt":{"rendered":"<table style=\"height: 484px;\" width=\"506\">\n<tbody>\n<tr>\n<td width=\"146\"><strong><b>Toode<\/b><\/strong>\u00a0<strong><b>Nimi:<\/b><\/strong><\/td>\n<td width=\"601\"><strong>Meeste moh\u00e4\u00e4rist kampsun<\/strong><\/td>\n<\/tr>\n<tr>\n<td width=\"146\"><strong><b>Materlal:<\/b><\/strong><\/td>\n<td width=\"601\">Pol\u00fcester\/puuvill<\/td>\n<\/tr>\n<tr>\n<td width=\"146\"><strong><b>Tehnika:<\/b><\/strong><\/td>\n<td width=\"601\">Koo<\/td>\n<\/tr>\n<tr>\n<td width=\"146\"><strong><b>Stiil:<\/b><\/strong><\/td>\n<td width=\"601\">Casual<\/td>\n<\/tr>\n<tr>\n<td width=\"146\"><strong><b>V\u00e4rv<\/b><\/strong><strong><b>:<\/b><\/strong><\/td>\n<td width=\"601\">\u00a0Kohandatud v\u00e4rvid<\/td>\n<\/tr>\n<tr>\n<td width=\"146\"><strong><b>Suurus:<\/b><\/strong><\/td>\n<td width=\"601\">S \/M \/L \/XL \/2XL<\/td>\n<\/tr>\n<tr>\n<td width=\"146\"><strong><b>OEM\/ODM:<\/b><\/strong><\/td>\n<td width=\"601\">Aktsepteeritav<\/td>\n<\/tr>\n<tr>\n<td width=\"146\"><strong><b>Kvaliteet:<\/b><\/strong><\/td>\n<td width=\"601\">100% k\u00f5rge kvaliteet<\/td>\n<\/tr>\n<tr>\n<td width=\"146\"><strong><b>M<\/b><\/strong><strong><b>OQ:<\/b><\/strong><\/td>\n<td width=\"601\">200 tk<\/td>\n<\/tr>\n<\/tbody>\n<\/table>","protected":false},"featured_media":1803,"template":"","meta":[],"product_brand":[],"product_cat":[38],"product_tag":[],"class_list":{"0":"post-1802","1":"product","2":"type-product","3":"status-publish","4":"has-post-thumbnail","6":"product_cat-mens-clothing","8":"first","9":"instock","10":"shipping-taxable","11":"product-type-simple"},"_links":{"self":[{"href":"https:\/\/mj-clothing.com\/et\/wp-json\/wp\/v2\/product\/1802","targetHints":{"allow":["GET"]}}],"collection":[{"href":"https:\/\/mj-clothing.com\/et\/wp-json\/wp\/v2\/product"}],"about":[{"href":"https:\/\/mj-clothing.com\/et\/wp-json\/wp\/v2\/types\/product"}],"wp:featuredmedia":[{"embeddable":true,"href":"https:\/\/mj-clothing.com\/et\/wp-json\/wp\/v2\/media\/1803"}],"wp:attachment":[{"href":"https:\/\/mj-clothing.com\/et\/wp-json\/wp\/v2\/media?parent=1802"}],"wp:term":[{"taxonomy":"product_brand","embeddable":true,"href":"https:\/\/mj-clothing.com\/et\/wp-json\/wp\/v2\/product_brand?post=1802"},{"taxonomy":"product_cat","embeddable":true,"href":"https:\/\/mj-clothing.com\/et\/wp-json\/wp\/v2\/product_cat?post=1802"},{"taxonomy":"product_tag","embeddable":true,"href":"https:\/\/mj-clothing.com\/et\/wp-json\/wp\/v2\/product_tag?post=1802"}],"curies":[{"name":"wp","href":"https:\/\/api.w.org\/{rel}","templated":true}]}}