{"id":1804,"date":"2024-12-14T06:55:24","date_gmt":"2024-12-14T06:55:24","guid":{"rendered":"https:\/\/mj-clothing.com\/?post_type=product&#038;p=1804"},"modified":"2024-12-17T06:56:31","modified_gmt":"2024-12-17T06:56:31","slug":"mens-cashmere-sweater","status":"publish","type":"product","link":"https:\/\/mj-clothing.com\/et\/manufacturer\/mens-cashmere-sweater\/","title":{"rendered":"Meeste ka\u0161miirist kampsun"},"content":{"rendered":"<p data-sourcepos=\"1:1-1:177\"><span class=\"citation-0 recitation citation-end-0\">Meeste ka\u0161miirist kampsun on luksuslik ja ajatu r\u00f5ivaese, mis pakub v\u00f5rratut mugavust ja soojust.<\/span> Siin on p\u00f5hjused, miks te peaksite kaaluma investeerimist sellesse:<span class=\"button-container hide-from-message-actions ng-star-inserted\"> \u00a0<\/span><\/p>\n<div class=\"container ng-tns-c2946245707-329 hide\">\n<div class=\"carousel-container ng-tns-c2946245707-329\">\n<div class=\"carousel-content ng-tns-c2946245707-329\">\n<div class=\"sources-carousel-source ng-tns-c2946245707-329 hide ng-star-inserted\" data-test-id=\"sources-carousel-source\"><\/div>\n<\/div>\n<\/div>\n<\/div>\n<h3 data-sourcepos=\"3:1-3:34\"><strong>Miks valida meeste ka\u0161miirist kampsun?<\/strong><\/h3>\n<ul data-sourcepos=\"5:1-9:0\">\n<li data-sourcepos=\"5:1-5:124\"><strong><span class=\"citation-1 recitation\">Erakordne pehmus:<\/span><\/strong><span class=\"citation-1 recitation citation-end-1\"> Kasmiir on tuntud oma uskumatult pehme tekstuuri poolest, mis teeb selle kandmise meeldivaks.<\/span><\/li>\n<li data-sourcepos=\"5:1-5:124\"><span class=\"button-container hide-from-message-actions ng-star-inserted\"><strong style=\"font-size: 14.4px;\"><span class=\"citation-2 recitation\">Suurep\u00e4rane soojus:<\/span><\/strong><span class=\"citation-2 recitation citation-end-2\" style=\"font-size: 14.4px;\"> Vaatamata oma kergusele pakub ka\u0161miir suurep\u00e4rase isolatsiooni, mis hoiab teid k\u00fclma ilmaga soojana.<\/span><\/span>\n<div class=\"container ng-tns-c2946245707-331 hide\">\n<div class=\"carousel-container ng-tns-c2946245707-331\"><\/div>\n<\/div>\n<\/li>\n<li data-sourcepos=\"7:1-7:122\"><strong>Vastupidavus:<\/strong> <span class=\"citation-3 recitation citation-end-3\">Kvaliteetne ka\u0161miir on \u00fcllatavalt vastupidav ja v\u00f5ib \u00f5ige hoolduse korral kesta aastaid.<\/span><span class=\"button-container hide-from-message-actions ng-star-inserted\">\u00a0<\/span>\n<div class=\"container ng-tns-c2946245707-332 hide\">\n<div class=\"carousel-container ng-tns-c2946245707-332\"><\/div>\n<\/div>\n<\/li>\n<li data-sourcepos=\"8:1-9:0\"><strong><span class=\"citation-4 recitation\">H\u00fcpoallergeenne:<\/span><\/strong><span class=\"citation-4 recitation citation-end-4\"> Ka\u0161miir on h\u00fcpoallergeenne, mist\u00f5ttu sobib see tundliku nahaga inimestele.<\/span><span class=\"button-container hide-from-message-actions ng-star-inserted\">\u00a0<\/span>\n<div class=\"container ng-tns-c2946245707-333 hide\">\n<div class=\"carousel-container ng-tns-c2946245707-333\">\n<div class=\"carousel-content ng-tns-c2946245707-333\">\n<div class=\"sources-carousel-source ng-tns-c2946245707-333 hide ng-star-inserted\" data-test-id=\"sources-carousel-source\"><\/div>\n<\/div>\n<\/div>\n<\/div>\n<\/li>\n<\/ul>\n<h3 data-sourcepos=\"10:1-10:36\"><strong>Kuidas kujundada meeste ka\u0161miirist kampsunit:<\/strong><\/h3>\n<ul data-sourcepos=\"12:1-15:0\">\n<li data-sourcepos=\"12:1-12:77\">\n<h3><strong>Casual:<\/strong> Sobita see koos teksade, t-s\u00e4rgi ja tossudega, et saada l\u00f5dvestunud v\u00e4limus.<\/h3>\n<\/li>\n<li data-sourcepos=\"13:1-13:96\"><strong>Smart Casual:<\/strong> Kandke seda koos pintsakute, n\u00f6\u00f6pidega s\u00e4rgi ja loafersidega, et saada stiilne riietus.<\/li>\n<li data-sourcepos=\"14:1-15:0\"><strong>Ametlik:<\/strong> Keeruka v\u00e4limuse saavutamiseks kanna see kleidis\u00e4rgi ja lipsu peale.<\/li>\n<\/ul>\n<h3 data-sourcepos=\"16:1-16:42\"><strong>Kust leida meeste ka\u0161miirist kampsunid:<\/strong><\/h3>\n<ul data-sourcepos=\"18:1-21:0\">\n<li data-sourcepos=\"18:1-18:90\"><strong>K\u00f5rgklassi kaubamajad:<\/strong> Otsige luksusbr\u00e4nde, mis on spetsialiseerunud peentele kudumismaterjalidele.<\/li>\n<li data-sourcepos=\"19:1-19:132\"><strong><span class=\"citation-5 recitation\">Online jaem\u00fc\u00fcjad:<\/span><\/strong><span class=\"citation-5 recitation citation-end-5\"> Veebilehed nagu Amazon, Etsy ja teised veebim\u00fc\u00fcjad pakuvad laia valikut ka\u0161miirist kampsuneid.<\/span><\/li>\n<li data-sourcepos=\"19:1-19:132\"><strong style=\"font-size: 14.4px;\">Spetsiaalsed kauplused:<\/strong><span style=\"font-size: 14.4px;\"> Luksuslike kiudude ja j\u00e4tkusuutliku moe kauplustes v\u00f5ib olla ka\u0161miirist kampsuneid.<\/span><\/li>\n<\/ul>\n<h3 data-sourcepos=\"22:1-22:41\"><strong>N\u00e4pun\u00e4iteid meeste ka\u0161miirist kampsuni valimiseks:<\/strong><\/h3>\n<ul data-sourcepos=\"24:1-28:0\">\n<li data-sourcepos=\"24:1-24:94\"><strong>Kvaliteet:<\/strong> Otsige kvaliteetset ka\u0161miiri, mis on pehme, sile ja ilma vigadeta.<\/li>\n<li data-sourcepos=\"25:1-25:95\"><strong>Kaal:<\/strong> Arvestage kampsuni kaaluga, sest raskemad kampsunid annavad rohkem soojust.<\/li>\n<li data-sourcepos=\"26:1-26:72\"><strong>Sobib:<\/strong> Valige kampsun, mis istub h\u00e4sti ja meelitab teie keha kuju.<\/li>\n<li data-sourcepos=\"27:1-28:0\"><strong>Stiil:<\/strong> Valige oma isikliku maitse j\u00e4rgi sobiv stiil, olgu see siis meeskonnakaelus, V-kaelus v\u00f5i turtlenekaelus.<\/li>\n<\/ul>\n<h4 data-sourcepos=\"29:1-29:37\"><strong>Kasmiirist kampsuni eest hoolitsemine:<\/strong><\/h4>\n<ul data-sourcepos=\"31:1-34:0\">\n<li data-sourcepos=\"31:1-31:50\">Peske k\u00e4sitsi k\u00fclma veega ja \u00f5rnalt pesuvahendiga.<\/li>\n<li data-sourcepos=\"32:1-32:31\">Kuivatage lamedalt, et v\u00e4ltida venitamist.<\/li>\n<li data-sourcepos=\"33:1-34:0\">Hoida jahedas, kuivas kohas, eemal otsesest p\u00e4ikesevalgusest.<\/li>\n<\/ul>\n<p data-sourcepos=\"35:1-35:144\">Investeerides kvaliteetsesse ka\u0161miirist kampsunisse, ei saa te mitte ainult stiilset ja mugavat r\u00f5ivaeset, vaid ka ajatu luksus.<\/p>\n<div class=\"attachment-container search-images\">\n<div class=\"image-container hide-from-message-actions ng-star-inserted\">\n<div class=\"overlay-container ng-star-inserted\"><\/div>\n<\/div>\n<\/div>","protected":false},"excerpt":{"rendered":"<table style=\"height: 529px;\" width=\"500\">\n<tbody>\n<tr>\n<td width=\"146\"><strong><b>Toode<\/b><\/strong>\u00a0<strong><b>Nimi:<\/b><\/strong><\/td>\n<td width=\"601\"><strong>Meeste ka\u0161miirist kampsun<\/strong><\/td>\n<\/tr>\n<tr>\n<td width=\"146\"><strong><b>Materlal:<\/b><\/strong><\/td>\n<td width=\"601\">Pol\u00fcester\/puuvill<\/td>\n<\/tr>\n<tr>\n<td width=\"146\"><strong><b>Tehnika:<\/b><\/strong><\/td>\n<td width=\"601\">Koo<\/td>\n<\/tr>\n<tr>\n<td width=\"146\"><strong><b>Stiil:<\/b><\/strong><\/td>\n<td width=\"601\">Casual<\/td>\n<\/tr>\n<tr>\n<td width=\"146\"><strong><b>V\u00e4rv<\/b><\/strong><strong><b>:<\/b><\/strong><\/td>\n<td width=\"601\">\u00a0Kohandatud v\u00e4rvid<\/td>\n<\/tr>\n<tr>\n<td width=\"146\"><strong><b>Suurus:<\/b><\/strong><\/td>\n<td width=\"601\">S \/M \/L \/XL \/2XL<\/td>\n<\/tr>\n<tr>\n<td width=\"146\"><strong><b>OEM\/ODM:<\/b><\/strong><\/td>\n<td width=\"601\">Aktsepteeritav<\/td>\n<\/tr>\n<tr>\n<td width=\"146\"><strong><b>Kvaliteet:<\/b><\/strong><\/td>\n<td width=\"601\">100% k\u00f5rge kvaliteet<\/td>\n<\/tr>\n<tr>\n<td width=\"146\"><strong><b>M<\/b><\/strong><strong><b>OQ:<\/b><\/strong><\/td>\n<td width=\"601\">200 tk<\/td>\n<\/tr>\n<\/tbody>\n<\/table>","protected":false},"featured_media":1805,"template":"","meta":[],"product_brand":[],"product_cat":[38],"product_tag":[],"class_list":{"0":"post-1804","1":"product","2":"type-product","3":"status-publish","4":"has-post-thumbnail","6":"product_cat-mens-clothing","8":"first","9":"instock","10":"shipping-taxable","11":"product-type-simple"},"_links":{"self":[{"href":"https:\/\/mj-clothing.com\/et\/wp-json\/wp\/v2\/product\/1804","targetHints":{"allow":["GET"]}}],"collection":[{"href":"https:\/\/mj-clothing.com\/et\/wp-json\/wp\/v2\/product"}],"about":[{"href":"https:\/\/mj-clothing.com\/et\/wp-json\/wp\/v2\/types\/product"}],"wp:featuredmedia":[{"embeddable":true,"href":"https:\/\/mj-clothing.com\/et\/wp-json\/wp\/v2\/media\/1805"}],"wp:attachment":[{"href":"https:\/\/mj-clothing.com\/et\/wp-json\/wp\/v2\/media?parent=1804"}],"wp:term":[{"taxonomy":"product_brand","embeddable":true,"href":"https:\/\/mj-clothing.com\/et\/wp-json\/wp\/v2\/product_brand?post=1804"},{"taxonomy":"product_cat","embeddable":true,"href":"https:\/\/mj-clothing.com\/et\/wp-json\/wp\/v2\/product_cat?post=1804"},{"taxonomy":"product_tag","embeddable":true,"href":"https:\/\/mj-clothing.com\/et\/wp-json\/wp\/v2\/product_tag?post=1804"}],"curies":[{"name":"wp","href":"https:\/\/api.w.org\/{rel}","templated":true}]}}