{"id":1806,"date":"2024-12-14T06:59:55","date_gmt":"2024-12-14T06:59:55","guid":{"rendered":"https:\/\/mj-clothing.com\/?post_type=product&#038;p=1806"},"modified":"2024-12-17T06:54:59","modified_gmt":"2024-12-17T06:54:59","slug":"mens-slim-fit-sweater","status":"publish","type":"product","link":"https:\/\/mj-clothing.com\/et\/manufacturer\/mens-slim-fit-sweater\/","title":{"rendered":"Meeste Slim Fit kampsun"},"content":{"rendered":"<p data-sourcepos=\"1:1-1:224\"><span class=\"citation-0 recitation citation-end-0\">Meeste slim fit kampsun on mitmek\u00fclgne r\u00f5ivaese, mis pakub elegantset ja moodsat v\u00e4limust.<\/span> <span class=\"citation-1 recitation citation-end-1\">See on disainitud nii, et see istub kehale l\u00e4hemale, r\u00f5hutades teie kehaehitust, pakkudes samal ajal mugavust ja soojust.<\/span><\/p>\n<h3 data-sourcepos=\"1:1-1:224\"><strong>\u00a0 \u00a0 Miks valida meeste Slim Fit kampsun?<\/strong><\/h3>\n<ul data-sourcepos=\"5:1-9:0\">\n<li data-sourcepos=\"5:1-5:95\"><strong><span class=\"citation-2 recitation\">Stiilne ja moodne:<\/span><\/strong><span class=\"citation-2 recitation citation-end-2\"> \u00d5hukese l\u00f5ikega kampsun pakub kaasaegset ja stiilset v\u00e4ljan\u00e4gemist.<\/span>\n<div class=\"container ng-tns-c2946245707-350 hide\">\n<div class=\"carousel-container ng-tns-c2946245707-350\"><\/div>\n<\/div>\n<\/li>\n<li data-sourcepos=\"6:1-6:103\"><strong>Kaunistav sobivus:<\/strong> See v\u00f5ib aidata r\u00f5hutada teie kehaehitust ja luua voolujoonelisemat siluetti.<\/li>\n<li data-sourcepos=\"7:1-7:89\"><strong>Mitmek\u00fclgsus:<\/strong> Seda saab riietada \u00fcles v\u00f5i alla, mist\u00f5ttu sobib see ideaalselt erinevateks puhkudel.<\/li>\n<li data-sourcepos=\"8:1-9:0\"><strong>Mugavus:<\/strong> Vaatamata sobivale stiilile, v\u00f5ib h\u00e4sti valmistatud slim fit kampsun olla uskumatult mugav.<\/li>\n<\/ul>\n<h3 data-sourcepos=\"10:1-10:36\"><strong>Kuidas stiilne meeste Slim Fit kampsun:<\/strong><\/h3>\n<ul data-sourcepos=\"12:1-15:0\">\n<li data-sourcepos=\"12:1-12:77\"><strong>Casual:<\/strong> Sobita see koos teksade, t-s\u00e4rgi ja tossudega, et saada l\u00f5dvestunud v\u00e4limus.<\/li>\n<li data-sourcepos=\"13:1-13:96\"><strong>Smart Casual:<\/strong> Kandke seda koos pintsakute, n\u00f6\u00f6pidega s\u00e4rgi ja loafersidega, et saada stiilne riietus.<\/li>\n<li data-sourcepos=\"14:1-15:0\"><strong>Ametlik:<\/strong> Keeruka v\u00e4limuse saavutamiseks kanna see kleidis\u00e4rgi ja lipsu peale.<\/li>\n<\/ul>\n<h3 data-sourcepos=\"16:1-16:41\"><strong>N\u00e4pun\u00e4iteid meeste Slim Fit kampsuni valimiseks:<\/strong><\/h3>\n<ul data-sourcepos=\"18:1-22:0\">\n<li data-sourcepos=\"18:1-18:164\"><strong>Materjal:<\/strong> Arvestage materjali, sest see m\u00f5jutab kampsuni soojust, mugavust ja vastupidavust. <span class=\"citation-3 recitation citation-end-3\">Vill, ka\u0161miir ja puuvill on populaarsed valikud.<\/span><\/li>\n<li data-sourcepos=\"18:1-18:164\"><strong style=\"font-size: 14.4px;\">Sobib:<\/strong><span style=\"font-size: 14.4px;\"> Veenduge, et kampsun istub h\u00e4sti, ilma et see oleks liiga kitsas v\u00f5i liiga lahtine.<\/span><\/li>\n<li data-sourcepos=\"20:1-20:103\"><strong>Stiil:<\/strong> Valige oma isikliku maitse j\u00e4rgi sobiv stiil, n\u00e4iteks meeskonnakaelus, V-kaelus v\u00f5i turtlenekaelus.<\/li>\n<li data-sourcepos=\"21:1-22:0\"><strong>V\u00e4rv:<\/strong> Kaaluge kampsuni v\u00e4rvi ja mustrit, et see t\u00e4iendaks teie garderoobi.<\/li>\n<\/ul>\n<p data-sourcepos=\"23:1-23:96\"><strong>Pea meeles:<\/strong> H\u00e4sti istuv slim fit kampsun v\u00f5ib t\u00f5sta teie stiili ja panna teid n\u00e4gema v\u00e4lja oma parimana.<\/p>","protected":false},"excerpt":{"rendered":"<table style=\"height: 520px;\" width=\"518\">\n<tbody>\n<tr>\n<td width=\"146\"><strong><b>Toode<\/b><\/strong>\u00a0<strong><b>Nimi:<\/b><\/strong><\/td>\n<td width=\"601\"><strong>Meeste Slim Fit kampsun<\/strong><\/td>\n<\/tr>\n<tr>\n<td width=\"146\"><strong><b>Materlal:<\/b><\/strong><\/td>\n<td width=\"601\">Pol\u00fcester\/puuvill<\/td>\n<\/tr>\n<tr>\n<td width=\"146\"><strong><b>Tehnika:<\/b><\/strong><\/td>\n<td width=\"601\">Koo<\/td>\n<\/tr>\n<tr>\n<td width=\"146\"><strong><b>Stiil:<\/b><\/strong><\/td>\n<td width=\"601\">Casual<\/td>\n<\/tr>\n<tr>\n<td width=\"146\"><strong><b>V\u00e4rv<\/b><\/strong><strong><b>:<\/b><\/strong><\/td>\n<td width=\"601\">\u00a0Kohandatud v\u00e4rvid<\/td>\n<\/tr>\n<tr>\n<td width=\"146\"><strong><b>Suurus:<\/b><\/strong><\/td>\n<td width=\"601\">S \/M \/L \/XL \/2XL<\/td>\n<\/tr>\n<tr>\n<td width=\"146\"><strong><b>OEM\/ODM:<\/b><\/strong><\/td>\n<td width=\"601\">Aktsepteeritav<\/td>\n<\/tr>\n<tr>\n<td width=\"146\"><strong><b>Kvaliteet:<\/b><\/strong><\/td>\n<td width=\"601\">100% k\u00f5rge kvaliteet<\/td>\n<\/tr>\n<tr>\n<td width=\"146\"><strong><b>M<\/b><\/strong><strong><b>OQ:<\/b><\/strong><\/td>\n<td width=\"601\">200 tk<\/td>\n<\/tr>\n<\/tbody>\n<\/table>","protected":false},"featured_media":1807,"template":"","meta":[],"product_brand":[],"product_cat":[38],"product_tag":[],"class_list":{"0":"post-1806","1":"product","2":"type-product","3":"status-publish","4":"has-post-thumbnail","6":"product_cat-mens-clothing","8":"first","9":"instock","10":"shipping-taxable","11":"product-type-simple"},"_links":{"self":[{"href":"https:\/\/mj-clothing.com\/et\/wp-json\/wp\/v2\/product\/1806","targetHints":{"allow":["GET"]}}],"collection":[{"href":"https:\/\/mj-clothing.com\/et\/wp-json\/wp\/v2\/product"}],"about":[{"href":"https:\/\/mj-clothing.com\/et\/wp-json\/wp\/v2\/types\/product"}],"wp:featuredmedia":[{"embeddable":true,"href":"https:\/\/mj-clothing.com\/et\/wp-json\/wp\/v2\/media\/1807"}],"wp:attachment":[{"href":"https:\/\/mj-clothing.com\/et\/wp-json\/wp\/v2\/media?parent=1806"}],"wp:term":[{"taxonomy":"product_brand","embeddable":true,"href":"https:\/\/mj-clothing.com\/et\/wp-json\/wp\/v2\/product_brand?post=1806"},{"taxonomy":"product_cat","embeddable":true,"href":"https:\/\/mj-clothing.com\/et\/wp-json\/wp\/v2\/product_cat?post=1806"},{"taxonomy":"product_tag","embeddable":true,"href":"https:\/\/mj-clothing.com\/et\/wp-json\/wp\/v2\/product_tag?post=1806"}],"curies":[{"name":"wp","href":"https:\/\/api.w.org\/{rel}","templated":true}]}}