{"id":1809,"date":"2024-12-14T07:05:10","date_gmt":"2024-12-14T07:05:10","guid":{"rendered":"https:\/\/mj-clothing.com\/?post_type=product&#038;p=1809"},"modified":"2024-12-17T06:53:15","modified_gmt":"2024-12-17T06:53:15","slug":"mens-quilted-sweater","status":"publish","type":"product","link":"https:\/\/mj-clothing.com\/et\/manufacturer\/mens-quilted-sweater\/","title":{"rendered":"Meeste tikkis kampsun"},"content":{"rendered":"<p data-sourcepos=\"1:1-1:189\"><span class=\"citation-0 recitation citation-end-0\">Meeste tikitud kampsun on stiilne ja funktsionaalne r\u00f5ivaese, mis pakub nii soojust kui ka ainulaadset esteetikat.<\/span> Siin on p\u00f5hjused, miks v\u00f5iksite kaaluda selle lisamist oma garderoobi:<span class=\"button-container hide-from-message-actions ng-star-inserted\"> \u00a0<\/span><\/p>\n<h3 data-sourcepos=\"3:1-3:33\"><strong>\u00a0 Miks valida meeste tikitud kampsun?<\/strong><\/h3>\n<ul data-sourcepos=\"5:1-9:0\">\n<li data-sourcepos=\"5:1-5:139\"><strong>Soojus ja mugavus:<\/strong> <span class=\"citation-1 recitation citation-end-1\">Tepitud disain hoiab \u00f5hku kinni, pakkudes suurep\u00e4rast isolatsiooni ja hoides teid soojana k\u00fclmema ilmaga.<\/span><span class=\"button-container hide-from-message-actions ng-star-inserted\"> \u00a0<\/span>\n<div class=\"container ng-tns-c2946245707-367 hide\">\n<div class=\"carousel-container ng-tns-c2946245707-367\"><\/div>\n<\/div>\n<\/li>\n<li data-sourcepos=\"6:1-6:129\"><strong>Stiil ja mitmek\u00fclgsus:<\/strong> <span class=\"citation-2 recitation citation-end-2\">Tepitud kampsuneid saab riietada \u00fcles v\u00f5i alla, mist\u00f5ttu sobivad need erinevatel puhkudel.<\/span><\/li>\n<li data-sourcepos=\"6:1-6:129\"><strong style=\"font-size: 14.4px;\">Unikaalne esteetika:<\/strong><span style=\"font-size: 14.4px;\"> Tepitud muster lisab riietusele visuaalset huvi ja tekstuuri.<\/span><\/li>\n<li data-sourcepos=\"8:1-9:0\"><strong>Vastupidavus:<\/strong> <span class=\"citation-3 recitation citation-end-3\">Tepitud kampsunid on sageli valmistatud vastupidavast materjalist, mis tagab, et need peavad vastu regulaarsele kulumisele.<\/span><span class=\"button-container hide-from-message-actions ng-star-inserted\">\u00a0<\/span>\n<div class=\"container ng-tns-c2946245707-369 hide\">\n<div class=\"carousel-container ng-tns-c2946245707-369\">\n<div class=\"carousel-content ng-tns-c2946245707-369\">\n<div class=\"sources-carousel-source ng-tns-c2946245707-369 hide ng-star-inserted\" data-test-id=\"sources-carousel-source\"><\/div>\n<\/div>\n<\/div>\n<\/div>\n<\/li>\n<\/ul>\n<h3 data-sourcepos=\"10:1-10:35\"><strong>Kuidas kujundada meeste tikitud kampsunit:<\/strong><\/h3>\n<ul data-sourcepos=\"12:1-15:0\">\n<li data-sourcepos=\"12:1-12:77\"><strong>Casual:<\/strong> Sobita see koos teksade, t-s\u00e4rgi ja tossudega, et saada l\u00f5dvestunud v\u00e4limus.<\/li>\n<li data-sourcepos=\"13:1-13:96\"><strong>Smart Casual:<\/strong> Kandke seda koos pintsakute, n\u00f6\u00f6pidega s\u00e4rgi ja loafersidega, et saada stiilne riietus.<\/li>\n<li data-sourcepos=\"14:1-15:0\"><strong>V\u00e4litegevused:<\/strong> Lisasoojuse saamiseks v\u00e4litingimustes toimuvate seikluste ajal v\u00f5id seda kanda fliisi v\u00f5i kapuutsiga.<\/li>\n<\/ul>\n<h3 data-sourcepos=\"16:1-16:41\"><strong>Kust leida meeste tepitud kampsunid:<\/strong><\/h3>\n<ul data-sourcepos=\"18:1-21:0\">\n<li data-sourcepos=\"18:1-18:86\"><strong>Kaubamajad:<\/strong> Otsige kaubam\u00e4rke, mis pakuvad erinevaid stiile ja materjale.<\/li>\n<li data-sourcepos=\"19:1-19:131\"><strong><span class=\"citation-4 recitation\">Online jaem\u00fc\u00fcjad:<\/span><\/strong><span class=\"citation-4 recitation citation-end-4\"> Veebilehed nagu Amazon, eBay ja teised veebim\u00fc\u00fcjad pakuvad suurt valikut tikitud kampsuneid.<\/span><span class=\"button-container hide-from-message-actions ng-star-inserted\">\u00a0<\/span>\n<div class=\"container ng-tns-c2946245707-370 hide\">\n<div class=\"carousel-container ng-tns-c2946245707-370\">\n<div class=\"carousel-content ng-tns-c2946245707-370\">\n<div class=\"sources-carousel-source ng-tns-c2946245707-370 hide ng-star-inserted\" data-test-id=\"sources-carousel-source\"><\/div>\n<\/div>\n<\/div>\n<\/div>\n<\/li>\n<li data-sourcepos=\"20:1-21:0\"><strong>V\u00e4lisriiete kauplused:<\/strong> V\u00e4ljas\u00f5iduvarustusele spetsialiseerunud kauplustes on sageli m\u00fc\u00fcgil konkreetsete tegevuste jaoks m\u00f5eldud tikkis kampsunid.<\/li>\n<\/ul>\n<h3 data-sourcepos=\"22:1-22:40\"><strong>N\u00e4pun\u00e4iteid tikitud kampsuni valimiseks:<\/strong><\/h3>\n<ul data-sourcepos=\"24:1-28:0\">\n<li data-sourcepos=\"24:1-24:169\"><strong>Materjal:<\/strong> Arvestage vatiteki materjaliga, sest see m\u00f5jutab kampsuni soojust ja vastupidavust. Vill, fliis ja s\u00fcnteetilised materjalid on tavalised valikud.<\/li>\n<li data-sourcepos=\"25:1-25:70\"><strong>Sobib:<\/strong> Valige kampsun, mis istub h\u00e4sti ja mida on mugav kanda.<\/li>\n<li data-sourcepos=\"26:1-26:102\"><strong>Stiil:<\/strong> Valige oma isikliku maitse j\u00e4rgi sobiv stiil, n\u00e4iteks t\u00e4is- v\u00f5i poolsviitriline v\u00f5i pullover.<\/li>\n<li data-sourcepos=\"27:1-28:0\"><strong>V\u00e4rv ja muster:<\/strong> Kaaluge vatiteki v\u00e4rvi ja mustrit, et see t\u00e4iendaks teie garderoobi.<\/li>\n<\/ul>\n<p data-sourcepos=\"29:1-29:193\">Investeerides kvaliteetsesse tikitud kampsunisse, ei saa te mitte ainult stiilset ja funktsionaalset r\u00f5ivaeset, vaid ka r\u00f5ivaeset, mis hoiab teid soojas ja mugavalt aastaid.<\/p>","protected":false},"excerpt":{"rendered":"<table style=\"height: 486px;\" width=\"466\">\n<tbody>\n<tr>\n<td width=\"146\"><strong><b>Toode<\/b><\/strong>\u00a0<strong><b>Nimi:<\/b><\/strong><\/td>\n<td width=\"601\"><strong>Meeste tikkis kampsun<\/strong><\/td>\n<\/tr>\n<tr>\n<td width=\"146\"><strong><b>Materlal:<\/b><\/strong><\/td>\n<td width=\"601\">Pol\u00fcester\/puuvill<\/td>\n<\/tr>\n<tr>\n<td width=\"146\"><strong><b>Tehnika:<\/b><\/strong><\/td>\n<td width=\"601\">Koo<\/td>\n<\/tr>\n<tr>\n<td width=\"146\"><strong><b>Stiil:<\/b><\/strong><\/td>\n<td width=\"601\">Casual<\/td>\n<\/tr>\n<tr>\n<td width=\"146\"><strong><b>V\u00e4rv<\/b><\/strong><strong><b>:<\/b><\/strong><\/td>\n<td width=\"601\">\u00a0Kohandatud v\u00e4rvid<\/td>\n<\/tr>\n<tr>\n<td width=\"146\"><strong><b>Suurus:<\/b><\/strong><\/td>\n<td width=\"601\">S \/M \/L \/XL \/2XL<\/td>\n<\/tr>\n<tr>\n<td width=\"146\"><strong><b>OEM\/ODM:<\/b><\/strong><\/td>\n<td width=\"601\">Aktsepteeritav<\/td>\n<\/tr>\n<tr>\n<td width=\"146\"><strong><b>Kvaliteet:<\/b><\/strong><\/td>\n<td width=\"601\">100% k\u00f5rge kvaliteet<\/td>\n<\/tr>\n<tr>\n<td width=\"146\"><strong><b>M<\/b><\/strong><strong><b>OQ:<\/b><\/strong><\/td>\n<td width=\"601\">200 tk<\/td>\n<\/tr>\n<\/tbody>\n<\/table>","protected":false},"featured_media":1810,"template":"","meta":[],"product_brand":[],"product_cat":[38],"product_tag":[],"class_list":{"0":"post-1809","1":"product","2":"type-product","3":"status-publish","4":"has-post-thumbnail","6":"product_cat-mens-clothing","8":"first","9":"instock","10":"shipping-taxable","11":"product-type-simple"},"_links":{"self":[{"href":"https:\/\/mj-clothing.com\/et\/wp-json\/wp\/v2\/product\/1809","targetHints":{"allow":["GET"]}}],"collection":[{"href":"https:\/\/mj-clothing.com\/et\/wp-json\/wp\/v2\/product"}],"about":[{"href":"https:\/\/mj-clothing.com\/et\/wp-json\/wp\/v2\/types\/product"}],"wp:featuredmedia":[{"embeddable":true,"href":"https:\/\/mj-clothing.com\/et\/wp-json\/wp\/v2\/media\/1810"}],"wp:attachment":[{"href":"https:\/\/mj-clothing.com\/et\/wp-json\/wp\/v2\/media?parent=1809"}],"wp:term":[{"taxonomy":"product_brand","embeddable":true,"href":"https:\/\/mj-clothing.com\/et\/wp-json\/wp\/v2\/product_brand?post=1809"},{"taxonomy":"product_cat","embeddable":true,"href":"https:\/\/mj-clothing.com\/et\/wp-json\/wp\/v2\/product_cat?post=1809"},{"taxonomy":"product_tag","embeddable":true,"href":"https:\/\/mj-clothing.com\/et\/wp-json\/wp\/v2\/product_tag?post=1809"}],"curies":[{"name":"wp","href":"https:\/\/api.w.org\/{rel}","templated":true}]}}