{"id":1811,"date":"2024-12-14T07:29:45","date_gmt":"2024-12-14T07:29:45","guid":{"rendered":"https:\/\/mj-clothing.com\/?post_type=product&#038;p=1811"},"modified":"2024-12-17T06:51:19","modified_gmt":"2024-12-17T06:51:19","slug":"mens-hooded-cotton-jacket","status":"publish","type":"product","link":"https:\/\/mj-clothing.com\/et\/manufacturer\/mens-hooded-cotton-jacket\/","title":{"rendered":"Meeste puuvillane kapuutsiga jakk"},"content":{"rendered":"<p data-sourcepos=\"1:1-1:194\"><span class=\"citation-0 recitation citation-end-0\">Meeste puuvillane kapuutsiga jakk on mitmek\u00fclgne ja stiilne \u00fcleriietus, mida saab kanda erinevates ilmastikutingimustes.<\/span> Siin on p\u00f5hjused, miks v\u00f5iksite kaaluda selle lisamist oma garderoobi:<span class=\"button-container hide-from-message-actions ng-star-inserted\">\u00a0<\/span><\/p>\n<div class=\"container ng-tns-c2946245707-384 hide\">\n<div class=\"carousel-container ng-tns-c2946245707-384\">\n<div class=\"carousel-content ng-tns-c2946245707-384\">\n<div class=\"sources-carousel-source ng-tns-c2946245707-384 hide ng-star-inserted\" data-test-id=\"sources-carousel-source\"><\/div>\n<\/div>\n<\/div>\n<\/div>\n<h3 data-sourcepos=\"3:1-3:38\"><strong>Miks valida meeste puuvillane kapuutsiga jope?<\/strong><\/h3>\n<ul data-sourcepos=\"5:1-9:0\">\n<li data-sourcepos=\"5:1-5:128\"><strong><span class=\"citation-1 recitation\">Mugavus ja soojus:<\/span><\/strong><span class=\"citation-1 recitation citation-end-1\"> Puuvill on hingav ja mugav materjal, mis hoiab teid jahedama ilmaga soojana.<\/span><\/li>\n<li data-sourcepos=\"5:1-5:128\"><strong style=\"font-size: 14.4px;\">Mitmek\u00fclgsus:<\/strong><span style=\"font-size: 14.4px;\"> Kapuutsiga puuvillast jakki saab riietada nii \u00fcles kui ka alla, mist\u00f5ttu sobib see ideaalselt nii vabaaja- kui ka poolametlikele \u00fcritustele.<\/span><\/li>\n<li data-sourcepos=\"7:1-7:97\"><strong>Kaitse elementide eest:<\/strong> Kapuuts pakub t\u00e4iendavat kaitset vihma, tuule ja k\u00fclma eest.<\/li>\n<li data-sourcepos=\"8:1-9:0\"><strong>Stiil:<\/strong> Kapuutsiga jakid v\u00f5ivad lisada stiili igale riietusele.<\/li>\n<\/ul>\n<h3 data-sourcepos=\"10:1-10:40\"><strong>Kuidas kujundada meeste puuvillast kapuutsiga jakk:<\/strong><\/h3>\n<ul data-sourcepos=\"12:1-15:0\">\n<li data-sourcepos=\"12:1-12:77\"><strong>Casual:<\/strong> Sobita see koos teksade, t-s\u00e4rgi ja tossudega, et saada l\u00f5dvestunud v\u00e4limus.<\/li>\n<li data-sourcepos=\"13:1-13:96\"><strong>Smart Casual:<\/strong> Kandke seda koos pintsakute, n\u00f6\u00f6pidega s\u00e4rgi ja loafersidega, et saada stiilne riietus.<\/li>\n<li data-sourcepos=\"14:1-15:0\"><strong>V\u00e4litegevused:<\/strong> Lisasoojuse saamiseks v\u00e4litingimustes toimuvate seikluste ajal v\u00f5id seda kanda fliisi v\u00f5i kapuutsiga.<\/li>\n<\/ul>\n<h3 data-sourcepos=\"16:1-16:46\"><strong>Kust leida meeste puuvillaseid kapuutsiga jakke:<\/strong><\/h3>\n<ul data-sourcepos=\"18:1-21:0\">\n<li data-sourcepos=\"18:1-18:86\"><strong>Kaubamajad:<\/strong> Otsige kaubam\u00e4rke, mis pakuvad erinevaid stiile ja materjale.<\/li>\n<li data-sourcepos=\"19:1-19:136\"><strong><span class=\"citation-2 recitation\">Online jaem\u00fc\u00fcjad:<\/span><\/strong><span class=\"citation-2 recitation citation-end-2\"> Veebilehed nagu Amazon, eBay ja teised veebim\u00fc\u00fcjad pakuvad laia valikut puuvillaseid kapuutsiga jakke.<\/span><span class=\"button-container hide-from-message-actions ng-star-inserted\"> \u00a0<\/span>\n<div class=\"container ng-tns-c2946245707-386 hide\">\n<div class=\"carousel-container ng-tns-c2946245707-386\"><\/div>\n<\/div>\n<\/li>\n<li data-sourcepos=\"20:1-21:0\"><strong>V\u00e4lisriiete kauplused:<\/strong> V\u00e4livarustusele spetsialiseerunud kauplustes on sageli m\u00fc\u00fcgil konkreetsete tegevuste jaoks m\u00f5eldud puuvillased kapuutsiga jakid.<\/li>\n<\/ul>\n<h3 data-sourcepos=\"22:1-22:45\"><strong>N\u00e4pun\u00e4iteid meeste puuvillase kapuutsiga jope valimiseks:<\/strong><\/h3>\n<ul data-sourcepos=\"24:1-28:0\">\n<li data-sourcepos=\"24:1-24:123\"><strong>Materjal:<\/strong> Arvestage puuvilla kaalu ja paksust, sest see m\u00f5jutab jope soojust ja vastupidavust.<\/li>\n<li data-sourcepos=\"25:1-25:69\"><strong>Sobib:<\/strong> Valige jope, mis sobib h\u00e4sti ja mida on mugav kanda.<\/li>\n<li data-sourcepos=\"26:1-26:108\"><strong>Stiil:<\/strong> Valige stiil, mis sobib teie isikliku maitsega, n\u00e4iteks bomberjope, v\u00e4lijope v\u00f5i parka.<\/li>\n<li data-sourcepos=\"27:1-28:0\"><strong>Omadused:<\/strong> Kaaluge lisafunktsioone, nagu taskud, t\u00f5mblukuga kapuuts ning soonikuga mansetid ja \u00e4\u00e4r.<\/li>\n<\/ul>\n<p data-sourcepos=\"29:1-29:198\">Investeerides kvaliteetsesse puuvillasesse kapuutsiga jakki, ei saa te mitte ainult stiilset ja funktsionaalset r\u00f5ivaeset, vaid ka r\u00f5ivaeset, mis hoiab teid soojas ja mugavalt aastaid.<\/p>\n<div class=\"attachment-container search-images\">\n<div class=\"image-container hide-from-message-actions ng-star-inserted\">\n<div class=\"overlay-container ng-star-inserted\"><\/div>\n<\/div>\n<\/div>","protected":false},"excerpt":{"rendered":"<table style=\"height: 509px;\" width=\"553\">\n<tbody>\n<tr>\n<td width=\"146\"><strong><b>Toode<\/b><\/strong>\u00a0<strong><b>Nimi:<\/b><\/strong><\/td>\n<td width=\"601\"><strong>Meeste puuvillane kapuutsiga jakk<\/strong><\/td>\n<\/tr>\n<tr>\n<td width=\"146\"><strong><b>Materlal:<\/b><\/strong><\/td>\n<td width=\"601\">Pol\u00fcester\/puuvill<\/td>\n<\/tr>\n<tr>\n<td width=\"146\"><strong><b>Tehnika:<\/b><\/strong><\/td>\n<td width=\"601\">Lihtne puuvill<\/td>\n<\/tr>\n<tr>\n<td width=\"146\"><strong><b>Stiil:<\/b><\/strong><\/td>\n<td width=\"601\">Casual<\/td>\n<\/tr>\n<tr>\n<td width=\"146\"><strong><b>V\u00e4rv<\/b><\/strong><strong><b>:<\/b><\/strong><\/td>\n<td width=\"601\">\u00a0Kohandatud v\u00e4rvid<\/td>\n<\/tr>\n<tr>\n<td width=\"146\"><strong><b>Suurus:<\/b><\/strong><\/td>\n<td width=\"601\">S \/M \/L \/XL \/2XL<\/td>\n<\/tr>\n<tr>\n<td width=\"146\"><strong><b>OEM\/ODM:<\/b><\/strong><\/td>\n<td width=\"601\">Aktsepteeritav<\/td>\n<\/tr>\n<tr>\n<td width=\"146\"><strong><b>Kvaliteet:<\/b><\/strong><\/td>\n<td width=\"601\">100% k\u00f5rge kvaliteet<\/td>\n<\/tr>\n<tr>\n<td width=\"146\"><strong><b>M<\/b><\/strong><strong><b>OQ:<\/b><\/strong><\/td>\n<td width=\"601\">200 tk<\/td>\n<\/tr>\n<\/tbody>\n<\/table>","protected":false},"featured_media":1812,"template":"","meta":[],"product_brand":[],"product_cat":[38],"product_tag":[],"class_list":{"0":"post-1811","1":"product","2":"type-product","3":"status-publish","4":"has-post-thumbnail","6":"product_cat-mens-clothing","8":"first","9":"instock","10":"shipping-taxable","11":"product-type-simple"},"_links":{"self":[{"href":"https:\/\/mj-clothing.com\/et\/wp-json\/wp\/v2\/product\/1811","targetHints":{"allow":["GET"]}}],"collection":[{"href":"https:\/\/mj-clothing.com\/et\/wp-json\/wp\/v2\/product"}],"about":[{"href":"https:\/\/mj-clothing.com\/et\/wp-json\/wp\/v2\/types\/product"}],"wp:featuredmedia":[{"embeddable":true,"href":"https:\/\/mj-clothing.com\/et\/wp-json\/wp\/v2\/media\/1812"}],"wp:attachment":[{"href":"https:\/\/mj-clothing.com\/et\/wp-json\/wp\/v2\/media?parent=1811"}],"wp:term":[{"taxonomy":"product_brand","embeddable":true,"href":"https:\/\/mj-clothing.com\/et\/wp-json\/wp\/v2\/product_brand?post=1811"},{"taxonomy":"product_cat","embeddable":true,"href":"https:\/\/mj-clothing.com\/et\/wp-json\/wp\/v2\/product_cat?post=1811"},{"taxonomy":"product_tag","embeddable":true,"href":"https:\/\/mj-clothing.com\/et\/wp-json\/wp\/v2\/product_tag?post=1811"}],"curies":[{"name":"wp","href":"https:\/\/api.w.org\/{rel}","templated":true}]}}