{"id":1813,"date":"2024-12-14T07:39:40","date_gmt":"2024-12-14T07:39:40","guid":{"rendered":"https:\/\/mj-clothing.com\/?post_type=product&#038;p=1813"},"modified":"2024-12-17T06:49:41","modified_gmt":"2024-12-17T06:49:41","slug":"flannel-lined-jacket","status":"publish","type":"product","link":"https:\/\/mj-clothing.com\/et\/manufacturer\/flannel-lined-jacket\/","title":{"rendered":"Flanellivoodriga jakk"},"content":{"rendered":"<h2 data-sourcepos=\"1:1-1:46\">Meeste flanellivoodriga jakid: Mugav klassikaline<\/h2>\n<p data-sourcepos=\"3:1-3:223\"><span class=\"citation-0 recitation citation-end-0\">Flanellivoodriga jakk on klassikaline \u00fcleriietus, mis pakub soojust, mugavust ja stiili.<\/span> See sobib ideaalselt nendeks jahedateks s\u00fcgis- ja talvep\u00e4evadeks, kui vajate veidi lisasoojust, ilma stiili ohverdamata.<\/p>\n<p data-sourcepos=\"3:1-3:223\"><strong>\u00a0 \u00a0 \u00a0Miks valida flanellivoodriga jakk?<\/strong><\/p>\n<ul data-sourcepos=\"7:1-11:0\">\n<li data-sourcepos=\"7:1-7:103\"><strong>Soojus:<\/strong> <span class=\"citation-1 recitation citation-end-1\">Flanellivooder tagab suurep\u00e4rase isolatsiooni, hoides teid soojana ja hubasena.<\/span><span class=\"button-container hide-from-message-actions ng-star-inserted\">\u00a0<\/span>\n<div class=\"container ng-tns-c2946245707-430 hide\">\n<div class=\"carousel-container ng-tns-c2946245707-430\"><\/div>\n<\/div>\n<\/li>\n<li data-sourcepos=\"8:1-8:103\"><strong>Mugavus:<\/strong> <span class=\"citation-2 recitation citation-end-2\">Flanell on pehme ja mugav kangas, mis on naha vastu suurep\u00e4rane.<\/span><span class=\"button-container hide-from-message-actions ng-star-inserted\"> \u00a0<\/span>\n<div class=\"container ng-tns-c2946245707-431 hide\">\n<div class=\"carousel-container ng-tns-c2946245707-431\"><\/div>\n<\/div>\n<\/li>\n<li data-sourcepos=\"9:1-9:119\"><strong>Stiil:<\/strong> <span class=\"citation-3 recitation citation-end-3\">Flanellivoodriga jakke saab riietada nii \u00fcles kui ka alla, mis muudab need mitmek\u00fclgseks erinevatel puhkudel.<\/span><span class=\"button-container hide-from-message-actions ng-star-inserted\"> \u00a0<\/span>\n<div class=\"container ng-tns-c2946245707-432 hide\">\n<div class=\"carousel-container ng-tns-c2946245707-432\"><\/div>\n<\/div>\n<\/li>\n<li data-sourcepos=\"10:1-11:0\"><strong><span class=\"citation-4 recitation\">Vastupidavus:<\/span><\/strong><span class=\"citation-4 recitation citation-end-4\"> Flanell on vastupidav kangas, mis peab vastu regulaarsele kulumisele.<\/span><span class=\"button-container hide-from-message-actions ng-star-inserted\">\u00a0<\/span>\n<div class=\"container ng-tns-c2946245707-433 hide\">\n<div class=\"carousel-container ng-tns-c2946245707-433\">\n<div class=\"carousel-content ng-tns-c2946245707-433\">\n<div class=\"sources-carousel-source ng-tns-c2946245707-433 hide ng-star-inserted\" data-test-id=\"sources-carousel-source\"><\/div>\n<\/div>\n<\/div>\n<\/div>\n<\/li>\n<\/ul>\n<p data-sourcepos=\"12:1-12:40\"><strong>Kuidas kujundada flanellivoodriga jakk:<\/strong><\/p>\n<ul data-sourcepos=\"14:1-17:0\">\n<li data-sourcepos=\"14:1-14:77\"><strong>Casual:<\/strong> Sobita see koos teksade, t-s\u00e4rgi ja tossudega, et saada l\u00f5dvestunud v\u00e4limus.<\/li>\n<li data-sourcepos=\"15:1-15:96\"><strong>Smart Casual:<\/strong> Kandke seda koos pintsakute, n\u00f6\u00f6pidega s\u00e4rgi ja loafersidega, et saada stiilne riietus.<\/li>\n<li data-sourcepos=\"16:1-17:0\"><strong>V\u00e4litegevused:<\/strong> Lisasoojuse saamiseks v\u00e4litingimustes toimuvate seikluste ajal v\u00f5id seda kanda fliisi v\u00f5i kapuutsiga.<\/li>\n<\/ul>\n<p data-sourcepos=\"18:1-18:46\"><strong>Kust leida meeste flanellivoodriga jakid:<\/strong><\/p>\n<ul data-sourcepos=\"20:1-23:0\">\n<li data-sourcepos=\"20:1-20:86\"><strong>Kaubamajad:<\/strong> Otsige kaubam\u00e4rke, mis pakuvad erinevaid stiile ja materjale.<\/li>\n<li data-sourcepos=\"21:1-21:136\"><strong><span class=\"citation-5 recitation\">Online jaem\u00fc\u00fcjad:<\/span><\/strong><span class=\"citation-5 recitation citation-end-5\"> Veebilehed nagu Amazon, eBay ja teised veebim\u00fc\u00fcjad pakuvad laia valikut flanellivoodriga jakke.<\/span><span class=\"button-container hide-from-message-actions ng-star-inserted\">\u00a0<\/span>\n<div class=\"container ng-tns-c2946245707-434 hide\">\n<div class=\"carousel-container ng-tns-c2946245707-434\"><\/div>\n<\/div>\n<\/li>\n<li data-sourcepos=\"22:1-23:0\"><strong>V\u00e4lisriiete kauplused:<\/strong> V\u00e4livarustusele spetsialiseerunud kauplustes on sageli m\u00fc\u00fcgil flanellivoodriga jakid, mis on m\u00f5eldud konkreetsete tegevuste jaoks.<\/li>\n<\/ul>\n<p data-sourcepos=\"24:1-24:45\"><strong>N\u00e4pun\u00e4iteid flanellivoodriga jope valimiseks:<\/strong><\/p>\n<ul data-sourcepos=\"26:1-30:0\">\n<li data-sourcepos=\"26:1-26:128\"><strong>Materjal:<\/strong> Arvestage flanellivoodri kaalu ja paksust, sest see m\u00f5jutab jaki soojust ja mugavust.<\/li>\n<li data-sourcepos=\"27:1-27:69\"><strong>Sobib:<\/strong> Valige jope, mis sobib h\u00e4sti ja mida on mugav kanda.<\/li>\n<li data-sourcepos=\"28:1-28:108\"><strong>Stiil:<\/strong> Valige stiil, mis sobib teie isikliku maitsega, n\u00e4iteks bomberjope, v\u00e4lijope v\u00f5i parka.<\/li>\n<li data-sourcepos=\"29:1-30:0\"><strong>Omadused:<\/strong> Kaaluge lisafunktsioone, nagu taskud, t\u00f5mblukuga kapuuts ning soonikuga mansetid ja \u00e4\u00e4r.<\/li>\n<\/ul>\n<p data-sourcepos=\"31:1-31:198\">Investeerides kvaliteetsesse flanellivoodriga jakki, ei saa te mitte ainult stiilset ja funktsionaalset r\u00f5ivaeset, vaid ka r\u00f5ivaeset, mis hoiab teid soojas ja mugavalt aastaid.<\/p>","protected":false},"excerpt":{"rendered":"<table style=\"height: 478px;\" width=\"452\">\n<tbody>\n<tr>\n<td width=\"146\"><strong><b>Toode<\/b><\/strong>\u00a0<strong><b>Nimi:<\/b><\/strong><\/td>\n<td width=\"601\"><strong>Flanellivoodriga jakk<\/strong><\/td>\n<\/tr>\n<tr>\n<td width=\"146\"><strong><b>Materlal:<\/b><\/strong><\/td>\n<td width=\"601\">Pol\u00fcester\/puuvill<\/td>\n<\/tr>\n<tr>\n<td width=\"146\"><strong><b>Tehnika:<\/b><\/strong><\/td>\n<td width=\"601\">Lihtne puuvill<\/td>\n<\/tr>\n<tr>\n<td width=\"146\"><strong><b>Stiil:<\/b><\/strong><\/td>\n<td width=\"601\">Casual<\/td>\n<\/tr>\n<tr>\n<td width=\"146\"><strong><b>V\u00e4rv<\/b><\/strong><strong><b>:<\/b><\/strong><\/td>\n<td width=\"601\">\u00a0Kohandatud v\u00e4rvid<\/td>\n<\/tr>\n<tr>\n<td width=\"146\"><strong><b>Suurus:<\/b><\/strong><\/td>\n<td width=\"601\">S \/M \/L \/XL \/2XL<\/td>\n<\/tr>\n<tr>\n<td width=\"146\"><strong><b>OEM\/ODM:<\/b><\/strong><\/td>\n<td width=\"601\">Aktsepteeritav<\/td>\n<\/tr>\n<tr>\n<td width=\"146\"><strong><b>Kvaliteet:<\/b><\/strong><\/td>\n<td width=\"601\">100% k\u00f5rge kvaliteet<\/td>\n<\/tr>\n<tr>\n<td width=\"146\"><strong><b>M<\/b><\/strong><strong><b>OQ:<\/b><\/strong><\/td>\n<td width=\"601\">200 tk<\/td>\n<\/tr>\n<\/tbody>\n<\/table>","protected":false},"featured_media":1814,"template":"","meta":[],"product_brand":[],"product_cat":[38],"product_tag":[],"class_list":{"0":"post-1813","1":"product","2":"type-product","3":"status-publish","4":"has-post-thumbnail","6":"product_cat-mens-clothing","8":"first","9":"instock","10":"shipping-taxable","11":"product-type-simple"},"_links":{"self":[{"href":"https:\/\/mj-clothing.com\/et\/wp-json\/wp\/v2\/product\/1813","targetHints":{"allow":["GET"]}}],"collection":[{"href":"https:\/\/mj-clothing.com\/et\/wp-json\/wp\/v2\/product"}],"about":[{"href":"https:\/\/mj-clothing.com\/et\/wp-json\/wp\/v2\/types\/product"}],"wp:featuredmedia":[{"embeddable":true,"href":"https:\/\/mj-clothing.com\/et\/wp-json\/wp\/v2\/media\/1814"}],"wp:attachment":[{"href":"https:\/\/mj-clothing.com\/et\/wp-json\/wp\/v2\/media?parent=1813"}],"wp:term":[{"taxonomy":"product_brand","embeddable":true,"href":"https:\/\/mj-clothing.com\/et\/wp-json\/wp\/v2\/product_brand?post=1813"},{"taxonomy":"product_cat","embeddable":true,"href":"https:\/\/mj-clothing.com\/et\/wp-json\/wp\/v2\/product_cat?post=1813"},{"taxonomy":"product_tag","embeddable":true,"href":"https:\/\/mj-clothing.com\/et\/wp-json\/wp\/v2\/product_tag?post=1813"}],"curies":[{"name":"wp","href":"https:\/\/api.w.org\/{rel}","templated":true}]}}