{"id":1819,"date":"2024-12-14T07:53:41","date_gmt":"2024-12-14T07:53:41","guid":{"rendered":"https:\/\/mj-clothing.com\/?post_type=product&#038;p=1819"},"modified":"2024-12-17T06:39:12","modified_gmt":"2024-12-17T06:39:12","slug":"royal-blue-jacket","status":"publish","type":"product","link":"https:\/\/mj-clothing.com\/et\/manufacturer\/royal-blue-jacket\/","title":{"rendered":"Kuninglik sinine jakk"},"content":{"rendered":"<p data-sourcepos=\"1:1-1:164\">Kuningliku sinise v\u00e4rvi jakk on mitmek\u00fclgne ese, mis v\u00f5ib t\u00f5sta iga riietust. See on rikkalik, eluj\u00f5uline v\u00e4rv, mis v\u00f5ib lisada teie garderoobile rafineerituse ja stiili.<\/p>\n<h3 data-sourcepos=\"3:1-3:35\"><strong>Miks valida kuninglik-sinine jakk?<\/strong><\/h3>\n<ul data-sourcepos=\"5:1-8:0\">\n<li data-sourcepos=\"5:1-5:106\"><strong>Mitmek\u00fclgsus:<\/strong> Kuningliku sinise jope saab riietada nii k\u00f5rgelt kui ka madalalt, mist\u00f5ttu sobib see ideaalselt erinevateks puhkudel.<\/li>\n<li data-sourcepos=\"6:1-6:72\"><strong>Keerukus:<\/strong> Rikkalik v\u00e4rv lisab elegantsi ja klassi.<\/li>\n<li data-sourcepos=\"7:1-8:0\"><strong>Unikaalne stiil:<\/strong> See paistab silma ja teeb julge avalduse.<\/li>\n<\/ul>\n<h3 data-sourcepos=\"9:1-9:37\"><strong>Kuidas kujundada kuninglikku sinist jakki:<\/strong><\/h3>\n<ul data-sourcepos=\"11:1-14:0\">\n<li data-sourcepos=\"11:1-11:77\"><strong>Casual:<\/strong> Sobita see koos teksade, t-s\u00e4rgi ja tossudega, et saada l\u00f5dvestunud v\u00e4limus.<\/li>\n<li data-sourcepos=\"12:1-12:96\"><strong>Smart Casual:<\/strong> Kandke seda koos pintsakute, n\u00f6\u00f6pidega s\u00e4rgi ja loafersidega, et saada stiilne riietus.<\/li>\n<li data-sourcepos=\"13:1-14:0\"><strong>Ametlik:<\/strong> Kandke see \u00fclikonna jope peale, et anda formaalsele riietusele ainulaadne twist.<\/li>\n<\/ul>\n<h3 data-sourcepos=\"15:1-15:42\"><strong>N\u00f5uanded kuninglik-sinise jope valimiseks:<\/strong><\/h3>\n<ul data-sourcepos=\"17:1-20:0\">\n<li data-sourcepos=\"17:1-17:154\"><strong>Materjal:<\/strong> M\u00f5tle materjali peale, sest see m\u00f5jutab jope soojust, vastupidavust ja \u00fcldist v\u00e4limust. Populaarsed valikud on vill, puuvill ja nahk.<\/li>\n<li data-sourcepos=\"18:1-18:71\"><strong>Sobib:<\/strong> Valige jope, mis sobib h\u00e4sti ja meelitab teie keha kuju.<\/li>\n<li data-sourcepos=\"19:1-20:0\"><strong>Stiil:<\/strong> Valige stiil, mis sobib teie isikliku maitsega, n\u00e4iteks bomberjope, v\u00e4lijope v\u00f5i bleiser.<\/li>\n<\/ul>","protected":false},"excerpt":{"rendered":"<table style=\"height: 563px;\" width=\"468\">\n<tbody>\n<tr>\n<td width=\"146\"><strong><b>Toode<\/b><\/strong>\u00a0<strong><b>Nimi:<\/b><\/strong><\/td>\n<td width=\"601\"><strong>Kuninglik sinine jakk<\/strong><\/td>\n<\/tr>\n<tr>\n<td width=\"146\"><strong><b>Materlal:<\/b><\/strong><\/td>\n<td width=\"601\">Pol\u00fcester\/puuvill<\/td>\n<\/tr>\n<tr>\n<td width=\"146\"><strong><b>Tehnika:<\/b><\/strong><\/td>\n<td width=\"601\">Lihtne puuvill<\/td>\n<\/tr>\n<tr>\n<td width=\"146\"><strong><b>Stiil:<\/b><\/strong><\/td>\n<td width=\"601\">Casual<\/td>\n<\/tr>\n<tr>\n<td width=\"146\"><strong><b>V\u00e4rv<\/b><\/strong><strong><b>:<\/b><\/strong><\/td>\n<td width=\"601\">\u00a0Kohandatud v\u00e4rvid<\/td>\n<\/tr>\n<tr>\n<td width=\"146\"><strong><b>Suurus:<\/b><\/strong><\/td>\n<td width=\"601\">S \/M \/L \/XL \/2XL<\/td>\n<\/tr>\n<tr>\n<td width=\"146\"><strong><b>OEM\/ODM:<\/b><\/strong><\/td>\n<td width=\"601\">Aktsepteeritav<\/td>\n<\/tr>\n<tr>\n<td width=\"146\"><strong><b>Kvaliteet:<\/b><\/strong><\/td>\n<td width=\"601\">100% k\u00f5rge kvaliteet<\/td>\n<\/tr>\n<tr>\n<td width=\"146\"><strong><b>M<\/b><\/strong><strong><b>OQ:<\/b><\/strong><\/td>\n<td width=\"601\">200 tk<\/td>\n<\/tr>\n<\/tbody>\n<\/table>","protected":false},"featured_media":1820,"template":"","meta":[],"product_brand":[],"product_cat":[38],"product_tag":[],"class_list":{"0":"post-1819","1":"product","2":"type-product","3":"status-publish","4":"has-post-thumbnail","6":"product_cat-mens-clothing","8":"first","9":"instock","10":"shipping-taxable","11":"product-type-simple"},"_links":{"self":[{"href":"https:\/\/mj-clothing.com\/et\/wp-json\/wp\/v2\/product\/1819","targetHints":{"allow":["GET"]}}],"collection":[{"href":"https:\/\/mj-clothing.com\/et\/wp-json\/wp\/v2\/product"}],"about":[{"href":"https:\/\/mj-clothing.com\/et\/wp-json\/wp\/v2\/types\/product"}],"wp:featuredmedia":[{"embeddable":true,"href":"https:\/\/mj-clothing.com\/et\/wp-json\/wp\/v2\/media\/1820"}],"wp:attachment":[{"href":"https:\/\/mj-clothing.com\/et\/wp-json\/wp\/v2\/media?parent=1819"}],"wp:term":[{"taxonomy":"product_brand","embeddable":true,"href":"https:\/\/mj-clothing.com\/et\/wp-json\/wp\/v2\/product_brand?post=1819"},{"taxonomy":"product_cat","embeddable":true,"href":"https:\/\/mj-clothing.com\/et\/wp-json\/wp\/v2\/product_cat?post=1819"},{"taxonomy":"product_tag","embeddable":true,"href":"https:\/\/mj-clothing.com\/et\/wp-json\/wp\/v2\/product_tag?post=1819"}],"curies":[{"name":"wp","href":"https:\/\/api.w.org\/{rel}","templated":true}]}}