{"id":1821,"date":"2024-12-14T08:09:47","date_gmt":"2024-12-14T08:09:47","guid":{"rendered":"https:\/\/mj-clothing.com\/?post_type=product&#038;p=1821"},"modified":"2024-12-17T06:35:17","modified_gmt":"2024-12-17T06:35:17","slug":"thermal-jacket","status":"publish","type":"product","link":"https:\/\/mj-clothing.com\/et\/manufacturer\/thermal-jacket\/","title":{"rendered":"Termiline jope"},"content":{"rendered":"<h2 data-sourcepos=\"1:1-1:38\">Soojusjoped: Talvine h\u00e4davajalik<\/h2>\n<p data-sourcepos=\"3:1-3:216\">Termojakk on mitmek\u00fclgne \u00fcleriietus, mis on loodud selleks, et hoida teid k\u00fclma ilmaga soojas ja mugavalt. Neid on eri stiile, materjale ja isolatsioonitasemeid, mis vastavad erinevatele vajadustele ja eelistustele.<\/p>\n<p data-sourcepos=\"5:1-5:36\"><strong>Termojakkide p\u00f5hiomadused:<\/strong><\/p>\n<ul data-sourcepos=\"7:1-11:0\">\n<li data-sourcepos=\"7:1-7:93\"><strong>Soojus:<\/strong> Termojakid on m\u00f5eldud soojuse p\u00fc\u00fcdmiseks ja soojana hoidmiseks k\u00fclmades tingimustes.<\/li>\n<li data-sourcepos=\"8:1-8:119\"><strong>Veekindlus:<\/strong> Paljud termojoped on veekindlad v\u00f5i isegi veekindlad, kaitstes teid vihma ja lume eest.<\/li>\n<li data-sourcepos=\"9:1-9:87\"><strong>Tuulekindlus:<\/strong> Sageli on neil tuulekindel kangas, mis blokeerib jahedat tuult.<\/li>\n<li data-sourcepos=\"10:1-11:0\"><strong>Hingavus:<\/strong> Head soojusjoped lasevad niiskusel p\u00e4\u00e4seda, hoides teid kuivana ja mugavalt.<\/li>\n<\/ul>\n<p data-sourcepos=\"12:1-12:29\"><strong>Thermal-Jacket'i t\u00fc\u00fcbid:<\/strong><\/p>\n<ul data-sourcepos=\"14:1-17:0\">\n<li data-sourcepos=\"14:1-14:129\"><strong>Pufferjoped:<\/strong> Need joped on t\u00e4idetud soojustavate materjalidega, nagu untasud v\u00f5i s\u00fcnteetilised kiud, mis tagavad maksimaalse soojuse.<\/li>\n<li data-sourcepos=\"15:1-15:120\"><strong>Soft-Shell joped:<\/strong> Need jakid on valmistatud materjalikombinatsioonist, mis pakub nii soojust kui ka paindlikkust.<\/li>\n<li data-sourcepos=\"16:1-17:0\"><strong>Isoleeritud joped:<\/strong> Need jakid kasutavad soojana hoidmiseks erinevaid isolatsioonitehnoloogiaid, n\u00e4iteks PrimaLoft v\u00f5i Thinsulate.<\/li>\n<\/ul>\n<p data-sourcepos=\"18:1-18:35\"><strong>Kuidas valida soojusjope:<\/strong><\/p>\n<ol data-sourcepos=\"20:1-24:0\">\n<li data-sourcepos=\"20:1-20:158\"><strong>M\u00f5elge kliimale:<\/strong> Kui elate v\u00e4ga k\u00fclmas kliimas, valige tugevalt isoleeritud jope. Pehmema kliima puhul v\u00f5ib piisata kergemast jopest.<\/li>\n<li data-sourcepos=\"21:1-21:155\"><strong>Tegevustasand:<\/strong> Kui plaanite osaleda \u00f5ues, valige jope, millel on sellised omadused nagu reguleeritav kapuuts, taskud ja ventilatsioon.<\/li>\n<li data-sourcepos=\"22:1-22:90\"><strong>Sobib:<\/strong> Veenduge, et jope istub h\u00e4sti, v\u00f5imaldades kihilistamist ilma piiranguteta.<\/li>\n<li data-sourcepos=\"23:1-24:0\"><strong>Materjal:<\/strong> M\u00f5elge v\u00e4liskesta ja isolatsiooni materjalile. Veekindlad ja tuulekindlad materjalid on ideaalsed karmide ilmastikuolude jaoks.<\/li>\n<\/ol>\n<p data-sourcepos=\"25:1-25:37\"><strong>Termojakkide stiilinipid:<\/strong><\/p>\n<ul data-sourcepos=\"27:1-30:0\">\n<li data-sourcepos=\"27:1-27:90\"><strong>Casual:<\/strong> Sobita see teksade, kampsuni ja saabastega, et saavutada mugav ja stiilne v\u00e4limus.<\/li>\n<li data-sourcepos=\"28:1-28:100\"><strong>Smart Casual:<\/strong> Kanna seda koos p\u00fcksir\u00f5ivaste, n\u00f6\u00f6pidega s\u00e4rgi ja tossudega, et saada lihvitud v\u00e4limus.<\/li>\n<li data-sourcepos=\"29:1-30:0\"><strong>V\u00e4litegevused:<\/strong> Lisasoojuse saamiseks v\u00e4litingimustes toimuvate seikluste ajal v\u00f5id seda kanda fliisi v\u00f5i kapuutsiga.<\/li>\n<\/ul>\n<p data-sourcepos=\"31:1-31:105\">Valides \u00f5ige termojope, saate j\u00e4\u00e4da soojaks, mugavaks ja stiilseks, olenemata ilmastikuoludest.<\/p>\n<div class=\"attachment-container search-images\">\n<div class=\"image-container hide-from-message-actions ng-star-inserted\">\n<div class=\"overlay-container ng-star-inserted\"><\/div>\n<\/div>\n<\/div>","protected":false},"excerpt":{"rendered":"<table style=\"height: 510px;\" width=\"461\">\n<tbody>\n<tr>\n<td width=\"146\"><strong><b>Toode<\/b><\/strong>\u00a0<strong><b>Nimi:<\/b><\/strong><\/td>\n<td width=\"601\"><strong>Termiline jope<\/strong><\/td>\n<\/tr>\n<tr>\n<td width=\"146\"><strong><b>Materlal:<\/b><\/strong><\/td>\n<td width=\"601\">Pol\u00fcester\/puuvill<\/td>\n<\/tr>\n<tr>\n<td width=\"146\"><strong><b>Tehnika:<\/b><\/strong><\/td>\n<td width=\"601\">Lihtne puuvill<\/td>\n<\/tr>\n<tr>\n<td width=\"146\"><strong><b>Stiil:<\/b><\/strong><\/td>\n<td width=\"601\">Casual<\/td>\n<\/tr>\n<tr>\n<td width=\"146\"><strong><b>V\u00e4rv<\/b><\/strong><strong><b>:<\/b><\/strong><\/td>\n<td width=\"601\">\u00a0Kohandatud v\u00e4rvid<\/td>\n<\/tr>\n<tr>\n<td width=\"146\"><strong><b>Suurus:<\/b><\/strong><\/td>\n<td width=\"601\">S \/M \/L \/XL \/2XL<\/td>\n<\/tr>\n<tr>\n<td width=\"146\"><strong><b>OEM\/ODM:<\/b><\/strong><\/td>\n<td width=\"601\">Aktsepteeritav<\/td>\n<\/tr>\n<tr>\n<td width=\"146\"><strong><b>Kvaliteet:<\/b><\/strong><\/td>\n<td width=\"601\">100% k\u00f5rge kvaliteet<\/td>\n<\/tr>\n<tr>\n<td width=\"146\"><strong><b>M<\/b><\/strong><strong><b>OQ:<\/b><\/strong><\/td>\n<td width=\"601\">200 tk<\/td>\n<\/tr>\n<\/tbody>\n<\/table>","protected":false},"featured_media":1822,"template":"","meta":[],"product_brand":[],"product_cat":[38],"product_tag":[],"class_list":{"0":"post-1821","1":"product","2":"type-product","3":"status-publish","4":"has-post-thumbnail","6":"product_cat-mens-clothing","8":"first","9":"instock","10":"shipping-taxable","11":"product-type-simple"},"_links":{"self":[{"href":"https:\/\/mj-clothing.com\/et\/wp-json\/wp\/v2\/product\/1821","targetHints":{"allow":["GET"]}}],"collection":[{"href":"https:\/\/mj-clothing.com\/et\/wp-json\/wp\/v2\/product"}],"about":[{"href":"https:\/\/mj-clothing.com\/et\/wp-json\/wp\/v2\/types\/product"}],"wp:featuredmedia":[{"embeddable":true,"href":"https:\/\/mj-clothing.com\/et\/wp-json\/wp\/v2\/media\/1822"}],"wp:attachment":[{"href":"https:\/\/mj-clothing.com\/et\/wp-json\/wp\/v2\/media?parent=1821"}],"wp:term":[{"taxonomy":"product_brand","embeddable":true,"href":"https:\/\/mj-clothing.com\/et\/wp-json\/wp\/v2\/product_brand?post=1821"},{"taxonomy":"product_cat","embeddable":true,"href":"https:\/\/mj-clothing.com\/et\/wp-json\/wp\/v2\/product_cat?post=1821"},{"taxonomy":"product_tag","embeddable":true,"href":"https:\/\/mj-clothing.com\/et\/wp-json\/wp\/v2\/product_tag?post=1821"}],"curies":[{"name":"wp","href":"https:\/\/api.w.org\/{rel}","templated":true}]}}