{"id":1825,"date":"2024-12-16T02:30:24","date_gmt":"2024-12-16T02:30:24","guid":{"rendered":"https:\/\/mj-clothing.com\/?post_type=product&#038;p=1825"},"modified":"2024-12-17T06:30:13","modified_gmt":"2024-12-17T06:30:13","slug":"alchemai-hoodie","status":"publish","type":"product","link":"https:\/\/mj-clothing.com\/et\/manufacturer\/alchemai-hoodie\/","title":{"rendered":"Alchemai Hoodie"},"content":{"rendered":"<h3 data-sourcepos=\"1:1-1:266\">Alchemai Hoodie<\/h3>\n<p data-sourcepos=\"1:1-1:266\">Alchemai Hoodie on stiilne ja mugav riideese, mis sobib ideaalselt igap\u00e4evaseks kandmiseks. See on valmistatud kvaliteetsetest materjalidest ja on saadaval erinevates v\u00e4rvides. Kapuuts on ka v\u00e4ga taskukohane, mis teeb selle suurep\u00e4raseks valikuks eelarvega inimestele.<\/p>\n<p data-sourcepos=\"3:1-3:57\">Siin on m\u00f5ned Alchemai kapuutsi peamised omadused:<\/p>\n<ul data-sourcepos=\"5:1-10:0\">\n<li data-sourcepos=\"5:1-5:153\"><strong>Valmistatud kvaliteetsetest materjalidest:<\/strong> Kapuuts on valmistatud pehmest ja mugavast fliisimaterjalist, mis sobib ideaalselt soojana hoidmiseks k\u00fclmadel p\u00e4evadel.<\/li>\n<li data-sourcepos=\"6:1-6:122\"><strong>Saadaval erinevates v\u00e4rvides:<\/strong> Saate valida erinevate v\u00e4rvide vahel, et leida oma stiilile sobiv kapuuts.<\/li>\n<li data-sourcepos=\"7:1-7:97\"><strong>Taskukohane:<\/strong> Kapuuts on v\u00e4ga taskukohane, mist\u00f5ttu on see suurep\u00e4rane valik eelarvega inimestele.<\/li>\n<li data-sourcepos=\"8:1-8:103\"><strong>Mugav:<\/strong> Kapuutsi on v\u00e4ga mugav kanda t\u00e4nu oma pehmele ja l\u00f5dvale disainile.<\/li>\n<li data-sourcepos=\"9:1-10:0\"><strong>Stiilne:<\/strong> Kapuuts on ka v\u00e4ga stiilne ja seda saab h\u00f5lpsasti riietada \u00fcles v\u00f5i alla.<\/li>\n<\/ul>\n<p data-sourcepos=\"11:1-11:174\">Kui otsite stiilset ja mugavat kapuutsi, mis on ka taskukohane, siis Alchemai Hoodie on suurep\u00e4rane valik. Selle leiad veebist v\u00f5i kohalikust jaem\u00fc\u00fcjast.<\/p>","protected":false},"excerpt":{"rendered":"<table style=\"height: 538px;\" width=\"470\">\n<tbody>\n<tr>\n<td width=\"146\"><strong><b>Toode<\/b><\/strong>\u00a0<strong><b>Nimi:<\/b><\/strong><\/td>\n<td width=\"601\"><strong>Alchemai Hoodie<\/strong><\/td>\n<\/tr>\n<tr>\n<td width=\"146\"><strong><b>Materlal:<\/b><\/strong><\/td>\n<td width=\"601\">Pol\u00fcester\/puuvill<\/td>\n<\/tr>\n<tr>\n<td width=\"146\"><strong><b>Tehnika:<\/b><\/strong><\/td>\n<td width=\"601\">Tr\u00fckkimine ja v\u00e4rvimine<\/td>\n<\/tr>\n<tr>\n<td width=\"146\"><strong><b>Stiil:<\/b><\/strong><\/td>\n<td width=\"601\">Casual<\/td>\n<\/tr>\n<tr>\n<td width=\"146\"><strong><b>V\u00e4rv<\/b><\/strong><strong><b>:<\/b><\/strong><\/td>\n<td width=\"601\">\u00a0Kohandatud v\u00e4rvid<\/td>\n<\/tr>\n<tr>\n<td width=\"146\"><strong><b>Suurus:<\/b><\/strong><\/td>\n<td width=\"601\">S \/M \/L \/XL \/2XL<\/td>\n<\/tr>\n<tr>\n<td width=\"146\"><strong><b>OEM\/ODM:<\/b><\/strong><\/td>\n<td width=\"601\">Aktsepteeritav<\/td>\n<\/tr>\n<tr>\n<td width=\"146\"><strong><b>Kvaliteet:<\/b><\/strong><\/td>\n<td width=\"601\">100% k\u00f5rge kvaliteet<\/td>\n<\/tr>\n<tr>\n<td width=\"146\"><strong><b>M<\/b><\/strong><strong><b>OQ:<\/b><\/strong><\/td>\n<td width=\"601\">200 tk<\/td>\n<\/tr>\n<\/tbody>\n<\/table>","protected":false},"featured_media":1826,"template":"","meta":[],"product_brand":[],"product_cat":[38],"product_tag":[],"class_list":{"0":"post-1825","1":"product","2":"type-product","3":"status-publish","4":"has-post-thumbnail","6":"product_cat-mens-clothing","8":"first","9":"instock","10":"shipping-taxable","11":"product-type-simple"},"_links":{"self":[{"href":"https:\/\/mj-clothing.com\/et\/wp-json\/wp\/v2\/product\/1825","targetHints":{"allow":["GET"]}}],"collection":[{"href":"https:\/\/mj-clothing.com\/et\/wp-json\/wp\/v2\/product"}],"about":[{"href":"https:\/\/mj-clothing.com\/et\/wp-json\/wp\/v2\/types\/product"}],"wp:featuredmedia":[{"embeddable":true,"href":"https:\/\/mj-clothing.com\/et\/wp-json\/wp\/v2\/media\/1826"}],"wp:attachment":[{"href":"https:\/\/mj-clothing.com\/et\/wp-json\/wp\/v2\/media?parent=1825"}],"wp:term":[{"taxonomy":"product_brand","embeddable":true,"href":"https:\/\/mj-clothing.com\/et\/wp-json\/wp\/v2\/product_brand?post=1825"},{"taxonomy":"product_cat","embeddable":true,"href":"https:\/\/mj-clothing.com\/et\/wp-json\/wp\/v2\/product_cat?post=1825"},{"taxonomy":"product_tag","embeddable":true,"href":"https:\/\/mj-clothing.com\/et\/wp-json\/wp\/v2\/product_tag?post=1825"}],"curies":[{"name":"wp","href":"https:\/\/api.w.org\/{rel}","templated":true}]}}