{"id":1834,"date":"2024-12-16T03:01:13","date_gmt":"2024-12-16T03:01:13","guid":{"rendered":"https:\/\/mj-clothing.com\/?post_type=product&#038;p=1834"},"modified":"2024-12-17T06:27:12","modified_gmt":"2024-12-17T06:27:12","slug":"pullover-hoodie","status":"publish","type":"product","link":"https:\/\/mj-clothing.com\/et\/manufacturer\/pullover-hoodie\/","title":{"rendered":"Pullover Hoodie"},"content":{"rendered":"<p data-sourcepos=\"1:1-1:345\"><span class=\"citation-0 recitation citation-end-0\">Pullover kapuutsiga on juhuslik ja mugav r\u00f5ivaese, mis sobib ideaalselt igap\u00e4evaseks kandmiseks.<\/span> <span class=\"citation-1 recitation citation-end-1\">Sellel on tavaliselt kapuuts, k\u00e4ngurutasku ning elastsed mansetid ja v\u00f6\u00f6kohad.<\/span> <span class=\"citation-2 recitation citation-end-2\">Pulloverid on sageli valmistatud pehmest ja soojast materjalist, n\u00e4iteks fliisist v\u00f5i puuvillast, mist\u00f5ttu sobivad need ideaalselt k\u00fclmema ilmaga.<\/span><\/p>\n<h3 data-sourcepos=\"3:1-3:38\"><strong>Pullover-Hoodie peamised omadused:<\/strong><\/h3>\n<ul data-sourcepos=\"5:1-9:0\">\n<li data-sourcepos=\"5:1-5:61\"><strong>Kapuuts:<\/strong> Annab soojust ja kaitset ilmastiku eest.<\/li>\n<li data-sourcepos=\"6:1-6:125\"><strong><span class=\"citation-3 recitation\">K\u00e4nguru tasku:<\/span><\/strong><span class=\"citation-3 recitation citation-end-3\"> Suur esitasku, mis sobib ideaalselt k\u00e4te soojana hoidmiseks v\u00f5i v\u00e4ikeste esemete kandmiseks.<\/span><span class=\"button-container hide-from-message-actions ng-star-inserted\"> \u00a0<\/span>\n<div class=\"container ng-tns-c2946245707-75 hide\">\n<div class=\"carousel-container ng-tns-c2946245707-75\"><\/div>\n<\/div>\n<\/li>\n<li data-sourcepos=\"7:1-7:74\"><strong>Elastsed mansetid ja v\u00f6\u00f6kohad:<\/strong> Tagab mugava ja mugava istuvuse.<\/li>\n<li data-sourcepos=\"8:1-9:0\"><strong><span class=\"citation-4 recitation\">Pehme ja soe materjal:<\/span><\/strong><span class=\"citation-4 recitation citation-end-4\"> Optimaalse mugavuse tagamiseks on need sageli valmistatud fliisist v\u00f5i puuvillast.<\/span>\n<div class=\"container ng-tns-c2946245707-76 hide\">\n<div class=\"carousel-container ng-tns-c2946245707-76\">\n<div class=\"carousel-content ng-tns-c2946245707-76\">\n<div class=\"sources-carousel-source ng-tns-c2946245707-76 hide ng-star-inserted\" data-test-id=\"sources-carousel-source\"><\/div>\n<\/div>\n<\/div>\n<\/div>\n<\/li>\n<\/ul>\n<h3 data-sourcepos=\"10:1-10:35\"><strong>Kuidas kujundada Pullover -Hoodie:<\/strong><\/h3>\n<p data-sourcepos=\"12:1-12:118\"><span class=\"citation-5 recitation citation-end-5\">Pullover-kapuutrikoo on uskumatult mitmek\u00fclgne ja seda saab stiliseerida mitmel erineval viisil.<\/span> Siin on m\u00f5ned ideed:<\/p>\n<p data-sourcepos=\"12:1-12:118\"><strong>Casual:<\/strong> Pane kampsun koos teksade ja tossudega, et saada l\u00f5dvestunud ja mugav v\u00e4limus.<\/p>\n<ul data-sourcepos=\"14:1-18:0\">\n<li data-sourcepos=\"15:1-15:93\"><strong>Sportlik:<\/strong> Kanna pullover-kapuutrikoode dressip\u00fckstega v\u00f5i trennip\u00fckstega, et saavutada sportlik ja aktiivne v\u00e4limus.<\/li>\n<li data-sourcepos=\"16:1-16:92\"><strong>Kihiline:<\/strong> Lisasoojuse saamiseks kanna pullover-kapuutrikoo \u00fcle t-s\u00e4rgi v\u00f5i pikkade varrukatega s\u00e4rgi.<\/li>\n<li data-sourcepos=\"17:1-18:0\"><strong>Dressy Casual:<\/strong> Pane pullover-kapuutrikoo selga, kombineerides seda nahktagi, tumedate teksade ja saabastega.<\/li>\n<\/ul>\n<h3 data-sourcepos=\"19:1-19:39\"><strong>Populaarsed Pullover-Hoodies kaubam\u00e4rgid:<\/strong><\/h3>\n<ul data-sourcepos=\"21:1-26:0\">\n<li data-sourcepos=\"21:1-21:77\"><strong><span class=\"citation-6 recitation\">V\u00f5itja:<\/span><\/strong><span class=\"citation-6 recitation citation-end-6\"> Tuntud oma kvaliteetsete ja klassikaliste stiilide poolest.<\/span><span class=\"button-container hide-from-message-actions ng-star-inserted\"> \u00a0<\/span>\n<div class=\"container ng-tns-c2946245707-78 hide\">\n<div class=\"carousel-container ng-tns-c2946245707-78\"><\/div>\n<\/div>\n<\/li>\n<li data-sourcepos=\"22:1-22:81\"><strong>Nike:<\/strong> Pakub laia valikut erinevates stiilides ja v\u00e4rvides pullover kapuutsiga kampsuneid.<\/li>\n<li data-sourcepos=\"23:1-23:58\"><strong>Adidas:<\/strong> Tuntud oma sportliku ja sportliku disaini poolest.<\/li>\n<li data-sourcepos=\"24:1-24:63\"><strong>H&amp;M:<\/strong> Pakub taskukohaseid ja trendikaid pullover-kapuutrikoode.<\/li>\n<li data-sourcepos=\"25:1-26:0\"><strong>Zara:<\/strong> Pakub stiilseid ja moodsaid pullover-kapuuts\u00e4rke.<\/li>\n<\/ul>","protected":false},"excerpt":{"rendered":"<table style=\"height: 508px;\" width=\"446\">\n<tbody>\n<tr>\n<td width=\"146\"><strong><b>Toode<\/b><\/strong>\u00a0<strong><b>Nimi:<\/b><\/strong><\/td>\n<td width=\"601\"><strong>Pullover Hoodie<\/strong><\/td>\n<\/tr>\n<tr>\n<td width=\"146\"><strong><b>Materlal:<\/b><\/strong><\/td>\n<td width=\"601\">Pol\u00fcester\/puuvill<\/td>\n<\/tr>\n<tr>\n<td width=\"146\"><strong><b>Tehnika:<\/b><\/strong><\/td>\n<td width=\"601\">Tr\u00fckkimine ja v\u00e4rvimine<\/td>\n<\/tr>\n<tr>\n<td width=\"146\"><strong><b>Stiil:<\/b><\/strong><\/td>\n<td width=\"601\">Casual<\/td>\n<\/tr>\n<tr>\n<td width=\"146\"><strong><b>V\u00e4rv<\/b><\/strong><strong><b>:<\/b><\/strong><\/td>\n<td width=\"601\">\u00a0Kohandatud v\u00e4rvid<\/td>\n<\/tr>\n<tr>\n<td width=\"146\"><strong><b>Suurus:<\/b><\/strong><\/td>\n<td width=\"601\">S \/M \/L \/XL \/2XL<\/td>\n<\/tr>\n<tr>\n<td width=\"146\"><strong><b>OEM\/ODM:<\/b><\/strong><\/td>\n<td width=\"601\">Aktsepteeritav<\/td>\n<\/tr>\n<tr>\n<td width=\"146\"><strong><b>Kvaliteet:<\/b><\/strong><\/td>\n<td width=\"601\">100% k\u00f5rge kvaliteet<\/td>\n<\/tr>\n<tr>\n<td width=\"146\"><strong><b>M<\/b><\/strong><strong><b>OQ:<\/b><\/strong><\/td>\n<td width=\"601\">200 tk<\/td>\n<\/tr>\n<\/tbody>\n<\/table>","protected":false},"featured_media":1836,"template":"","meta":[],"product_brand":[],"product_cat":[38],"product_tag":[],"class_list":{"0":"post-1834","1":"product","2":"type-product","3":"status-publish","4":"has-post-thumbnail","6":"product_cat-mens-clothing","8":"first","9":"instock","10":"shipping-taxable","11":"product-type-simple"},"_links":{"self":[{"href":"https:\/\/mj-clothing.com\/et\/wp-json\/wp\/v2\/product\/1834","targetHints":{"allow":["GET"]}}],"collection":[{"href":"https:\/\/mj-clothing.com\/et\/wp-json\/wp\/v2\/product"}],"about":[{"href":"https:\/\/mj-clothing.com\/et\/wp-json\/wp\/v2\/types\/product"}],"wp:featuredmedia":[{"embeddable":true,"href":"https:\/\/mj-clothing.com\/et\/wp-json\/wp\/v2\/media\/1836"}],"wp:attachment":[{"href":"https:\/\/mj-clothing.com\/et\/wp-json\/wp\/v2\/media?parent=1834"}],"wp:term":[{"taxonomy":"product_brand","embeddable":true,"href":"https:\/\/mj-clothing.com\/et\/wp-json\/wp\/v2\/product_brand?post=1834"},{"taxonomy":"product_cat","embeddable":true,"href":"https:\/\/mj-clothing.com\/et\/wp-json\/wp\/v2\/product_cat?post=1834"},{"taxonomy":"product_tag","embeddable":true,"href":"https:\/\/mj-clothing.com\/et\/wp-json\/wp\/v2\/product_tag?post=1834"}],"curies":[{"name":"wp","href":"https:\/\/api.w.org\/{rel}","templated":true}]}}