{"id":1837,"date":"2024-12-16T03:05:25","date_gmt":"2024-12-16T03:05:25","guid":{"rendered":"https:\/\/mj-clothing.com\/?post_type=product&#038;p=1837"},"modified":"2024-12-17T06:26:09","modified_gmt":"2024-12-17T06:26:09","slug":"akimbo-hoodie","status":"publish","type":"product","link":"https:\/\/mj-clothing.com\/et\/manufacturer\/akimbo-hoodie\/","title":{"rendered":"Akimbo Hoodie"},"content":{"rendered":"<p data-sourcepos=\"1:1-1:237\">Akimbo Hoodie on populaarne stiil, mis on tuntud oma l\u00f5dvestunud, \u00fclisuurte m\u00f5\u00f5tmete ja pehme, mugava materjali poolest. See on sageli valmistatud kvaliteetsest fliisist v\u00f5i puuvillast ning sellel on t\u00f5mblukuga kapuuts, k\u00e4ngurutasku ning soonikuga mansetid ja v\u00f6\u00f6kohad.<\/p>\n<h3 data-sourcepos=\"3:1-3:38\"><strong>Akimbo Hoodie peamised omadused:<\/strong><\/h3>\n<ul data-sourcepos=\"5:1-10:0\">\n<li data-sourcepos=\"5:1-5:77\"><strong>\u00dcleliigsed sobivad:<\/strong> Lahtine ja mugav l\u00f5ige, mis sobib ideaalselt kihiliseks kandmiseks.<\/li>\n<li data-sourcepos=\"6:1-6:91\"><strong>Pehme materjal:<\/strong> Tavaliselt valmistatud kvaliteetsest fliisist v\u00f5i puuvillast, mis tagab maksimaalse mugavuse.<\/li>\n<li data-sourcepos=\"7:1-7:89\"><strong>T\u00f5mblukuga kapuuts:<\/strong> Reguleeritav kapuuts lisab soojust ja kaitset ilmastiku eest.<\/li>\n<li data-sourcepos=\"8:1-8:111\"><strong><span class=\"citation-0 recitation\">K\u00e4nguru tasku:<\/span><\/strong><span class=\"citation-0 recitation citation-end-0\"> Avar esitasku k\u00e4te soojana hoidmiseks v\u00f5i v\u00e4ikeste esemete hoidmiseks.<\/span><span class=\"button-container hide-from-message-actions ng-star-inserted\"> \u00a0<\/span>\n<div class=\"container ng-tns-c2946245707-91 hide\">\n<div class=\"carousel-container ng-tns-c2946245707-91\"><\/div>\n<\/div>\n<\/li>\n<li data-sourcepos=\"9:1-10:0\"><strong>Ribitud mansetid ja v\u00f6\u00f6kohad:<\/strong> Tagab tiheda ja mugava istuvuse.<\/li>\n<\/ul>\n<h3 data-sourcepos=\"11:1-11:35\"><strong>Kuidas Akimbo Hoodie't stiilselt kanda:<\/strong><\/h3>\n<p data-sourcepos=\"13:1-13:103\">Akimbo Hoodie on mitmek\u00fclgne toode, mida saab stiliseerida mitmel erineval viisil. Siin on m\u00f5ned ideed:<\/p>\n<ul data-sourcepos=\"15:1-18:0\">\n<li data-sourcepos=\"15:1-15:105\"><strong>Casual:<\/strong> Sobita see teksade, dressip\u00fckste v\u00f5i trennip\u00fckste ja tossudega, et saada l\u00f5dvestunud ja mugav v\u00e4limus.<\/li>\n<li data-sourcepos=\"16:1-16:77\"><strong>Kihiline:<\/strong> Lisasoojuse saamiseks kanna see t-s\u00e4rgi v\u00f5i pikkade varrukatega s\u00e4rgi peale.<\/li>\n<li data-sourcepos=\"17:1-18:0\"><strong>Dressy Casual:<\/strong> Pane see kokku nahktagi, tumedate teksade ja saabastega.<\/li>\n<\/ul>","protected":false},"excerpt":{"rendered":"<table style=\"height: 490px;\" width=\"435\">\n<tbody>\n<tr>\n<td width=\"146\"><strong><b>Toode<\/b><\/strong>\u00a0<strong><b>Nimi:<\/b><\/strong><\/td>\n<td width=\"601\"><strong>Akimbo Hoodie<\/strong><\/td>\n<\/tr>\n<tr>\n<td width=\"146\"><strong><b>Materlal:<\/b><\/strong><\/td>\n<td width=\"601\">Pol\u00fcester\/puuvill<\/td>\n<\/tr>\n<tr>\n<td width=\"146\"><strong><b>Tehnika:<\/b><\/strong><\/td>\n<td width=\"601\">Tr\u00fckkimine ja v\u00e4rvimine<\/td>\n<\/tr>\n<tr>\n<td width=\"146\"><strong><b>Stiil:<\/b><\/strong><\/td>\n<td width=\"601\">Casual<\/td>\n<\/tr>\n<tr>\n<td width=\"146\"><strong><b>V\u00e4rv<\/b><\/strong><strong><b>:<\/b><\/strong><\/td>\n<td width=\"601\">\u00a0Kohandatud v\u00e4rvid<\/td>\n<\/tr>\n<tr>\n<td width=\"146\"><strong><b>Suurus:<\/b><\/strong><\/td>\n<td width=\"601\">S \/M \/L \/XL \/2XL<\/td>\n<\/tr>\n<tr>\n<td width=\"146\"><strong><b>OEM\/ODM:<\/b><\/strong><\/td>\n<td width=\"601\">Aktsepteeritav<\/td>\n<\/tr>\n<tr>\n<td width=\"146\"><strong><b>Kvaliteet:<\/b><\/strong><\/td>\n<td width=\"601\">100% k\u00f5rge kvaliteet<\/td>\n<\/tr>\n<tr>\n<td width=\"146\"><strong><b>M<\/b><\/strong><strong><b>OQ:<\/b><\/strong><\/td>\n<td width=\"601\">200 tk<\/td>\n<\/tr>\n<\/tbody>\n<\/table>","protected":false},"featured_media":1839,"template":"","meta":[],"product_brand":[],"product_cat":[38],"product_tag":[],"class_list":{"0":"post-1837","1":"product","2":"type-product","3":"status-publish","4":"has-post-thumbnail","6":"product_cat-mens-clothing","8":"first","9":"instock","10":"shipping-taxable","11":"product-type-simple"},"_links":{"self":[{"href":"https:\/\/mj-clothing.com\/et\/wp-json\/wp\/v2\/product\/1837","targetHints":{"allow":["GET"]}}],"collection":[{"href":"https:\/\/mj-clothing.com\/et\/wp-json\/wp\/v2\/product"}],"about":[{"href":"https:\/\/mj-clothing.com\/et\/wp-json\/wp\/v2\/types\/product"}],"wp:featuredmedia":[{"embeddable":true,"href":"https:\/\/mj-clothing.com\/et\/wp-json\/wp\/v2\/media\/1839"}],"wp:attachment":[{"href":"https:\/\/mj-clothing.com\/et\/wp-json\/wp\/v2\/media?parent=1837"}],"wp:term":[{"taxonomy":"product_brand","embeddable":true,"href":"https:\/\/mj-clothing.com\/et\/wp-json\/wp\/v2\/product_brand?post=1837"},{"taxonomy":"product_cat","embeddable":true,"href":"https:\/\/mj-clothing.com\/et\/wp-json\/wp\/v2\/product_cat?post=1837"},{"taxonomy":"product_tag","embeddable":true,"href":"https:\/\/mj-clothing.com\/et\/wp-json\/wp\/v2\/product_tag?post=1837"}],"curies":[{"name":"wp","href":"https:\/\/api.w.org\/{rel}","templated":true}]}}