{"id":1843,"date":"2024-12-16T03:21:20","date_gmt":"2024-12-16T03:21:20","guid":{"rendered":"https:\/\/mj-clothing.com\/?post_type=product&#038;p=1843"},"modified":"2024-12-17T06:40:16","modified_gmt":"2024-12-17T06:40:16","slug":"golf-hoodie","status":"publish","type":"product","link":"https:\/\/mj-clothing.com\/et\/manufacturer\/golf-hoodie\/","title":{"rendered":"Golf Hoodie"},"content":{"rendered":"<p data-sourcepos=\"1:1-1:192\">Golfi kapuuts on spetsiaalselt golfim\u00e4ngijatele m\u00f5eldud spordir\u00f5ivaste t\u00fc\u00fcp, mis \u00fchendab endas traditsioonilise kapuutsi mugavuse ja soojuse ning golfiv\u00e4ljakule sobivad omadused.<\/p>\n<h3 data-sourcepos=\"3:1-3:34\"><strong>Golfi kapuutsi peamised omadused:<\/strong><\/h3>\n<ul data-sourcepos=\"5:1-10:0\">\n<li data-sourcepos=\"5:1-5:283\"><strong>Tulemuslikkuse kangad:<\/strong> Golfi kapuutsid on sageli valmistatud k\u00f5rgtehnoloogilistest kangastest, n\u00e4iteks pol\u00fcestrist v\u00f5i pol\u00fcestri ja puuvilla segust. Need kangad on m\u00f5eldud niiskust juhtiva, hingava ja veniva materjalina, mis hoiab golfim\u00e4ngijad kuivana, mugavalt ja piiranguteta nende svingi ajal.<\/li>\n<li data-sourcepos=\"6:1-6:207\"><strong>Ilmastikukindlus:<\/strong> Paljud golfikatted on veekindlad v\u00f5i vett h\u00fclgavad, kaitstes golfim\u00e4ngijaid kerge vihma v\u00f5i l\u00f6rtsi eest. M\u00f5nel on ka soojusisolatsioon, mis hoiab golfim\u00e4ngijaid k\u00fclmemal ajal soojana.<\/li>\n<li data-sourcepos=\"7:1-7:100\"><strong>P\u00e4ikesekaitse:<\/strong> M\u00f5ned golfikapuutrikoodid pakuvad UV-kaitset, et kaitsta golfim\u00e4ngijaid kahjulike p\u00e4ikesekiirte eest.<\/li>\n<li data-sourcepos=\"8:1-8:162\"><strong>Funktsionaalne disain:<\/strong> Golf -hoodies sisaldavad sageli selliseid omadusi nagu lukuga taskud, et kindlustada v\u00e4\u00e4rtasju, reguleeritavad kapuutsid ja p\u00f6idlaaugud, et hoida varrukad paigal.<\/li>\n<li data-sourcepos=\"9:1-10:0\"><strong>Stiilne disain:<\/strong> Golfm\u00fctsid on saadaval erinevates stiilides, v\u00e4rvides ja mustrites, mis v\u00f5imaldavad golfim\u00e4ngijatel v\u00e4ljendada oma isiklikku stiili, j\u00e4\u00e4des samas funktsionaalseks.<\/li>\n<\/ul>\n<h3 data-sourcepos=\"11:1-11:31\"><strong>Millal kanda golfi kapuutsi:<\/strong><\/h3>\n<p data-sourcepos=\"13:1-13:112\">Golf-kabjad on mitmek\u00fclgsed ja neid saab kanda erinevates ilmastikutingimustes. Need on eriti kasulikud:<\/p>\n<ul data-sourcepos=\"15:1-18:0\">\n<li data-sourcepos=\"15:1-15:87\"><strong>Jahedam ilm:<\/strong> Golfi kapuuts v\u00f5ib pakkuda soojust ja mugavust k\u00fclmemate voorude ajal.<\/li>\n<li data-sourcepos=\"16:1-16:101\"><strong>Vihmane ilm:<\/strong> Veekindlad golfikapuutrikoodid hoiavad golfim\u00e4ngijaid kuiva ja mugavalt kerge vihma korral.<\/li>\n<li data-sourcepos=\"17:1-18:0\"><strong>Kihilisus:<\/strong> Golf-kapuutsi saab kombineerida teiste golfir\u00f5ivastega, et luua eri ilmastikuolude jaoks kohandatud riietus.<\/li>\n<\/ul>\n<p data-sourcepos=\"19:1-19:138\">Valides golfikapuut, mis vastab teie konkreetsetele vajadustele ja eelistustele, saate parandada oma mugavust ja tulemuslikkust golfiv\u00e4ljakul.<\/p>","protected":false},"excerpt":{"rendered":"<table style=\"height: 543px;\" width=\"471\">\n<tbody>\n<tr>\n<td width=\"146\"><strong><b>Toode<\/b><\/strong>\u00a0<strong><b>Nimi:<\/b><\/strong><\/td>\n<td width=\"601\">\n<p data-sourcepos=\"3:1-3:34\"><strong>Golf Hoodie<\/strong><\/p>\n<\/td>\n<\/tr>\n<tr>\n<td width=\"146\"><strong><b>Materlal:<\/b><\/strong><\/td>\n<td width=\"601\">Pol\u00fcester\/puuvill<\/td>\n<\/tr>\n<tr>\n<td width=\"146\"><strong><b>Tehnika: <\/b><\/strong><\/td>\n<td width=\"601\">Tr\u00fckkimine ja v\u00e4rvimine<\/td>\n<\/tr>\n<tr>\n<td width=\"146\"><strong><b>Stiil: <\/b><\/strong><\/td>\n<td width=\"601\">Casual<\/td>\n<\/tr>\n<tr>\n<td width=\"146\"><strong><b>V\u00e4rv<\/b><\/strong><strong><b>:<\/b><\/strong><\/td>\n<td width=\"601\">Valge ja kohandatud v\u00e4rvid<\/td>\n<\/tr>\n<tr>\n<td width=\"146\"><strong><b>Suurus:<\/b><\/strong><\/td>\n<td width=\"601\">S \/M \/L \/XL \/2XL<\/td>\n<\/tr>\n<tr>\n<td width=\"146\"><strong><b>OEM\/ODM:<\/b><\/strong><\/td>\n<td width=\"601\">Aktsepteeritav<\/td>\n<\/tr>\n<tr>\n<td width=\"146\"><strong><b>Kvaliteet:<\/b><\/strong><\/td>\n<td width=\"601\">100% k\u00f5rge kvaliteet<\/td>\n<\/tr>\n<tr>\n<td width=\"146\"><strong><b>M<\/b><\/strong><strong><b>OQ:<\/b><\/strong><\/td>\n<td width=\"601\">200 tk<\/td>\n<\/tr>\n<\/tbody>\n<\/table>","protected":false},"featured_media":1844,"template":"","meta":[],"product_brand":[],"product_cat":[38],"product_tag":[],"class_list":{"0":"post-1843","1":"product","2":"type-product","3":"status-publish","4":"has-post-thumbnail","6":"product_cat-mens-clothing","8":"first","9":"instock","10":"shipping-taxable","11":"product-type-simple"},"_links":{"self":[{"href":"https:\/\/mj-clothing.com\/et\/wp-json\/wp\/v2\/product\/1843","targetHints":{"allow":["GET"]}}],"collection":[{"href":"https:\/\/mj-clothing.com\/et\/wp-json\/wp\/v2\/product"}],"about":[{"href":"https:\/\/mj-clothing.com\/et\/wp-json\/wp\/v2\/types\/product"}],"wp:featuredmedia":[{"embeddable":true,"href":"https:\/\/mj-clothing.com\/et\/wp-json\/wp\/v2\/media\/1844"}],"wp:attachment":[{"href":"https:\/\/mj-clothing.com\/et\/wp-json\/wp\/v2\/media?parent=1843"}],"wp:term":[{"taxonomy":"product_brand","embeddable":true,"href":"https:\/\/mj-clothing.com\/et\/wp-json\/wp\/v2\/product_brand?post=1843"},{"taxonomy":"product_cat","embeddable":true,"href":"https:\/\/mj-clothing.com\/et\/wp-json\/wp\/v2\/product_cat?post=1843"},{"taxonomy":"product_tag","embeddable":true,"href":"https:\/\/mj-clothing.com\/et\/wp-json\/wp\/v2\/product_tag?post=1843"}],"curies":[{"name":"wp","href":"https:\/\/api.w.org\/{rel}","templated":true}]}}