{"id":1853,"date":"2024-12-16T06:19:44","date_gmt":"2024-12-16T06:19:44","guid":{"rendered":"https:\/\/mj-clothing.com\/?post_type=product&#038;p=1853"},"modified":"2024-12-17T06:22:58","modified_gmt":"2024-12-17T06:22:58","slug":"drake-hoodie","status":"publish","type":"product","link":"https:\/\/mj-clothing.com\/et\/manufacturer\/drake-hoodie\/","title":{"rendered":"Drake Hoodie"},"content":{"rendered":"<p data-sourcepos=\"1:1-1:226\"><span class=\"citation-0 recitation citation-end-0\">Drake Hoodie, tuntud Kanada r\u00e4ppar, on inspireerinud erinevaid kaupu, sealhulgas kapuutsiga.<\/span> <span class=\"citation-1 recitation citation-end-1\">Nendel kapuutsil on sageli tema ikooniline logo, albumite kujundus v\u00f5i laulus\u00f5nad, mis on suunatud tema p\u00fchendunud f\u00e4nnidele.<\/span><\/p>\n<h3 data-sourcepos=\"1:1-1:226\"><strong>Drake'i kapuutsi peamised omadused:<\/strong><\/h3>\n<ul data-sourcepos=\"5:1-9:0\">\n<li data-sourcepos=\"5:1-5:125\"><strong><span class=\"citation-2 recitation\">Kvaliteetne materjal:<\/span><\/strong><span class=\"citation-2 recitation citation-end-2\"> Sageli on need valmistatud k\u00f5rgekvaliteedilistest materjalidest, nagu puuvill v\u00f5i fliis, mis tagavad mugavuse ja vastupidavuse.<\/span><span class=\"button-container hide-from-message-actions ng-star-inserted\"> \u00a0<\/span><\/li>\n<li data-sourcepos=\"5:1-5:125\"><span class=\"button-container hide-from-message-actions ng-star-inserted\"><strong style=\"font-size: 14.4px;\"><span class=\"citation-3 recitation\">Stiilne disain:<\/span><\/strong><span class=\"citation-3 recitation citation-end-3\" style=\"font-size: 14.4px;\"> Sisaldab trendikaid disainilahendusi, julget graafikat ja Drake'i esteetikat.<\/span><span class=\"button-container hide-from-message-actions ng-star-inserted\" style=\"font-size: 14.4px;\"> \u00a0<\/span><\/span>\n<div class=\"container ng-tns-c2946245707-199 hide\">\n<div class=\"carousel-container ng-tns-c2946245707-199\"><\/div>\n<\/div>\n<\/li>\n<li data-sourcepos=\"7:1-7:80\"><strong>Mugav sobivus:<\/strong> Pakub l\u00f5dvestunud ja mugavat istuvust igap\u00e4evaseks kandmiseks.<\/li>\n<li data-sourcepos=\"8:1-9:0\"><strong>F\u00e4nnide poolehoid:<\/strong> <span class=\"citation-4 recitation citation-end-4\">Sisaldab Drake'i ikoonilist kujundust ja kaubam\u00e4rki.<\/span><span class=\"button-container hide-from-message-actions ng-star-inserted\"> \u00a0<\/span>\n<div class=\"container ng-tns-c2946245707-200 hide\">\n<div class=\"carousel-container ng-tns-c2946245707-200\"><\/div>\n<\/div>\n<\/li>\n<\/ul>\n<h3 data-sourcepos=\"10:1-10:32\"><strong>Kust osta Drake'i kapuutsi:<\/strong><\/h3>\n<ul data-sourcepos=\"12:1-15:0\">\n<li data-sourcepos=\"12:1-12:146\"><strong>Ametlikud kauplused:<\/strong> <span class=\"citation-5 recitation citation-end-5\">Drake'i ametliku kauba poes v\u00f5i volitatud jaem\u00fc\u00fcjad m\u00fc\u00fcvad sageli ametlikult litsentseeritud kapuutsiga pusasid.<\/span><span class=\"button-container hide-from-message-actions ng-star-inserted\">\u00a0 \u00a0<\/span>\n<div class=\"container ng-tns-c2946245707-201 hide\">\n<div class=\"carousel-container ng-tns-c2946245707-201\"><\/div>\n<\/div>\n<\/li>\n<li data-sourcepos=\"13:1-13:162\"><strong><span class=\"citation-6 recitation\">Veebip\u00f5hised turuplatsid:<\/span><\/strong><span class=\"citation-6 recitation citation-end-6\"> Platvormid nagu eBay, StockX ja Grailed pakuvad laia valikut Drake'i -hoodies, sealhulgas piiratud koguses ja vintage-esemeid.<\/span><span class=\"button-container hide-from-message-actions ng-star-inserted\"> \u00a0<\/span>\n<div class=\"container ng-tns-c2946245707-202 hide\">\n<div class=\"carousel-container ng-tns-c2946245707-202\"><\/div>\n<\/div>\n<\/li>\n<li data-sourcepos=\"14:1-15:0\"><strong>Edasim\u00fc\u00fcgipoed:<\/strong> Vaadake v\u00f5imalike leidude leidmiseks kohalikke t\u00e4navar\u00f5ivaste butiike ja edasim\u00fc\u00fcgipoode.<\/li>\n<\/ul>\n<h3 data-sourcepos=\"16:1-16:35\"><strong>N\u00f5uanded Drake'i kapuutsi ostmiseks:<\/strong><\/h3>\n<ul data-sourcepos=\"18:1-22:0\">\n<li data-sourcepos=\"18:1-18:101\"><strong>Autentsus:<\/strong> Kontrollige kapuutsi ehtsust, kontrollides ametlike siltide ja kaubam\u00e4rgi olemasolu.<\/li>\n<li data-sourcepos=\"19:1-19:85\"><strong>Tingimus:<\/strong> Kui ostate kasutatud kapuutsi, kontrollige seda kulumise v\u00f5i kahjustuste suhtes.<\/li>\n<li data-sourcepos=\"20:1-20:84\"><strong>Suurus:<\/strong> Sobiva sobivuse tagamiseks vaadake m\u00fc\u00fcja esitatud suurustabelit.<\/li>\n<li data-sourcepos=\"21:1-22:0\"><strong>Hind:<\/strong> Uurige kehtivaid turuhindu, et v\u00e4ltida \u00fcle maksmist.<\/li>\n<\/ul>\n<p data-sourcepos=\"23:1-23:123\">J\u00e4rgides neid n\u00f5uandeid, saad leida t\u00e4iusliku Drake'i kapuutsi, et n\u00e4idata oma armastust kunstniku vastu ja t\u00f5sta oma stiili.<\/p>","protected":false},"excerpt":{"rendered":"<table style=\"height: 547px;\" width=\"443\">\n<tbody>\n<tr>\n<td width=\"146\"><strong><b>Toode<\/b><\/strong>\u00a0<strong><b>Nimi:<\/b><\/strong><\/td>\n<td width=\"601\"><strong>Drake Hoodie<\/strong><\/td>\n<\/tr>\n<tr>\n<td width=\"146\"><strong><b>Materlal:<\/b><\/strong><\/td>\n<td width=\"601\">Pol\u00fcester\/puuvill<\/td>\n<\/tr>\n<tr>\n<td width=\"146\"><strong><b>Tehnika:<\/b><\/strong><\/td>\n<td width=\"601\">Tr\u00fckkimine ja v\u00e4rvimine<\/td>\n<\/tr>\n<tr>\n<td width=\"146\"><strong><b>Stiil:<\/b><\/strong><\/td>\n<td width=\"601\">Casual<\/td>\n<\/tr>\n<tr>\n<td width=\"146\"><strong><b>V\u00e4rv<\/b><\/strong><strong><b>:<\/b><\/strong><\/td>\n<td width=\"601\">\u00a0Must ja kohandatud v\u00e4rvid<\/td>\n<\/tr>\n<tr>\n<td width=\"146\"><strong><b>Suurus:<\/b><\/strong><\/td>\n<td width=\"601\">S \/M \/L \/XL \/2XL<\/td>\n<\/tr>\n<tr>\n<td width=\"146\"><strong><b>OEM\/ODM:<\/b><\/strong><\/td>\n<td width=\"601\">Aktsepteeritav<\/td>\n<\/tr>\n<tr>\n<td width=\"146\"><strong><b>Kvaliteet:<\/b><\/strong><\/td>\n<td width=\"601\">100% k\u00f5rge kvaliteet<\/td>\n<\/tr>\n<tr>\n<td width=\"146\"><strong><b>M<\/b><\/strong><strong><b>OQ:<\/b><\/strong><\/td>\n<td width=\"601\">200 tk<\/td>\n<\/tr>\n<\/tbody>\n<\/table>","protected":false},"featured_media":1857,"template":"","meta":[],"product_brand":[],"product_cat":[38],"product_tag":[],"class_list":{"0":"post-1853","1":"product","2":"type-product","3":"status-publish","4":"has-post-thumbnail","6":"product_cat-mens-clothing","8":"first","9":"instock","10":"shipping-taxable","11":"product-type-simple"},"_links":{"self":[{"href":"https:\/\/mj-clothing.com\/et\/wp-json\/wp\/v2\/product\/1853","targetHints":{"allow":["GET"]}}],"collection":[{"href":"https:\/\/mj-clothing.com\/et\/wp-json\/wp\/v2\/product"}],"about":[{"href":"https:\/\/mj-clothing.com\/et\/wp-json\/wp\/v2\/types\/product"}],"wp:featuredmedia":[{"embeddable":true,"href":"https:\/\/mj-clothing.com\/et\/wp-json\/wp\/v2\/media\/1857"}],"wp:attachment":[{"href":"https:\/\/mj-clothing.com\/et\/wp-json\/wp\/v2\/media?parent=1853"}],"wp:term":[{"taxonomy":"product_brand","embeddable":true,"href":"https:\/\/mj-clothing.com\/et\/wp-json\/wp\/v2\/product_brand?post=1853"},{"taxonomy":"product_cat","embeddable":true,"href":"https:\/\/mj-clothing.com\/et\/wp-json\/wp\/v2\/product_cat?post=1853"},{"taxonomy":"product_tag","embeddable":true,"href":"https:\/\/mj-clothing.com\/et\/wp-json\/wp\/v2\/product_tag?post=1853"}],"curies":[{"name":"wp","href":"https:\/\/api.w.org\/{rel}","templated":true}]}}