{"id":1859,"date":"2024-12-16T06:23:43","date_gmt":"2024-12-16T06:23:43","guid":{"rendered":"https:\/\/mj-clothing.com\/?post_type=product&#038;p=1859"},"modified":"2024-12-17T06:20:37","modified_gmt":"2024-12-17T06:20:37","slug":"white-crew-neck-sweatshirt","status":"publish","type":"product","link":"https:\/\/mj-clothing.com\/et\/manufacturer\/white-crew-neck-sweatshirt\/","title":{"rendered":"Valge Crew kaelusega dressipluus"},"content":{"rendered":"<p data-sourcepos=\"1:1-1:170\"><span class=\"citation-0 recitation citation-end-0\">Valge kampsun on klassikaline ja mitmek\u00fclgne r\u00f5ivaese, mida saab riietada nii \u00fcles kui ka alla.<\/span> See on garderoobi p\u00f5hikomplekt, mida saab kanda aastaringselt.<span class=\"button-container hide-from-message-actions ng-star-inserted\"> \u00a0<\/span><\/p>\n<h3 data-sourcepos=\"3:1-3:49\"><strong>Valge Crew-kaelusega kampsuni peamised omadused:<\/strong><\/h3>\n<ul data-sourcepos=\"5:1-9:0\">\n<li data-sourcepos=\"5:1-5:89\"><strong>Lihtne disain:<\/strong> Klassikaline, minimalistlik disain, millel on \u00fcmmargune kaelus ja pikad varrukad.<\/li>\n<li data-sourcepos=\"6:1-6:97\"><strong>Mugavus:<\/strong> <span class=\"citation-1 recitation citation-end-1\">Tavaliselt on need valmistatud pehmest, hingavast materjalist, nagu puuvill v\u00f5i fliis.<\/span><span class=\"button-container hide-from-message-actions ng-star-inserted\"> \u00a0<\/span>\n<div class=\"container ng-tns-c2946245707-216 hide\">\n<div class=\"carousel-container ng-tns-c2946245707-216\"><\/div>\n<\/div>\n<\/li>\n<li data-sourcepos=\"7:1-7:91\"><strong><span class=\"citation-2 recitation\">Mitmek\u00fclgsus:<\/span><\/strong><span class=\"citation-2 recitation citation-end-2\"> Sobib teksade, s\u00e4\u00e4riste, seelikute v\u00f5i dressip\u00fckstega.<\/span>\n<div class=\"container ng-tns-c2946245707-217 hide\">\n<div class=\"carousel-container ng-tns-c2946245707-217\"><\/div>\n<\/div>\n<\/li>\n<li data-sourcepos=\"8:1-9:0\"><strong>Ajatu:<\/strong> Ajatu ese, mis ei l\u00e4he kunagi moest v\u00e4lja.<\/li>\n<\/ul>\n<h3 data-sourcepos=\"10:1-10:46\"><strong>Kuidas stiilne valge Crew kaelusega kampsun:<\/strong><\/h3>\n<p data-sourcepos=\"12:1-12:66\">Siin on m\u00f5ned ideed, kuidas valget kampsunis\u00e4rki stiilselt kanda:<\/p>\n<ul data-sourcepos=\"14:1-18:0\">\n<li data-sourcepos=\"14:1-14:67\"><strong>Casual:<\/strong> Sobita see koos teksade ja tossudega, et saavutada l\u00f5dvestunud v\u00e4limus.<\/li>\n<li data-sourcepos=\"15:1-15:69\"><strong>Sportlik:<\/strong> Kanna seda dressip\u00fckste v\u00f5i s\u00e4\u00e4riste ja spordijalatsitega.<\/li>\n<li data-sourcepos=\"16:1-16:73\"><strong>Dressy Casual:<\/strong> Pane see \u00fcles bleiseriga, dressip\u00fckstega ja loaferitega.<\/li>\n<li data-sourcepos=\"17:1-18:0\"><strong>Kihiline:<\/strong> Stiilse v\u00e4limuse saavutamiseks kanna see teksatagi v\u00f5i nahkjaki alla.<\/li>\n<\/ul>\n<h3 data-sourcepos=\"19:1-19:51\"><strong>N\u00e4pun\u00e4iteid valge Crew Neck-s\u00e4rgi valimiseks:<\/strong><\/h3>\n<ul data-sourcepos=\"21:1-24:0\">\n<li data-sourcepos=\"21:1-21:88\"><strong>Materjal:<\/strong> Otsige pehmet ja kvaliteetset materjali, mida on mugav kanda.<\/li>\n<li data-sourcepos=\"22:1-22:109\"><strong>Sobib:<\/strong> Valige oma isikliku stiiliga sobiv l\u00f5ige. Saate valida l\u00f5dva istuvusega v\u00f5i sobivama stiili.<\/li>\n<li data-sourcepos=\"23:1-24:0\"><strong>Hooldus:<\/strong> J\u00e4rgige etiketil olevaid hooldusjuhiseid, et kampsun n\u00e4eks v\u00e4lja parimana.<\/li>\n<\/ul>\n<p data-sourcepos=\"25:1-25:101\">J\u00e4rgides neid n\u00f5uandeid, leiad oma garderoobi t\u00e4iusliku valge kaelusega kampsuni.<\/p>","protected":false},"excerpt":{"rendered":"<table style=\"height: 481px;\" width=\"465\">\n<tbody>\n<tr>\n<td width=\"146\"><strong><b>Toode<\/b><\/strong>\u00a0<strong><b>Nimi:<\/b><\/strong><\/td>\n<td width=\"601\"><strong>Valge Crew kaelusega dressipluus<\/strong><\/td>\n<\/tr>\n<tr>\n<td width=\"146\"><strong><b>Materlal:<\/b><\/strong><\/td>\n<td width=\"601\">Pol\u00fcester\/puuvill<\/td>\n<\/tr>\n<tr>\n<td width=\"146\"><strong><b>Tehnika:<\/b><\/strong><\/td>\n<td width=\"601\">Tr\u00fckkimine ja v\u00e4rvimine<\/td>\n<\/tr>\n<tr>\n<td width=\"146\"><strong><b>Stiil:<\/b><\/strong><\/td>\n<td width=\"601\">Casual<\/td>\n<\/tr>\n<tr>\n<td width=\"146\"><strong><b>V\u00e4rv<\/b><\/strong><strong><b>:<\/b><\/strong><\/td>\n<td width=\"601\">\u00a0Kohandatud v\u00e4rvid<\/td>\n<\/tr>\n<tr>\n<td width=\"146\"><strong><b>Suurus:<\/b><\/strong><\/td>\n<td width=\"601\">S \/M \/L \/XL \/2XL<\/td>\n<\/tr>\n<tr>\n<td width=\"146\"><strong><b>OEM\/ODM:<\/b><\/strong><\/td>\n<td width=\"601\">Aktsepteeritav<\/td>\n<\/tr>\n<tr>\n<td width=\"146\"><strong><b>Kvaliteet:<\/b><\/strong><\/td>\n<td width=\"601\">100% k\u00f5rge kvaliteet<\/td>\n<\/tr>\n<tr>\n<td width=\"146\"><strong><b>M<\/b><\/strong><strong><b>OQ:<\/b><\/strong><\/td>\n<td width=\"601\">200 tk<\/td>\n<\/tr>\n<\/tbody>\n<\/table>","protected":false},"featured_media":1860,"template":"","meta":[],"product_brand":[],"product_cat":[38],"product_tag":[],"class_list":{"0":"post-1859","1":"product","2":"type-product","3":"status-publish","4":"has-post-thumbnail","6":"product_cat-mens-clothing","8":"first","9":"instock","10":"shipping-taxable","11":"product-type-simple"},"_links":{"self":[{"href":"https:\/\/mj-clothing.com\/et\/wp-json\/wp\/v2\/product\/1859","targetHints":{"allow":["GET"]}}],"collection":[{"href":"https:\/\/mj-clothing.com\/et\/wp-json\/wp\/v2\/product"}],"about":[{"href":"https:\/\/mj-clothing.com\/et\/wp-json\/wp\/v2\/types\/product"}],"wp:featuredmedia":[{"embeddable":true,"href":"https:\/\/mj-clothing.com\/et\/wp-json\/wp\/v2\/media\/1860"}],"wp:attachment":[{"href":"https:\/\/mj-clothing.com\/et\/wp-json\/wp\/v2\/media?parent=1859"}],"wp:term":[{"taxonomy":"product_brand","embeddable":true,"href":"https:\/\/mj-clothing.com\/et\/wp-json\/wp\/v2\/product_brand?post=1859"},{"taxonomy":"product_cat","embeddable":true,"href":"https:\/\/mj-clothing.com\/et\/wp-json\/wp\/v2\/product_cat?post=1859"},{"taxonomy":"product_tag","embeddable":true,"href":"https:\/\/mj-clothing.com\/et\/wp-json\/wp\/v2\/product_tag?post=1859"}],"curies":[{"name":"wp","href":"https:\/\/api.w.org\/{rel}","templated":true}]}}