{"id":1861,"date":"2024-12-16T06:40:02","date_gmt":"2024-12-16T06:40:02","guid":{"rendered":"https:\/\/mj-clothing.com\/?post_type=product&#038;p=1861"},"modified":"2024-12-17T06:17:43","modified_gmt":"2024-12-17T06:17:43","slug":"couple-sweatshirt","status":"publish","type":"product","link":"https:\/\/mj-clothing.com\/et\/manufacturer\/couple-sweatshirt\/","title":{"rendered":"Paar kampsun"},"content":{"rendered":"<p data-sourcepos=\"1:1-1:238\">Paari kampsunid on populaarne trend, mis v\u00f5imaldab paaridel v\u00e4ljendada oma armastust ja sidet sobivate v\u00f5i \u00fcksteist t\u00e4iendavate r\u00f5ivaste kaudu. Neid on saadaval erinevates stiilides, v\u00e4rvides ja kujundustes, mis vastavad erinevatele eelistustele ja puhkudel.<\/p>\n<h3 data-sourcepos=\"3:1-3:39\"><strong>Paari dressipluuside peamised omadused:<\/strong><\/h3>\n<ul data-sourcepos=\"5:1-10:0\">\n<li data-sourcepos=\"5:1-5:109\"><strong>Sobivad kujundused:<\/strong> Sageli on neil sobivad mustrid, v\u00e4rvid v\u00f5i fraasid, mis s\u00fcmboliseerivad paari sidet.<\/li>\n<li data-sourcepos=\"6:1-6:134\"><strong>T\u00e4iendavad disainilahendused:<\/strong> V\u00f5ivad olla erinevad, kuid omavahel seotud kujundused, n\u00e4iteks \"Kuningas\" ja \"Kuninganna\", \"Yin\" ja \"Yang\" v\u00f5i \"Tema\" ja \"Tema\".<\/li>\n<li data-sourcepos=\"7:1-7:105\"><strong>Isikup\u00e4rastatud s\u00f5numid:<\/strong> Saab kohandada nimede, initsiaalide, erikuup\u00e4evade v\u00f5i isiklike s\u00f5numitega.<\/li>\n<li data-sourcepos=\"8:1-8:95\"><strong>Mugavad materjalid:<\/strong> Tavaliselt on need valmistatud pehmest ja m\u00f5nusast materjalist, nagu puuvill v\u00f5i fliis.<\/li>\n<li data-sourcepos=\"9:1-10:0\"><strong>Mitmek\u00fclgsed stiilid:<\/strong> Saadaval erinevates stiilides, sealhulgas kapuutsiga, kampsunites ja dressipluusides.<\/li>\n<\/ul>\n<h3 data-sourcepos=\"11:1-11:36\"><strong>Kust osta paaris-sweats\u00e4rke:<\/strong><\/h3>\n<ul data-sourcepos=\"13:1-16:0\">\n<li data-sourcepos=\"13:1-13:121\"><strong>Online jaem\u00fc\u00fcjad:<\/strong> Veebilehed nagu Etsy, Amazon ja spetsialiseerunud paarir\u00f5ivaste kauplused pakuvad mitmesuguseid v\u00f5imalusi.<\/li>\n<li data-sourcepos=\"14:1-14:94\"><strong>F\u00fc\u00fcsilised kauplused:<\/strong> Vaadake kohalikke butiike ja kaubamajasid, et teha isiklikke oste.<\/li>\n<li data-sourcepos=\"15:1-16:0\"><strong>Kohandatud tr\u00fckiteenused:<\/strong> Loo oma isikup\u00e4rastatud paaride dressipluusid kohandatud kujunduse ja s\u00f5numitega.<\/li>\n<\/ul>\n<h3 data-sourcepos=\"17:1-17:41\"><strong>N\u00e4pun\u00e4iteid paaride dressipluuside valimiseks:<\/strong><\/h3>\n<ul data-sourcepos=\"19:1-24:0\">\n<li data-sourcepos=\"19:1-19:99\"><strong>M\u00f5elge oma stiilile:<\/strong> Valige stiil, mis peegeldab teie isiklikke eelistusi ja s\u00fcndmust.<\/li>\n<li data-sourcepos=\"20:1-20:97\"><strong>Valige \u00f5ige materjal:<\/strong> Valige mugavad ja vastupidavad materjalid, nagu puuvill v\u00f5i fliis.<\/li>\n<li data-sourcepos=\"21:1-21:65\"><strong>Kontrollida suuruse m\u00e4\u00e4ramist:<\/strong> Tagage m\u00f5lema partneri t\u00e4pne suurus.<\/li>\n<li data-sourcepos=\"22:1-22:89\"><strong>Isikup\u00e4rastage oma dressipluusid:<\/strong> Lisage isikup\u00e4rane puudutus kohandatud s\u00f5numite v\u00f5i kujundusega.<\/li>\n<li data-sourcepos=\"23:1-24:0\"><strong>Koosk\u00f5lastage oma partneriga:<\/strong> Arutage oma eelistusi ja koosk\u00f5lastage oma riided.<\/li>\n<\/ul>\n<p data-sourcepos=\"25:1-25:123\">Valides \u00f5igeid paarisoojendusi, saate luua ainulaadse ja stiilse v\u00e4limuse, mis peegeldab teie armastust ja sidet.<\/p>","protected":false},"excerpt":{"rendered":"<table style=\"height: 499px;\" width=\"433\">\n<tbody>\n<tr>\n<td width=\"146\"><strong><b>Toode<\/b><\/strong>\u00a0<strong><b>Nimi:<\/b><\/strong><\/td>\n<td width=\"601\"><strong>Paar kampsun<\/strong><\/td>\n<\/tr>\n<tr>\n<td width=\"146\"><strong><b>Materlal:<\/b><\/strong><\/td>\n<td width=\"601\">Pol\u00fcester\/puuvill<\/td>\n<\/tr>\n<tr>\n<td width=\"146\"><strong><b>Tehnika:<\/b><\/strong><\/td>\n<td width=\"601\">Tr\u00fckkimine ja v\u00e4rvimine<\/td>\n<\/tr>\n<tr>\n<td width=\"146\"><strong><b>Stiil:<\/b><\/strong><\/td>\n<td width=\"601\">Casual<\/td>\n<\/tr>\n<tr>\n<td width=\"146\"><strong><b>V\u00e4rv<\/b><\/strong><strong><b>:<\/b><\/strong><\/td>\n<td width=\"601\">\u00a0Kohandatud v\u00e4rvid<\/td>\n<\/tr>\n<tr>\n<td width=\"146\"><strong><b>Suurus:<\/b><\/strong><\/td>\n<td width=\"601\">S \/M \/L \/XL \/2XL<\/td>\n<\/tr>\n<tr>\n<td width=\"146\"><strong><b>OEM\/ODM:<\/b><\/strong><\/td>\n<td width=\"601\">Aktsepteeritav<\/td>\n<\/tr>\n<tr>\n<td width=\"146\"><strong><b>Kvaliteet:<\/b><\/strong><\/td>\n<td width=\"601\">100% k\u00f5rge kvaliteet<\/td>\n<\/tr>\n<tr>\n<td width=\"146\"><strong><b>M<\/b><\/strong><strong><b>OQ:<\/b><\/strong><\/td>\n<td width=\"601\">200 tk<\/td>\n<\/tr>\n<\/tbody>\n<\/table>","protected":false},"featured_media":1862,"template":"","meta":[],"product_brand":[],"product_cat":[38],"product_tag":[],"class_list":{"0":"post-1861","1":"product","2":"type-product","3":"status-publish","4":"has-post-thumbnail","6":"product_cat-mens-clothing","8":"first","9":"instock","10":"shipping-taxable","11":"product-type-simple"},"_links":{"self":[{"href":"https:\/\/mj-clothing.com\/et\/wp-json\/wp\/v2\/product\/1861","targetHints":{"allow":["GET"]}}],"collection":[{"href":"https:\/\/mj-clothing.com\/et\/wp-json\/wp\/v2\/product"}],"about":[{"href":"https:\/\/mj-clothing.com\/et\/wp-json\/wp\/v2\/types\/product"}],"wp:featuredmedia":[{"embeddable":true,"href":"https:\/\/mj-clothing.com\/et\/wp-json\/wp\/v2\/media\/1862"}],"wp:attachment":[{"href":"https:\/\/mj-clothing.com\/et\/wp-json\/wp\/v2\/media?parent=1861"}],"wp:term":[{"taxonomy":"product_brand","embeddable":true,"href":"https:\/\/mj-clothing.com\/et\/wp-json\/wp\/v2\/product_brand?post=1861"},{"taxonomy":"product_cat","embeddable":true,"href":"https:\/\/mj-clothing.com\/et\/wp-json\/wp\/v2\/product_cat?post=1861"},{"taxonomy":"product_tag","embeddable":true,"href":"https:\/\/mj-clothing.com\/et\/wp-json\/wp\/v2\/product_tag?post=1861"}],"curies":[{"name":"wp","href":"https:\/\/api.w.org\/{rel}","templated":true}]}}