{"id":1901,"date":"2024-12-16T07:56:53","date_gmt":"2024-12-16T07:56:53","guid":{"rendered":"https:\/\/mj-clothing.com\/?post_type=product&#038;p=1901"},"modified":"2024-12-17T03:44:39","modified_gmt":"2024-12-17T03:44:39","slug":"ivory-colored-womens-tops","status":"publish","type":"product","link":"https:\/\/mj-clothing.com\/et\/manufacturer\/ivory-colored-womens-tops\/","title":{"rendered":"Elevandiluu v\u00e4rvi naiste tops"},"content":{"rendered":"<div id=\"model-response-message-contentr_512563ff2fe7e496\" class=\"markdown markdown-main-panel response-optimization\" dir=\"ltr\">\n<p data-sourcepos=\"1:1-1:189\">Elevandiluu v\u00e4rvi naiste tops on ajatu klassika, mida saab riietada nii \u00fcles kui ka alla. See mitmek\u00fclgne v\u00e4rv sobib h\u00e4sti kokku erinevate teiste v\u00e4rvide ja mustritega, muutes selle iga garderoobi p\u00f5hitarvikuks.<\/p>\n<h3 data-sourcepos=\"5:1-5:51\">Siin on m\u00f5ned populaarsed Elevandiluu v\u00e4rvi naiste topside stiilid:<\/h3>\n<div class=\"attachment-container search-images\">\n<div class=\"image-container hide-from-message-actions ng-star-inserted\"><\/div>\n<\/div>\n<ul data-sourcepos=\"7:1-18:0\">\n<li data-sourcepos=\"7:1-9:0\">\n<p data-sourcepos=\"7:3-8:23\"><strong><span class=\"citation-0 recitation\">Pluusid:<\/span><\/strong><span class=\"citation-0 recitation citation-end-0\"> Elevandiluu pluusid v\u00f5ivad olla valmistatud erinevatest kangastest, n\u00e4iteks siidist, puuvillast v\u00f5i linasest.<\/span> Neid saab stiliseerida seelikute, p\u00fckste v\u00f5i teksap\u00fckstega, et saavutada \u0161ikk ja rafineeritud v\u00e4limus.<\/p>\n<\/li>\n<li data-sourcepos=\"7:1-9:0\">\n<p data-sourcepos=\"7:3-8:23\"><strong style=\"font-size: 14.4px;\"><span class=\"citation-1 recitation\">T-s\u00e4rgid:<\/span><\/strong><span class=\"citation-1 recitation citation-end-1\" style=\"font-size: 14.4px;\"> Elevandiluu v\u00e4rvi t-s\u00e4rgid on juhuslik ja mugav valik, mida saab kombineerida teksade, l\u00fchikeste p\u00fckste v\u00f5i seelikutega.<\/span><\/p>\n<\/li>\n<li data-sourcepos=\"7:1-9:0\">\n<p data-sourcepos=\"7:3-8:23\"><strong style=\"font-size: 14.4px;\">Kampsunid:<\/strong><span style=\"font-size: 14.4px;\"> Elevandiluu v\u00e4rvi kampsunid sobivad ideaalselt jahedama ilmaga. Neid saab kanda teksade, s\u00e4\u00e4riste v\u00f5i seelikutega.<\/span><\/p>\n<\/li>\n<li data-sourcepos=\"7:1-9:0\">\n<p data-sourcepos=\"7:3-8:23\"><strong><span class=\"citation-2 recitation\">Tank tops:<\/span><\/strong><span class=\"citation-2 recitation citation-end-2\"> Elevandiluu v\u00e4rvi tops on mitmek\u00fclgne toode, mida saab kanda nii teiste topside all kui ka eraldi.<\/span><span class=\"button-container hide-from-message-actions ng-star-inserted\"> \u00a0<\/span><\/p>\n<div class=\"container ng-tns-c2946245707-289 hide\">\n<div class=\"carousel-container ng-tns-c2946245707-289\"><\/div>\n<\/div>\n<div class=\"attachment-container search-images\">\n<div class=\"image-container hide-from-message-actions ng-star-inserted\">\n<div class=\"caption ellipsis gmat-caption ng-star-inserted\" aria-hidden=\"true\"><span style=\"font-size: 20.16px;\">Elevandiluu v\u00e4rvi naiste toppide kujundamisel arvestage j\u00e4rgmisi n\u00f5uandeid:<\/span><\/div>\n<\/div>\n<\/div>\n<\/li>\n<\/ul>\n<ul data-sourcepos=\"21:1-25:0\">\n<li data-sourcepos=\"21:1-21:94\"><strong>Varustage:<\/strong> Lisage aksessuaarid, nagu kaelakeed, k\u00f5rvar\u00f5ngad ja sallid, et oma v\u00e4limust t\u00f5sta.<\/li>\n<li data-sourcepos=\"22:1-22:121\"><strong>M\u00e4ngi tekstuuridega:<\/strong> Erinevate tekstuuride, nagu pits, samet v\u00f5i trikoo, segamine ja sobitamine loob huvitavaid riideid.<\/li>\n<li data-sourcepos=\"23:1-23:110\"><strong>Eksperimenteeri v\u00e4rvidega:<\/strong> Pane elevandiluu topp kokku erksate v\u00e4rvidega, nagu punane, sinine v\u00f5i roheline, et saavutada julge v\u00e4limus.<\/li>\n<li data-sourcepos=\"24:1-25:0\"><strong>Hoidke see lihtne:<\/strong> Kui kannad keerukamat elevandiluu topi, hoia \u00fclej\u00e4\u00e4nud riietus lihtsana.<\/li>\n<\/ul>\n<p data-sourcepos=\"26:1-26:197\">Elevandiluu v\u00e4rvi naiste tops on mitmek\u00fclgne ja stiilne valik, mida saab kanda igal korral. J\u00e4rgides neid n\u00f5uandeid, saate luua uimastavaid riideid, mis panevad teid n\u00e4gema ja tundma end k\u00f5ige paremini.<\/p>\n<\/div>\n<div class=\"response-footer gap complete\">\n<div class=\"show-sources-container ng-star-inserted\"><\/div>\n<div class=\"container ng-tns-c2946245707-283\">\n<div class=\"carousel-container ng-tns-c2946245707-283\">\n<div class=\"carousel-content ng-tns-c2946245707-283\">\n<div class=\"sources-carousel-source ng-tns-c2946245707-283 ng-star-inserted\" data-test-id=\"sources-carousel-source\">\n<div class=\"source-card-container\">\n<div class=\"source-card-content\">\n<div class=\"source-card-body\">\n<div class=\"source-card-header\">\n<div class=\"source-card-title\"><\/div>\n<\/div>\n<\/div>\n<\/div>\n<\/div>\n<\/div>\n<\/div>\n<\/div>\n<\/div>\n<\/div>","protected":false},"excerpt":{"rendered":"<table style=\"height: 539px;\" width=\"411\">\n<tbody>\n<tr>\n<td width=\"146\"><strong><b>Toode<\/b><\/strong>\u00a0<strong><b>Nimi:<\/b><\/strong><\/td>\n<td width=\"601\"><strong>Elevandiluu v\u00e4rvi naiste tops<\/strong><\/td>\n<\/tr>\n<tr>\n<td width=\"146\"><strong><b>Materlal:<\/b><\/strong><\/td>\n<td width=\"601\">Kudumine<\/td>\n<\/tr>\n<tr>\n<td width=\"146\"><strong><b>Tehnika:<\/b><\/strong><\/td>\n<td width=\"601\">Tikitud<\/td>\n<\/tr>\n<tr>\n<td width=\"146\"><strong><b>Stiil:<\/b><\/strong><\/td>\n<td width=\"601\">Casual<\/td>\n<\/tr>\n<tr>\n<td width=\"146\"><strong><b>V\u00e4rv<\/b><\/strong><strong><b>:<\/b><\/strong><\/td>\n<td width=\"601\">\u00a0Kohandatud v\u00e4rvid<\/td>\n<\/tr>\n<tr>\n<td width=\"146\"><strong><b>Suurus:<\/b><\/strong><\/td>\n<td width=\"601\">S \/M \/L \/XL \/2XL<\/td>\n<\/tr>\n<tr>\n<td width=\"146\"><strong><b>OEM\/ODM:<\/b><\/strong><\/td>\n<td width=\"601\">Aktsepteeritav<\/td>\n<\/tr>\n<tr>\n<td width=\"146\"><strong><b>Kvaliteet:<\/b><\/strong><\/td>\n<td width=\"601\">100% k\u00f5rge kvaliteet<\/td>\n<\/tr>\n<tr>\n<td width=\"146\"><strong><b>M<\/b><\/strong><strong><b>OQ:<\/b><\/strong><\/td>\n<td width=\"601\">200 tk<\/td>\n<\/tr>\n<\/tbody>\n<\/table>","protected":false},"featured_media":1911,"template":"","meta":[],"product_brand":[],"product_cat":[39],"product_tag":[],"class_list":{"0":"post-1901","1":"product","2":"type-product","3":"status-publish","4":"has-post-thumbnail","6":"product_cat-womens-clothing","8":"first","9":"instock","10":"shipping-taxable","11":"product-type-simple"},"_links":{"self":[{"href":"https:\/\/mj-clothing.com\/et\/wp-json\/wp\/v2\/product\/1901","targetHints":{"allow":["GET"]}}],"collection":[{"href":"https:\/\/mj-clothing.com\/et\/wp-json\/wp\/v2\/product"}],"about":[{"href":"https:\/\/mj-clothing.com\/et\/wp-json\/wp\/v2\/types\/product"}],"wp:featuredmedia":[{"embeddable":true,"href":"https:\/\/mj-clothing.com\/et\/wp-json\/wp\/v2\/media\/1911"}],"wp:attachment":[{"href":"https:\/\/mj-clothing.com\/et\/wp-json\/wp\/v2\/media?parent=1901"}],"wp:term":[{"taxonomy":"product_brand","embeddable":true,"href":"https:\/\/mj-clothing.com\/et\/wp-json\/wp\/v2\/product_brand?post=1901"},{"taxonomy":"product_cat","embeddable":true,"href":"https:\/\/mj-clothing.com\/et\/wp-json\/wp\/v2\/product_cat?post=1901"},{"taxonomy":"product_tag","embeddable":true,"href":"https:\/\/mj-clothing.com\/et\/wp-json\/wp\/v2\/product_tag?post=1901"}],"curies":[{"name":"wp","href":"https:\/\/api.w.org\/{rel}","templated":true}]}}