{"id":1946,"date":"2024-12-17T02:48:08","date_gmt":"2024-12-17T02:48:08","guid":{"rendered":"https:\/\/mj-clothing.com\/?post_type=product&#038;p=1946"},"modified":"2024-12-17T03:42:21","modified_gmt":"2024-12-17T03:42:21","slug":"easy-to-sew-womens-tops","status":"publish","type":"product","link":"https:\/\/mj-clothing.com\/et\/manufacturer\/easy-to-sew-womens-tops\/","title":{"rendered":"Lihtne \u00f5mmelda naiste topsid"},"content":{"rendered":"<div class=\"experimental-mode-disclaimer-container ng-star-inserted\">\n<div class=\"disclaimer\">\n<div class=\"disclaimer-text ng-star-inserted\"><\/div>\n<\/div>\n<\/div>\n<div id=\"model-response-message-contentr_97504a3a3735aa12\" class=\"markdown markdown-main-panel response-optimization\" dir=\"ltr\">\n<p data-sourcepos=\"1:1-1:139\">See k\u00f5lab, nagu otsiksid Easy To Sew Womens Tops! Siin on jaotus ideid ja ressursse, et alustada:<\/p>\n<h3 data-sourcepos=\"3:1-3:33\"><strong>Key Elements for Easy To Sew Womens Tops:<\/strong><\/h3>\n<ul data-sourcepos=\"5:1-9:0\">\n<li data-sourcepos=\"5:1-5:153\"><strong>Lihtsad kujundid:<\/strong> Otsige p\u00f5hikujunditega mustreid, nagu ristk\u00fclikud, ruudud v\u00f5i minimaalsed k\u00f5verad. Need n\u00f5uavad v\u00e4hem keerulist l\u00f5ikamist ja t\u00fckeldamist.<\/li>\n<li data-sourcepos=\"6:1-6:172\"><strong><span class=\"citation-0 recitation\">Kootud kangad:<\/span><\/strong><span class=\"citation-0 recitation citation-end-0\"> Need kangad on venivad, mis teeb need algajatele andestavamaks.<\/span> Samuti ei ole sageli vaja servi viimistleda, mis s\u00e4\u00e4stab aega.<span class=\"button-container hide-from-message-actions ng-star-inserted\">\u00a0 \u00a0<\/span>\n<div class=\"container ng-tns-c2960411664-24 hide\">\n<div class=\"carousel-container ng-tns-c2960411664-24\"><\/div>\n<\/div>\n<\/li>\n<li data-sourcepos=\"7:1-7:95\"><strong>Minimaalsed \u00f5mblused:<\/strong> Mida v\u00e4hem \u00f5mblusi on mustris, seda kiirem ja lihtsam on seda \u00f5mmelda.<\/li>\n<li data-sourcepos=\"8:1-9:0\"><strong>Ei mingeid keerulisi sulgemisi:<\/strong> V\u00e4ltige alguses t\u00f5mblukkude, n\u00f6\u00f6paukude v\u00f5i keeruliste kinnitustega mustreid.<\/li>\n<\/ul>\n<h3 data-sourcepos=\"10:1-10:32\"><strong>Lihtne \u00f5mmelda naiste topsid, mida kaaluda:<\/strong><\/h3>\n<ul data-sourcepos=\"12:1-17:0\">\n<li data-sourcepos=\"12:1-12:133\"><strong>T-s\u00e4rgid:<\/strong> Klassika on p\u00f5hjusega! <span class=\"citation-1 recitation citation-end-1\">P\u00f5hilised t-s\u00e4rkide mustrid on kergesti k\u00e4ttesaadavad ja pakuvad suurep\u00e4rast l\u00e4htepunkti.<\/span><span class=\"button-container hide-from-message-actions ng-star-inserted\"> \u00a0<\/span>\n<div class=\"container ng-tns-c2960411664-25 hide\">\n<div class=\"carousel-container ng-tns-c2960411664-25\"><\/div>\n<\/div>\n<\/li>\n<li data-sourcepos=\"13:1-13:96\"><strong>Tank Topid:<\/strong> Lihtsaid laiade rihmadega v\u00f5i lihtsate vormidega tank tops on v\u00e4ga lihtne konstrueerida.<\/li>\n<li data-sourcepos=\"14:1-14:110\"><strong>Kimono Topid:<\/strong> Need h\u00f5lmavad sageli sirgete joonte \u00f5mblemist ja neid saab valmistada ilusatest drapeeruvatest kangastest.<\/li>\n<li data-sourcepos=\"15:1-15:97\"><strong>Lihtsad tuunikud:<\/strong> Lahtised, minimaalse vormimisega tuunikad on mugavad ja neid on lihtne \u00f5mmelda.<\/li>\n<li data-sourcepos=\"16:1-17:0\"><strong>Kokkupandud \u00fclaosad:<\/strong> Elastse kaeluse v\u00f5i kogutud l\u00f5igetega topid v\u00f5ivad olla \u00fcllatavalt lihtsad valmistada.<\/li>\n<\/ul>\n<h3 data-sourcepos=\"18:1-18:43\"><strong>Kust leida mustreid ja inspiratsiooni:<\/strong><\/h3>\n<ul data-sourcepos=\"20:1-24:0\">\n<li data-sourcepos=\"20:1-20:97\"><strong>\u00d5mble oluline:<\/strong> See veebisait pakub erinevaid algaja-s\u00f5bralikke mustreid ja vahendeid.<\/li>\n<li data-sourcepos=\"21:1-21:99\"><strong>Lihtne \u00f5mblus:<\/strong> <span class=\"citation-2 recitation citation-end-2\">Nad keskenduvad lihtsatele ja stiilsetele mustritele koos selgete juhistega.<\/span><span class=\"button-container hide-from-message-actions ng-star-inserted\">\u00a0<\/span>\n<div class=\"container ng-tns-c2960411664-26 hide\">\n<div class=\"carousel-container ng-tns-c2960411664-26\"><\/div>\n<\/div>\n<\/li>\n<li data-sourcepos=\"22:1-22:120\"><strong><span class=\"citation-3 recitation\">Pinterest:<\/span><\/strong><span class=\"citation-3 recitation citation-end-3\"> DIY-ideede aardelaegas, sealhulgas palju tasuta \u00f5petusi ja mustreid lihtsate topside jaoks.<\/span><span class=\"button-container hide-from-message-actions ng-star-inserted\"> \u00a0<\/span>\n<div class=\"container ng-tns-c2960411664-27 hide\">\n<div class=\"carousel-container ng-tns-c2960411664-27\"><\/div>\n<\/div>\n<\/li>\n<li data-sourcepos=\"23:1-24:0\"><strong>Simplicity, McCall's, Butterick:<\/strong> Nendel mustriettev\u00f5tetel on suur valik mustreid, mis on sageli liigitatud oskuste taseme j\u00e4rgi.<\/li>\n<\/ul>\n<h3 data-sourcepos=\"25:1-25:23\"><strong>N\u00f5uanded algajatele:<\/strong><\/h3>\n<ul data-sourcepos=\"27:1-31:0\">\n<li data-sourcepos=\"27:1-27:102\"><strong>Alustage lihtsa projektiga:<\/strong> \u00c4rge proovige esimesel katsel midagi liiga keerulist lahendada.<\/li>\n<li data-sourcepos=\"28:1-28:99\"><strong>Valige \u00f5ige kangas:<\/strong> Kootud kangast on \u00fcldiselt lihtsam t\u00f6\u00f6delda kui kootud kangast.<\/li>\n<li data-sourcepos=\"29:1-29:93\"><strong>Lugege hoolikalt juhiseid:<\/strong> Enne alustamist veenduge, et saate sammudest aru.<\/li>\n<li data-sourcepos=\"30:1-31:0\"><strong>\u00c4rge kartke abi paluda:<\/strong> On olemas palju veebikeskkondi ja ressursse, mis aitavad teid, kui te peaksite h\u00e4tta j\u00e4\u00e4ma.<\/li>\n<\/ul>\n<p data-sourcepos=\"32:1-32:128\">Olen valmis teid t\u00e4iendavalt aitama, kui teil on konkreetseid k\u00fcsimusi v\u00f5i kui soovite uurida konkreetset toppstiili. Lihtsalt andke mulle teada!<\/p>\n<\/div>\n<div class=\"skeleton-loader-container\"><\/div>","protected":false},"excerpt":{"rendered":"<table style=\"height: 518px;\" width=\"411\">\n<tbody>\n<tr>\n<td width=\"146\"><strong><b>Toode<\/b><\/strong>\u00a0<strong><b>Nimi:<\/b><\/strong><\/td>\n<td width=\"601\"><strong>Lihtne \u00f5mmelda naiste topsid<\/strong><\/td>\n<\/tr>\n<tr>\n<td width=\"146\"><strong><b>Materlal:<\/b><\/strong><\/td>\n<td width=\"601\">Kudumine<\/td>\n<\/tr>\n<tr>\n<td width=\"146\"><strong><b>Tehnika:<\/b><\/strong><\/td>\n<td width=\"601\">Tikitud<\/td>\n<\/tr>\n<tr>\n<td width=\"146\"><strong><b>Stiil:<\/b><\/strong><\/td>\n<td width=\"601\">Casual<\/td>\n<\/tr>\n<tr>\n<td width=\"146\"><strong><b>V\u00e4rv<\/b><\/strong><strong><b>:<\/b><\/strong><\/td>\n<td width=\"601\">\u00a0Kohandatud v\u00e4rvid<\/td>\n<\/tr>\n<tr>\n<td width=\"146\"><strong><b>Suurus:<\/b><\/strong><\/td>\n<td width=\"601\">S \/M \/L \/XL \/2XL<\/td>\n<\/tr>\n<tr>\n<td width=\"146\"><strong><b>OEM\/ODM:<\/b><\/strong><\/td>\n<td width=\"601\">Aktsepteeritav<\/td>\n<\/tr>\n<tr>\n<td width=\"146\"><strong><b>Kvaliteet:<\/b><\/strong><\/td>\n<td width=\"601\">100% k\u00f5rge kvaliteet<\/td>\n<\/tr>\n<tr>\n<td width=\"146\"><strong><b>M<\/b><\/strong><strong><b>OQ:<\/b><\/strong><\/td>\n<td width=\"601\">200 tk<\/td>\n<\/tr>\n<\/tbody>\n<\/table>","protected":false},"featured_media":1956,"template":"","meta":[],"product_brand":[],"product_cat":[39],"product_tag":[],"class_list":{"0":"post-1946","1":"product","2":"type-product","3":"status-publish","4":"has-post-thumbnail","6":"product_cat-womens-clothing","8":"first","9":"instock","10":"shipping-taxable","11":"product-type-simple"},"_links":{"self":[{"href":"https:\/\/mj-clothing.com\/et\/wp-json\/wp\/v2\/product\/1946","targetHints":{"allow":["GET"]}}],"collection":[{"href":"https:\/\/mj-clothing.com\/et\/wp-json\/wp\/v2\/product"}],"about":[{"href":"https:\/\/mj-clothing.com\/et\/wp-json\/wp\/v2\/types\/product"}],"wp:featuredmedia":[{"embeddable":true,"href":"https:\/\/mj-clothing.com\/et\/wp-json\/wp\/v2\/media\/1956"}],"wp:attachment":[{"href":"https:\/\/mj-clothing.com\/et\/wp-json\/wp\/v2\/media?parent=1946"}],"wp:term":[{"taxonomy":"product_brand","embeddable":true,"href":"https:\/\/mj-clothing.com\/et\/wp-json\/wp\/v2\/product_brand?post=1946"},{"taxonomy":"product_cat","embeddable":true,"href":"https:\/\/mj-clothing.com\/et\/wp-json\/wp\/v2\/product_cat?post=1946"},{"taxonomy":"product_tag","embeddable":true,"href":"https:\/\/mj-clothing.com\/et\/wp-json\/wp\/v2\/product_tag?post=1946"}],"curies":[{"name":"wp","href":"https:\/\/api.w.org\/{rel}","templated":true}]}}