{"id":1957,"date":"2024-12-17T02:54:13","date_gmt":"2024-12-17T02:54:13","guid":{"rendered":"https:\/\/mj-clothing.com\/?post_type=product&#038;p=1957"},"modified":"2024-12-18T06:10:01","modified_gmt":"2024-12-18T06:10:01","slug":"womens-shell-top","status":"publish","type":"product","link":"https:\/\/mj-clothing.com\/et\/manufacturer\/womens-shell-top\/","title":{"rendered":"Naiste Shell Top"},"content":{"rendered":"<p data-sourcepos=\"1:1-1:134\"><span class=\"citation-0 recitation citation-end-0\">Naiste kooriktoop on mitmek\u00fclgne ja klassikaline garderoobi p\u00f5hitarvik.<\/span> Siin on \u00fclevaade sellest, mis see on ja miks see on nii populaarne:<span class=\"button-container hide-from-message-actions ng-star-inserted\"> \u00a0<\/span><\/p>\n<h3 data-sourcepos=\"3:1-3:24\"><strong>Mis on Womens Shell Top?<\/strong><\/h3>\n<ul data-sourcepos=\"5:1-9:0\">\n<li data-sourcepos=\"5:1-5:173\"><strong><span class=\"citation-1 recitation\">Lihtne ja varrukateta:<\/span><\/strong><span class=\"citation-1 recitation citation-end-1\"> Tegemist on p\u00f5him\u00f5tteliselt lihtsa, varrukateta \u00fclaosaga.<\/span> Sellel on sageli lihtne kaelus (n\u00e4iteks k\u00fchvelkaelus v\u00f5i V-kaelus) ja puudub krae.<span class=\"button-container hide-from-message-actions ng-star-inserted\"> \u00a0<\/span>\n<div class=\"container ng-tns-c2960411664-35 hide\">\n<div class=\"carousel-container ng-tns-c2960411664-35\"><\/div>\n<\/div>\n<\/li>\n<li data-sourcepos=\"6:1-6:278\"><strong>Mitmek\u00fclgne kangas:<\/strong> <span class=\"citation-2 recitation citation-end-2\">Shell tops v\u00f5ib olla valmistatud mitmesugustest kangastest, sealhulgas puuvillast, siidist, linasest, viskoosist v\u00f5i segust.<\/span> <span class=\"citation-3 recitation citation-end-3\">Kanga valik v\u00f5ib oluliselt m\u00f5jutada topi v\u00e4ljan\u00e4gemist ja tunnetust, muutes selle sobivaks nii vabaaja- kui ka pidulikumate s\u00fcndmuste jaoks.<\/span>\n<div class=\"container ng-tns-c2960411664-36 hide\">\n<div class=\"carousel-container ng-tns-c2960411664-36\"><\/div>\n<\/div>\n<\/li>\n<li data-sourcepos=\"7:1-7:186\"><strong>Oluline kihiline riietus:<\/strong> Shell-topid sobivad suurep\u00e4raselt kardiganide, bleiserite, jakide v\u00f5i isegi l\u00e4bipaistvate toppide alla. Need annavad sileda p\u00f5hikihi, ilma et need suurendaksid k\u00e4te mahtu.<\/li>\n<li data-sourcepos=\"8:1-9:0\"><strong><span class=\"citation-4 recitation\">Iseseisev teos:<\/span><\/strong><span class=\"citation-4 recitation citation-end-4\"> Kuigi need sobivad suurep\u00e4raselt mitmekihiliseks kandmiseks, v\u00f5ib neid ka eraldi kanda, eriti soojema ilmaga.<\/span>\n<div class=\"container ng-tns-c2960411664-37 hide\">\n<div class=\"carousel-container ng-tns-c2960411664-37\"><\/div>\n<\/div>\n<\/li>\n<\/ul>\n<h3 data-sourcepos=\"10:1-10:24\"><strong>Peamised omadused:<\/strong><\/h3>\n<ul data-sourcepos=\"12:1-15:0\">\n<li data-sourcepos=\"12:1-12:120\"><strong>Puhtad jooned:<\/strong> Shell tops on tavaliselt puhta ja lihtsa disainiga, ilma liigsete kaunistuste v\u00f5i detailideta.<\/li>\n<li data-sourcepos=\"13:1-13:128\"><strong>Paigaldatud v\u00f5i poolpaigaldatud:<\/strong> Need on tavaliselt disainitud nii, et nad sobivad suhteliselt tihedalt kehale, andes meelitavaid siluette.<\/li>\n<li data-sourcepos=\"14:1-15:0\"><strong>Ajatu stiil:<\/strong> Mantel on klassikaline ese, mis on t\u00e4nu oma lihtsusele ja kohandatavusele p\u00fcsinud stiilne juba aastak\u00fcmneid.<\/li>\n<\/ul>\n<h3 data-sourcepos=\"16:1-16:25\"><strong>Miks on Womens Shell Top populaarne?<\/strong><\/h3>\n<ul data-sourcepos=\"18:1-22:0\">\n<li data-sourcepos=\"18:1-18:95\"><strong>Mitmek\u00fclgsus:<\/strong> Nagu mainitud, saab neid riietada \u00fcles v\u00f5i alla ja kanda erinevates olukordades.<\/li>\n<li data-sourcepos=\"19:1-19:130\"><strong>Mugavus:<\/strong> Varrukateta disain ja sageli kerged kangad muudavad nende kandmise mugavaks, eriti soojemas kliimas.<\/li>\n<li data-sourcepos=\"20:1-20:92\"><strong>Kihistamisv\u00f5ime:<\/strong> Need sobivad ideaalselt mitmekihiliste riiete loomiseks, lisamata neile mahtu.<\/li>\n<li data-sourcepos=\"21:1-22:0\"><strong>Ajatus:<\/strong> Need on klassikaline garderoobi p\u00f5hikomplekt, mis ei l\u00e4he kunagi moest v\u00e4lja.<\/li>\n<\/ul>\n<h3 data-sourcepos=\"23:1-23:28\"><strong>Kuidas kanda Womens Shell Top:<\/strong><\/h3>\n<ul data-sourcepos=\"25:1-28:0\">\n<li data-sourcepos=\"25:1-25:81\"><strong>Casual:<\/strong> Sobita see teksade, l\u00fchikeste p\u00fckste v\u00f5i vabaaja seeliku juurde, et saavutada l\u00f5dvestunud v\u00e4limus.<\/li>\n<li data-sourcepos=\"26:1-26:122\"><strong>Business casual:<\/strong> Kandke seda pintsaku all koos p\u00fckste v\u00f5i pliiatsiseelikuga, et saavutada professionaalne, kuid samas mugav riietus.<\/li>\n<li data-sourcepos=\"27:1-28:0\"><strong>Riietatud:<\/strong> Vali luksuslikust kangast, n\u00e4iteks siidist v\u00f5i satiinist, kestatops ja \u00fchenda see \u00f5htuseks \u00fcrituseks kleidi seeliku v\u00f5i p\u00fckstega.<\/li>\n<\/ul>\n<p data-sourcepos=\"29:1-29:132\">Olenemata sellest, kas otsite p\u00f5hilist kihilist riietust v\u00f5i lihtsat toppi soojade ilmade jaoks, on kooriktoop mitmek\u00fclgne ja stiilne valik.<\/p>","protected":false},"excerpt":{"rendered":"<table style=\"height: 495px;\" width=\"411\">\n<tbody>\n<tr>\n<td width=\"146\"><strong><b>Toode<\/b><\/strong>\u00a0<strong><b>Nimi:<\/b><\/strong><\/td>\n<td width=\"601\"><strong>Naiste Shell Top<\/strong><\/td>\n<\/tr>\n<tr>\n<td width=\"146\"><strong><b>Materlal:<\/b><\/strong><\/td>\n<td width=\"601\">Kudumine<\/td>\n<\/tr>\n<tr>\n<td width=\"146\"><strong><b>Tehnika:<\/b><\/strong><\/td>\n<td width=\"601\">Tikitud<\/td>\n<\/tr>\n<tr>\n<td width=\"146\"><strong><b>Stiil:<\/b><\/strong><\/td>\n<td width=\"601\">Casual<\/td>\n<\/tr>\n<tr>\n<td width=\"146\"><strong><b>V\u00e4rv<\/b><\/strong><strong><b>:<\/b><\/strong><\/td>\n<td width=\"601\">\u00a0Kohandatud v\u00e4rvid<\/td>\n<\/tr>\n<tr>\n<td width=\"146\"><strong><b>Suurus:<\/b><\/strong><\/td>\n<td width=\"601\">S \/M \/L \/XL \/2XL<\/td>\n<\/tr>\n<tr>\n<td width=\"146\"><strong><b>OEM\/ODM:<\/b><\/strong><\/td>\n<td width=\"601\">Aktsepteeritav<\/td>\n<\/tr>\n<tr>\n<td width=\"146\"><strong><b>Kvaliteet:<\/b><\/strong><\/td>\n<td width=\"601\">100% k\u00f5rge kvaliteet<\/td>\n<\/tr>\n<tr>\n<td width=\"146\"><strong><b>M<\/b><\/strong><strong><b>OQ:<\/b><\/strong><\/td>\n<td width=\"601\">200 tk<\/td>\n<\/tr>\n<\/tbody>\n<\/table>","protected":false},"featured_media":1958,"template":"","meta":[],"product_brand":[],"product_cat":[39],"product_tag":[],"class_list":{"0":"post-1957","1":"product","2":"type-product","3":"status-publish","4":"has-post-thumbnail","6":"product_cat-womens-clothing","8":"first","9":"instock","10":"shipping-taxable","11":"product-type-simple"},"_links":{"self":[{"href":"https:\/\/mj-clothing.com\/et\/wp-json\/wp\/v2\/product\/1957","targetHints":{"allow":["GET"]}}],"collection":[{"href":"https:\/\/mj-clothing.com\/et\/wp-json\/wp\/v2\/product"}],"about":[{"href":"https:\/\/mj-clothing.com\/et\/wp-json\/wp\/v2\/types\/product"}],"wp:featuredmedia":[{"embeddable":true,"href":"https:\/\/mj-clothing.com\/et\/wp-json\/wp\/v2\/media\/1958"}],"wp:attachment":[{"href":"https:\/\/mj-clothing.com\/et\/wp-json\/wp\/v2\/media?parent=1957"}],"wp:term":[{"taxonomy":"product_brand","embeddable":true,"href":"https:\/\/mj-clothing.com\/et\/wp-json\/wp\/v2\/product_brand?post=1957"},{"taxonomy":"product_cat","embeddable":true,"href":"https:\/\/mj-clothing.com\/et\/wp-json\/wp\/v2\/product_cat?post=1957"},{"taxonomy":"product_tag","embeddable":true,"href":"https:\/\/mj-clothing.com\/et\/wp-json\/wp\/v2\/product_tag?post=1957"}],"curies":[{"name":"wp","href":"https:\/\/api.w.org\/{rel}","templated":true}]}}